{"id":4759,"date":"2023-02-13T08:39:54","date_gmt":"2023-02-13T13:39:54","guid":{"rendered":"https:\/\/compuimpresion.com.co\/portal\/productos\/escaner-hp-scanjet-pro-2600-f1\/"},"modified":"2025-12-12T19:18:07","modified_gmt":"2025-12-13T00:18:07","slug":"escaner-hp-scanjet-pro-2600-f1","status":"publish","type":"product","link":"https:\/\/compuimpresion.com.co\/portal\/productos\/escaner-hp-scanjet-pro-2600-f1\/","title":{"rendered":"ESC\u00c1NER HP PRO 2600 F1 SCANJET"},"content":{"rendered":"<p>Esc\u00e1ner HP ScanJet Pro 2600 f1<\/p>\n<p>Impulsa la productividad de las tareas de escaneado profesionales con el esc\u00e1ner HP ScanJet Pro compacto, fiable y dise\u00f1ado para escanear hasta 1500 p\u00e1ginas diarias. Automatiza los flujos de trabajo con accesos directos de un solo clic y un r\u00e1pido escaneado a doble cara desde el alimentador autom\u00e1tico de documentos.<\/p>\n<p>Escanea hasta 50 im\u00e1genes (25 p\u00e1ginas) por minuto con un alimentador de documentos de una sola pasada de 60 p\u00e1ginas a doble cara.<br \/>\nNo requiere ning\u00fan servicio de asistencia t\u00e9cnica. La conectividad USB brinda una configuraci\u00f3n r\u00e1pida y sencilla, adem\u00e1s de conexiones fiables.<br \/>\nNo espere el proceso de calentamiento: la tecnolog\u00eda de encendido instant\u00e1neo le permite comenzar a escanear r\u00e1pidamente.<br \/>\nColoca el esc\u00e1ner all\u00ed donde m\u00e1s \u00fatil te resulte. Gracias a su dise\u00f1o compacto, podr\u00e1s colocarlo en el escritorio.<\/p>\n<p>Caracter\u00edsticas: <\/p>\n<p>-Panel control: 6 luces (acceso directo, a doble cara, error); 5 botones (alimentaci\u00f3n, escaneado, a doble cara, selecci\u00f3n de acceso directo, cancelar)<br \/>\n-Especificaciones del esc\u00e1ner: Tipo de esc\u00e1ner AAD; Tecnolog\u00eda de escaneado CIS; Superficie plana; Tecnolog\u00eda de escaneo: AAD; Superficie plana; Sensor de imagen por contacto (CIS); Modos de acceso al esc\u00e1ner: Funci\u00f3n de escaneado del panel frontal: Guardar como PDF, Guardar como JPEG, Enviar por correo electr\u00f3nico como PDF y Enviar a la nube. HP Scan en Win OS, HP Easy Scan\/ICA en Mac OS y aplicaciones de terceros a trav\u00e9s de TWAIN.; Versi\u00f3n TWAIN: Versi\u00f3n 2.4; Escaneo en color: S\u00ed; Ajustes en ppp de la resoluci\u00f3n de salida: 75; 150; 200; 240; 300; 400; 500; 600; 1200 ppp; Rango de escalado o ampliaci\u00f3n de la imagen: No realiza ninguna escala arbitraria<br \/>\n&#8211; Tama\u00f1o del escaneo: ADF: M\u00e1ximo 216 x 3100 mm; M\u00ednimo 89 x 148 mm; Plano: 216 x 297 mm<br \/>\n&#8211; Velocidad de escaneado: Hasta 25 ppm\/50 ipm (blanco y negro, gris y color, 300 ppp)<br \/>\n&#8211; Resoluci\u00f3n del esc\u00e1ner: \u00d3ptico Hasta 600 ppp (color y monocromo, AAD); Hasta 1200 ppp (color y monocromo, superficie plana); Hardware: Hasta 600 x 600 ppp (color y monocromo, AAD); Hasta 1200 x 1200 ppp (color y monocromo, superficie plana)<br \/>\n&#8211; Formato del archivo de escaneo: Para p\u00e1ginas de imagen y texto: PDF, JPEG, PNG, BMP, TIF, Text(TXT), Texto enriquecido(RTF), PDF CON FUNCI\u00d3N DE B\u00daSQUEDA, PDF\/A, Word(DOC), Word(DOCX), Excel(XLS), Excel(XLSX), CSV<br \/>\nCaracter\u00edsticas avanzadas del esc\u00e1ner:<br \/>\n&#8211; Niveles de la escala de gris\/profundidad de bits: 256\/24 bits (externo), 48 bits (interno)<br \/>\n&#8211; Ciclo de trabajo: Ciclo de trabajo diario recomendado: 1500 p\u00e1ginas (AAD)<br \/>\n&#8211; Capacidad del alimentador autom\u00e1tico de documentos: Est\u00e1ndar, 60 hojas (80 g\/m\u00b2)<br \/>\n&#8211; Conectividad: Est\u00e1ndar USB 2.0<br \/>\n&#8211; Memoria: Est\u00e1ndar 256 MB<br \/>\n&#8211; Papel (banda, de inyecci\u00f3n de tinta, fotogr\u00e1fico, com\u00fan), sobres, etiquetas, tarjetas (de \u00edndice y de felicitaci\u00f3n)<br \/>\n&#8211; Tama\u00f1o del soporte (ADF): Carta; Legal; Ejecutivo; A4; A5; A6; B5; B5 (JIS)<br \/>\n&#8211; Peso del soporte (ADF): De 60 a 105 g\/m\u00b2<br \/>\n&#8211; Sistemas operativos compatibles: Windows 11; Windows 10; Windows 8; Windows 8.1; Windows 7; Windows Server; macOS 10.14 Mojave; macOS 10.15 Catalina; macOS 11 Big Sur; macOS 12 Monterey; Linux<br \/>\n&#8211; Requisitos m\u00ednimos del Sistema: Ordenador: Microsoft Windows (11, 10, 8,1 y 7: 32 bits y 64 bits, 2008 R2, 2012 R2, 2016, 2019); 2 GB de espacio disponible en el disco duro, conexi\u00f3n a Internet, Microsoft Internet Explorer o cualquier navegador<br \/>\n&#8211; Software incluido: Software HP Scan, controlador de dispositivo de esc\u00e1ner HP, controlador de escaneado HP WIA, controlador de escaneado HP TWAIN, utilidad de herramientas del esc\u00e1ner HP, controlador ISIS<br \/>\n-Dimensiones del producto (ancho x fondo x alto): M\u00ednimo: 491,5 x 325,4 x 133,3 mm; M\u00e1ximo: 491,5 x 422,28 x 387,42 mm; embalaje: 600 x 245 x 499 mm<br \/>\n&#8211; Peso del producto: 5,4 kg; Peso del embalaje: 7,3 kg<\/p>\n<p>Sku: 1258<br \/>\nEan: 0195697673894<br \/>\nN\/p: 20G05A<\/p>\n","protected":false},"excerpt":{"rendered":"<p>Escanea hasta 50 im\u00e1genes (25 p\u00e1ginas) por minuto con un alimentador de documentos de una sola pasada de 60 p\u00e1ginas a doble cara.<\/p>\n","protected":false},"featured_media":4760,"comment_status":"closed","ping_status":"closed","template":"","meta":{"inline_featured_image":false},"pwb-brand":[124],"product_brand":[],"product_cat":[895],"product_tag":[1456,1455,568,374,297],"class_list":{"0":"post-4759","1":"product","2":"type-product","3":"status-publish","4":"has-post-thumbnail","6":"pwb-brand-hp","7":"product_cat-escaner","8":"product_tag-2600-f1","9":"product_tag-cama-plana","10":"product_tag-documental","11":"product_tag-escaner","12":"product_tag-hp","14":"first","15":"outofstock","16":"purchasable","17":"product-type-simple"},"brands":[{"id":124,"name":"HP","slug":"hp"}],"_links":{"self":[{"href":"https:\/\/compuimpresion.com.co\/portal\/wp-json\/wp\/v2\/product\/4759","targetHints":{"allow":["GET"]}}],"collection":[{"href":"https:\/\/compuimpresion.com.co\/portal\/wp-json\/wp\/v2\/product"}],"about":[{"href":"https:\/\/compuimpresion.com.co\/portal\/wp-json\/wp\/v2\/types\/product"}],"replies":[{"embeddable":true,"href":"https:\/\/compuimpresion.com.co\/portal\/wp-json\/wp\/v2\/comments?post=4759"}],"wp:featuredmedia":[{"embeddable":true,"href":"https:\/\/compuimpresion.com.co\/portal\/wp-json\/wp\/v2\/media\/4760"}],"wp:attachment":[{"href":"https:\/\/compuimpresion.com.co\/portal\/wp-json\/wp\/v2\/media?parent=4759"}],"wp:term":[{"taxonomy":"pwb-brand","embeddable":true,"href":"https:\/\/compuimpresion.com.co\/portal\/wp-json\/wp\/v2\/pwb-brand?post=4759"},{"taxonomy":"product_brand","embeddable":true,"href":"https:\/\/compuimpresion.com.co\/portal\/wp-json\/wp\/v2\/product_brand?post=4759"},{"taxonomy":"product_cat","embeddable":true,"href":"https:\/\/compuimpresion.com.co\/portal\/wp-json\/wp\/v2\/product_cat?post=4759"},{"taxonomy":"product_tag","embeddable":true,"href":"https:\/\/compuimpresion.com.co\/portal\/wp-json\/wp\/v2\/product_tag?post=4759"}],"curies":[{"name":"wp","href":"https:\/\/api.w.org\/{rel}","templated":true}]}}