{"id":4745,"date":"2023-02-13T08:39:54","date_gmt":"2023-02-13T13:39:54","guid":{"rendered":"https:\/\/compuimpresion.com.co\/portal\/productos\/impresora-canon-maxify-multifuncional-gx6010-duplex-wifi-adf-puerto-ethernet\/"},"modified":"2025-08-08T13:43:42","modified_gmt":"2025-08-08T18:43:42","slug":"impresora-canon-maxify-multifuncional-gx6010-duplex-wifi-adf-puerto-ethernet","status":"publish","type":"product","link":"https:\/\/compuimpresion.com.co\/portal\/productos\/impresora-canon-maxify-multifuncional-gx6010-duplex-wifi-adf-puerto-ethernet\/","title":{"rendered":"IMPRESORA CANON GX6010 MAXIFY MULTIFUNCIONAL &#8211; DUPLEX &#8211; WIFI &#8211; ADF &#8211; PUERTO ETHERNET"},"content":{"rendered":"<p>IMPRESORA CANON MAXIFY MULTIFUNCIONAL GX6010 &#8211; DUPLEX &#8211; WIFI &#8211; ADF &#8211; PUERTO ETHERNET<br \/>\nMantenga los costos de impresi\u00f3n empresarial lo m\u00e1s bajo posible gracias al extraordinario rendimiento de 14.000 p\u00e1ginas en color y 6.000 p\u00e1ginas en blanco y negro utilizando el modo econ\u00f3mico. Cuente con impresiones de calidad empresarial incluso al imprimir en modo Econ\u00f3mico.<br \/>\n\u2022 Impresi\u00f3n de alta velocidad9 de hasta 45 ppm en blanco y negro, y 25 ppm en color, para que pueda responder tan r\u00e1pido como lo requieran sus necesidades empresariales.<br \/>\n\u2022 M\u00e1s tranquilidad con menos necesidad de reparaciones. Mantenimiento f\u00e1cil y econ\u00f3mico gracias al cabezal de impresi\u00f3n y al cartucho de mantenimiento que son f\u00e1ciles de reemplazar por los mismos usuarios en la comodidad de sus oficinas.<br \/>\n\u2022 Imprima, escanee, copie y con\u00e9ctese a la nube a trav\u00e9s de la aplicaci\u00f3n Canon PRINT. Tambi\u00e9n aproveche las ventajas de la conectividad Ethernet, Wi-Fi de doble banda y de la compatibilidad con Apple AirPrint3 (iOS) y Mopria4 (Android).<\/p>\n<p>Caracter\u00edsticas:<\/p>\n<p>-Velocidad de impresi\u00f3n: Documento: Borrador (Aprox.): B\/N: 45 ppm. Color: 25.0 ppm. ESAT\/Simplex (Aprox.): B\/N: 24.0 ipm. Color: 15.5 ipm. ESAT\/Duplex (Aprox.): B\/N: 13.0 ipm. Color: 10.0 ipm. FPOT Ready\/Simplex (Aprox.): B\/N: 7 Seg. Color: 8 Seg.<br \/>\n-N\u00famero de Boquillas: Total 4.352 boquillas (BK: 1.280 boquillas C\/M\/Y: 1.024 boquillas)<br \/>\n-Resoluci\u00f3n de impresi\u00f3n: 600 dpi*2 x 1.200 dpi<br \/>\n-Ciclo de trabajo y Volumen de impresi\u00f3n mensual recomendado (VIMR)Ciclo de trabajo: hasta 45.000 p\u00e1ginas\/mes VIMR: hasta 4.000 p\u00e1ginas<br \/>\n-Tama\u00f1o de Papel: Bandeja trasera: A4, A5, A6, B5, Carta, Oficio, B-Oficio, M-Oficio, Foolscap, FS, Ejecutivo, #10 Sobre,DL Sobre, C5 Sobre, sobre monarca, 4\u201d x 6\u201d, 5\u201d x 7\u201d, 7\u201d x 10\u201d, 8\u201d x 10\u201d, Cuadrado (127 mm x 127 mm),Personalizado (ancho: 89 mm &#8211; 216 mm, largo: 127 mm &#8211; 1.200 mm). Bandeja: A4, Carta, A5, B5. ADF:A4, Carta, Oficio.<br \/>\n-Impresi\u00f3n: Impresi\u00f3n de documentos, Impresi\u00f3n Wireless, Impresi\u00f3n en modo econom\u00eda, Alto rendimiento de p\u00e1ginas, Impresi\u00f3n autom\u00e1tico d\u00f9plex, Canon PRINT app, AirPrint, Mopria Print Service, PIXMA Cloud Link8, Poster Artist Lite19, conecci\u00f3n directa, Canon Print Service17 (for Android) , Easy- PhotoPrint Editor Software, Creative Park (Android\/iOS\/iPadOS), impresi\u00f3n de fotos, tarjetas de presentaci\u00f3n, tarjetas de agradecimiento, etiquetas, Impresi\u00f3n en tama\u00f1o cuadrado, impresi\u00f3n desde dispositivo USB.<br \/>\n-Tipos de papeles compatibles: Papel com\u00fan, papel alta resoluci\u00f3n, papel fotogr\u00e1fico Plus brillante II, Papel foto Pro Luster, papel foto plus semi-brillante, papel foto \u201cuso diario\u201c, papel foto brillante, papel foto matte, sobres, papel,foto magn\u00e9tico, foto autoadhesivo removible, papel foto removible, tarjetas, fotos autoadhesivas, Tela clara para transferencia por plancha, papel matte doble cara.<br \/>\n-Peso de papel: Bandeja trasera: Papel com\u00fan: 64 g\/m2 &#8211; 105 g\/m2. Papel Canon: Max. Gramaje de papel aprox. 275 g\/m2. Bandejas frontal: Papel com\u00fan: 64 g\/m2 &#8211; 105 g\/m2.<br \/>\n-Capacidad de Bandejas: Capacidad total de papel: 350 hojas de papel com\u00fan. Bandeja: 250 hojas de papel com\u00fan. Bandeja,Trasera: 100 hojas de papel com\u00fan.<br \/>\n-Caracter\u00edsticas de copia: 4-on-1 \/ 2-on-1 copia, copia de documento, Ajuste a la P\u00e1gina, Frame Erase Copy (solo esc\u00e1ner plano), Copia de tarjeta de identificaci\u00f3n, Copia de exposici\u00f3n autom\u00e1tica, Copia m\u00faltiple (hasta 99 p\u00e1ginas), Copia de fotos, Proporciones de copia preestablecidas, Copia de reducci\u00f3n \/ aumento (25% -400%), Copia est\u00e1ndar.<br \/>\n-Velocidad de copia: Documento a Color: sFCOT\/Simplex Aprox. 12.0 seg. Color: sESAT\/Simplex Aprox. 12.7 ipm. Documento (ADF) Color: ESAT\/Simplex Aprox. 12.2 ipm. Negro: ESAT\/Simplex Aprox. 22.2 ipm.<br \/>\n-N\u00famero de copias: Hasta 99 Copias<br \/>\n-Tama\u00f1o m\u00e1ximo de documento: A4 \/ Carta<br \/>\n-Tama\u00f1o de copia: 25 &#8211; 400%. Ajuste a p\u00e1gina. A5 a A4, B5 a A4, A4 a A5 y A4 a B5.<br \/>\n-Caracter\u00edsticas de escaneo: Escaneo de una cara (Simplex), Guardar en PC, Adjuntar a correo electr\u00f3nico, PDF de varias p\u00e1ginas,Guardar en unidad flash USB, Unsharp mask, Descreen, Reduce slow-through, Volver a escanear, Rotar, Recorte autom\u00e1tico, Escanear a carpeta<br \/>\n-Tipo de escaneo: Escaneo plano (ADF \/ Platen).<br \/>\n-M\u00e9todo de escaneo: Sensor de Imagen por Contacto (CIS)<br \/>\n-Resoluci\u00f3n de escaneo: 1200 x 1200 dpi<br \/>\n-Tama\u00f1o m\u00e1ximo de documento: Esc\u00e1ner plano: A4 \/ Carta (216 mm x 297 mm). ADF: A4 \/ Carta \/ Oficio<br \/>\n-Est\u00e1ndar Interface: USB Alta Velocidad, Wi-Fi (Wireless LAN, 2.4\/5 GHz, IEEE 802.11b\/g\/n),<br \/>\nWired LAN (100BASE-TX) \/ 10BASE-T)<br \/>\n-Pantalla: 2,7\u201d \/ 6,7 cm LCD (Pantalla T\u00e1ctil, Color).<br \/>\n-Sistemas Operativos: Windows 10, Windows 8.1,Windows 7 SP1; Mac13: macOS v10.12.6 -10.15 (Catalina).Linux22: Fedora, Ubuntu (Distribution). Sistemas Operativos M\u00f3viles14: iOS, iPadOS,<br \/>\nAndroidTM.<br \/>\n-Dimensiones de la Impresora 39,9 (L) x 41,0 (P) x 25,4 (A) cm, Dimensiones de la Caja 48,9 (L) x 56,3 (P) x 35,2 (A) cm<br \/>\n-Peso de la Impresora: 11.6 Kg; Peso de la Caja: 15,2 Kg<br \/>\nSku: 2393<br \/>\nEan: 4549292173468<br \/>\nN\/P: 4470C004<\/p>\n","protected":false},"excerpt":{"rendered":"<p>Impresi\u00f3n de alta velocidad9 de hasta 45 ppm en blanco y negro, y 25 ppm en color, para que pueda responder tan r\u00e1pido como lo requieran sus necesidades empresariales<\/p>\n","protected":false},"featured_media":4746,"comment_status":"closed","ping_status":"closed","template":"","meta":{"inline_featured_image":false},"pwb-brand":[],"product_brand":[],"product_cat":[891,1259],"product_tag":[],"class_list":{"0":"post-4745","1":"product","2":"type-product","3":"status-publish","4":"has-post-thumbnail","6":"product_cat-impresion","7":"product_cat-inyeccion-de-tinta","9":"first","10":"outofstock","11":"purchasable","12":"product-type-simple"},"brands":[],"_links":{"self":[{"href":"https:\/\/compuimpresion.com.co\/portal\/wp-json\/wp\/v2\/product\/4745","targetHints":{"allow":["GET"]}}],"collection":[{"href":"https:\/\/compuimpresion.com.co\/portal\/wp-json\/wp\/v2\/product"}],"about":[{"href":"https:\/\/compuimpresion.com.co\/portal\/wp-json\/wp\/v2\/types\/product"}],"replies":[{"embeddable":true,"href":"https:\/\/compuimpresion.com.co\/portal\/wp-json\/wp\/v2\/comments?post=4745"}],"wp:featuredmedia":[{"embeddable":true,"href":"https:\/\/compuimpresion.com.co\/portal\/wp-json\/wp\/v2\/media\/4746"}],"wp:attachment":[{"href":"https:\/\/compuimpresion.com.co\/portal\/wp-json\/wp\/v2\/media?parent=4745"}],"wp:term":[{"taxonomy":"pwb-brand","embeddable":true,"href":"https:\/\/compuimpresion.com.co\/portal\/wp-json\/wp\/v2\/pwb-brand?post=4745"},{"taxonomy":"product_brand","embeddable":true,"href":"https:\/\/compuimpresion.com.co\/portal\/wp-json\/wp\/v2\/product_brand?post=4745"},{"taxonomy":"product_cat","embeddable":true,"href":"https:\/\/compuimpresion.com.co\/portal\/wp-json\/wp\/v2\/product_cat?post=4745"},{"taxonomy":"product_tag","embeddable":true,"href":"https:\/\/compuimpresion.com.co\/portal\/wp-json\/wp\/v2\/product_tag?post=4745"}],"curies":[{"name":"wp","href":"https:\/\/api.w.org\/{rel}","templated":true}]}}