{"id":4742,"date":"2023-02-13T08:39:54","date_gmt":"2023-02-13T13:39:54","guid":{"rendered":"https:\/\/compuimpresion.com.co\/portal\/productos\/video-proyector-epson-home-cinema-1080-3lcd-1080p-3400-lumens-3lcd-xga-rj45-hdmi-wifi-integrado\/"},"modified":"2024-07-22T11:36:36","modified_gmt":"2024-07-22T16:36:36","slug":"video-proyector-epson-home-cinema-1080-3lcd-1080p-3400-lumens-3lcd-xga-rj45-hdmi-wifi-integrado","status":"publish","type":"product","link":"https:\/\/compuimpresion.com.co\/portal\/productos\/video-proyector-epson-home-cinema-1080-3lcd-1080p-3400-lumens-3lcd-xga-rj45-hdmi-wifi-integrado\/","title":{"rendered":"VIDEO PROYECTOR EPSON HOME CINEMA 1080 3LCD 1080P 3400 LUMENS 3LCD, XGA, RJ45, HDMI, WIFI INTEGRADO"},"content":{"rendered":"<p>VIDEO PROYECTOR EPSON HOME CINEMA 1080 3LCD 1080P 3400 LUMENS 3LCD, XGA, RJ45, HDMI, WIFI INTEGRADO <\/p>\n<p>El Home Cinema 1080 es el videoproyector ideal para toda la familia. Permite ver un partido de f\u00fatbol y sumergirse en un videojuego de manera simult\u00e1nea.<br \/>\nEs muy sencillo de instalar ya que tiene funciones especiales que permiten su ubicaci\u00f3n en cualquier lugar de la sala de estar.<br \/>\nLa tecnolog\u00eda 3LCD ofrece im\u00e1genes claras, brillantes y llenas de color. Su luminosidad de 3.400 l\u00famenes en color2 y 3.400 l\u00famenes en blanco2 lo convierten en la mejor opci\u00f3n. Su resoluci\u00f3n de 1.920 pixeles x 1.080 pixeles es ideal para todo entretenimiento en alta de\u00acnici\u00f3n. Dise\u00f1o compacto para la sala de estar. <\/p>\n<p>Caracter\u00edsticas:<br \/>\n&#8211; Sistema de proyecci\u00f3n: Tecnolog\u00eda Epson 3LCD de 3 chips<br \/>\n-Modo de proyecci\u00f3n: Frontal\/trasera\/montaje techo<br \/>\n&#8211; Pantalla LCD: 0,61 pulgadas (C2\u00acne)<br \/>\n&#8211; M\u00e9todo de proyecci\u00f3n: Poly-silicon TFT active matrix<br \/>\n&#8211; N\u00famero de pixels: 2.073.600 pixeles (1.920 px x 1.080 px) x 3<br \/>\n&#8211; Resoluci\u00f3n native: Full HD<br \/>\n&#8211; Relaci\u00f3n de aspect: 16:9<br \/>\n&#8211; Luminosidad del color: 3.400 l\u00famenes<br \/>\n&#8211; Luminosidad del blanco: 3.400 l\u00famenes<br \/>\n&#8211; Relaci\u00f3n de contraste: Hasta 16.000:1<br \/>\n&#8211; Reproducci\u00f3n del color: Hasta 1 bill\u00f3n de colores<br \/>\n&#8211; Parlante: Monoaural: 2W x 1<br \/>\n&#8211; Ruido del ventilador: 28 dB \/ 37 dB<br \/>\n&#8211; Tipo: Optical Zoom (manual) \/ Focus (manual)<br \/>\n&#8211; N\u00famero \u2013 F: 1,58 &#8211; 1,70<br \/>\n&#8211; Distancia foca: 14,06 mm &#8211; 16,82 mm<br \/>\n&#8211; Tama\u00f1o de la imagen: 30&#8243; a 300&#8243; (0,67 m &#8211; 8,28 m)<br \/>\n&#8211; Quick Corner: Si<br \/>\n&#8211; Conectividad del videoproyector: Entrada computadora x 1 D-sub15 pin; RCA Video In Amarillo x 1; HDMI x 2; Entrada audio RCA Blanco x 1, rojo x 1; Stereo Mini \u2013 Salida x 1; USB tipo A (para m\u00f3dulo inal\u00e1mbrico) x 1; USB tipo B (para actualizaci\u00f3n Firmware) x 1<br \/>\n&#8211; M\u00f3dulo inal\u00e1mbrico: Integrado<br \/>\n&#8211; Wi-Fi Certi\u00aced S\u00ed TM Miracast: SI<br \/>\n&#8211; Tipo de fuente de iluminaci\u00f3n: L\u00e1mpara 210 W UHE<br \/>\n&#8211; Vida \u00fatil de la fuente de iluminaci\u00f3n: 6.000 horas (normal), 12.000 horas (Eco)<br \/>\n&#8211; Dimensiones: 30,2 x 8,7 x 24,9 cm<br \/>\n&#8211; Peso: 2,8kg <\/p>\n<p>Sku: 4169<br \/>\nN\/p: V11H980020<br \/>\nEan: 0010343955233<\/p>\n","protected":false},"excerpt":{"rendered":"<p>El Home Cinema 1080 es el videoproyector ideal para toda la familia. Permite ver un partido de f\u00fatbol y sumergirse en un videojuego de manera simult\u00e1nea<\/p>\n","protected":false},"featured_media":4743,"comment_status":"closed","ping_status":"closed","template":"","meta":{"inline_featured_image":false},"pwb-brand":[],"product_brand":[],"product_cat":[256],"product_tag":[],"class_list":{"0":"post-4742","1":"product","2":"type-product","3":"status-publish","4":"has-post-thumbnail","6":"product_cat-video-proyectores-2","8":"first","9":"outofstock","10":"purchasable","11":"product-type-simple"},"brands":[],"_links":{"self":[{"href":"https:\/\/compuimpresion.com.co\/portal\/wp-json\/wp\/v2\/product\/4742","targetHints":{"allow":["GET"]}}],"collection":[{"href":"https:\/\/compuimpresion.com.co\/portal\/wp-json\/wp\/v2\/product"}],"about":[{"href":"https:\/\/compuimpresion.com.co\/portal\/wp-json\/wp\/v2\/types\/product"}],"replies":[{"embeddable":true,"href":"https:\/\/compuimpresion.com.co\/portal\/wp-json\/wp\/v2\/comments?post=4742"}],"wp:featuredmedia":[{"embeddable":true,"href":"https:\/\/compuimpresion.com.co\/portal\/wp-json\/wp\/v2\/media\/4743"}],"wp:attachment":[{"href":"https:\/\/compuimpresion.com.co\/portal\/wp-json\/wp\/v2\/media?parent=4742"}],"wp:term":[{"taxonomy":"pwb-brand","embeddable":true,"href":"https:\/\/compuimpresion.com.co\/portal\/wp-json\/wp\/v2\/pwb-brand?post=4742"},{"taxonomy":"product_brand","embeddable":true,"href":"https:\/\/compuimpresion.com.co\/portal\/wp-json\/wp\/v2\/product_brand?post=4742"},{"taxonomy":"product_cat","embeddable":true,"href":"https:\/\/compuimpresion.com.co\/portal\/wp-json\/wp\/v2\/product_cat?post=4742"},{"taxonomy":"product_tag","embeddable":true,"href":"https:\/\/compuimpresion.com.co\/portal\/wp-json\/wp\/v2\/product_tag?post=4742"}],"curies":[{"name":"wp","href":"https:\/\/api.w.org\/{rel}","templated":true}]}}