{"id":4722,"date":"2023-01-28T07:59:24","date_gmt":"2023-01-28T12:59:24","guid":{"rendered":"https:\/\/compuimpresion.com.co\/portal\/?post_type=product&#038;p=4722"},"modified":"2026-02-12T08:45:33","modified_gmt":"2026-02-12T13:45:33","slug":"impresora-multifuncional-brother-mfc-t920dw-duplex","status":"publish","type":"product","link":"https:\/\/compuimpresion.com.co\/portal\/productos\/impresora-multifuncional-brother-mfc-t920dw-duplex\/","title":{"rendered":"IMPRESORA BROTHER MFC-T920DW MULTIFUNCIONAL DUPLEX"},"content":{"rendered":"<p>IMPRESORA MULTIFUNCIONAL BROTHER MFC-T920DW DUPLEX EN IMPRESION, AMPLIA Y REDUCE, WIFI, USB, DE RECARGA ORIGINALEl multifuncional de inyecci\u00f3n de tinta a color con conectividad inal\u00e1mbrica MFC-T920DW de la serie InkBenefit Tank ofrece impresi\u00f3n econ\u00f3mica y de alta calidad para documentos comerciales, informes y fotos. Impresora, copiadora, esc\u00e1ner y fax con velocidades de impresi\u00f3n r\u00e1pidas de hasta 30 ppm en negro y 26 ppm a color (ECO MODE) y de hasta 17 ipm en negro y 16 ipm a color (ISO\/IEC 24734).\u2021 Conveniente impresi\u00f3n d\u00faplex (por ambas caras) autom\u00e1tica, puerto USB para imprimir directamente desde el equipo y pantalla LCD a color de 1,8 pulgadas. Viene con una bandeja cubierta de hasta 150 hojas que ayuda a ahorrar espacio y a proteger el papel de arrugas, un alimentador autom\u00e1tico de documentos de 20 hojas de capacidad, una bandeja multiusos de hasta 80 hojas para imprimir en distintos tipos y tama\u00f1os de papel, y funci\u00f3n N en 1 que permite copiar varias p\u00e1ginas en una hoja. F\u00e1cil de conectar a una red inal\u00e1mbrica o Ethernet y adem\u00e1s ofrece Wi-Fi Direct\u00ae para imprimir y escanear mediante dispositivos m\u00f3viles f\u00e1cilmente.\u2021 Se incluyen dos botellas de tinta negra de hasta 15.000 p\u00e1ginas\u2021 (aprox. 7.500 p\u00e1gs. cada una) y 5.000 p\u00e1ginas a color.\u2021 Cable USB incluido.<\/p>\n<p>&nbsp;<\/p>\n<p class=\"m-b-10\"><strong>Caracter\u00edsticas Principales<\/strong><\/p>\n<ul>\n<li><b><\/b>Velocidades de impresi\u00f3n r\u00e1pidas de hasta 30 ppm en negro y 26 ppm a color (MODO ECO) y hasta 17 ipm en negro y 16 ipm a color (ISO\/IEC 24734).\u2021<\/li>\n<li><b><\/b>Impresi\u00f3n de alta calidad en negro y colores v\u00edvidos para documentos comerciales y fotograf\u00edas sin bordes en una resoluci\u00f3n de hasta 6.000 x 1.200 dpi.\u2021<\/li>\n<li><b><\/b>Bajo costo de impresi\u00f3n con las 2 botellas de tinta negra de ultra alto rendimiento incluidas, con un total de hasta 15.000 p\u00e1ginas, y con las botellas de tinta a color de hasta 5.000 p\u00e1ginas.\u2021<\/li>\n<li><b><\/b>Wi-Fi Direct\u00ae, conectividad Ethernet e inal\u00e1mbrica adem\u00e1s de impresi\u00f3n y escaneado m\u00f3vil para trabajar con flexibilidad mediante computadoras, port\u00e1tiles, smartphones o tablets.<\/li>\n<\/ul>\n","protected":false},"excerpt":{"rendered":"<h1 class=\"nep-model-number\">MFCT920DW<\/h1>\n<h2 class=\"nep-product-title\">Multifuncional de inyecci\u00f3n de tinta a color MFC-T920DW InkBenefit Tank con conectividad inal\u00e1mbrica e impresi\u00f3n d\u00faplex<\/h2>\n<ul>\n<li>Econom\u00eda, productividad y velocidades de impresi\u00f3n r\u00e1pidas<\/li>\n<li>Impresi\u00f3n d\u00faplex autom\u00e1tica y alimentador autom\u00e1tico de hasta 20 hojas<\/li>\n<li>F\u00e1cil de instalar en una red Ethernet o inal\u00e1mbrica e impresi\u00f3n y escaneado m\u00f3vil<\/li>\n<\/ul>\n","protected":false},"featured_media":4724,"comment_status":"open","ping_status":"closed","template":"","meta":{"inline_featured_image":false},"pwb-brand":[129],"product_brand":[],"product_cat":[891,1259],"product_tag":[960,398,959,132,721,244,611,958,961,870,935,957,185,357],"class_list":{"0":"post-4722","1":"product","2":"type-product","3":"status-publish","4":"has-post-thumbnail","6":"pwb-brand-brother","7":"product_cat-impresion","8":"product_cat-inyeccion-de-tinta","9":"product_tag-960","10":"product_tag-brother","11":"product_tag-carta","12":"product_tag-color","13":"product_tag-duplex","14":"product_tag-ecotank","15":"product_tag-ethernet","16":"product_tag-impresion-doble-cara","17":"product_tag-mfc-t920dw","18":"product_tag-t920dw","19":"product_tag-tanque-de-tinta","20":"product_tag-tinta-continua","21":"product_tag-usb","22":"product_tag-wifi","24":"first","25":"outofstock","26":"taxable","27":"shipping-taxable","28":"purchasable","29":"product-type-simple"},"brands":[{"id":129,"name":"Brother","slug":"brother"}],"_links":{"self":[{"href":"https:\/\/compuimpresion.com.co\/portal\/wp-json\/wp\/v2\/product\/4722","targetHints":{"allow":["GET"]}}],"collection":[{"href":"https:\/\/compuimpresion.com.co\/portal\/wp-json\/wp\/v2\/product"}],"about":[{"href":"https:\/\/compuimpresion.com.co\/portal\/wp-json\/wp\/v2\/types\/product"}],"replies":[{"embeddable":true,"href":"https:\/\/compuimpresion.com.co\/portal\/wp-json\/wp\/v2\/comments?post=4722"}],"wp:featuredmedia":[{"embeddable":true,"href":"https:\/\/compuimpresion.com.co\/portal\/wp-json\/wp\/v2\/media\/4724"}],"wp:attachment":[{"href":"https:\/\/compuimpresion.com.co\/portal\/wp-json\/wp\/v2\/media?parent=4722"}],"wp:term":[{"taxonomy":"pwb-brand","embeddable":true,"href":"https:\/\/compuimpresion.com.co\/portal\/wp-json\/wp\/v2\/pwb-brand?post=4722"},{"taxonomy":"product_brand","embeddable":true,"href":"https:\/\/compuimpresion.com.co\/portal\/wp-json\/wp\/v2\/product_brand?post=4722"},{"taxonomy":"product_cat","embeddable":true,"href":"https:\/\/compuimpresion.com.co\/portal\/wp-json\/wp\/v2\/product_cat?post=4722"},{"taxonomy":"product_tag","embeddable":true,"href":"https:\/\/compuimpresion.com.co\/portal\/wp-json\/wp\/v2\/product_tag?post=4722"}],"curies":[{"name":"wp","href":"https:\/\/api.w.org\/{rel}","templated":true}]}}