{"id":4508,"date":"2022-08-04T16:17:58","date_gmt":"2022-08-04T21:17:58","guid":{"rendered":"https:\/\/compuimpresion.com.co\/portal\/?post_type=product&#038;p=4508"},"modified":"2026-04-14T18:04:22","modified_gmt":"2026-04-14T23:04:22","slug":"kit-cabezal-de-impresion-canon-pixma-bh-1-y-ch-1-originales","status":"publish","type":"product","link":"https:\/\/compuimpresion.com.co\/portal\/productos\/kit-cabezal-de-impresion-canon-pixma-bh-1-y-ch-1-originales\/","title":{"rendered":"KIT CABEZAL DE IMPRESI\u00d3N CANON PIXMA BH-1 Y CH-1 ORIGINALES"},"content":{"rendered":"<h1>Kit cabezal de impresi\u00f3n canon pixma bh-1 y ch-1 Originales<\/h1>\n<p>&nbsp;<\/p>\n<p>Los Cabezales de impresi\u00f3n de canon son f\u00e1ciles de reemplazar para la l\u00ednea PIXMA Serie G como una nueva soluci\u00f3n de mantenimiento de las impresoras.<\/p>\n<p>Retire suavemente las cintas protectoras de las boquillas de impresi\u00f3n y de la parte superior del cabezal de impresi\u00f3n y as\u00ed las colocas seg\u00fan indicaciones del manual para tener nuevamente tu dispositivo listo y funcional.<\/p>\n<p>&nbsp;<\/p>\n<p>Caracter\u00edsticas:<\/p>\n<p>&nbsp;<\/p>\n<p>-Marca: Canon<\/p>\n<p>-Modelo: BH-1 CH-1<\/p>\n<p>-Facil de instalar<\/p>\n<p>-Econ\u00f3mico<\/p>\n<p>-Menos tiempo de mantenimiento<\/p>\n<p>-Facilmente disponible<\/p>\n<p>-Color: Negro y Color<\/p>\n<p>-Compatible con impresoras tipo G: PIXMA G1100, PIXMA G1110, PIXMA G2100, PIXMA G2101, PIXMA G2110, PIXMA G2111, PIXMA G3100, PIXMA G3101, PIXMA G3110, PIXMA G3111,<\/p>\n<p>PIXMA G4100, PIXMA G4102, PIXMA G4110, PIXMA G4111,<\/p>\n<p>&nbsp;<\/p>\n<p>&nbsp;<\/p>\n<p>Sku: 2840<\/p>\n<p>Ean: 0660685215498<\/p>\n<p>N\/p: BH-1; CH-1<\/p>\n","protected":false},"excerpt":{"rendered":"<p>Los Cabezales de impresi\u00f3n de canon son f\u00e1ciles de reemplazar para la l\u00ednea PIXMA Serie G como una nueva soluci\u00f3n de mantenimiento de las impresoras.<\/p>\n","protected":false},"featured_media":4509,"comment_status":"open","ping_status":"closed","template":"","meta":{"inline_featured_image":false},"pwb-brand":[128],"product_brand":[],"product_cat":[1263,907],"product_tag":[855,852,305,792,856,853,408,411,409,854,461,851],"class_list":{"0":"post-4508","1":"product","2":"type-product","3":"status-publish","4":"has-post-thumbnail","6":"pwb-brand-canon","7":"product_cat-cabezal","8":"product_cat-consumibles","9":"product_tag-bh-1","10":"product_tag-cabezal","11":"product_tag-canon","12":"product_tag-cartucho","13":"product_tag-ch-1","14":"product_tag-g2100","15":"product_tag-g2110","16":"product_tag-g3100","17":"product_tag-g3110","18":"product_tag-g4100","19":"product_tag-g4110","20":"product_tag-pixma","22":"first","23":"instock","24":"taxable","25":"shipping-taxable","26":"purchasable","27":"product-type-simple"},"brands":[{"id":128,"name":"Canon","slug":"canon"}],"_links":{"self":[{"href":"https:\/\/compuimpresion.com.co\/portal\/wp-json\/wp\/v2\/product\/4508","targetHints":{"allow":["GET"]}}],"collection":[{"href":"https:\/\/compuimpresion.com.co\/portal\/wp-json\/wp\/v2\/product"}],"about":[{"href":"https:\/\/compuimpresion.com.co\/portal\/wp-json\/wp\/v2\/types\/product"}],"replies":[{"embeddable":true,"href":"https:\/\/compuimpresion.com.co\/portal\/wp-json\/wp\/v2\/comments?post=4508"}],"wp:featuredmedia":[{"embeddable":true,"href":"https:\/\/compuimpresion.com.co\/portal\/wp-json\/wp\/v2\/media\/4509"}],"wp:attachment":[{"href":"https:\/\/compuimpresion.com.co\/portal\/wp-json\/wp\/v2\/media?parent=4508"}],"wp:term":[{"taxonomy":"pwb-brand","embeddable":true,"href":"https:\/\/compuimpresion.com.co\/portal\/wp-json\/wp\/v2\/pwb-brand?post=4508"},{"taxonomy":"product_brand","embeddable":true,"href":"https:\/\/compuimpresion.com.co\/portal\/wp-json\/wp\/v2\/product_brand?post=4508"},{"taxonomy":"product_cat","embeddable":true,"href":"https:\/\/compuimpresion.com.co\/portal\/wp-json\/wp\/v2\/product_cat?post=4508"},{"taxonomy":"product_tag","embeddable":true,"href":"https:\/\/compuimpresion.com.co\/portal\/wp-json\/wp\/v2\/product_tag?post=4508"}],"curies":[{"name":"wp","href":"https:\/\/api.w.org\/{rel}","templated":true}]}}