{"id":4481,"date":"2022-07-18T08:34:49","date_gmt":"2022-07-18T13:34:49","guid":{"rendered":"https:\/\/compuimpresion.com.co\/portal\/?post_type=product&#038;p=4481"},"modified":"2026-04-12T17:52:52","modified_gmt":"2026-04-12T22:52:52","slug":"impresora-ricoh-m320f-multifuncional-monocromatica","status":"publish","type":"product","link":"https:\/\/compuimpresion.com.co\/portal\/productos\/impresora-ricoh-m320f-multifuncional-monocromatica\/","title":{"rendered":"IMPRESORA RICOH 320F MULTIFUNCIONAL MONOCROM\u00c1TICA"},"content":{"rendered":"","protected":false},"excerpt":{"rendered":"<p>Impresora Ricoh M320f Multifuncional Monocrom\u00e1tica<\/p>\n<p>Comparta sus mejores ideas con esta impresora econ\u00f3mica. Imprime, copia, escanea y env\u00eda faxes con facilidad desde tu PC con la impresora multifunci\u00f3n l\u00e1ser en blanco y negro RICOH M 320F. Sus m\u00faltiples opciones de conectividad permiten imprimir a distancia en una amplia gama de soportes y su cartuchos de impresi\u00f3n de alto rendimiento ayudan a controlar e incluso a reducir los costos totales de impresi\u00f3n<\/p>\n","protected":false},"featured_media":5412,"comment_status":"open","ping_status":"closed","template":"","meta":{"inline_featured_image":false},"pwb-brand":[153],"product_brand":[],"product_cat":[891,1257],"product_tag":[],"class_list":{"0":"post-4481","1":"product","2":"type-product","3":"status-publish","4":"has-post-thumbnail","6":"pwb-brand-ricoh","7":"product_cat-impresion","8":"product_cat-laser-multifuncional-monocromatica","10":"first","11":"instock","12":"featured","13":"taxable","14":"shipping-taxable","15":"purchasable","16":"product-type-simple"},"brands":[{"id":153,"name":"Ricoh","slug":"ricoh"}],"_links":{"self":[{"href":"https:\/\/compuimpresion.com.co\/portal\/wp-json\/wp\/v2\/product\/4481","targetHints":{"allow":["GET"]}}],"collection":[{"href":"https:\/\/compuimpresion.com.co\/portal\/wp-json\/wp\/v2\/product"}],"about":[{"href":"https:\/\/compuimpresion.com.co\/portal\/wp-json\/wp\/v2\/types\/product"}],"replies":[{"embeddable":true,"href":"https:\/\/compuimpresion.com.co\/portal\/wp-json\/wp\/v2\/comments?post=4481"}],"wp:featuredmedia":[{"embeddable":true,"href":"https:\/\/compuimpresion.com.co\/portal\/wp-json\/wp\/v2\/media\/5412"}],"wp:attachment":[{"href":"https:\/\/compuimpresion.com.co\/portal\/wp-json\/wp\/v2\/media?parent=4481"}],"wp:term":[{"taxonomy":"pwb-brand","embeddable":true,"href":"https:\/\/compuimpresion.com.co\/portal\/wp-json\/wp\/v2\/pwb-brand?post=4481"},{"taxonomy":"product_brand","embeddable":true,"href":"https:\/\/compuimpresion.com.co\/portal\/wp-json\/wp\/v2\/product_brand?post=4481"},{"taxonomy":"product_cat","embeddable":true,"href":"https:\/\/compuimpresion.com.co\/portal\/wp-json\/wp\/v2\/product_cat?post=4481"},{"taxonomy":"product_tag","embeddable":true,"href":"https:\/\/compuimpresion.com.co\/portal\/wp-json\/wp\/v2\/product_tag?post=4481"}],"curies":[{"name":"wp","href":"https:\/\/api.w.org\/{rel}","templated":true}]}}