{"id":4473,"date":"2022-07-18T08:25:36","date_gmt":"2022-07-18T13:25:36","guid":{"rendered":"https:\/\/compuimpresion.com.co\/portal\/?post_type=product&#038;p=4473"},"modified":"2025-09-15T16:16:39","modified_gmt":"2025-09-15T21:16:39","slug":"kit-de-mantenimiento-canon-mc-g01-gx6010-gx7010-original","status":"publish","type":"product","link":"https:\/\/compuimpresion.com.co\/portal\/productos\/kit-de-mantenimiento-canon-mc-g01-gx6010-gx7010-original\/","title":{"rendered":"KIT DE MANTENIMIENTO CANON MC-G01 GX6010 GX7010 ORIGINAL"},"content":{"rendered":"","protected":false},"excerpt":{"rendered":"<p>Kit de mantenimiento Canon Mc-g01 Gx6010 Gx7010 Original<\/p>\n<p>Con la caja de mantenimiento Mc-g01 podr\u00e1s mantener tu sistema de impresi\u00f3n activo, tu impresora estar\u00e1 lista para cumplir d\u00eda a d\u00eda con todos tus trabajos y documentos.<\/p>\n","protected":false},"featured_media":4474,"comment_status":"open","ping_status":"closed","template":"","meta":{"inline_featured_image":false},"pwb-brand":[128],"product_brand":[],"product_cat":[1263,907],"product_tag":[305,320,860,460,857,858,859,136],"class_list":{"0":"post-4473","1":"product","2":"type-product","3":"status-publish","4":"has-post-thumbnail","6":"pwb-brand-canon","7":"product_cat-cabezal","8":"product_cat-consumibles","9":"product_tag-canon","10":"product_tag-de","11":"product_tag-gx6010","12":"product_tag-gx7010","13":"product_tag-kit","14":"product_tag-mantenimiento","15":"product_tag-mc-g01","16":"product_tag-original","18":"first","19":"instock","20":"taxable","21":"shipping-taxable","22":"purchasable","23":"product-type-simple"},"brands":[{"id":128,"name":"Canon","slug":"canon"}],"_links":{"self":[{"href":"https:\/\/compuimpresion.com.co\/portal\/wp-json\/wp\/v2\/product\/4473","targetHints":{"allow":["GET"]}}],"collection":[{"href":"https:\/\/compuimpresion.com.co\/portal\/wp-json\/wp\/v2\/product"}],"about":[{"href":"https:\/\/compuimpresion.com.co\/portal\/wp-json\/wp\/v2\/types\/product"}],"replies":[{"embeddable":true,"href":"https:\/\/compuimpresion.com.co\/portal\/wp-json\/wp\/v2\/comments?post=4473"}],"wp:featuredmedia":[{"embeddable":true,"href":"https:\/\/compuimpresion.com.co\/portal\/wp-json\/wp\/v2\/media\/4474"}],"wp:attachment":[{"href":"https:\/\/compuimpresion.com.co\/portal\/wp-json\/wp\/v2\/media?parent=4473"}],"wp:term":[{"taxonomy":"pwb-brand","embeddable":true,"href":"https:\/\/compuimpresion.com.co\/portal\/wp-json\/wp\/v2\/pwb-brand?post=4473"},{"taxonomy":"product_brand","embeddable":true,"href":"https:\/\/compuimpresion.com.co\/portal\/wp-json\/wp\/v2\/product_brand?post=4473"},{"taxonomy":"product_cat","embeddable":true,"href":"https:\/\/compuimpresion.com.co\/portal\/wp-json\/wp\/v2\/product_cat?post=4473"},{"taxonomy":"product_tag","embeddable":true,"href":"https:\/\/compuimpresion.com.co\/portal\/wp-json\/wp\/v2\/product_tag?post=4473"}],"curies":[{"name":"wp","href":"https:\/\/api.w.org\/{rel}","templated":true}]}}