{"id":4401,"date":"2022-07-01T13:40:02","date_gmt":"2022-07-01T18:40:02","guid":{"rendered":"https:\/\/compuimpresion.com.co\/portal\/?post_type=product&#038;p=4401"},"modified":"2026-01-23T09:23:06","modified_gmt":"2026-01-23T14:23:06","slug":"escaner-canon-lide-300-canoscan-fotografico","status":"publish","type":"product","link":"https:\/\/compuimpresion.com.co\/portal\/productos\/escaner-canon-lide-300-canoscan-fotografico\/","title":{"rendered":"ESCANER CANON LIDE 300 CANOSCAN FOTOGR\u00c1FICO"},"content":{"rendered":"<h1><strong>Escaner canon lide 300 canoScan fotogr\u00e1fico<\/strong><\/h1>\n<p>Escanee documentos r\u00e1pida y f\u00e1cilmente con una velocidad de hasta 10 segundos. Incluso puede escanear y enviar sus archivos directamente a los servicios en la nube con la funci\u00f3n Enviar a la nube. Gracias a la funci\u00f3n Enviar a la nube se pueden cargar f\u00e1cilmente las fotograf\u00edas y los documentos a servicios en la nube como Microsoft OneDrive y Dropbox<br \/>\nDigitalice documentos e im\u00e1genes con una resoluci\u00f3n de 2400 x 2400 ppp, y aprovechando las mejoras de imagen, tales como: correcci\u00f3n de decoloraci\u00f3n y reducci\u00f3n de polvo. Sus fotograf\u00edas seguir\u00e1n luciendo espectaculares.<br \/>\nDisfrute la facilidad de uso con los cuatro botones EZ. Con el Modo de Escaneo Autom\u00e1tico, el esc\u00e1ner ajusta autom\u00e1ticamente las configuraciones al detectar lo que est\u00e1 escaneando, y el bot\u00f3n de PDF integrado escanea y guarda f\u00e1cilmente los archivos PDF que se pueden editar y que permiten la b\u00fasqueda con OCR.<\/p>\n<p>Caracter\u00edsticas:<\/p>\n<p>-Tipo de esc\u00e1ner: Esc\u00e1ner plano<br \/>\n-Elemento de escaneo: Sensor de Imagen por Contacto (CIS)<br \/>\n-Fuente de luz: LED de tres colores (RGB)<br \/>\n-Caracter\u00edsticas: 4 botones EZ, Cubierta Avanzada de Expansi\u00f3n Tipo Z (Advanced Z-lid), Reducci\u00f3n Autom\u00e1tica de las Marcas de Polvo y de los Rayones (Windows solamente), Correcci\u00f3n Autom\u00e1tica de Documentos (Windows solamente), Modo de Escaneo Autom\u00e1tico, Archivo Digital, Correcci\u00f3n de Desvanecimiento (Windows solamente), Correcci\u00f3n de Granulosidad (Windows solamente), Correcci\u00f3n de Sombras de Medianiles (Windows solamente), Escaneo de Alta Velocidad, Correcci\u00f3n de Imagen, Bajo Consumo de Energ\u00eda, PDF de Varias P\u00e1ginas, OCR (Reconocimiento \u00d3ptico de Caracteres), Un Cable para los datos y para la energ\u00eda, Enviar a la Nube.<br \/>\n-Botones del esc\u00e1ner: 4 botones EZ; Escaneo Autom\u00e1tico, Copiado, PDF (Inicio de Escaneo), Env\u00edo<br \/>\n-Resoluci\u00f3n m\u00e1xima: \u00d3ptica:\u00d3ptica: 2400 x 2400 ppp, Interpolada:19,200 x 19,200 ppp<br \/>\n-Velocidad de escaneo: Documentos: Aprox. 10 segundos (300 ppp\/tama\u00f1o Carta\/Color) 4&#8243; x 6&#8243;1<br \/>\nFotograf\u00edas: Aprox. 5 segundos (300 ppp\/Color)<br \/>\n-Modo de escaneo: Color: Interna de 48 bits\/Externa de 48 o 24 bits, Escala de grises: 16 bits interno\/8 bits externo<br \/>\n-Tama\u00f1o m\u00e1ximo del documento: 8.5&#8243; x 11.7&#8243; (Carta\/A4)<br \/>\n-Compatibilidad con los sistemas operativos: Windows: 7 Windows\u00ae 10, Windows 8.1, Windows 7 SP1<br \/>\nMac: Mac OS\u00ae X v10.10.5 &#8211; macOS v10.13 (High Sierra), Linux\u00ae: Requiere la instalaci\u00f3n del software controlador ScanGear MP<br \/>\n-Requisitos de energ\u00eda: Hi-Speed USB 2.0 (un cable para los datos y para la energ\u00eda)<br \/>\n-Software: (WINDOWS \/MAC\/LINUX)Software controlador del esc\u00e1ner de im\u00e1genes en color CanoScan LiDE 300<br \/>\nIJ Scan Utility (Windows)\/IJ Scan Utility Lite (Mac),Escaneo Autom\u00e1tico, Escaneo de Documentos, Escaneo de Fotograf\u00edas, Escaneo Personalizado, Escaneo de Uni\u00f3n de Im\u00e1genes y OCR (Reconocimiento \u00d3ptico de Caracteres)Software Controlador ScanGear MP,Men\u00fa R\u00e1pido.<br \/>\n-M\u00c9TODO DEL ESC\u00c1NER: LiDE (Exposici\u00f3n LED indirecta)<\/p>\n<p>Sku: 0497<br \/>\nEAN: 4549292119763<br \/>\nN\/P: 2995c003<\/p>\n","protected":false},"excerpt":{"rendered":"<p><strong>Escaner canon lide 300 canoScan fotogr\u00e1fico<\/strong><\/p>\n<p>Escanee documentos r\u00e1pida y f\u00e1cilmente con una velocidad de hasta 10 segundos. Incluso puede escanear y enviar sus archivos directamente a los servicios en la nube con la funci\u00f3n Enviar a la nube. Gracias a la funci\u00f3n Enviar a la nube se pueden cargar f\u00e1cilmente las fotograf\u00edas y los documentos a servicios en la nube como Microsoft OneDrive y Dropbox<\/p>\n","protected":false},"featured_media":4404,"comment_status":"open","ping_status":"closed","template":"","meta":{"inline_featured_image":false},"pwb-brand":[128],"product_brand":[],"product_cat":[895],"product_tag":[810,808,811,809],"class_list":{"0":"post-4401","1":"product","2":"type-product","3":"status-publish","4":"has-post-thumbnail","6":"pwb-brand-canon","7":"product_cat-escaner","8":"product_tag-canoscan","9":"product_tag-escaner-canon","10":"product_tag-fotografico","11":"product_tag-lide-300","13":"first","14":"outofstock","15":"taxable","16":"shipping-taxable","17":"purchasable","18":"product-type-simple"},"brands":[{"id":128,"name":"Canon","slug":"canon"}],"_links":{"self":[{"href":"https:\/\/compuimpresion.com.co\/portal\/wp-json\/wp\/v2\/product\/4401","targetHints":{"allow":["GET"]}}],"collection":[{"href":"https:\/\/compuimpresion.com.co\/portal\/wp-json\/wp\/v2\/product"}],"about":[{"href":"https:\/\/compuimpresion.com.co\/portal\/wp-json\/wp\/v2\/types\/product"}],"replies":[{"embeddable":true,"href":"https:\/\/compuimpresion.com.co\/portal\/wp-json\/wp\/v2\/comments?post=4401"}],"wp:featuredmedia":[{"embeddable":true,"href":"https:\/\/compuimpresion.com.co\/portal\/wp-json\/wp\/v2\/media\/4404"}],"wp:attachment":[{"href":"https:\/\/compuimpresion.com.co\/portal\/wp-json\/wp\/v2\/media?parent=4401"}],"wp:term":[{"taxonomy":"pwb-brand","embeddable":true,"href":"https:\/\/compuimpresion.com.co\/portal\/wp-json\/wp\/v2\/pwb-brand?post=4401"},{"taxonomy":"product_brand","embeddable":true,"href":"https:\/\/compuimpresion.com.co\/portal\/wp-json\/wp\/v2\/product_brand?post=4401"},{"taxonomy":"product_cat","embeddable":true,"href":"https:\/\/compuimpresion.com.co\/portal\/wp-json\/wp\/v2\/product_cat?post=4401"},{"taxonomy":"product_tag","embeddable":true,"href":"https:\/\/compuimpresion.com.co\/portal\/wp-json\/wp\/v2\/product_tag?post=4401"}],"curies":[{"name":"wp","href":"https:\/\/api.w.org\/{rel}","templated":true}]}}