{"id":4399,"date":"2022-07-01T13:34:23","date_gmt":"2022-07-01T18:34:23","guid":{"rendered":"https:\/\/compuimpresion.com.co\/portal\/?post_type=product&#038;p=4399"},"modified":"2026-04-21T11:04:06","modified_gmt":"2026-04-21T16:04:06","slug":"tambor-de-formacion-de-imagenes-hp-104a-negro-laser-original","status":"publish","type":"product","link":"https:\/\/compuimpresion.com.co\/portal\/productos\/tambor-de-formacion-de-imagenes-hp-104a-negro-laser-original\/","title":{"rendered":"TAMBOR DE FORMACI\u00d3N DE IM\u00c1GENES HP 104A NEGRO LASER ORIGINAL"},"content":{"rendered":"","protected":false},"excerpt":{"rendered":"<h3>Tambor de Formaci\u00f3n de Im\u00e1genes HP 104A Negro Laser original<\/h3>\n<p>Imprima miles de p\u00e1ginas a un costo extremadamente bajo por p\u00e1gina. Es f\u00e1cil con el tambor de creaci\u00f3n de im\u00e1genes l\u00e1ser dise\u00f1ado espec\u00edficamente para el sistema de impresi\u00f3n HP Neverstop Laser. Obtenga la calidad que un l\u00edder del sector ofrece para su oficina a un precio ultrabajo.<br \/>\nObtenga una forma innovadora de imprimir p\u00e1ginas l\u00e1ser con un dise\u00f1o para reemplazo de t\u00f3ner a muy bajo costo.<br \/>\nImprima sin preocuparse por el costo del t\u00f3ner. El tambor de creaci\u00f3n de im\u00e1genes de HP procesa, f\u00e1cilmente, 20.000 p\u00e1ginas antes de ser reemplazado.<\/p>\n","protected":false},"featured_media":4400,"comment_status":"open","ping_status":"closed","template":"","meta":{"inline_featured_image":false},"pwb-brand":[124],"product_brand":[],"product_cat":[907,1264],"product_tag":[1470,1468,1469,1467],"class_list":{"0":"post-4399","1":"product","2":"type-product","3":"status-publish","4":"has-post-thumbnail","6":"pwb-brand-hp","7":"product_cat-consumibles","8":"product_cat-toner-consumibles","9":"product_tag-104a","10":"product_tag-creacion","11":"product_tag-drum","12":"product_tag-tambor","14":"first","15":"outofstock","16":"sale","17":"taxable","18":"shipping-taxable","19":"purchasable","20":"product-type-simple"},"brands":[{"id":124,"name":"HP","slug":"hp"}],"_links":{"self":[{"href":"https:\/\/compuimpresion.com.co\/portal\/wp-json\/wp\/v2\/product\/4399","targetHints":{"allow":["GET"]}}],"collection":[{"href":"https:\/\/compuimpresion.com.co\/portal\/wp-json\/wp\/v2\/product"}],"about":[{"href":"https:\/\/compuimpresion.com.co\/portal\/wp-json\/wp\/v2\/types\/product"}],"replies":[{"embeddable":true,"href":"https:\/\/compuimpresion.com.co\/portal\/wp-json\/wp\/v2\/comments?post=4399"}],"wp:featuredmedia":[{"embeddable":true,"href":"https:\/\/compuimpresion.com.co\/portal\/wp-json\/wp\/v2\/media\/4400"}],"wp:attachment":[{"href":"https:\/\/compuimpresion.com.co\/portal\/wp-json\/wp\/v2\/media?parent=4399"}],"wp:term":[{"taxonomy":"pwb-brand","embeddable":true,"href":"https:\/\/compuimpresion.com.co\/portal\/wp-json\/wp\/v2\/pwb-brand?post=4399"},{"taxonomy":"product_brand","embeddable":true,"href":"https:\/\/compuimpresion.com.co\/portal\/wp-json\/wp\/v2\/product_brand?post=4399"},{"taxonomy":"product_cat","embeddable":true,"href":"https:\/\/compuimpresion.com.co\/portal\/wp-json\/wp\/v2\/product_cat?post=4399"},{"taxonomy":"product_tag","embeddable":true,"href":"https:\/\/compuimpresion.com.co\/portal\/wp-json\/wp\/v2\/product_tag?post=4399"}],"curies":[{"name":"wp","href":"https:\/\/api.w.org\/{rel}","templated":true}]}}