{"id":4395,"date":"2022-07-01T13:26:04","date_gmt":"2022-07-01T18:26:04","guid":{"rendered":"https:\/\/compuimpresion.com.co\/portal\/?post_type=product&#038;p=4395"},"modified":"2024-07-19T17:46:48","modified_gmt":"2024-07-19T22:46:48","slug":"impresora-bixolon-srp-b300-esk-pos-termica","status":"publish","type":"product","link":"https:\/\/compuimpresion.com.co\/portal\/productos\/impresora-bixolon-srp-b300-esk-pos-termica\/","title":{"rendered":"IMPRESORA BIXOLON SRP-B300 ESK POS T\u00c9RMICA"},"content":{"rendered":"<h1><strong>Impresora bixolon srp-b300 esk Pos T\u00e9rmica<\/strong><\/h1>\n<p>La SRP-B300 es una soluci\u00f3n de impresi\u00f3n t\u00e9rmica de punto de venta con un costo efectivo que combinan valores con gr\u00e1ficos de alta calidad de 203 dpi y velocidad de impresi\u00f3n de hasta 220 mm\/segundo. Con la ventaja de la opci\u00f3n de ahorro de papel, la SRP-B300 puede reducir la longitud de un recibo hasta un 25%. Suministrada con la interfaz All-In-One Plus\u2122 de BIXOLON que incluye USB, Red y Serial integrados, la impresora garantiza una conectividad confiable con los dispositivos host. La SRP-B300 est\u00e1 dise\u00f1ada con una m\u00ednima cantidad de tornillos, lo que facilita el reemplazo del cortador autom\u00e1tico y el cabezal de impresi\u00f3n. Proporciona experiencia de usuario mejorada con luz LED que indica el estado de la impresora y un accesorio opcional para alarma de notificaci\u00f3n de pedidos.<\/p>\n<p>Caracter\u00edsticas:<\/p>\n<p>-Velocidad de impresi\u00f3n de hasta: 200 mm\/seg<br \/>\n-Resoluci\u00f3n de impresi\u00f3n de: 203 dpi<br \/>\n-Ancho de impresi\u00f3n hasta: 80 mm<br \/>\n-Sensor: Fin del papel<br \/>\n-Tipo de medio: Recibo<br \/>\n-Interface: USB V2.0 FS + Ethernet + Serial<br \/>\n-Di\u00e1metro del rollo de papel: Hasta 83mm<br \/>\n-Grosor de medios: 0,05 ~ 0,08 mm<br \/>\n-Interfaz All-In-One Plus: USB, Red y Serial<br \/>\n-Modo de ahorro de papel, reduciendo la longitud del recibo hasta un 25%<br \/>\n-Uso independiente o montado en la pared<br \/>\n-LED a color<br \/>\n-Compacto y ahorrando espacio<br \/>\n-Certificado Energy Star<br \/>\n-Software: Emulaci\u00f3n,BXL\/punto de venta,Controlador \/ Utilidad,Controlador de Windows,Controlador OPOS\/JPOS,Controlador CUPS para Linux\/Mac,Controlador USB COM virtual, Programa de utilidad,SDK \/ Complemento,SDK de,Android\/iOS\/Windows,SDK de Linux,SDK de Xamarin,SDK de cromo ,Aplicaci\u00f3n mPrint (Android, iOS)<br \/>\n-Caracteres: Alfanum\u00e9rico: 95,Gr\u00e1ficos extendidos: 128 x 35 p\u00e1ginas,Internacional: 32<br \/>\n-Caracteres por l\u00ednea: Fuente A: 48 Fuente B, C: 64, KOR, CHN, JPN: 24<br \/>\n-Dimensiones: (W x D x H): 13,2 x 17,8 x 12,4 cm<br \/>\n-Peso: 1.01 kg<\/p>\n<p>Sku: 1278<br \/>\nEan: 8809794031014<br \/>\nN\/p: Srp-b300esk<\/p>\n","protected":false},"excerpt":{"rendered":"<h3><strong>Impresora bixolon srp-b300 esk Pos T\u00e9rmica<\/strong><\/h3>\n<p>La SRP-B300 es una soluci\u00f3n de impresi\u00f3n t\u00e9rmica de punto de venta con un costo efectivo que combinan valores con gr\u00e1ficos de alta calidad de 203 dpi y velocidad de impresi\u00f3n de hasta 220 mm\/segundo<\/p>\n","protected":false},"featured_media":4397,"comment_status":"open","ping_status":"closed","template":"","meta":{"inline_featured_image":false},"pwb-brand":[801],"product_brand":[],"product_cat":[1253],"product_tag":[802,804,146,158,803,162],"class_list":{"0":"post-4395","1":"product","2":"type-product","3":"status-publish","4":"has-post-thumbnail","6":"pwb-brand-bixolon","7":"product_cat-solucion-pos","8":"product_tag-bixolon","9":"product_tag-esk","10":"product_tag-impresora","11":"product_tag-pos","12":"product_tag-srp-b300","13":"product_tag-termica","15":"first","16":"outofstock","17":"taxable","18":"shipping-taxable","19":"purchasable","20":"product-type-simple"},"brands":[{"id":801,"name":"Bixolon","slug":"bixolon"}],"_links":{"self":[{"href":"https:\/\/compuimpresion.com.co\/portal\/wp-json\/wp\/v2\/product\/4395","targetHints":{"allow":["GET"]}}],"collection":[{"href":"https:\/\/compuimpresion.com.co\/portal\/wp-json\/wp\/v2\/product"}],"about":[{"href":"https:\/\/compuimpresion.com.co\/portal\/wp-json\/wp\/v2\/types\/product"}],"replies":[{"embeddable":true,"href":"https:\/\/compuimpresion.com.co\/portal\/wp-json\/wp\/v2\/comments?post=4395"}],"wp:featuredmedia":[{"embeddable":true,"href":"https:\/\/compuimpresion.com.co\/portal\/wp-json\/wp\/v2\/media\/4397"}],"wp:attachment":[{"href":"https:\/\/compuimpresion.com.co\/portal\/wp-json\/wp\/v2\/media?parent=4395"}],"wp:term":[{"taxonomy":"pwb-brand","embeddable":true,"href":"https:\/\/compuimpresion.com.co\/portal\/wp-json\/wp\/v2\/pwb-brand?post=4395"},{"taxonomy":"product_brand","embeddable":true,"href":"https:\/\/compuimpresion.com.co\/portal\/wp-json\/wp\/v2\/product_brand?post=4395"},{"taxonomy":"product_cat","embeddable":true,"href":"https:\/\/compuimpresion.com.co\/portal\/wp-json\/wp\/v2\/product_cat?post=4395"},{"taxonomy":"product_tag","embeddable":true,"href":"https:\/\/compuimpresion.com.co\/portal\/wp-json\/wp\/v2\/product_tag?post=4395"}],"curies":[{"name":"wp","href":"https:\/\/api.w.org\/{rel}","templated":true}]}}