{"id":4310,"date":"2022-04-17T22:53:01","date_gmt":"2022-04-18T03:53:01","guid":{"rendered":"https:\/\/compuimpresion.com.co\/portal\/?post_type=product&#038;p=4310"},"modified":"2026-04-21T16:37:52","modified_gmt":"2026-04-21T21:37:52","slug":"impresora-brother-dcpt720dw-multifuncional-wifi","status":"publish","type":"product","link":"https:\/\/compuimpresion.com.co\/portal\/productos\/impresora-brother-dcpt720dw-multifuncional-wifi\/","title":{"rendered":"IMPRESORA BROTHER DCP T720DW MULTIFUNCIONAL WIFI"},"content":{"rendered":"","protected":false},"excerpt":{"rendered":"<h3>Impresora Brother DCPT720DW Multifuncional wifi<\/h3>\n<p><strong>Multifuncional<\/strong> de inyecci\u00f3n de tinta a color <strong>DCP-T720DW<\/strong> de la serie <strong>InkBenefit Tank<\/strong> con nuevo dise\u00f1o de llenado de tinta autom\u00e1tico que ayuda a reducir derrames. Impresi\u00f3n econ\u00f3mica y de alta calidad para documentos comerciales, informes, fotos y m\u00e1s. Menor tiempo de espera con la impresi\u00f3n d\u00faplex (por ambas caras) autom\u00e1tica y velocidades de impresi\u00f3n r\u00e1pidas de hasta 30 ppm en negro y 26 ppm a color (ECO MODE) y de hasta 17 ipm en negro y 16 ipm a color (ISO\/IEC 24734). Bandeja cubierta de hasta 150 hojas que ayuda a ahorrar espacio y a proteger el papel de arrugas, alimentador autom\u00e1tico de documentos de hasta 20 hojas y ranura manual para imprimir en distintos tipos y tama\u00f1os de papel. La funci\u00f3n N en 1 permite copiar varias p\u00e1ginas en una hoja, ayudando a ahorrar papel. Wi-Fi Direct para imprimir y escanear mediante dispositivos m\u00f3viles con facilidad.<\/p>\n","protected":false},"featured_media":4312,"comment_status":"open","ping_status":"closed","template":"","meta":{"inline_featured_image":false},"pwb-brand":[129],"product_brand":[],"product_cat":[891,1259],"product_tag":[398,773,146,143,357],"class_list":{"0":"post-4310","1":"product","2":"type-product","3":"status-publish","4":"has-post-thumbnail","6":"pwb-brand-brother","7":"product_cat-impresion","8":"product_cat-inyeccion-de-tinta","9":"product_tag-brother","10":"product_tag-dcpt720dw","11":"product_tag-impresora","12":"product_tag-multifuncional","13":"product_tag-wifi","15":"first","16":"outofstock","17":"taxable","18":"shipping-taxable","19":"purchasable","20":"product-type-simple"},"brands":[{"id":129,"name":"Brother","slug":"brother"}],"_links":{"self":[{"href":"https:\/\/compuimpresion.com.co\/portal\/wp-json\/wp\/v2\/product\/4310","targetHints":{"allow":["GET"]}}],"collection":[{"href":"https:\/\/compuimpresion.com.co\/portal\/wp-json\/wp\/v2\/product"}],"about":[{"href":"https:\/\/compuimpresion.com.co\/portal\/wp-json\/wp\/v2\/types\/product"}],"replies":[{"embeddable":true,"href":"https:\/\/compuimpresion.com.co\/portal\/wp-json\/wp\/v2\/comments?post=4310"}],"wp:featuredmedia":[{"embeddable":true,"href":"https:\/\/compuimpresion.com.co\/portal\/wp-json\/wp\/v2\/media\/4312"}],"wp:attachment":[{"href":"https:\/\/compuimpresion.com.co\/portal\/wp-json\/wp\/v2\/media?parent=4310"}],"wp:term":[{"taxonomy":"pwb-brand","embeddable":true,"href":"https:\/\/compuimpresion.com.co\/portal\/wp-json\/wp\/v2\/pwb-brand?post=4310"},{"taxonomy":"product_brand","embeddable":true,"href":"https:\/\/compuimpresion.com.co\/portal\/wp-json\/wp\/v2\/product_brand?post=4310"},{"taxonomy":"product_cat","embeddable":true,"href":"https:\/\/compuimpresion.com.co\/portal\/wp-json\/wp\/v2\/product_cat?post=4310"},{"taxonomy":"product_tag","embeddable":true,"href":"https:\/\/compuimpresion.com.co\/portal\/wp-json\/wp\/v2\/product_tag?post=4310"}],"curies":[{"name":"wp","href":"https:\/\/api.w.org\/{rel}","templated":true}]}}