{"id":4290,"date":"2022-04-17T21:50:55","date_gmt":"2022-04-18T02:50:55","guid":{"rendered":"https:\/\/compuimpresion.com.co\/portal\/?post_type=product&#038;p=4290"},"modified":"2025-07-10T04:06:02","modified_gmt":"2025-07-10T09:06:02","slug":"lector-de-codigo-de-barras-mk7120-honeywell-omnidireccional","status":"publish","type":"product","link":"https:\/\/compuimpresion.com.co\/portal\/productos\/lector-de-codigo-de-barras-mk7120-honeywell-omnidireccional\/","title":{"rendered":"LECTOR DE C\u00d3DIGO DE BARRAS MK7120 HONEYWELL OMNIDIRECCIONAL"},"content":{"rendered":"<h1>Lector de c\u00f3digo de barras Mk7120 honeywell omnidireccional<\/h1>\n<p>El <strong>Scanner de c\u00f3digos de barras Honeywell MK7120<\/strong> est\u00e1 dise\u00f1ado para la lectura de <strong>c\u00f3digos de barras 1D impresos y digitales<\/strong> de manera r\u00e1pida y precisa para que su cliente obtenga una mejor y r\u00e1pida atenci\u00f3n en el punto de venta, ya que integra un escaneo l\u00e1ser omnidireccional y un generador de im\u00e1genes de \u00e1rea en un \u00fanico esc\u00e1ner de presentaci\u00f3n.<br \/>\nEl Scanner de c\u00f3digos de barras <strong>Honeywell MK7120<\/strong> es un innovador, elegante y asequible soluci\u00f3n para diferentes sectores del mercado de alto tr\u00e1fico como: supermercados, minoristas, moda, restaurantes, entre otros; ya que incorpora un cabezal que se puede inclinar en un <strong>rango de 30\u00b0<\/strong> para mayor flexibilidad y poder acomodar objetos de varios tama\u00f1os y formas. Adem\u00e1s, este dispositivo es un lector de c\u00f3digos de barras plug and play donde se puede ubicar en las cajas de punto de pago de manera f\u00e1cil y sencilla.<br \/>\nUsar el esc\u00e1ner de c\u00f3digo de barras Honeywell MK7120 es f\u00e1cil y segura ya que integra m\u00faltiples interfaces de conexi\u00f3n que permiten que este lector de c\u00f3digos sea compatible con la mayor\u00eda de sistemas POS, adem\u00e1s de usar el cable USB para extraer energ\u00eda eliminando la necesidad de una fuente de alimentaci\u00f3n y cableado. Adicional, este producto se puede ubicar f\u00e1cilmente en la caja de punto de venta por su dise\u00f1o moderno y compacto de 108 mm x 103 mm x 148 mm.<\/p>\n<p><strong>Caracter\u00edsticas Lector de c\u00f3digo de barras Mk7120 honeywell omnidireccional:<\/strong><\/p>\n<p>-Tecnolog\u00eda: <strong>Omnidireccional<\/strong><br \/>\n-Entramado omnidireccional de: 20 l\u00edneas<br \/>\n-Velocidad: Max.1120 scans\/seg<br \/>\n-Activaci\u00f3n: Autom\u00e1tico<br \/>\n-Modo de operacion: De mesa<br \/>\n-Capacidad de decodificacion: 1D \/ GS1 Databar<br \/>\n-Distancia de lectura: Max 21,5 cm<br \/>\n&#8211; Cabezal con \u00e1ngulo de lectura ajustable: Orientable hasta 30\u00ba para ofrecer una lectura precisa y confortable de c\u00f3digos de dif\u00edcil acceso<br \/>\n-Color: Negro<br \/>\n-Dimensiones: 15 x 10 x 10.5 cm<br \/>\n-Peso: 400g<\/p>\n<p>Sku:1763<br \/>\nEan: 0777786370275<br \/>\nN\/p: MK7120<\/p>\n","protected":false},"excerpt":{"rendered":"<h3>Lector de c\u00f3digo de barras Mk7120 honeywell omnidireccional<\/h3>\n<p>El <strong>Scanner de c\u00f3digos de barras Honeywell MK7120<\/strong> est\u00e1 dise\u00f1ado para la lectura de <strong>c\u00f3digos de barras 1D impresos y digitales<\/strong> de manera r\u00e1pida y precisa para que su cliente obtenga una mejor y r\u00e1pida atenci\u00f3n en el punto de venta, ya que integra un escaneo l\u00e1ser omnidireccional y un generador de im\u00e1genes de \u00e1rea en un \u00fanico esc\u00e1ner de presentaci\u00f3n.<br \/>\nEl Scanner de c\u00f3digos de barras <strong>Honeywell MK7120<\/strong> es un innovador, elegante y asequible soluci\u00f3n para diferentes sectores del mercado de alto tr\u00e1fico como: supermercados, minoristas, moda, restaurantes, entre otros; ya que incorpora un cabezal que se puede inclinar en un <strong>rango de 30\u00b0<\/strong> para mayor flexibilidad y poder acomodar objetos de varios tama\u00f1os y formas. Adem\u00e1s, este dispositivo es un lector de c\u00f3digos de barras plug and play donde se puede ubicar en las cajas de punto de pago de manera f\u00e1cil y sencilla.<br \/>\nUsar el esc\u00e1ner de c\u00f3digo de barras Honeywell MK7120 es f\u00e1cil y segura ya que integra m\u00faltiples interfaces de conexi\u00f3n que permiten que este lector de c\u00f3digos sea compatible con la mayor\u00eda de sistemas POS, adem\u00e1s de usar el cable USB para extraer energ\u00eda eliminando la necesidad de una fuente de alimentaci\u00f3n y cableado. Adicional, este producto se puede ubicar f\u00e1cilmente en la caja de punto de venta por su dise\u00f1o moderno y compacto de 108 mm x 103 mm x 148 mm.<\/p>\n","protected":false},"featured_media":4292,"comment_status":"open","ping_status":"closed","template":"","meta":{"inline_featured_image":false},"pwb-brand":[764],"product_brand":[],"product_cat":[1253],"product_tag":[597,766,768,765,767],"class_list":{"0":"post-4290","1":"product","2":"type-product","3":"status-publish","4":"has-post-thumbnail","6":"pwb-brand-honeywell","7":"product_cat-solucion-pos","8":"product_tag-barras","9":"product_tag-honeywell","10":"product_tag-lector-de-codigo-de-barras","11":"product_tag-mk7120","12":"product_tag-omnidireccional","14":"first","15":"outofstock","16":"taxable","17":"shipping-taxable","18":"purchasable","19":"product-type-simple"},"brands":[{"id":764,"name":"Honeywell","slug":"honeywell"}],"_links":{"self":[{"href":"https:\/\/compuimpresion.com.co\/portal\/wp-json\/wp\/v2\/product\/4290","targetHints":{"allow":["GET"]}}],"collection":[{"href":"https:\/\/compuimpresion.com.co\/portal\/wp-json\/wp\/v2\/product"}],"about":[{"href":"https:\/\/compuimpresion.com.co\/portal\/wp-json\/wp\/v2\/types\/product"}],"replies":[{"embeddable":true,"href":"https:\/\/compuimpresion.com.co\/portal\/wp-json\/wp\/v2\/comments?post=4290"}],"wp:featuredmedia":[{"embeddable":true,"href":"https:\/\/compuimpresion.com.co\/portal\/wp-json\/wp\/v2\/media\/4292"}],"wp:attachment":[{"href":"https:\/\/compuimpresion.com.co\/portal\/wp-json\/wp\/v2\/media?parent=4290"}],"wp:term":[{"taxonomy":"pwb-brand","embeddable":true,"href":"https:\/\/compuimpresion.com.co\/portal\/wp-json\/wp\/v2\/pwb-brand?post=4290"},{"taxonomy":"product_brand","embeddable":true,"href":"https:\/\/compuimpresion.com.co\/portal\/wp-json\/wp\/v2\/product_brand?post=4290"},{"taxonomy":"product_cat","embeddable":true,"href":"https:\/\/compuimpresion.com.co\/portal\/wp-json\/wp\/v2\/product_cat?post=4290"},{"taxonomy":"product_tag","embeddable":true,"href":"https:\/\/compuimpresion.com.co\/portal\/wp-json\/wp\/v2\/product_tag?post=4290"}],"curies":[{"name":"wp","href":"https:\/\/api.w.org\/{rel}","templated":true}]}}