{"id":4258,"date":"2022-04-17T19:22:49","date_gmt":"2022-04-18T00:22:49","guid":{"rendered":"https:\/\/compuimpresion.com.co\/portal\/?post_type=product&#038;p=4258"},"modified":"2026-04-14T18:08:36","modified_gmt":"2026-04-14T23:08:36","slug":"kit-de-recargada-pantum-pb-210rb","status":"publish","type":"product","link":"https:\/\/compuimpresion.com.co\/portal\/productos\/kit-de-recargada-pantum-pb-210rb\/","title":{"rendered":"KIT DE RECARGADA PANTUM PB-210RB"},"content":{"rendered":"","protected":false},"excerpt":{"rendered":"<h2><strong>Kit de recargada Pantum PB-210RB<\/strong><\/h2>\n<p>Con el nuevo kit de recarga <strong>pantum PB-210<\/strong> podr\u00e1s seguir disfrutando de impresiones de alta calidad a un bajo costo. Imprima durante m\u00e1s tiempo, imprima m\u00e1s p\u00e1ginas y disfrute de excelentes resultados en textos n\u00edtidos en tus trabajos.<br \/>\nImprime confiando \u00a1 realiza tus tareas habituales de la mano de <strong>pantum<\/strong>, si que vas a lograr todos tus resultados impactantes desde la primera p\u00e1gina hasta la \u00faltima.<\/p>\n","protected":false},"featured_media":4260,"comment_status":"open","ping_status":"closed","template":"","meta":{"inline_featured_image":false},"pwb-brand":[745],"product_brand":[],"product_cat":[1261,907],"product_tag":[756,746,758],"class_list":{"0":"post-4258","1":"product","2":"type-product","3":"status-publish","4":"has-post-thumbnail","6":"pwb-brand-pantum","7":"product_cat-botellas-y-bolsas-de-tinta","8":"product_cat-consumibles","9":"product_tag-kit-de-recargada","10":"product_tag-pantum","11":"product_tag-pb-210rb","13":"first","14":"instock","15":"taxable","16":"shipping-taxable","17":"purchasable","18":"product-type-simple"},"brands":[{"id":745,"name":"Pantum","slug":"pantum"}],"_links":{"self":[{"href":"https:\/\/compuimpresion.com.co\/portal\/wp-json\/wp\/v2\/product\/4258","targetHints":{"allow":["GET"]}}],"collection":[{"href":"https:\/\/compuimpresion.com.co\/portal\/wp-json\/wp\/v2\/product"}],"about":[{"href":"https:\/\/compuimpresion.com.co\/portal\/wp-json\/wp\/v2\/types\/product"}],"replies":[{"embeddable":true,"href":"https:\/\/compuimpresion.com.co\/portal\/wp-json\/wp\/v2\/comments?post=4258"}],"wp:featuredmedia":[{"embeddable":true,"href":"https:\/\/compuimpresion.com.co\/portal\/wp-json\/wp\/v2\/media\/4260"}],"wp:attachment":[{"href":"https:\/\/compuimpresion.com.co\/portal\/wp-json\/wp\/v2\/media?parent=4258"}],"wp:term":[{"taxonomy":"pwb-brand","embeddable":true,"href":"https:\/\/compuimpresion.com.co\/portal\/wp-json\/wp\/v2\/pwb-brand?post=4258"},{"taxonomy":"product_brand","embeddable":true,"href":"https:\/\/compuimpresion.com.co\/portal\/wp-json\/wp\/v2\/product_brand?post=4258"},{"taxonomy":"product_cat","embeddable":true,"href":"https:\/\/compuimpresion.com.co\/portal\/wp-json\/wp\/v2\/product_cat?post=4258"},{"taxonomy":"product_tag","embeddable":true,"href":"https:\/\/compuimpresion.com.co\/portal\/wp-json\/wp\/v2\/product_tag?post=4258"}],"curies":[{"name":"wp","href":"https:\/\/api.w.org\/{rel}","templated":true}]}}