{"id":4251,"date":"2022-04-17T18:27:46","date_gmt":"2022-04-17T23:27:46","guid":{"rendered":"https:\/\/compuimpresion.com.co\/portal\/?post_type=product&#038;p=4251"},"modified":"2024-09-17T10:16:06","modified_gmt":"2024-09-17T15:16:06","slug":"cartucho-de-toner-hp-136a-negro-laserjet-original-w1360a","status":"publish","type":"product","link":"https:\/\/compuimpresion.com.co\/portal\/productos\/cartucho-de-toner-hp-136a-negro-laserjet-original-w1360a\/","title":{"rendered":"Cartucho de Toner HP 136 Negro LaserJet Original (W1360)"},"content":{"rendered":"","protected":false},"excerpt":{"rendered":"<h2><strong>Cartucho de T\u00f3ner HP 136A Negro LaserJet Original (W1360A)<\/strong><\/h2>\n<p>Los <strong>cartuchos de t\u00f3ner HP<\/strong> originales con <strong>JetIntelligence<\/strong> entregan p\u00e1ginas de alta calidad, ayudan a reducir los costos con opciones de alto rendimiento y tecnolog\u00eda de optimizaci\u00f3n de p\u00e1ginas y supervisan de forma inteligente los niveles de t\u00f3ner con tecnolog\u00eda de calibraci\u00f3n de impresi\u00f3n.<br \/>\nSaque total provecho de su cartucho con la tecnolog\u00eda de maximizaci\u00f3n de p\u00e1ginas que administra el uso eficiente del t\u00f3ner.<\/p>\n<p>Imprima durante m\u00e1s tiempo e imprima m\u00e1s del doble de p\u00e1ginas con los cartuchos de alto rendimiento opcionales.<\/p>\n<p>Haga un seguimiento inteligente de los niveles de t\u00f3ner con la tecnolog\u00eda de medici\u00f3n de impresi\u00f3n que le permite ver que obtiene las p\u00e1ginas por las que pag\u00f3.<\/p>\n","protected":false},"featured_media":4252,"comment_status":"open","ping_status":"closed","template":"","meta":{"inline_featured_image":false},"pwb-brand":[124],"product_brand":[],"product_cat":[907,1264],"product_tag":[794,793,792,320,297,307,389,136,703],"class_list":{"0":"post-4251","1":"product","2":"type-product","3":"status-publish","4":"has-post-thumbnail","6":"pwb-brand-hp","7":"product_cat-consumibles","8":"product_cat-toner-consumibles","9":"product_tag-w1360a","10":"product_tag-136a","11":"product_tag-cartucho","12":"product_tag-de","13":"product_tag-hp","14":"product_tag-laserjet","15":"product_tag-negro","16":"product_tag-original","17":"product_tag-toner","19":"first","20":"instock","21":"taxable","22":"shipping-taxable","23":"purchasable","24":"product-type-simple"},"brands":[{"id":124,"name":"HP","slug":"hp"}],"_links":{"self":[{"href":"https:\/\/compuimpresion.com.co\/portal\/wp-json\/wp\/v2\/product\/4251","targetHints":{"allow":["GET"]}}],"collection":[{"href":"https:\/\/compuimpresion.com.co\/portal\/wp-json\/wp\/v2\/product"}],"about":[{"href":"https:\/\/compuimpresion.com.co\/portal\/wp-json\/wp\/v2\/types\/product"}],"replies":[{"embeddable":true,"href":"https:\/\/compuimpresion.com.co\/portal\/wp-json\/wp\/v2\/comments?post=4251"}],"wp:featuredmedia":[{"embeddable":true,"href":"https:\/\/compuimpresion.com.co\/portal\/wp-json\/wp\/v2\/media\/4252"}],"wp:attachment":[{"href":"https:\/\/compuimpresion.com.co\/portal\/wp-json\/wp\/v2\/media?parent=4251"}],"wp:term":[{"taxonomy":"pwb-brand","embeddable":true,"href":"https:\/\/compuimpresion.com.co\/portal\/wp-json\/wp\/v2\/pwb-brand?post=4251"},{"taxonomy":"product_brand","embeddable":true,"href":"https:\/\/compuimpresion.com.co\/portal\/wp-json\/wp\/v2\/product_brand?post=4251"},{"taxonomy":"product_cat","embeddable":true,"href":"https:\/\/compuimpresion.com.co\/portal\/wp-json\/wp\/v2\/product_cat?post=4251"},{"taxonomy":"product_tag","embeddable":true,"href":"https:\/\/compuimpresion.com.co\/portal\/wp-json\/wp\/v2\/product_tag?post=4251"}],"curies":[{"name":"wp","href":"https:\/\/api.w.org\/{rel}","templated":true}]}}