{"id":4216,"date":"2022-04-06T03:09:52","date_gmt":"2022-04-06T08:09:52","guid":{"rendered":"https:\/\/compuimpresion.com.co\/portal\/?post_type=product&#038;p=4216"},"modified":"2024-08-09T08:16:59","modified_gmt":"2024-08-09T13:16:59","slug":"impresora-epson-fx-890-de-impacto-matriz-de-punto","status":"publish","type":"product","link":"https:\/\/compuimpresion.com.co\/portal\/productos\/impresora-epson-fx-890-de-impacto-matriz-de-punto\/","title":{"rendered":"Impresora Epson Fx-890 de impacto matriz de punto"},"content":{"rendered":"<h1><strong>Impresora Epson Fx-890 de impacto matriz de punto<\/strong><\/h1>\n<p>Con beneficios como confiabilidad, bajos costos de impresi\u00f3n, velocidad y manejo de mayor n\u00famero de copias, la nueva versi\u00f3n en color gris oscuro de la FX890, hace de esta impresora de impacto la mejor opci\u00f3n para su negocio. Respaldada por la calidad de la tecnolog\u00eda Epson, la FX890 es la impresora de mayor desempe\u00f1o de carro angosto en el mercado.<\/p>\n<p>Esta potente <strong>impresora de 9 agujas<\/strong> ofrece una velocidad de hasta 680 cps (caracteres por segundo) y un promedio de tiempo antes de falla (MTBF) de 20,000 horas de funcionamiento continuo. Extraordinariamente confiable, la <strong>Epson FX-890<\/strong> imprime velozmente formas de 7 tantos, (1original y 6 copias), utilizando cuatro diferentes v\u00edas de alimentaci\u00f3n de papel. El cartucho de cinta es f\u00e1cil de instalar y tiene capacidad hasta de 7.5 millones de caracteres, lo cual permite aumentar la productividad y asegurar grandes ahorros gracias a su bajo costo por p\u00e1gina. Ha sido dise\u00f1ada para integrarse pr\u00e1cticamente en cualquier sistema, cuenta con opciones de conexi\u00f3n de puerto paralelo, USB y otras opciones adicionales. Tambi\u00e9n incluye el software Remote Configuration Manager (Administrador de configuraci\u00f3n remota) de Epson para una instalaci\u00f3n f\u00e1cil y una sencilla selecci\u00f3n de ajustes, es compatible con la mayor\u00eda de los sistemas Windows. Esta robusta impresora es ideal para ambientes de trabajo exigentes<\/p>\n<p><strong>Caracter\u00edsticas Impresora Epson Fx-890 de impacto matriz de punto:<\/strong><\/p>\n<p>-M\u00e9todo de impresi\u00f3n: Matriz de puntos de impacto en serie, 9 agujas<br \/>\n&#8211; Gran desempe\u00f1o: El cabezal de impresi\u00f3n tiene vida \u00fatil de hasta 400 millones de caracteres<br \/>\n-Direcci\u00f3n de <strong>impresi\u00f3n: Bidireccional con b\u00fasqueda l\u00f3gica para texto y gr\u00e1ficos<\/strong>, se puede seleccionar impresi\u00f3n de texto unidireccional y gr\u00e1ficos con los comandos de software<br \/>\n&#8211; Velocidad de impresi\u00f3n: Borrador ultravelocidad 680 cps (12 cpi), 566 cps (10 cpi); Borrador de alta velocidad 559 cps (10 cpi); Borrador 419 cps (10 cpi); Calidad carta (NQL) 104 cps (10 cpi)<br \/>\n&#8211; Juego de caracteres: 13 versiones est\u00e1ndar, 13 juegos de caracteres internacionales<br \/>\n&#8211; Fuentes residentes (cpp): Borrador ultravelocidad 10, 12 cpi Borrador alta velocidad 10, 12, 15, 17, 20 cpi; Borrador 10, 12, 15, 17, 20 cpi; NLQ (Roman \/ Sans Serif) 10, 12, 15, 17, 20 cpi proporcional<br \/>\n&#8211; Fuentes para c\u00f3digos de barras: EAN-13, EAN-8, Interfoliado 2 de 5, UPC-A, UPC-E, C\u00f3digo-39, C\u00f3digo-128, POSTNET, Codabar (NW-7), Industrial 2 de 5, Matriz 2 de 5<br \/>\n-Columnas Imprimibles: 10 cpi 80, 12 cpi 96, 15 cpi 120, 17 cpi 137, 20 cpi 160<br \/>\n-Formato: 1\/6 de pulgada o programable en incrementos de 1\/432 de pulgada Separaci\u00f3n de las l\u00edneas: ajuste prefijado de 6 l\u00edneas por pulgada (lpi)<br \/>\n&#8211; Mecanismo de alimentaci\u00f3n del papel M\u00e9todo de alimentaci\u00f3n, Alimentaci\u00f3n por fricci\u00f3n (delantera, posterior), Tractor de empuje (delantera, posterior), Tractor de arrastre (delantera, inferior, posterior), Tractor de empuje \/ arrastre (delantera, posterior). Alimentador de hojas sueltas (OPCIONAL, NO INCLUIDO)<br \/>\n-Buffer: 128 Kb<br \/>\n-Compatibilidad: Windows\u00ae NT 4.0, 98, 2000, Me, XP, Vista y 7<br \/>\n-Interfaces est\u00e1ndar: Bidireccional IEEE 1284 Paralelo USB 1.1, Ranura tipo B para tarjetas de interfaz (opcionales)<br \/>\n-Lenguajes de impresora: Epson ESC\/P\u00ae, IBM PPDS, Okidata Microlines (modo Okidata EPSON FX-890)<br \/>\n&#8211; Manejo del papel: Formularios continuos de m\u00faltiples hojas, original m\u00e1s 5 copias (autocopiantes), adem\u00e1s original m\u00e1s 6 copias (autocipiantes) con tractor de arrastre, espesor m\u00e1ximo de 0.018 pulgadas (0.046 cm)<br \/>\n&#8211; Ancho: Hojas individuales 9.9 a 25.7 cm (3.9\u201d a 10.1\u201d), Continuo 10.2 a 25.4 cm (4.0\u201d a 10.0\u201d), Alimentador de hojas sueltas 18.3 a 21.6 cm (7.2\u201d a 8.5\u201d)<br \/>\n&#8211; Largo: Hojas individuales 9.9 a 36.3 cm (3.9\u201d a 14.3\u201d), Continuo 10.2 a 55.9 cm (4.0\u201d a 22.0\u201d),Alimentador de hojas sueltas 25.7 a 35.6 cm (10.1\u201d a 14.0\u201d<br \/>\n&#8211; Otros Sobres N\u00fam. 6 16.5 x 9.1 cm (6.5\u201d x 3.6\u201d), Sobres N\u00fam. 10 24.1 x 10.4 cm (9.5\u201d x 4.1\u201d),Etiquetas M\u00ednimo 6.3 x 2.4 cm (2.5\u201d x 0.94\u201d), Rollos de papel Ancho de 21.6 cm (8.5\u201d<br \/>\n-Nivel de ruido: 55 dBA (patr\u00f3n ISO 7779)<br \/>\n&#8211; Funciones del panel de control Fuentes, paso, pausa, corte autom\u00e1tico, selecci\u00f3n de alimentaci\u00f3n de papel (hoja suelta), avance de l\u00edneas, avance de hojas, carga, expulsi\u00f3n, microajuste, ajuste de inicio de p\u00e1gina, bloqueo de panel, reinicio, men\u00fa, selecci\u00f3n de ajustes predeterminados<br \/>\n&#8211; Requisitos el\u00e9ctricos: Voltaje nominal 120 , Rango de voltaje 103.5 a 132 V, Rango de frecuencia nominal 50 a 60 Hz, Rango de frecuencia de entrada 49.5 a 60.5 Hz.<br \/>\n&#8211; C\u00f3digos de producto, consumibles y accesorios OPCIONALES: Cartucho de cinta de impresi\u00f3n S015329, Alimentador de hojas sueltas C806371,Alimentador de hojas sueltas de alta capacidad C806381<br \/>\n-Dimensiones f\u00edsicas: Altura 16.8 cm (6.6\u201d) Ancho 41.4 cm (16.3\u201d) Profundidad 35.1 cm (13.8\u201d)<br \/>\n-Peso: 7.6 kg (16.8 lb)<\/p>\n<p>Sku: 0057<br \/>\nEan: 0010343938045<br \/>\nN\/P: C11CF37201<\/p>\n","protected":false},"excerpt":{"rendered":"<h2><strong>Impresora Epson Fx-890 de impacto matriz de punto<\/strong><\/h2>\n<p>Con beneficios como confiabilidad, bajos costos de impresi\u00f3n, velocidad y manejo de mayor n\u00famero de copias, la nueva versi\u00f3n en color gris oscuro de la FX890, hace de esta impresora de impacto la mejor opci\u00f3n para su negocio. Respaldada por la calidad de la tecnolog\u00eda Epson, la FX890 es la impresora de mayor desempe\u00f1o de carro angosto en el mercado.<\/p>\n","protected":false},"featured_media":4218,"comment_status":"open","ping_status":"closed","template":"","meta":{"inline_featured_image":false},"pwb-brand":[125],"product_brand":[],"product_cat":[1253],"product_tag":[320,245,743,744,146,157,379],"class_list":{"0":"post-4216","1":"product","2":"type-product","3":"status-publish","4":"has-post-thumbnail","6":"pwb-brand-epson","7":"product_cat-solucion-pos","8":"product_tag-de","9":"product_tag-epson","10":"product_tag-fx-890","11":"product_tag-impacto","12":"product_tag-impresora","13":"product_tag-matriz","14":"product_tag-punto","16":"first","17":"outofstock","18":"taxable","19":"shipping-taxable","20":"purchasable","21":"product-type-simple"},"brands":[{"id":125,"name":"Epson","slug":"epson"}],"_links":{"self":[{"href":"https:\/\/compuimpresion.com.co\/portal\/wp-json\/wp\/v2\/product\/4216","targetHints":{"allow":["GET"]}}],"collection":[{"href":"https:\/\/compuimpresion.com.co\/portal\/wp-json\/wp\/v2\/product"}],"about":[{"href":"https:\/\/compuimpresion.com.co\/portal\/wp-json\/wp\/v2\/types\/product"}],"replies":[{"embeddable":true,"href":"https:\/\/compuimpresion.com.co\/portal\/wp-json\/wp\/v2\/comments?post=4216"}],"wp:featuredmedia":[{"embeddable":true,"href":"https:\/\/compuimpresion.com.co\/portal\/wp-json\/wp\/v2\/media\/4218"}],"wp:attachment":[{"href":"https:\/\/compuimpresion.com.co\/portal\/wp-json\/wp\/v2\/media?parent=4216"}],"wp:term":[{"taxonomy":"pwb-brand","embeddable":true,"href":"https:\/\/compuimpresion.com.co\/portal\/wp-json\/wp\/v2\/pwb-brand?post=4216"},{"taxonomy":"product_brand","embeddable":true,"href":"https:\/\/compuimpresion.com.co\/portal\/wp-json\/wp\/v2\/product_brand?post=4216"},{"taxonomy":"product_cat","embeddable":true,"href":"https:\/\/compuimpresion.com.co\/portal\/wp-json\/wp\/v2\/product_cat?post=4216"},{"taxonomy":"product_tag","embeddable":true,"href":"https:\/\/compuimpresion.com.co\/portal\/wp-json\/wp\/v2\/product_tag?post=4216"}],"curies":[{"name":"wp","href":"https:\/\/api.w.org\/{rel}","templated":true}]}}