{"id":4081,"date":"2022-02-22T22:04:36","date_gmt":"2022-02-23T03:04:36","guid":{"rendered":"https:\/\/compuimpresion.com.co\/portal\/?post_type=product&#038;p=4081"},"modified":"2024-10-03T11:45:55","modified_gmt":"2024-10-03T16:45:55","slug":"escaner-de-red-hp-scanjet-pro-4500-fn1","status":"publish","type":"product","link":"https:\/\/compuimpresion.com.co\/portal\/productos\/escaner-de-red-hp-scanjet-pro-4500-fn1\/","title":{"rendered":"Esc\u00e1ner de Red HP ScanJet Pro 4500 fn1"},"content":{"rendered":"<h1><strong>Esc\u00e1ner de Red HP ScanJet Pro 4500 fn1<\/strong><\/h1>\n<p><strong>Compuimpresi\u00f3n te trea un el Escaner de Red Hp ScanJet PRO 4500 FN1\u00a0<\/strong> ideal para que haga llegar los escaneos donde se los necesita con el env\u00edo digital mediante red inal\u00e1mbrica, <strong>WiFi Direct o Ethernet.<\/strong><br \/>\nEnv\u00ede escaneos directamente desde el esc\u00e1ner a correo electr\u00f3nico, carpetas de redes o PC mediante una conexi\u00f3n Gigabit Ethernet.<br \/>\nMonitoree y administre trabajos de forma remota y habilite configuraciones de seguridad con el servidor web incorporado.<br \/>\nEnv\u00ede escaneos por la red con protocolos de seguridad mediante <strong>WiFi Direct.<\/strong><br \/>\nComparta este veloz esc\u00e1ner de red con todo su grupo de trabajo. <strong>Capture ambas caras de la hoja, incluso con soportes mixtos, en una sola pasada, a hasta 60 im\u00e1genes (30 p\u00e1ginas) por minuto.<\/strong><br \/>\nProduzca hasta 60 im\u00e1genes (30 p\u00e1ginas) por minuto con escaneo a doble cara, recomendado para 4000 hojas por d\u00eda.<br \/>\nCapture cada p\u00e1gina f\u00e1cilmente, incluso con pilas de soportes mixtos, con HP EveryPage y un sensor ultras\u00f3nico.<br \/>\nEscanee documentos de hasta 8,5 x 122 pulgadas (21,6 x 309,9 cm) con el ADF y utilice el esc\u00e1ner plano para soportes voluminosos.<br \/>\nDisfrute de recursos s\u00f3lidos, como escaneo en red y en esc\u00e1ner plano, con un dispositivo peque\u00f1o, perfecto para el escritorio.<br \/>\nMejore la productividad con recursos flexibles de flujo de trabajo y perfiles de escaneo personalizables. Env\u00ede f\u00e1cilmente escaneos de 1200 dpi a varias aplicaciones, mediante <strong>Kofax VRS Pro\u00ae, TWAIN, ISIS\u00ae y el Software de Escaneo HP.<\/strong><br \/>\nEscanee im\u00e1genes directamente a aplicaciones, con las completas opciones incluidas: Kofax VRS Pro\u00ae, TWAIN e ISIS\u00ae.<br \/>\nDefina perfiles de escaneo para tipos de documentos habituales y escanee a varios destinos con el software de Escaneo HP.<br \/>\nCapture con precisi\u00f3n el texto de documentos para la edici\u00f3n sencilla con <strong>HP Scan e I.R.I.S<\/strong>. Software de reconocimiento \u00f3ptico de caracteres <strong>Readiris\u2122 Pro.<\/strong><br \/>\n4000 p\u00e1ginas (ADF), 100 p\u00e1ginas (esc\u00e1ner plano)<\/p>\n<p><strong>Caracter\u00edsticas Esc\u00e1ner de Red HP ScanJet Pro 4500 fn1:<\/strong><br \/>\n&#8211; Tipo de esc\u00e1ner: <strong>Cama plana; ADF<\/strong><br \/>\n&#8211; Descripci\u00f3n general del mercado objetivo Medio: Ideal para grupos de trabajo que necesitan escaneo inal\u00e1mbrico con excelente manejo de papel, env\u00edo digital y recursos flexibles para flujos de trabajo<br \/>\n&#8211; Resoluci\u00f3n de escaneo, \u00f3ptica: Hasta 600 x 600 dpi (color y monocrom\u00e1tico, ADF); Hasta 1200 x 1200 dpi (color y monocrom\u00e1tico, esc\u00e1ner plano)<br \/>\n&#8211; Ajustes de resoluci\u00f3n de salida en ppp: 75; 150; 200; 240; 300; 400; 500; 600 y 1200 ppi<br \/>\n&#8211; Velocidad de escaneado en modo de presentaci\u00f3n preliminar: Escaneo de imagen individual en hasta 8,33 segundos. (Escaneo preliminar en baja resoluci\u00f3n de todo el esc\u00e1ner plano [esc\u00e1ner plano, toda el \u00e1rea de escaneo, color, 75 dpi])<br \/>\n&#8211; Velocidad de escaneo del alimentador autom\u00e1tico de documentos: Hasta 30 ppm\/60 ipm<br \/>\n&#8211; Velocidad de escaneado OCR (A4): Reconocimiento \u00f3ptico de caracteres para p\u00e1gina de texto A4 (8,5 x 11 pulg.) (ADF, 300 dpi, blanco y negro, RTF): 6,37 segundos para escanear im\u00e1genes individuales. 1,84 segundos para guardar im\u00e1genes individuales; Reconocimiento \u00f3ptico de caracteres para p\u00e1gina de texto A4 (8,5 x 11 pulg.) (esc\u00e1ner plano, 300 dpi, blanco y negro, RTF): 7,8 segundos para escanear im\u00e1genes individuales. 1,62 segundos para guardar im\u00e1genes individuales.<br \/>\n&#8211; Ciclo de trabajo (diario): Ciclo de trabajo diario recomendado: 4000 p\u00e1ginas (ADF), 100 p\u00e1ginas (esc\u00e1ner plano)<br \/>\n&#8211; Profundidad en bits: 24 bits externa 48 bits interna<br \/>\n&#8211; Capacidad del alimentador autom\u00e1tico de documentos: Est\u00e1ndar, 50 hojas (papel de 75 g\/m\u00b2)<br \/>\n&#8211; Tama\u00f1o de escaneo, m\u00e1ximo: 216 x 356 mm<br \/>\n&#8211; Tama\u00f1o de escaneo (ADF), m\u00e1ximo: 216 x 3100 mm<br \/>\n-Tama\u00f1o de escaneado ADF (m\u00ednimo): 105 x 148 mm<br \/>\n&#8211; Modos de entrada de digitalizaci\u00f3n: Funci\u00f3n de escaneo de panel frontal para Guardar como PDF, Guardar como JPEG, Correo electr\u00f3nico como PDF, Correo electr\u00f3nico como JPEG, Enviar a nube, Escaneo diario y Guardar como texto editable (OCR). Software de Escaneo HP en sistemas operativos Windows, HP Easy Scan\/ICA en sistemas operativos Mac y aplicaciones de terceros a trav\u00e9s de TWAIN.<br \/>\n&#8211; Formato del archivo de digitalizaci\u00f3n: Para texto e im\u00e1genes: PDF, JPEG, PNG, BMP, TIFF, texto (.txt), texto enriquecido (rtf) y PDF con b\u00fasqueda.<br \/>\n&#8211; Opciones de escaneo (ADF): <strong>Doble cara electr\u00f3nico de una sola pasada<\/strong><br \/>\n&#8211; Escaneado <strong>ADF duplex:<\/strong> Si<br \/>\n&#8211; Escaneado color: Si<br \/>\n&#8211; Detecci\u00f3n de alimentaci\u00f3n multiple: Si<br \/>\n&#8211; Preparado para red: Ethernet, WiFi 802.11 b\/g\/n incorporada<br \/>\n&#8211; Puertos: USB 2.0 o USB 3.0 (SuperSpeed); Puerto de red Fast Ethernet 10\/100\/1000Base-TX incorporado<br \/>\n&#8211; Versi\u00f3n Twain: Certificaci\u00f3n TWAIN. Versi\u00f3n 2.1<br \/>\n&#8211; Panel de control: Pantalla t\u00e1ctil de 2,8&#8243; (7,11 cm) y botones (Atr\u00e1s, Inicio, Ayuda)<br \/>\n&#8211; Tama\u00f1o del soporte de impresi\u00f3n (alimentador autom\u00e1tico de documentos): Carta; Legal; Ejecutivo; A4; A5; A6; B5; B5 (JIS)<br \/>\n&#8211; Sistemas operativos compatibles: Win 7 o superior; Mac: OS X El Capitan 10.11<br \/>\n&#8211; Compatible con Mac: SI (Mac OS X El Capitan 10.11)<br \/>\n&#8211; Dimensiones m\u00ednimas (anch. x prof. x alt.): 520 x 387 x 145 mm<br \/>\n&#8211; Dimensiones del embalaje (An x F x Al): 640 x 245 x 486 mm<br \/>\n&#8211; Peso: 5,98 KG<br \/>\n&#8211; Peso del embalaje: 7,9 KG<\/p>\n<p>Sku: 2686<br \/>\nEan: 0889894218971<br \/>\nN\/p: L2749A<\/p>\n","protected":false},"excerpt":{"rendered":"<h1><strong>Esc\u00e1ner de Red HP ScanJet Pro 4500 fn1<\/strong><\/h1>\n<p>Haga llegar los escaneos donde se los necesita con el env\u00edo digital mediante red inal\u00e1mbrica, <strong>WiFi Direct o Ethernet.<\/strong><br \/>\nEnv\u00ede escaneos directamente desde el esc\u00e1ner a correo electr\u00f3nico, carpetas de redes o PC mediante una conexi\u00f3n Gigabit Ethernet.<br \/>\nMonitoree y administre trabajos de forma remota y habilite configuraciones de seguridad con el servidor web incorporado.<br \/>\nEnv\u00ede escaneos por la red con protocolos de seguridad mediante <strong>WiFi Direct.<\/strong><br \/>\nComparta este veloz esc\u00e1ner de red con todo su grupo de trabajo. <strong>Capture ambas caras de la hoja, incluso con soportes mixtos, en una sola pasada, a hasta 60 im\u00e1genes (30 p\u00e1ginas) por minuto.<\/strong><br \/>\nProduzca hasta 60 im\u00e1genes (30 p\u00e1ginas) por minuto con escaneo a doble cara, recomendado para 4000 hojas por d\u00eda.<br \/>\nCapture cada p\u00e1gina f\u00e1cilmente, incluso con pilas de soportes mixtos, con HP EveryPage y un sensor ultras\u00f3nico.<br \/>\nEscanee documentos de hasta 8,5 x 122 pulgadas (21,6 x 309,9 cm) con el ADF y utilice el esc\u00e1ner plano para soportes voluminosos.<br \/>\nDisfrute de recursos s\u00f3lidos, como escaneo en red y en esc\u00e1ner plano, con un dispositivo peque\u00f1o, perfecto para el escritorio.<br \/>\nMejore la productividad con recursos flexibles de flujo de trabajo y perfiles de escaneo personalizables. Env\u00ede f\u00e1cilmente escaneos de 1200 dpi a varias aplicaciones, mediante <strong>Kofax VRS Pro\u00ae, TWAIN, ISIS\u00ae y el Software de Escaneo HP.<\/strong><br \/>\nEscanee im\u00e1genes directamente a aplicaciones, con las completas opciones incluidas: Kofax VRS Pro\u00ae, TWAIN e ISIS\u00ae.<br \/>\nDefina perfiles de escaneo para tipos de documentos habituales y escanee a varios destinos con el software de Escaneo HP.<br \/>\nCapture con precisi\u00f3n el texto de documentos para la edici\u00f3n sencilla con <strong>HP Scan e I.R.I.S<\/strong>. Software de reconocimiento \u00f3ptico de caracteres <strong>Readiris\u2122 Pro.<\/strong><br \/>\n4000 p\u00e1ginas (ADF), 100 p\u00e1ginas (esc\u00e1ner plano)<\/p>\n","protected":false},"featured_media":4084,"comment_status":"open","ping_status":"closed","template":"","meta":{"inline_featured_image":false},"pwb-brand":[124],"product_brand":[],"product_cat":[895],"product_tag":[723,320,374,724,297,309,722,450],"class_list":{"0":"post-4081","1":"product","2":"type-product","3":"status-publish","4":"has-post-thumbnail","6":"pwb-brand-hp","7":"product_cat-escaner","8":"product_tag-723","9":"product_tag-de","10":"product_tag-escaner","11":"product_tag-fn1","12":"product_tag-hp","13":"product_tag-pro","14":"product_tag-red","15":"product_tag-scanjet","17":"first","18":"outofstock","19":"taxable","20":"shipping-taxable","21":"purchasable","22":"product-type-simple"},"brands":[{"id":124,"name":"HP","slug":"hp"}],"_links":{"self":[{"href":"https:\/\/compuimpresion.com.co\/portal\/wp-json\/wp\/v2\/product\/4081","targetHints":{"allow":["GET"]}}],"collection":[{"href":"https:\/\/compuimpresion.com.co\/portal\/wp-json\/wp\/v2\/product"}],"about":[{"href":"https:\/\/compuimpresion.com.co\/portal\/wp-json\/wp\/v2\/types\/product"}],"replies":[{"embeddable":true,"href":"https:\/\/compuimpresion.com.co\/portal\/wp-json\/wp\/v2\/comments?post=4081"}],"wp:featuredmedia":[{"embeddable":true,"href":"https:\/\/compuimpresion.com.co\/portal\/wp-json\/wp\/v2\/media\/4084"}],"wp:attachment":[{"href":"https:\/\/compuimpresion.com.co\/portal\/wp-json\/wp\/v2\/media?parent=4081"}],"wp:term":[{"taxonomy":"pwb-brand","embeddable":true,"href":"https:\/\/compuimpresion.com.co\/portal\/wp-json\/wp\/v2\/pwb-brand?post=4081"},{"taxonomy":"product_brand","embeddable":true,"href":"https:\/\/compuimpresion.com.co\/portal\/wp-json\/wp\/v2\/product_brand?post=4081"},{"taxonomy":"product_cat","embeddable":true,"href":"https:\/\/compuimpresion.com.co\/portal\/wp-json\/wp\/v2\/product_cat?post=4081"},{"taxonomy":"product_tag","embeddable":true,"href":"https:\/\/compuimpresion.com.co\/portal\/wp-json\/wp\/v2\/product_tag?post=4081"}],"curies":[{"name":"wp","href":"https:\/\/api.w.org\/{rel}","templated":true}]}}