{"id":4063,"date":"2022-02-22T21:25:41","date_gmt":"2022-02-23T02:25:41","guid":{"rendered":"https:\/\/compuimpresion.com.co\/portal\/?post_type=product&#038;p=4063"},"modified":"2025-02-19T22:45:05","modified_gmt":"2025-02-20T03:45:05","slug":"multifuncional-canon-g7010-wifi","status":"publish","type":"product","link":"https:\/\/compuimpresion.com.co\/portal\/productos\/multifuncional-canon-g7010-wifi\/","title":{"rendered":"Impresora Multifuncional Cano G7010 WIFI"},"content":{"rendered":"","protected":false},"excerpt":{"rendered":"<h2><strong>Impresora Multifuncional Canon G7010 WIFI<\/strong><\/h2>\n<p>Conozca la <strong>impresora inal\u00e1mbrica<\/strong> multifuncional <strong>PIXMA G7010<\/strong>, dise\u00f1ada para una gran productividad de impresi\u00f3n con un alto rendimiento de p\u00e1ginas de hasta<strong> 8,300 p\u00e1ginas de texto en negro o hasta 7,700 p\u00e1ginas en color<\/strong> por botella de tinta completa, gracias al sistema de tinta fiable y recargable. <strong>La impresora PIXMA G7010 <\/strong>ofrece un rendimiento excelente y alto, lo que se traduce en un bajo costo por p\u00e1gina, y tambi\u00e9n ofrece una versatilidad superior gracias a un ADF para escanear, copiar y enviar faxes. La impresora G7010 le permite seguir trabajando, incluso en trabajos de impresi\u00f3n de gran tama\u00f1o, con impresi\u00f3n autom\u00e1tica a doble cara, velocidades de impresi\u00f3n r\u00e1pidas y una capacidad combinada de papel com\u00fan de 350 hojas. La conectividad es primordial con la G7010 que incluye Wi-Fi\u00ae y conexi\u00f3n Ethernet al imprimir desde computadoras, y tambi\u00e9n para la impresi\u00f3n m\u00f3vil con <strong>AirPrint\u00ae, Mopria\u00ae Print Service5<\/strong>, y la aplicaci\u00f3n <strong>Canon PRINT6<\/strong> para obtener m\u00e1s informaci\u00f3n y control de la impresora. <strong>La impresora inal\u00e1mbrica multifuncional PIXMA G7010 est\u00e1 dise\u00f1ada para ofrecer una impresi\u00f3n de gran volumen y de alta calidad.<\/strong><\/p>\n","protected":false},"featured_media":4064,"comment_status":"open","ping_status":"closed","template":"","meta":{"inline_featured_image":false},"pwb-brand":[128],"product_brand":[],"product_cat":[891,1259],"product_tag":[305,717,146,143,357],"class_list":{"0":"post-4063","1":"product","2":"type-product","3":"status-publish","4":"has-post-thumbnail","6":"pwb-brand-canon","7":"product_cat-impresion","8":"product_cat-inyeccion-de-tinta","9":"product_tag-canon","10":"product_tag-g7010","11":"product_tag-impresora","12":"product_tag-multifuncional","13":"product_tag-wifi","15":"first","16":"outofstock","17":"taxable","18":"shipping-taxable","19":"purchasable","20":"product-type-simple"},"brands":[{"id":128,"name":"Canon","slug":"canon"}],"_links":{"self":[{"href":"https:\/\/compuimpresion.com.co\/portal\/wp-json\/wp\/v2\/product\/4063","targetHints":{"allow":["GET"]}}],"collection":[{"href":"https:\/\/compuimpresion.com.co\/portal\/wp-json\/wp\/v2\/product"}],"about":[{"href":"https:\/\/compuimpresion.com.co\/portal\/wp-json\/wp\/v2\/types\/product"}],"replies":[{"embeddable":true,"href":"https:\/\/compuimpresion.com.co\/portal\/wp-json\/wp\/v2\/comments?post=4063"}],"wp:featuredmedia":[{"embeddable":true,"href":"https:\/\/compuimpresion.com.co\/portal\/wp-json\/wp\/v2\/media\/4064"}],"wp:attachment":[{"href":"https:\/\/compuimpresion.com.co\/portal\/wp-json\/wp\/v2\/media?parent=4063"}],"wp:term":[{"taxonomy":"pwb-brand","embeddable":true,"href":"https:\/\/compuimpresion.com.co\/portal\/wp-json\/wp\/v2\/pwb-brand?post=4063"},{"taxonomy":"product_brand","embeddable":true,"href":"https:\/\/compuimpresion.com.co\/portal\/wp-json\/wp\/v2\/product_brand?post=4063"},{"taxonomy":"product_cat","embeddable":true,"href":"https:\/\/compuimpresion.com.co\/portal\/wp-json\/wp\/v2\/product_cat?post=4063"},{"taxonomy":"product_tag","embeddable":true,"href":"https:\/\/compuimpresion.com.co\/portal\/wp-json\/wp\/v2\/product_tag?post=4063"}],"curies":[{"name":"wp","href":"https:\/\/api.w.org\/{rel}","templated":true}]}}