{"id":4049,"date":"2022-02-03T11:17:58","date_gmt":"2022-02-03T16:17:58","guid":{"rendered":"https:\/\/compuimpresion.com.co\/portal\/?post_type=product&#038;p=4049"},"modified":"2023-04-25T12:43:58","modified_gmt":"2023-04-25T17:43:58","slug":"monitor-hp-m24fw-fhd-75hz-freesync-ips","status":"publish","type":"product","link":"https:\/\/compuimpresion.com.co\/portal\/productos\/monitor-hp-m24fw-fhd-75hz-freesync-ips\/","title":{"rendered":"Monitor Hp M24fw fhd 75hz freesync ips"},"content":{"rendered":"<h2><strong>Monitor Hp M24fw fhd 75hz freesync ips<\/strong><\/h2>\n<p>Ampl\u00eda tus aplicaciones, disfruta de tu serie favorita y cuida el medio ambiente, con este <strong>monitor HP ultradelgado con pantalla de microbordes<\/strong> y<strong> resoluci\u00f3n Full HD<\/strong>, que incluye un <strong>85% de componentes reciclados.<\/strong><br \/>\n<strong>Haz m\u00e1s cuidando el medio ambiente<\/strong><br \/>\nUn total de 85% de componentes reciclados, incluido un 5% de pl\u00e1sticos reciclados del oc\u00e9ano y un 100% de envases reciclados, hacen de esta la soluci\u00f3n m\u00e1s sostenible.<br \/>\nSe ve bien y se siente bien<br \/>\nL<strong>a tecnolog\u00eda Eye Safe<\/strong> incorporada en este monitor protege tus ojos de los efectos de cansancio asociados a la luz azul, sin sacrificar el realismo de los colores de la pantalla.<br \/>\nAsombroso de borde a borde<br \/>\nGran calidad visual desde cualquier \u00e1ngulo, en un dise\u00f1o de pantalla con microbordes, combinada con una resoluci\u00f3n Full HD IPS.<br \/>\nExperiencia de usuario fluida<br \/>\nLa combinaci\u00f3n de 75Hz de tasa de refresco (25% arriba del est\u00e1ndar), y la<strong> tecnolog\u00eda AMD FreeSync<\/strong> incluida en el monitor, aseguran una experiencia de uso sin interrupciones, incluso para videojuegos casuales<br \/>\n<strong>Certificaci\u00f3n HP Eye Ease con Eyesafe\u00ae<\/strong><br \/>\nPantalla FHD con tecnolog\u00eda IPS, gama de colores con 99% de sRGB y Freesync.<br \/>\nTecnolog\u00eda low-blue-light integrada en el hardware que no sacrifica la calidad del color. Monitor dise\u00f1ado con un 85% de materiales reciclados y empaquetado de manera sostenible.<br \/>\nPerfil delgado, contenci\u00f3n de cables innovadora y dise\u00f1o perfecto para pantallas de lado a lado.<\/p>\n<p><strong>Caracter\u00edsticas Monitor Hp M24fw fhd 75hz freesync ips:<\/strong><\/p>\n<p>-Color de producto: Blanco<br \/>\n-Tipo de Pantalla: IPS<br \/>\n-Tama\u00f1o de pantalla (diagonal): 23.8&#8243;<br \/>\n-\u00c1rea de pantalla (m\u00e9trica): 52,7 x 29,65 cm<br \/>\n-Relaci\u00f3n ancho-alto: 16:9<br \/>\n-Resoluci\u00f3n (nativa): FHD (1920 x 1080)<br \/>\n-Resoluciones admitidas: 640 x 480; 720 x 400; 800 x 600; 1024 x 768; 1280 x 720; 1280 x 800; 1280 x 1024; 1440 x 900; 1600 x 900; 1680 x 1050; 1920 x 1080<br \/>\n-Distancia entre pixels: 0,275 mm<br \/>\n-Brillo: 300 nits<br \/>\n-Relaci\u00f3n de contraste: 1000:1<br \/>\n-Tiempo de respuesta: 5 ms GtG (con sobrecarga)<br \/>\n-Frecuencia de escaneo de pantalla (horizontal): 30 a 86 KHz<br \/>\n-Frecuencia de escaneo de pantalla (vertical): 48 a 75 Hz<br \/>\n-Controles en Pantalla: Brillo; Salir; Informaci\u00f3n; Administraci\u00f3n; Control de alimentaci\u00f3n; Control de entrada; Control de men\u00fa; Imagen; Color<br \/>\n-Funciones de la Pantalla: Controles en pantalla; AMD FreeSync\u2122; Modo Low Blue Light; Antirreflejante<br \/>\n-Montaje VESA: No compatible con montaje VESA<br \/>\n-Conector de entrada: 1 VGA; 1 HDMI 1.4 (compatible con HDCP)<br \/>\n-Alimentaci\u00f3n: 100 a 240 V CA y 50\/60 Hz<br \/>\n-Consumo de energ\u00eda: 20 W (m\u00e1ximo), 14.3 W (t\u00edpico), 0.5 W (en espera)<br \/>\n-Margen de temperaturas operativas: 5 a 35\u00b0C<br \/>\n-Dimensiones m\u00ednimas (anch. x prof. x alt.): 53,58 x 3,4 x 31,56 cm<br \/>\n-Medidas del producto con soporte (ancho x prof. x largo): 53,58 x 17,72 x 39,68 cm<br \/>\n-Display height: Sin ajuste de altura<br \/>\n-Contenido de la caja: Monitor; Cable HDMI; Tarjeta de garant\u00eda; Adaptador de alimentaci\u00f3n; Gu\u00eda r\u00e1pida; Cable de alimentaci\u00f3n de CA<br \/>\n-Peso: 2,5<\/p>\n<p>Sku: 4083<br \/>\nEan: 0195161272561<br \/>\nN\/p: 2D9K1AA#ABA<\/p>\n","protected":false},"excerpt":{"rendered":"<h2><strong>Monitor Hp M24fw fhd 75hz freesync ips<\/strong><\/h2>\n<p>Ampl\u00eda tus aplicaciones, disfruta de tu serie favorita y cuida el medio ambiente, con este <strong>monitor HP ultradelgado con pantalla de microbordes<\/strong> y<strong> resoluci\u00f3n Full HD<\/strong>, que incluye un <strong>85% de componentes reciclados.<\/strong><br \/>\n<strong>Haz m\u00e1s cuidando el medio ambiente<\/strong><br \/>\nUn total de 85% de componentes reciclados, incluido un 5% de pl\u00e1sticos reciclados del oc\u00e9ano y un 100% de envases reciclados, hacen de esta la soluci\u00f3n m\u00e1s sostenible.<br \/>\nSe ve bien y se siente bien<br \/>\nL<strong>a tecnolog\u00eda Eye Safe<\/strong> incorporada en este monitor protege tus ojos de los efectos de cansancio asociados a la luz azul, sin sacrificar el realismo de los colores de la pantalla.<br \/>\nAsombroso de borde a borde<br \/>\nGran calidad visual desde cualquier \u00e1ngulo, en un dise\u00f1o de pantalla con microbordes, combinada con una resoluci\u00f3n Full HD IPS.<br \/>\nExperiencia de usuario fluida<br \/>\nLa combinaci\u00f3n de 75Hz de tasa de refresco (25% arriba del est\u00e1ndar), y la<strong> tecnolog\u00eda AMD FreeSync<\/strong> incluida en el monitor, aseguran una experiencia de uso sin interrupciones, incluso para videojuegos casuales<\/p>\n","protected":false},"featured_media":4050,"comment_status":"open","ping_status":"closed","template":"","meta":{"inline_featured_image":false},"pwb-brand":[124],"product_brand":[],"product_cat":[338,217],"product_tag":[789,788,790,297,791,787,204],"class_list":{"0":"post-4049","1":"product","2":"type-product","3":"status-publish","4":"has-post-thumbnail","6":"pwb-brand-hp","7":"product_cat-accesorios","8":"product_cat-monitores","9":"product_tag-75hz","10":"product_tag-fhd","11":"product_tag-freesync","12":"product_tag-hp","13":"product_tag-ips","14":"product_tag-m24fw","15":"product_tag-monitor","17":"first","18":"outofstock","19":"taxable","20":"shipping-taxable","21":"purchasable","22":"product-type-simple"},"brands":[{"id":124,"name":"HP","slug":"hp"}],"_links":{"self":[{"href":"https:\/\/compuimpresion.com.co\/portal\/wp-json\/wp\/v2\/product\/4049","targetHints":{"allow":["GET"]}}],"collection":[{"href":"https:\/\/compuimpresion.com.co\/portal\/wp-json\/wp\/v2\/product"}],"about":[{"href":"https:\/\/compuimpresion.com.co\/portal\/wp-json\/wp\/v2\/types\/product"}],"replies":[{"embeddable":true,"href":"https:\/\/compuimpresion.com.co\/portal\/wp-json\/wp\/v2\/comments?post=4049"}],"wp:featuredmedia":[{"embeddable":true,"href":"https:\/\/compuimpresion.com.co\/portal\/wp-json\/wp\/v2\/media\/4050"}],"wp:attachment":[{"href":"https:\/\/compuimpresion.com.co\/portal\/wp-json\/wp\/v2\/media?parent=4049"}],"wp:term":[{"taxonomy":"pwb-brand","embeddable":true,"href":"https:\/\/compuimpresion.com.co\/portal\/wp-json\/wp\/v2\/pwb-brand?post=4049"},{"taxonomy":"product_brand","embeddable":true,"href":"https:\/\/compuimpresion.com.co\/portal\/wp-json\/wp\/v2\/product_brand?post=4049"},{"taxonomy":"product_cat","embeddable":true,"href":"https:\/\/compuimpresion.com.co\/portal\/wp-json\/wp\/v2\/product_cat?post=4049"},{"taxonomy":"product_tag","embeddable":true,"href":"https:\/\/compuimpresion.com.co\/portal\/wp-json\/wp\/v2\/product_tag?post=4049"}],"curies":[{"name":"wp","href":"https:\/\/api.w.org\/{rel}","templated":true}]}}