{"id":4035,"date":"2022-02-03T10:34:00","date_gmt":"2022-02-03T15:34:00","guid":{"rendered":"https:\/\/compuimpresion.com.co\/portal\/?post_type=product&#038;p=4035"},"modified":"2026-04-12T17:53:50","modified_gmt":"2026-04-12T22:53:50","slug":"toner-original-hp-laser-103ad-negrow1103ad-duopack","status":"publish","type":"product","link":"https:\/\/compuimpresion.com.co\/portal\/productos\/toner-original-hp-laser-103ad-negrow1103ad-duopack\/","title":{"rendered":"T\u00f3ner original HP Laser 103AD negro(W1103AD) DUOPACK"},"content":{"rendered":"<h2><strong>T\u00f3ner original HP Laser 103A negro(W1103AD) duo pack<\/strong><\/h2>\n<p>Imprima miles de p\u00e1ginas l\u00e1ser de alta calidad sin cartuchos con el sistema de recarga de t\u00f3ner \u00fanico y f\u00e1cil de usar de HP. Conf\u00ede en HP para obtener p\u00e1ginas de calidad y fiabilidad a un costo ultrabajo e impresi\u00f3n innovadora.<br \/>\nImprima miles de p\u00e1ginas a un costo extremadamente bajo por p\u00e1gina. <strong>Es f\u00e1cil con los kits de recarga de t\u00f3ner<\/strong> dise\u00f1ados espec\u00edficamente para el sistema de impresi\u00f3n <strong>HP Neverstop Laser.<\/strong> Obtenga la calidad que un l\u00edder del sector ofrece para su oficina a un precio ultrabajo.<br \/>\nImpresione a los dem\u00e1s con la calidad de impresi\u00f3n l\u00e1ser HP. El kit de recarga de t\u00f3ner HP ofrece miles de p\u00e1ginas para un flujo de trabajo de impresi\u00f3n fluido y una sustituci\u00f3n f\u00e1cil y sin problemas del t\u00f3ner.<br \/>\nEl desarrollo de la <strong>impresi\u00f3n l\u00e1ser de HP<\/strong> le ofrece la eficiencia sin problemas y a bajo costo de los kits de recarga de t\u00f3ner negro originales de alto rendimiento <strong>HP Neverstop<\/strong>, dise\u00f1ados espec\u00edficamente para las<strong> impresoras HP Neverstop Laser.<\/strong><\/p>\n<p><strong>Caracter\u00edsticas T\u00f3ner original HP Laser 103A negro(W1103AD) duo pack:<\/strong><\/p>\n<p>-Color(es) de consumibles de impresi\u00f3n: Negro<br \/>\n-Tecnolog\u00eda de impresi\u00f3n: L\u00e1ser<br \/>\n-Rendimiento de la p\u00e1gina (blanco y negro): 5.000 p\u00e1ginas aprox<br \/>\n-Margen de temperaturas operativas: 0 a 35\u00b0C<br \/>\n-Temperatura de almacenamiento: l\u00edmites: -20 a 40\u00b0C<br \/>\n-Humedad durante almacenamiento : 10 a 90% RH<br \/>\n-Productos compatibles:<br \/>\n1000A,100N,1000W,1001NW,1020,1020NW,1200A,1200N,1200NW,1200W,1202NW,1202W<br \/>\n-Contenido de la caja: 2 Unidades<br \/>\n-Dimensiones del embalaje (An x F x Al): 37 x 20 x 10 Cm<br \/>\n-Peso del embalaje: 1 kg<\/p>\n<p>Sku: 2757<br \/>\nEan: 0100513340069<br \/>\nN\/p: W1103AD<\/p>\n","protected":false},"excerpt":{"rendered":"<h2><strong>T\u00f3ner original HP Laser 103A negro(W1103AD) duo pack<\/strong><\/h2>\n<p>Imprima miles de p\u00e1ginas l\u00e1ser de alta calidad sin cartuchos con el sistema de recarga de t\u00f3ner \u00fanico y f\u00e1cil de usar de HP. Conf\u00ede en HP para obtener p\u00e1ginas de calidad y fiabilidad a un costo ultrabajo e impresi\u00f3n innovadora.<br \/>\nImprima miles de p\u00e1ginas a un costo extremadamente bajo por p\u00e1gina. <strong>Es f\u00e1cil con los kits de recarga de t\u00f3ner<\/strong> dise\u00f1ados espec\u00edficamente para el sistema de impresi\u00f3n <strong>HP Neverstop Laser.<\/strong> Obtenga la calidad que un l\u00edder del sector ofrece para su oficina a un precio ultrabajo.<br \/>\nImpresione a los dem\u00e1s con la calidad de impresi\u00f3n l\u00e1ser HP. El kit de recarga de t\u00f3ner HP ofrece miles de p\u00e1ginas para un flujo de trabajo de impresi\u00f3n fluido y una sustituci\u00f3n f\u00e1cil y sin problemas del t\u00f3ner.<br \/>\nEl desarrollo de la <strong>impresi\u00f3n l\u00e1ser de HP<\/strong> le ofrece la eficiencia sin problemas y a bajo costo de los kits de recarga de t\u00f3ner negro originales de alto rendimiento <strong>HP Neverstop<\/strong>, dise\u00f1ados espec\u00edficamente para las<strong> impresoras HP Neverstop Laser.<\/strong><\/p>\n","protected":false},"featured_media":4037,"comment_status":"open","ping_status":"closed","template":"","meta":{"inline_featured_image":false},"pwb-brand":[124],"product_brand":[],"product_cat":[907,1264],"product_tag":[523,705,297,155,389,136,706,703,704],"class_list":{"0":"post-4035","1":"product","2":"type-product","3":"status-publish","4":"has-post-thumbnail","6":"pwb-brand-hp","7":"product_cat-consumibles","8":"product_cat-toner-consumibles","9":"product_tag-103a","10":"product_tag-duo","11":"product_tag-hp","12":"product_tag-laser","13":"product_tag-negro","14":"product_tag-original","15":"product_tag-pack","16":"product_tag-toner","17":"product_tag-w1103ad","19":"first","20":"instock","21":"featured","22":"taxable","23":"shipping-taxable","24":"purchasable","25":"product-type-simple"},"brands":[{"id":124,"name":"HP","slug":"hp"}],"_links":{"self":[{"href":"https:\/\/compuimpresion.com.co\/portal\/wp-json\/wp\/v2\/product\/4035","targetHints":{"allow":["GET"]}}],"collection":[{"href":"https:\/\/compuimpresion.com.co\/portal\/wp-json\/wp\/v2\/product"}],"about":[{"href":"https:\/\/compuimpresion.com.co\/portal\/wp-json\/wp\/v2\/types\/product"}],"replies":[{"embeddable":true,"href":"https:\/\/compuimpresion.com.co\/portal\/wp-json\/wp\/v2\/comments?post=4035"}],"wp:featuredmedia":[{"embeddable":true,"href":"https:\/\/compuimpresion.com.co\/portal\/wp-json\/wp\/v2\/media\/4037"}],"wp:attachment":[{"href":"https:\/\/compuimpresion.com.co\/portal\/wp-json\/wp\/v2\/media?parent=4035"}],"wp:term":[{"taxonomy":"pwb-brand","embeddable":true,"href":"https:\/\/compuimpresion.com.co\/portal\/wp-json\/wp\/v2\/pwb-brand?post=4035"},{"taxonomy":"product_brand","embeddable":true,"href":"https:\/\/compuimpresion.com.co\/portal\/wp-json\/wp\/v2\/product_brand?post=4035"},{"taxonomy":"product_cat","embeddable":true,"href":"https:\/\/compuimpresion.com.co\/portal\/wp-json\/wp\/v2\/product_cat?post=4035"},{"taxonomy":"product_tag","embeddable":true,"href":"https:\/\/compuimpresion.com.co\/portal\/wp-json\/wp\/v2\/product_tag?post=4035"}],"curies":[{"name":"wp","href":"https:\/\/api.w.org\/{rel}","templated":true}]}}