{"id":3955,"date":"2022-01-30T15:41:25","date_gmt":"2022-01-30T20:41:25","guid":{"rendered":"https:\/\/compuimpresion.com.co\/portal\/?post_type=product&#038;p=3955"},"modified":"2026-04-14T18:11:47","modified_gmt":"2026-04-14T23:11:47","slug":"impresora-hp-designjet-t250","status":"publish","type":"product","link":"https:\/\/compuimpresion.com.co\/portal\/productos\/impresora-hp-designjet-t250\/","title":{"rendered":"IMPRESORA HP DESIGNJET T250 DE 24 PULGADAS"},"content":{"rendered":"<p>Impresora HP <strong>DesignJet T250<\/strong> de 24 pulgadas<\/p>\n<p>&nbsp;<\/p>\n<p>Ahorre tiempo con el env\u00edo de trabajos m\u00e1s f\u00e1cil del mundo : env\u00ede varios archivos con un solo clic con el software HP Click.<\/p>\n<p>Imprima con la seguridad de que obtendr\u00e1 los resultados que desea, con un controlador intuitivo y una vista previa de la impresi\u00f3n real. Gracias a una opci\u00f3n adicional, imprima proyectos de varios tama\u00f1os A3 y A1 de forma autom\u00e1tica, sin tener que cambiar el origen del soporte manualmente.<\/p>\n<p>Ahorre espacio con los plotters m\u00e1s peque\u00f1os del mundo , dise\u00f1ados para adaptarse a su oficina. Utilice hasta un 95% menos de tinta durante el mantenimiento de rutina en comparaci\u00f3n con el resto de la competencia y consiga hasta 100 p\u00e1ginas A1 extra al mes. Un dise\u00f1o m\u00e1s sostenible, que reduce hasta 7,3 toneladas de CO2e al a\u00f1o por unidades vendidas, con hasta un 30 % de pl\u00e1stico reciclado.<\/p>\n<p>&nbsp;<\/p>\n<p>Evite las esperas gracias a una impresora dotada de impresi\u00f3n de alta velocidad, de hasta 30 segundos por plot A1.<\/p>\n<p>Sea m\u00e1s productivo: ahorre tiempo desde la preparaci\u00f3n del trabajo hasta la impresi\u00f3n final, imprimiendo sus proyectos hasta dos veces m\u00e1s r\u00e1pido. Imprima sus trabajos y administre su plotter desde pr\u00e1cticamente cualquier parte y en cualquier momento con la aplicaci\u00f3n HP Smart. Obtenga resultados de calidad: con las tintas HP Bright Office se consigue una precisi\u00f3n lineal hasta un 31% mayor y una gama de colores hasta un 65% m\u00e1s amplia.<\/p>\n<p>&nbsp;<\/p>\n<p>Caracter\u00edsticas:<\/p>\n<p>&nbsp;<\/p>\n<p>-Velocidad de impresi\u00f3n: \u00a030 s\/p\u00e1gina en A1, 76 impresiones A1 por hora<\/p>\n<p>-Resoluci\u00f3n de impresi\u00f3n: \u00a0Resoluci\u00f3n optimizada de hasta 2400 x 1.200 ppp<\/p>\n<p>-Tecnolog\u00eda: Inyecci\u00f3n de tinta t\u00e9rmica HP<\/p>\n<p>-M\u00e1rgenes Rollos: 5 x 5 x 5 x 5 mm; Hojas: 5 x 5 x 5 x 5 mm<\/p>\n<p>-Tipos de tinta: \u00a0Basada en tintes (C, M, Y); Basada en pigmento (K)<\/p>\n<p>-Rendimiento de p\u00e1ginas: 20 ml de tinta producen 101 p\u00e1ginas A1, teniendo en cuenta las rutinas de mantenimiento<\/p>\n<p>-Gota de tinta: 5.5 Pl (C, M, Y), 12 Pl (K)<\/p>\n<p>-Cabezales de impresi\u00f3n 1 (cian, magenta, amarillo, negro)<\/p>\n<p>-Boquillas de la cabeza de impresi\u00f3n: 1376<\/p>\n<p>-Precisi\u00f3n lineal: \u00b1 0,1<\/p>\n<p>-Ancho de l\u00ednea m\u00ednimo:\u00a0 0,02 mm<\/p>\n<p>-Densidad \u00f3ptica m\u00e1xima: 8 L* min\/2,10 D<\/p>\n<p>-Manipulaci\u00f3n: Alimentaci\u00f3n de hojas, rodillo de alimentaci\u00f3n, cortadora horizontal autom\u00e1tica<\/p>\n<p>-Tama\u00f1o del rodillo: \u00a0De 279 a 610 mm<\/p>\n<p>-Tama\u00f1o de la hoja: \u00a0De 210 x 279 mm a 610 x 1897 mm<\/p>\n<p>-Hojas est\u00e1ndar: \u00a0A4, A3, A2, A1<\/p>\n<p>-Gramaje: De 60 a 280 g\/m<\/p>\n<p>-Grosor: Hasta 0,3 mm<\/p>\n<p>-Aplicaciones: \u00a0Dibujos lineales; Presentaciones; Reproducciones<\/p>\n<p>-Interfaces Gigabit Ethernet (1000Base-T), USB 2.0 de alta velocidad, Wi-Fi 802.11a\/b\/g\/n, Wi-Fi Direct<\/p>\n<p>-Idiomas de impresi\u00f3n nativos: \u00a0JPEG, URF<\/p>\n<p>-Dimensiones (ancho x fondo x alto): 1013 x 440 x 285 mm<\/p>\n<p>-Peso: 21,5<\/p>\n<p>-Software y soluciones de HP HP Click, Aplicaci\u00f3n HP Smart, HP Print Preview para Windows, HP Easy Start, HP DesignJet Utility para Windows, HP Support Assistant.<\/p>\n<p>-Altitud operative: Hasta 3.000 m<\/p>\n<p>-Temperatura de almacenamiento -25 a 55 \u00baC<\/p>\n<p>-Certificaci\u00f3n Seguridad: Estados Unidos y Canad\u00e1 (certificaci\u00f3n CSA); UE (conforme a LVD, EN 60950-1 y EN 62368-1); Rusia, Bielorrusia y Kazajist\u00e1n (EAC); Ucrania (UA); Singapur (PSB); China (CCC); Argentina (IRAM); India (BIS); M\u00e9xico (NYCE<\/p>\n<p>&#8211; No incluye pedestal, Ni bandeja adf para documentos.<\/p>\n<p>&nbsp;<\/p>\n<p>Sku: 0668<\/p>\n<p>Ean: 0194850019845<\/p>\n<p>N\/p: 5HB06A<\/p>\n","protected":false},"excerpt":{"rendered":"<ul>\n<li style=\"text-align: justify\">Ahorre tiempo con el env\u00edo de trabajos m\u00e1s f\u00e1cil del mundo: env\u00ede varios archivos con un solo clic con el software HP Click.<\/li>\n<li style=\"text-align: justify\">Imprima con la seguridad de que obtendr\u00e1 los resultados que desea, con un controlador intuitivo y una vista previa de la impresi\u00f3n real.<\/li>\n<li style=\"text-align: justify\">Gracias a una opci\u00f3n adicional, imprima proyectos de varios tama\u00f1os A3 y A1 de forma autom\u00e1tica, sin tener que cambiar el origen del soporte manualmente.<\/li>\n<\/ul>\n","protected":false},"featured_media":5415,"comment_status":"open","ping_status":"closed","template":"","meta":{"inline_featured_image":false},"pwb-brand":[124],"product_brand":[],"product_cat":[891,1260],"product_tag":[1121,1000,1013,1122,1119,611,297,1120,992,185,357,990],"class_list":{"0":"post-3955","1":"product","2":"type-product","3":"status-publish","4":"has-post-thumbnail","6":"pwb-brand-hp","7":"product_cat-impresion","8":"product_cat-ploter","9":"product_tag-24-pulgadas","10":"product_tag-a-color","11":"product_tag-blanco-y-negro","12":"product_tag-cartucho-de-tinta","13":"product_tag-designjet-t250","14":"product_tag-ethernet","15":"product_tag-hp","16":"product_tag-hp-designjet-t250","17":"product_tag-mac","18":"product_tag-usb","19":"product_tag-wifi","20":"product_tag-windows","22":"first","23":"instock","24":"sale","25":"taxable","26":"shipping-taxable","27":"purchasable","28":"product-type-simple"},"brands":[{"id":124,"name":"HP","slug":"hp"}],"_links":{"self":[{"href":"https:\/\/compuimpresion.com.co\/portal\/wp-json\/wp\/v2\/product\/3955","targetHints":{"allow":["GET"]}}],"collection":[{"href":"https:\/\/compuimpresion.com.co\/portal\/wp-json\/wp\/v2\/product"}],"about":[{"href":"https:\/\/compuimpresion.com.co\/portal\/wp-json\/wp\/v2\/types\/product"}],"replies":[{"embeddable":true,"href":"https:\/\/compuimpresion.com.co\/portal\/wp-json\/wp\/v2\/comments?post=3955"}],"wp:featuredmedia":[{"embeddable":true,"href":"https:\/\/compuimpresion.com.co\/portal\/wp-json\/wp\/v2\/media\/5415"}],"wp:attachment":[{"href":"https:\/\/compuimpresion.com.co\/portal\/wp-json\/wp\/v2\/media?parent=3955"}],"wp:term":[{"taxonomy":"pwb-brand","embeddable":true,"href":"https:\/\/compuimpresion.com.co\/portal\/wp-json\/wp\/v2\/pwb-brand?post=3955"},{"taxonomy":"product_brand","embeddable":true,"href":"https:\/\/compuimpresion.com.co\/portal\/wp-json\/wp\/v2\/product_brand?post=3955"},{"taxonomy":"product_cat","embeddable":true,"href":"https:\/\/compuimpresion.com.co\/portal\/wp-json\/wp\/v2\/product_cat?post=3955"},{"taxonomy":"product_tag","embeddable":true,"href":"https:\/\/compuimpresion.com.co\/portal\/wp-json\/wp\/v2\/product_tag?post=3955"}],"curies":[{"name":"wp","href":"https:\/\/api.w.org\/{rel}","templated":true}]}}