{"id":3914,"date":"2021-12-31T09:02:21","date_gmt":"2021-12-31T14:02:21","guid":{"rendered":"https:\/\/compuimpresion.com.co\/portal\/?post_type=product&#038;p=3914"},"modified":"2023-11-03T10:22:46","modified_gmt":"2023-11-03T15:22:46","slug":"video-proyector-epson-powerlite-118-3lcd-xga","status":"publish","type":"product","link":"https:\/\/compuimpresion.com.co\/portal\/productos\/video-proyector-epson-powerlite-118-3lcd-xga\/","title":{"rendered":"Video Proyector Epson 118 PowerLite 3LCD XGA"},"content":{"rendered":"<p><strong>Video Proyector Epson PowerLite 118 3LCD XGA Compuimpresion<\/strong><\/p>\n<p>Enriquece los planes de estudio con el proyector <strong>PowerLite 118 ultrabrillante<\/strong>. Construido con tecnolog\u00eda 3LCD avanzada, este proyector XGA din\u00e1mico muestra im\u00e1genes vibrantes con 3800 l\u00famenes de color y brillo blanco. Una soluci\u00f3n duradera y confiable, cuenta con una l\u00e1mpara de larga duraci\u00f3n de<strong> hasta 17,000 horas, un altavoz de 16 W,<\/strong> una entrada de micr\u00f3fono y dos puertos HDMI para admitir una proyecci\u00f3n vers\u00e1til y atractiva en una variedad de entornos de aprendizaje.<\/p>\n<p><strong>Tecnolog\u00eda 3LCD de 3 chips para el mejor brillo de color de su clase<\/strong><br \/>\n<strong>Conectividad de red avanzada: RJ-45 permite la gesti\u00f3n remota de proyectores en red, presentaciones a trav\u00e9s de la red y m\u00e1s.<\/strong><\/p>\n<p>F\u00e1cil configuraci\u00f3n y flexibilidad de posicionamiento : ofrece un zoom \u00f3ptico de 1.2x, correcci\u00f3n trapezoidal horizontal y vertical de \u00b1 30 grados y Quick Corner<br \/>\nPuertos HDMI duales : admite varios dispositivos AV de alta definici\u00f3n<br \/>\nEntrada de micr\u00f3fono y altavoz de 16 W incorporada : para pantallas de proyector atractivas<br \/>\nTama\u00f1o de pantalla de hasta 300 \u00bb , con capacidad de pantalla dividida 6 para visualizaci\u00f3n en paralelo<\/p>\n<p><strong>Caracter\u00edsticas Video Proyector Epson PowerLite 118 3LCD XGA:<\/strong><\/p>\n<p>-Sistema de proyecci\u00f3n: 3LCD, tecnolog\u00eda de 3 chips<br \/>\n-M\u00e9todo de proyecci\u00f3n: Montaje delantero \/ trasero \/ techo<br \/>\n-M\u00e9todo de conducci\u00f3n: Matriz activa TFT de polisilicio<br \/>\n-N\u00famero de p\u00edxeles: 786,432 puntos (1024 x 768) x 3<br \/>\n-Brillo de color &#8211; Emisi\u00f3n de luz en color: 3800 l\u00famenes<br \/>\n-Brillo blanco &#8211; Emisi\u00f3n de luz blanca: 3800 l\u00famenes<br \/>\n-Relaci\u00f3n de aspecto: 4: 3<br \/>\n-Resoluci\u00f3n: 1024 x 768 (XGA)<br \/>\n-Tipo de l\u00e1mpara: 210 W UHE<br \/>\n-Vida de la l\u00e1mpara: Modo ECO: hasta 17.000 horas;Modo medio: hasta 10.000 horas; Modo normal: hasta 8.000 horas<br \/>\n-Rango de relaci\u00f3n de alcance: 1,48 (Zoom: Gran angular), 1,77 (Zoom: Teleobjetivo)<br \/>\n-Tama\u00f1o &#8211; distancia proyectada: 30 \u00aba 300\u00bb (0,89 a 9,12 m) (Zoom: Ancho)<br \/>\n-Correcci\u00f3n trapezoidal: Vertical: \u00b1 30 grados (autom\u00e1tico); Horizontal: \u00b1 30 grados (control deslizante)<br \/>\n-USB Plug &#8216;n Play: El proyector es compatible con computadoras PC y Mac<br \/>\n-Relaci\u00f3n de contraste: Hasta 16.000: 1<br \/>\n-Procesamiento de color:10 bits<br \/>\n-Reproducci\u00f3n de color: Hasta 1.07 mil millones de colores<br \/>\n-Temperatura: 41 \u00b0 a 95 \u00b0 F (5 \u00b0 a 35 \u00b0 C)<br \/>\n-Voltaje de la fuente de alimentaci\u00f3n:100 &#8211; 240 VCA \u00b1 10%, 50\/60 Hz CA<br \/>\n-Interfaces: 1x USB-A; 1x USB-B;1x LAN; 2x HDMI; 2x computadora \/ componente; 1x video;1x RS-232c; 1x miniconector est\u00e9reo (micr\u00f3fono); 1x salida de monitor; Audio 1 y 2; Audio L y R; 1x salida de audio; Puerto LAN inal\u00e1mbrico: 802.11 b \/ g \/ n (opcional &#8211; el m\u00f3dulo se vende por separado)<br \/>\n-\u00c1ngulo de funcionamiento: Derecha \/ izquierda: \u00b1 30 grados; Superior \/ Inferior: \u00b1 15 grados<br \/>\n-Distancia de funcionamiento:19,7 pies (6 m)<br \/>\n-Incluyendo pies: 30 x 25 x 9 (ancho x profundidad x altura) cm<br \/>\n-Peso: 2,8 kg<\/p>\n<p>Sku: 4752<br \/>\nEan: 0010343954151<br \/>\nN\/p: V11ha03020<\/p>\n","protected":false},"excerpt":{"rendered":"<p><strong>Video Proyector Epson PowerLite 118 3LCD XGA Compuimpresion<\/strong><\/p>\n<p>Enriquece los planes de estudio con el proyector <strong>PowerLite 118 ultrabrillante<\/strong>. Construido con tecnolog\u00eda 3LCD avanzada, este proyector XGA din\u00e1mico muestra im\u00e1genes vibrantes con 3800 l\u00famenes de color y brillo blanco. Una soluci\u00f3n duradera y confiable, cuenta con una l\u00e1mpara de larga duraci\u00f3n de<strong> hasta 17,000 horas, un altavoz de 16 W,<\/strong> una entrada de micr\u00f3fono y dos puertos HDMI para admitir una proyecci\u00f3n vers\u00e1til y atractiva en una variedad de entornos de aprendizaje.<\/p>\n<p><strong>Tecnolog\u00eda 3LCD de 3 chips para el mejor brillo de color de su clase<\/strong><br \/>\n<strong>Conectividad de red avanzada: RJ-45 permite la gesti\u00f3n remota de proyectores en red, presentaciones a trav\u00e9s de la red y m\u00e1s.<\/strong><\/p>\n<p>F\u00e1cil configuraci\u00f3n y flexibilidad de posicionamiento : ofrece un zoom \u00f3ptico de 1.2x, correcci\u00f3n trapezoidal horizontal y vertical de \u00b1 30 grados y Quick Corner<br \/>\nPuertos HDMI duales : admite varios dispositivos AV de alta definici\u00f3n<br \/>\nEntrada de micr\u00f3fono y altavoz de 16 W incorporada : para pantallas de proyector atractivas<br \/>\nTama\u00f1o de pantalla de hasta 300 \u00bb , con capacidad de pantalla dividida 6 para visualizaci\u00f3n en paralelo<\/p>\n","protected":false},"featured_media":3916,"comment_status":"open","ping_status":"closed","template":"","meta":{"inline_featured_image":false},"pwb-brand":[125],"product_brand":[],"product_cat":[256],"product_tag":[659,660,245,359,358,658,661],"class_list":{"0":"post-3914","1":"product","2":"type-product","3":"status-publish","4":"has-post-thumbnail","6":"pwb-brand-epson","7":"product_cat-video-proyectores-2","8":"product_tag-659","9":"product_tag-3lcd","10":"product_tag-epson","11":"product_tag-powerlite","12":"product_tag-proyector","13":"product_tag-video","14":"product_tag-xga","16":"first","17":"outofstock","18":"taxable","19":"shipping-taxable","20":"purchasable","21":"product-type-simple"},"brands":[{"id":125,"name":"Epson","slug":"epson"}],"_links":{"self":[{"href":"https:\/\/compuimpresion.com.co\/portal\/wp-json\/wp\/v2\/product\/3914","targetHints":{"allow":["GET"]}}],"collection":[{"href":"https:\/\/compuimpresion.com.co\/portal\/wp-json\/wp\/v2\/product"}],"about":[{"href":"https:\/\/compuimpresion.com.co\/portal\/wp-json\/wp\/v2\/types\/product"}],"replies":[{"embeddable":true,"href":"https:\/\/compuimpresion.com.co\/portal\/wp-json\/wp\/v2\/comments?post=3914"}],"wp:featuredmedia":[{"embeddable":true,"href":"https:\/\/compuimpresion.com.co\/portal\/wp-json\/wp\/v2\/media\/3916"}],"wp:attachment":[{"href":"https:\/\/compuimpresion.com.co\/portal\/wp-json\/wp\/v2\/media?parent=3914"}],"wp:term":[{"taxonomy":"pwb-brand","embeddable":true,"href":"https:\/\/compuimpresion.com.co\/portal\/wp-json\/wp\/v2\/pwb-brand?post=3914"},{"taxonomy":"product_brand","embeddable":true,"href":"https:\/\/compuimpresion.com.co\/portal\/wp-json\/wp\/v2\/product_brand?post=3914"},{"taxonomy":"product_cat","embeddable":true,"href":"https:\/\/compuimpresion.com.co\/portal\/wp-json\/wp\/v2\/product_cat?post=3914"},{"taxonomy":"product_tag","embeddable":true,"href":"https:\/\/compuimpresion.com.co\/portal\/wp-json\/wp\/v2\/product_tag?post=3914"}],"curies":[{"name":"wp","href":"https:\/\/api.w.org\/{rel}","templated":true}]}}