{"id":3899,"date":"2021-12-29T09:01:22","date_gmt":"2021-12-29T14:01:22","guid":{"rendered":"https:\/\/compuimpresion.com.co\/portal\/?post_type=product&#038;p=3899"},"modified":"2025-12-09T10:48:31","modified_gmt":"2025-12-09T15:48:31","slug":"impresora-multifuncional-laser-kyocera-ecosys-m2640idw","status":"publish","type":"product","link":"https:\/\/compuimpresion.com.co\/portal\/productos\/impresora-multifuncional-laser-kyocera-ecosys-m2640idw\/","title":{"rendered":"Impresora Multifuncional Laser Kyocera ECOSYS M2640idw"},"content":{"rendered":"","protected":false},"excerpt":{"rendered":"<p><strong>Impresora Multifuncional Laser Kyocera ECOSYS M2640idw<\/strong><\/p>\n<p><strong>Un gran avance en productividad: la M2640idw combina un rendimiento sobresaliente con gran variedad de funcionalidades.<\/strong> Pensada para grupos de trabajo peque\u00f1os y medianos.<br \/>\nTodas las soluciones de <strong>Kyocera<\/strong> son desarrolladas teniendo en cuenta el respeto por el medio ambiente, sin embargo, la gama<strong> ECOSYS<\/strong> lleva esta consideraci\u00f3n a otro nivel.<br \/>\n<strong>KYOCERA<\/strong> ofrece la l\u00ednea m\u00e1s completa del sector con dispositivos desarrollados para trabajar bajo diferentes vol\u00famenes de impresi\u00f3n.<\/p>\n<p>\u2022 <strong>Impresi\u00f3n a doble cara, esc\u00e1ner a color, copia y fax.<\/strong><br \/>\n\u2022 Procesador de documentos de escaneo dual compatible con originales A6.<br \/>\n\u2022 Hasta 2 alimentadores de papel para 850 hojas (opcional).<br \/>\n\u2022 Pantalla t\u00e1ctil de 4,3 pulgadas (10,9 cm).<br \/>\n\u2022 <strong>A\u00f1ade funcionalidades gracias a la plataforma de soluciones HyPAS<\/strong><\/p>\n","protected":false},"featured_media":3902,"comment_status":"open","ping_status":"closed","template":"","meta":{"inline_featured_image":false},"pwb-brand":[569],"product_brand":[],"product_cat":[891,1257],"product_tag":[651,146,650,155,652,143],"class_list":{"0":"post-3899","1":"product","2":"type-product","3":"status-publish","4":"has-post-thumbnail","6":"pwb-brand-kyocera","7":"product_cat-impresion","8":"product_cat-laser-multifuncional-monocromatica","9":"product_tag-ecosys","10":"product_tag-impresora","11":"product_tag-kyocera","12":"product_tag-laser","13":"product_tag-m2640idw","14":"product_tag-multifuncional","16":"first","17":"outofstock","18":"taxable","19":"shipping-taxable","20":"purchasable","21":"product-type-simple"},"brands":[{"id":569,"name":"Kyocera","slug":"kyocera"}],"_links":{"self":[{"href":"https:\/\/compuimpresion.com.co\/portal\/wp-json\/wp\/v2\/product\/3899","targetHints":{"allow":["GET"]}}],"collection":[{"href":"https:\/\/compuimpresion.com.co\/portal\/wp-json\/wp\/v2\/product"}],"about":[{"href":"https:\/\/compuimpresion.com.co\/portal\/wp-json\/wp\/v2\/types\/product"}],"replies":[{"embeddable":true,"href":"https:\/\/compuimpresion.com.co\/portal\/wp-json\/wp\/v2\/comments?post=3899"}],"wp:featuredmedia":[{"embeddable":true,"href":"https:\/\/compuimpresion.com.co\/portal\/wp-json\/wp\/v2\/media\/3902"}],"wp:attachment":[{"href":"https:\/\/compuimpresion.com.co\/portal\/wp-json\/wp\/v2\/media?parent=3899"}],"wp:term":[{"taxonomy":"pwb-brand","embeddable":true,"href":"https:\/\/compuimpresion.com.co\/portal\/wp-json\/wp\/v2\/pwb-brand?post=3899"},{"taxonomy":"product_brand","embeddable":true,"href":"https:\/\/compuimpresion.com.co\/portal\/wp-json\/wp\/v2\/product_brand?post=3899"},{"taxonomy":"product_cat","embeddable":true,"href":"https:\/\/compuimpresion.com.co\/portal\/wp-json\/wp\/v2\/product_cat?post=3899"},{"taxonomy":"product_tag","embeddable":true,"href":"https:\/\/compuimpresion.com.co\/portal\/wp-json\/wp\/v2\/product_tag?post=3899"}],"curies":[{"name":"wp","href":"https:\/\/api.w.org\/{rel}","templated":true}]}}