{"id":3895,"date":"2021-12-29T08:51:32","date_gmt":"2021-12-29T13:51:32","guid":{"rendered":"https:\/\/compuimpresion.com.co\/portal\/?post_type=product&#038;p=3895"},"modified":"2026-04-14T18:12:13","modified_gmt":"2026-04-14T23:12:13","slug":"impresora-multifuncional-epson-ecotank-l14150-a3-wifi","status":"publish","type":"product","link":"https:\/\/compuimpresion.com.co\/portal\/productos\/impresora-multifuncional-epson-ecotank-l14150-a3-wifi\/","title":{"rendered":"Impresora Epson Ecotank L14150 Multifuncional A3 wifi"},"content":{"rendered":"","protected":false},"excerpt":{"rendered":"<p><strong>Impresora Multifuncional Epson Ecotank L14150 A3 wifi<\/strong><\/p>\n<p><strong>La nueva multifuncional inal\u00e1mbrica EcoTank 4 en 1 L14150<\/strong> te ofrece impresi\u00f3n 100% sin cartuchos con soporte para formatos anchos hasta A3+, con botellas de tinta dise\u00f1adas para evitar derrames y codificadas para llenado f\u00e1cil de cada color. <strong>La EcoTank L14150<\/strong> te permite imprimir hasta 7.500 p\u00e1ginas en negro o 6.000 p\u00e1ginas a color. Imprime cientos de proyectos sin interrupciones, con los juegos de botellas de tinta original Epson que equivalen a unos 35 juegos de cartuchos de tinta, ahorrando hasta 90% en tinta con las botellas de reemplazo de bajo costo. Imprime sin la necesidad de una PC, gracias a su pantalla de 2,4&#8243;<\/p>\n","protected":false},"featured_media":3897,"comment_status":"open","ping_status":"closed","template":"","meta":{"inline_featured_image":false},"pwb-brand":[125],"product_brand":[],"product_cat":[891,1259],"product_tag":[649,244,245,146,648,143,357],"class_list":{"0":"post-3895","1":"product","2":"type-product","3":"status-publish","4":"has-post-thumbnail","6":"pwb-brand-epson","7":"product_cat-impresion","8":"product_cat-inyeccion-de-tinta","9":"product_tag-a3","10":"product_tag-ecotank","11":"product_tag-epson","12":"product_tag-impresora","13":"product_tag-l14150","14":"product_tag-multifuncional","15":"product_tag-wifi","17":"first","18":"instock","19":"taxable","20":"shipping-taxable","21":"purchasable","22":"product-type-simple"},"brands":[{"id":125,"name":"Epson","slug":"epson"}],"_links":{"self":[{"href":"https:\/\/compuimpresion.com.co\/portal\/wp-json\/wp\/v2\/product\/3895","targetHints":{"allow":["GET"]}}],"collection":[{"href":"https:\/\/compuimpresion.com.co\/portal\/wp-json\/wp\/v2\/product"}],"about":[{"href":"https:\/\/compuimpresion.com.co\/portal\/wp-json\/wp\/v2\/types\/product"}],"replies":[{"embeddable":true,"href":"https:\/\/compuimpresion.com.co\/portal\/wp-json\/wp\/v2\/comments?post=3895"}],"wp:featuredmedia":[{"embeddable":true,"href":"https:\/\/compuimpresion.com.co\/portal\/wp-json\/wp\/v2\/media\/3897"}],"wp:attachment":[{"href":"https:\/\/compuimpresion.com.co\/portal\/wp-json\/wp\/v2\/media?parent=3895"}],"wp:term":[{"taxonomy":"pwb-brand","embeddable":true,"href":"https:\/\/compuimpresion.com.co\/portal\/wp-json\/wp\/v2\/pwb-brand?post=3895"},{"taxonomy":"product_brand","embeddable":true,"href":"https:\/\/compuimpresion.com.co\/portal\/wp-json\/wp\/v2\/product_brand?post=3895"},{"taxonomy":"product_cat","embeddable":true,"href":"https:\/\/compuimpresion.com.co\/portal\/wp-json\/wp\/v2\/product_cat?post=3895"},{"taxonomy":"product_tag","embeddable":true,"href":"https:\/\/compuimpresion.com.co\/portal\/wp-json\/wp\/v2\/product_tag?post=3895"}],"curies":[{"name":"wp","href":"https:\/\/api.w.org\/{rel}","templated":true}]}}