{"id":3784,"date":"2021-12-26T13:53:35","date_gmt":"2021-12-26T18:53:35","guid":{"rendered":"https:\/\/compuimpresion.com.co\/portal\/?post_type=product&#038;p=3784"},"modified":"2025-05-22T16:00:34","modified_gmt":"2025-05-22T21:00:34","slug":"impresora-epson-termica-tmt-20-iii-usb-y-serial-c31ch51001","status":"publish","type":"product","link":"https:\/\/compuimpresion.com.co\/portal\/productos\/impresora-epson-termica-tmt-20-iii-usb-y-serial-c31ch51001\/","title":{"rendered":"IMPRESORA EPSON TMT-20 III TERMICA USB Y SERIAL (C31CH51001)"},"content":{"rendered":"<p><strong>IMPRESORA EPSON TERMICA TMT-20 III USB Y SERIAL (C31CH51001)<\/strong><\/p>\n<p>La impresora de recibos POS de gama b\u00e1sica es un modelo de uso sencillo que admite un ancho de impresi\u00f3n de 80 mm. La funci\u00f3n de reducci\u00f3n autom\u00e1tica del papel reduce los m\u00e1rgenes superior e inferior, el ancho de alimentaci\u00f3n de las l\u00edneas y el alto del c\u00f3digo de barras, lo que permite imprimir recibos de forma flexible. Con esta funci\u00f3n se controla la cantidad de papel usada. Adem\u00e1s, minimiza los costes de papel ya que imprime el logotipo superior en el pr\u00f3ximo recibo antes de cortar, para reducir, de ese modo, otros 12 mm de margen superior.<\/p>\n<p>Con un tiempo medio entre fallos (MTBF por sus siglas en ingl\u00e9s) de 360.000 horas y una duraci\u00f3n del mecanismo de 15 millones de l\u00edneas, la TM-T20III ofrece fiabilidad en actividades que exigen grandes vol\u00famenes de impresi\u00f3n.<\/p>\n<p>Gracias a una velocidad de impresi\u00f3n de 250 mm\/s, ahorrar\u00e1s tiempo. Es la opci\u00f3n ideal para que las colas dejen de ser un problema. Adem\u00e1s, el ahorro es tambi\u00e9n monetario ya que cuenta con un precio y unos costes de mantenimiento competitivo.<\/p>\n<p><strong>Caracter\u00edsticas<\/strong><\/p>\n<p>-M\u00e9todo de impresi\u00f3n : Impresi\u00f3n t\u00e9rmica de l\u00edneas<br \/>\n-Velocidad de impresi\u00f3n : 250 mm\/s<br \/>\n-Juego de caracteres impresi\u00f3n : ANK<br \/>\n-Registro de caracteres 95 alfanum\u00e9rico, 18 internacional, 128 \u00d7 43 gr\u00e1fico<br \/>\n-Caracteres por pulgada 22,6 cpp \/ 16,9 cpp<br \/>\n-Densidad de puntos 203 ppp x 203 ppp<br \/>\n-Impresi\u00f3n color: Negro<br \/>\n-Marca impresa: Texto, Gr\u00e1ficos, C\u00f3digo de barras<br \/>\n-Formato de papel: 79,50 \u00b1 0,50 (ancho) mm x di\u00e1m.<br \/>\n57,50 \u00b1 0,50 (ancho) mm x di\u00e1m. 83,00 mm<br \/>\n-Tipos papel : recibo<br \/>\n-Interfaces: USB 2.0 tipo B, RS-232 serial<br \/>\n-Dimensiones :140 x 199 x 146 mm<br \/>\n-Peso : 1,7 kg<br \/>\n-Instalaci\u00f3n : Horizontal o Vertical, Vertical con soporte para pared<br \/>\n-Unidad de corte : Corte parcial<br \/>\n-Sensores Sensor de tapa de rollo de papel abierta, Sensor de fin de papel<br \/>\n-Contenido : Adaptador de CA, C1, Cable de CA, Manual en CD, Equipo, Tapa del bot\u00f3n de conexi\u00f3n, Rollo de papel, Pies de goma, Cable USB, Soporte para montaje en pared,<\/p>\n<p>&nbsp;<\/p>\n<p>SKU: 0175<br \/>\nEan: 0010343957510<br \/>\nN\/P: C31CH51001<\/p>\n","protected":false},"excerpt":{"rendered":"<p><strong>IMPRESORA EPSON TERMICA TMT-20 III USB Y SERIAL (C31CH51001)<\/strong><\/p>\n<p>La impresora de recibos POS de gama b\u00e1sica es un modelo de uso sencillo que admite un ancho de impresi\u00f3n de 80 mm. La funci\u00f3n de reducci\u00f3n autom\u00e1tica del papel reduce los m\u00e1rgenes superior e inferior, el ancho de alimentaci\u00f3n de las l\u00edneas y el alto del c\u00f3digo de barras, lo que permite imprimir recibos de forma flexible. Con esta funci\u00f3n se controla la cantidad de papel usada. Adem\u00e1s, minimiza los costes de papel ya que imprime el logotipo superior en el pr\u00f3ximo recibo antes de cortar, para reducir, de ese modo, otros 12 mm de margen superior.<\/p>\n<p>Con un tiempo medio entre fallos (MTBF por sus siglas en ingl\u00e9s) de 360.000 horas y una duraci\u00f3n del mecanismo de 15 millones de l\u00edneas, la TM-T20III ofrece fiabilidad en actividades que exigen grandes vol\u00famenes de impresi\u00f3n.<\/p>\n<p>Gracias a una velocidad de impresi\u00f3n de 250 mm\/s, ahorrar\u00e1s tiempo. Es la opci\u00f3n ideal para que las colas dejen de ser un problema. Adem\u00e1s, el ahorro es tambi\u00e9n monetario ya que cuenta con un precio y unos costes de mantenimiento competitivo.<\/p>\n","protected":false},"featured_media":3785,"comment_status":"open","ping_status":"closed","template":"","meta":{"inline_featured_image":false},"pwb-brand":[125],"product_brand":[],"product_cat":[1253],"product_tag":[622,245,146,162,620,621],"class_list":{"0":"post-3784","1":"product","2":"type-product","3":"status-publish","4":"has-post-thumbnail","6":"pwb-brand-epson","7":"product_cat-solucion-pos","8":"product_tag-c31ch51001","9":"product_tag-epson","10":"product_tag-impresora","11":"product_tag-termica","12":"product_tag-tmt-20-iii","13":"product_tag-usb-y-serial","15":"first","16":"instock","17":"taxable","18":"shipping-taxable","19":"purchasable","20":"product-type-simple"},"brands":[{"id":125,"name":"Epson","slug":"epson"}],"_links":{"self":[{"href":"https:\/\/compuimpresion.com.co\/portal\/wp-json\/wp\/v2\/product\/3784","targetHints":{"allow":["GET"]}}],"collection":[{"href":"https:\/\/compuimpresion.com.co\/portal\/wp-json\/wp\/v2\/product"}],"about":[{"href":"https:\/\/compuimpresion.com.co\/portal\/wp-json\/wp\/v2\/types\/product"}],"replies":[{"embeddable":true,"href":"https:\/\/compuimpresion.com.co\/portal\/wp-json\/wp\/v2\/comments?post=3784"}],"wp:featuredmedia":[{"embeddable":true,"href":"https:\/\/compuimpresion.com.co\/portal\/wp-json\/wp\/v2\/media\/3785"}],"wp:attachment":[{"href":"https:\/\/compuimpresion.com.co\/portal\/wp-json\/wp\/v2\/media?parent=3784"}],"wp:term":[{"taxonomy":"pwb-brand","embeddable":true,"href":"https:\/\/compuimpresion.com.co\/portal\/wp-json\/wp\/v2\/pwb-brand?post=3784"},{"taxonomy":"product_brand","embeddable":true,"href":"https:\/\/compuimpresion.com.co\/portal\/wp-json\/wp\/v2\/product_brand?post=3784"},{"taxonomy":"product_cat","embeddable":true,"href":"https:\/\/compuimpresion.com.co\/portal\/wp-json\/wp\/v2\/product_cat?post=3784"},{"taxonomy":"product_tag","embeddable":true,"href":"https:\/\/compuimpresion.com.co\/portal\/wp-json\/wp\/v2\/product_tag?post=3784"}],"curies":[{"name":"wp","href":"https:\/\/api.w.org\/{rel}","templated":true}]}}