{"id":3758,"date":"2021-12-26T12:49:55","date_gmt":"2021-12-26T17:49:55","guid":{"rendered":"https:\/\/compuimpresion.com.co\/portal\/?post_type=product&#038;p=3758"},"modified":"2024-07-19T15:58:58","modified_gmt":"2024-07-19T20:58:58","slug":"lector-codigo-de-barras-zebra-ls1203-usb-negro-7azu0100","status":"publish","type":"product","link":"https:\/\/compuimpresion.com.co\/portal\/productos\/lector-codigo-de-barras-zebra-ls1203-usb-negro-7azu0100\/","title":{"rendered":"Lector c\u00f3digo de barras Zebra LS1203  Usb Negro 7AZU0100"},"content":{"rendered":"<p><strong>Lector c\u00f3digo de barras Zebra LS1203 Usb Negro 7AZU0100<\/strong><\/p>\n<p>El esc\u00e1ner de mano LS1203 de Zebra ofrece escaneado l\u00e1ser de alta calidad, ergonom\u00eda, utilizaci\u00f3n sencilla y durabilidad a un precio asequible. Dise\u00f1ado para adaptarse a las necesidades de peque\u00f1as empresas, el LS1203 proporciona el rendimiento y las prestaciones necesarias para reducir considerablemente los errores de introducci\u00f3n de datos e impulsar la productividad d\u00eda tras d\u00eda en tiendas de regalos, tiendas de moda, art\u00edculos deportivos, joyer\u00edas, tiendas de v\u00eddeo, florister\u00edas y otros peque\u00f1os comercios minoristas locales. C\u00f3modo y de manejo sencillo, este esc\u00e1ner asequible de alto valor ofrece la fiabilidad y protecci\u00f3n de la inversi\u00f3n que han hecho de Zebra el l\u00edder global en escaneado de c\u00f3digos de barras de mano.<br \/>\nMayor productividad desde el principio En el caso de aplicaciones de caja en el punto de venta, el LS1203 ofrece la potencia necesaria para mejorar la eficiencia desde el primer momento. El dise\u00f1o plug-and-play pr\u00e1cticamente elimina los inconvenientes de la instalaci\u00f3n. El intuitivo dise\u00f1o ergon\u00f3mico elimina los requisitos de formaci\u00f3n: los empleados est\u00e1n listos para trabajar a pleno rendimiento en cuesti\u00f3n de minutos.<br \/>\nSe elimina la introducci\u00f3n manual de datos, lo que reduce los errores del personal de caja y garantiza el cobro de las cantidades correctas a los clientes. El resultado es que se agiliza el paso por caja, aumenta la satisfacci\u00f3n del cliente y se acelera la recuperaci\u00f3n de la inversi\u00f3n. En la trastienda, el LS1203 automatiza los procesos basados en papel, como la gesti\u00f3n de inventario, lo que se traduce en una informaci\u00f3n m\u00e1s precisa y en menos tiempo dedicado a tareas administrativas diarias y m\u00e1s tiempo dedicado a atender a los clientes.<br \/>\nFabricaci\u00f3n duradera y prestaciones v\u00e1lidas para el futuro Con una fabricaci\u00f3n en una sola placa y un elemento de escaneado duradero, el LS1203 puede soportar f\u00e1cilmente el uso diario y las inevitables ca\u00eddas. Con un funcionamiento en el que puede confiar, el Symbol LS1203 garantiza unos costes de mantenimiento m\u00ednimos y una disponibilidad m\u00e1xima. Y las m\u00faltiples interfaces integradas brindan la protecci\u00f3n de la inversi\u00f3n necesaria para garantizar que el esc\u00e1ner que se compra hoy funcionar\u00e1 con el sistema de TPV de ma\u00f1ana. Calidad contrastada en la que puede confiar Cuando elige el LS1203, obtiene la garant\u00eda adicional de comprar un producto Zebra el l\u00edder global en escaneado de c\u00f3digos de barras de mano, con millones de esc\u00e1neres utilizados a diario por los principales comercios minoristas de todo el mundo. Y dado que incluso los productos m\u00e1s duraderos requieren un plan de mantenimiento y una estrategia de soporte, Zebra ha creado un complemento completo de ofertas de servicio que le ayudar\u00e1n a proteger su inversi\u00f3n y mantener el m\u00e1ximo rendimiento.<\/p>\n<p>Caracter\u00edsticas Lector c\u00f3digo de barras Zebra LS1203 Usb Negro 7AZU0100:<\/p>\n<p>-Tipo de esc\u00e1ner: Bidireccional<br \/>\n&#8211; Esc\u00e1ner laser: 1D de alta calidad \u2014posibilidad de elegir entre disparador o Auto-Scan (modo continuo<br \/>\n&#8211; Fuente de luz (l\u00e1ser): ) Diodo l\u00e1ser de 650 nm<br \/>\n&#8211; Velocidad de escaneado: 100 escaneados por segundo<br \/>\n&#8211; Contraste de impresi\u00f3n m\u00edn: Reflectancia m\u00ednima del 30 %<br \/>\n&#8211; Balanceo (ladeo): \u00b130\u00b0 de la normal<br \/>\n&#8211; Inclinaci\u00f3n: \u00b1 65\u00b0<br \/>\n&#8211; Sesgo (gui\u00f1ada): 3 \u00b1 60\u00b0<br \/>\n&#8211; Prestaciones de descodificaci\u00f3n: UPC\/EAN, UPC\/EAN con suplementos, UPC\/EAN 128, Code 39, Code 39 ASCII completo, Code 39 tri\u00f3ptico, Code 128, Code 128 ASCII completo, Codabar, Entrelazado 2 de 5, Discreto 2 de 5, Code 93, MSI, Code 11, IATA, variantes GS1 DataBar (anteriormente RSS), Chino 2 de 5.<br \/>\n&#8211; Interfaces admitidas: USB, RS232, Keyboard Wedge<br \/>\n&#8211; ESD: Cumple la norma de descarga de aire de 15 kV y 8 kV de descarga de contacto<br \/>\n&#8211; Tono del pitido: Seleccionable por el usuario: tres tonos<br \/>\n&#8211; Volumen del pitido: Seleccionable por el usuario: tres niveles<br \/>\n&#8211; Especificaciones para ca\u00eddas: Soporta m\u00faltiples ca\u00eddas desde 1,524 m\/5 ft sobre hormig\u00f3n<br \/>\n&#8211; Temp. funcionamiento: o De 0 \u00b0C a 50 \u00b0C\/32 \u00b0F a 122 \u00b0F<br \/>\n&#8211; Color: Negro crep\u00fasculo<br \/>\n&#8211; Fuente de alimentaci\u00f3n: Alimentaci\u00f3n del host o fuente de alimentaci\u00f3n externa<br \/>\n&#8211; Tensi\u00f3n y corriente: 5 +\/-10 %VCC a 100 mA (En espera:<br \/>\n&#8211; Dimensiones: 6,2 cm alt. x 18 cm long. x 6 cm anch.<br \/>\n-Peso (sin cable): Aproximadamente 122 g<\/p>\n<p>Sku: 4475<br \/>\nN\/p: 7AZU0100<\/p>\n","protected":false},"excerpt":{"rendered":"<p><strong>Lector c\u00f3digo de barras Zebra LS1203 Usb Negro 7AZU0100<\/strong><\/p>\n<p>El esc\u00e1ner de mano LS1203 de Zebra ofrece escaneado l\u00e1ser de alta calidad, ergonom\u00eda, utilizaci\u00f3n sencilla y durabilidad a un precio asequible. Dise\u00f1ado para adaptarse a las necesidades de peque\u00f1as empresas, el LS1203 proporciona el rendimiento y las prestaciones necesarias para reducir considerablemente los errores de introducci\u00f3n de datos e impulsar la productividad d\u00eda tras d\u00eda en tiendas de regalos, tiendas de moda, art\u00edculos deportivos, joyer\u00edas, tiendas de v\u00eddeo, florister\u00edas y otros peque\u00f1os comercios minoristas locales. C\u00f3modo y de manejo sencillo, este esc\u00e1ner asequible de alto valor ofrece la fiabilidad y protecci\u00f3n de la inversi\u00f3n que han hecho de Zebra el l\u00edder global en escaneado de c\u00f3digos de barras de mano.<br \/>\nMayor productividad desde el principio En el caso de aplicaciones de caja en el punto de venta, el LS1203 ofrece la potencia necesaria para mejorar la eficiencia desde el primer momento. El dise\u00f1o plug-and-play pr\u00e1cticamente elimina los inconvenientes de la instalaci\u00f3n. El intuitivo dise\u00f1o ergon\u00f3mico elimina los requisitos de formaci\u00f3n: los empleados est\u00e1n listos para trabajar a pleno rendimiento en cuesti\u00f3n de minutos.<\/p>\n","protected":false},"featured_media":3759,"comment_status":"open","ping_status":"closed","template":"","meta":{"inline_featured_image":false},"pwb-brand":[],"product_brand":[],"product_cat":[1253],"product_tag":[600,597,596,320,595,599,389,185,598],"class_list":{"0":"post-3758","1":"product","2":"type-product","3":"status-publish","4":"has-post-thumbnail","6":"product_cat-solucion-pos","7":"product_tag-7azu0100","8":"product_tag-barras","9":"product_tag-codigo","10":"product_tag-de","11":"product_tag-lector","12":"product_tag-ls1203","13":"product_tag-negro","14":"product_tag-usb","15":"product_tag-zebra","17":"first","18":"outofstock","19":"taxable","20":"shipping-taxable","21":"purchasable","22":"product-type-simple"},"brands":[],"_links":{"self":[{"href":"https:\/\/compuimpresion.com.co\/portal\/wp-json\/wp\/v2\/product\/3758","targetHints":{"allow":["GET"]}}],"collection":[{"href":"https:\/\/compuimpresion.com.co\/portal\/wp-json\/wp\/v2\/product"}],"about":[{"href":"https:\/\/compuimpresion.com.co\/portal\/wp-json\/wp\/v2\/types\/product"}],"replies":[{"embeddable":true,"href":"https:\/\/compuimpresion.com.co\/portal\/wp-json\/wp\/v2\/comments?post=3758"}],"wp:featuredmedia":[{"embeddable":true,"href":"https:\/\/compuimpresion.com.co\/portal\/wp-json\/wp\/v2\/media\/3759"}],"wp:attachment":[{"href":"https:\/\/compuimpresion.com.co\/portal\/wp-json\/wp\/v2\/media?parent=3758"}],"wp:term":[{"taxonomy":"pwb-brand","embeddable":true,"href":"https:\/\/compuimpresion.com.co\/portal\/wp-json\/wp\/v2\/pwb-brand?post=3758"},{"taxonomy":"product_brand","embeddable":true,"href":"https:\/\/compuimpresion.com.co\/portal\/wp-json\/wp\/v2\/product_brand?post=3758"},{"taxonomy":"product_cat","embeddable":true,"href":"https:\/\/compuimpresion.com.co\/portal\/wp-json\/wp\/v2\/product_cat?post=3758"},{"taxonomy":"product_tag","embeddable":true,"href":"https:\/\/compuimpresion.com.co\/portal\/wp-json\/wp\/v2\/product_tag?post=3758"}],"curies":[{"name":"wp","href":"https:\/\/api.w.org\/{rel}","templated":true}]}}