{"id":3741,"date":"2021-12-26T11:21:45","date_gmt":"2021-12-26T16:21:45","guid":{"rendered":"https:\/\/compuimpresion.com.co\/portal\/?post_type=product&#038;p=3741"},"modified":"2024-07-19T17:14:04","modified_gmt":"2024-07-19T22:14:04","slug":"impresora-multifuncional-hp-smart-tank-790-wifi","status":"publish","type":"product","link":"https:\/\/compuimpresion.com.co\/portal\/productos\/impresora-multifuncional-hp-smart-tank-790-wifi\/","title":{"rendered":"Impresora Multifuncional Hp Smart Tank 790 wifi"},"content":{"rendered":"<p><strong>Impresora Multifuncional Hp Smart Tank 790 wifi<\/strong><\/p>\n<p>Impulse la productividad con la instalaci\u00f3n m\u00f3vil,la impresi\u00f3n a doble cara, la interfaz t\u00e1ctil moderna y la funci\u00f3n de env\u00edo de fax, para que pueda conectarse, trabajar e imprimir de forma intuitiva. Logre calidad destacada y valor gracias a la tinta original HP que se incluye en la caja y permite imprimir por hasta tres a\u00f1os.<\/p>\n<p>Recursos<br \/>\nUna experiencia de impresi\u00f3n de primer nivel, de principio a fin<br \/>\nUse los videos detallados para instalar su impresora con rapidez.<br \/>\nObtenga conexiones m\u00e1s r\u00e1pidas y confiables con Wi-Fi de banda dual con recuperaci\u00f3n autom\u00e1tica.<br \/>\nAdministre las tareas con facilidad con una interfaz t\u00e1ctil moderna e integrada para lograr una experiencia intuitiva.<br \/>\nSupervise y conserve los niveles de tinta y papel con facilidad con iluminaci\u00f3n del tanque de tinta y sensores de papel integrados.<br \/>\nSu acceso directo a la m\u00e1xima productividad<br \/>\nAgilice el procesamiento de documentos con varias p\u00e1ginas con la impresi\u00f3n autom\u00e1tica a doble cara.<br \/>\nCuente con texto oscuro y n\u00edtido y obtenga gr\u00e1ficos color intensos en todas sus impresiones.<br \/>\nSimplifique el flujo de trabajo con accesos directos en la aplicaci\u00f3n HP Smart. Imprima, escanee, comparta y m\u00e1s con un solo clic.<br \/>\nTrabaje r\u00e1pido y sin manos: el alimentador autom\u00e1tico de 35 p\u00e1ginas lo ayuda a completar sus trabajos con rapidez.<br \/>\nLlena de grandes ahorros<br \/>\nImprima hasta 12 000 p\u00e1ginas en negro o hasta 8000 a color con la tinta original HP incluida en la caja.<br \/>\nImprima grandes vol\u00famenes con un costo por p\u00e1gina extremadamente bajo gracias a este sistema de tanque de tinta de alta capacidad.<br \/>\nAgregar tinta es un proceso limpio y sencillo con el innovador sistema de llenado antiderrames de HP.<br \/>\nImpresi\u00f3n ecol\u00f3gica<br \/>\nEsta impresora se fabric\u00f3 con pl\u00e1sticos reciclados y otros equipos electr\u00f3nicos, m\u00e1s del 25 por ciento por peso de pl\u00e1stico.<br \/>\nImpresora con certificaci\u00f3n EPEAT Silver: una opci\u00f3n ecol\u00f3gica.<br \/>\nConf\u00ede en el reciclaje de cartuchos sencillo y sin cargo a trav\u00e9s del programa HP Planet Partners.<br \/>\nEl papel HP con certificaci\u00f3n FSC proviene de fuentes sostenibles y ayuda a detener la deforestaci\u00f3n y proteger la fauna.<\/p>\n<p><strong>Caracter\u00edsticas Impresora Multifuncional Hp Smart Tank 790 wifi:<\/strong><\/p>\n<p>-Funciones: Impresi\u00f3n, copiado, escaneo, env\u00edo de fax, AAD y conexi\u00f3n inal\u00e1mbrica<br \/>\n&#8211; Velocidad de impresi\u00f3n en negro: ISO: Hasta 15 ppm<br \/>\n-Velocidad de impresi\u00f3n color: ISO:Hasta 9 ppm<br \/>\n&#8211; Volumen de p\u00e1ginas mensual recomendado: 400 a 1200<br \/>\n&#8211; Tecnolog\u00eda de impresi\u00f3n: Inyecci\u00f3n t\u00e9rmica de tinta HP<br \/>\n&#8211; Controladores de impresora incluidos: HP PCL 3 GUI<br \/>\n&#8211; Calidad de impresi\u00f3n (\u00f3ptima): Color: Impresi\u00f3n en color de hasta 4800 x 1200 dpi optimizados para impresi\u00f3n desde una computadora y 1200 dpi de entrada<br \/>\nNegro: Hasta 1200 x 1200 ppp de reproducci\u00f3n<br \/>\n&#8211; Pantalla: 3 in (76.2 mm) Touchscreen MGD (Mono Graphics Display)<br \/>\n&#8211; Velocidad del procesador: 800 MHz<br \/>\n&#8211; Botellas de repuesto Gt53 (negro) Gt52(cian, magenta, amarillo)<br \/>\n&#8211; Capacidad inal\u00e1mbrica: S\u00ed, Wi-Fi de banda dual de 2,4\/5G, Wi-Fi Direct, BLE<br \/>\n&#8211; Conectividad, est\u00e1ndar: 1 USB Host, USB 2.0 de alta velocidad,Wi-Fi, Bluetooth LE,Ethernet,Fax<br \/>\nRequisitos m\u00ednimos de sistema: Windows 10, 7: 32 bits o 64 bits, 2 GB de espacio disponible en el disco duro, conexi\u00f3n a Internet, Internet Explorer. macOS v10.14 Mojave, macOS v10.15 Catalina, macOS v11 Big Sur<br \/>\n&#8211; Sistemas operativos compatibles: Windows 10, 7,macOS v10.14 Mojave, macOS v10.15 Catalina, macOS v11 Big Sur;<br \/>\n-Movilidad: Impresi\u00f3n m\u00f3vil: Apple AirPrint,Certificaci\u00f3n Mopria,Complemento de servicio de impresi\u00f3n de HP (impresi\u00f3n de Android),Aplicaci\u00f3n HP Smart,Impresi\u00f3n WiFi Direct<br \/>\n-Entrada de manejo de papel, est\u00e1ndar: Bandeja de entrada 250 hojas<br \/>\n&#8211; Salida de manejo de papel, est\u00e1ndar: Bandeja de salida de 100 hojas<br \/>\n&#8211; Impresi\u00f3n a doble cara: Autom\u00e1tico<br \/>\n&#8211; Tama\u00f1os de soportes de impresi\u00f3n admitidos: A4,A5,A6,B5 (JIS),Sobre (DL, C5, C6, Chou 3, Chou 4)<br \/>\n&#8211; Tama\u00f1os de soportes personalizados: 88.9 x 127 mm a 215,9 x 355.6 mm<br \/>\n&#8211; Tipos de soportes: Papel normal, papeles fotogr\u00e1ficos HP, papel profesional o folleto mate HP, papel presentaci\u00f3n mate HP, papel profesional o folleto brillante HP, otros papeles para inyecci\u00f3n de tinta fotogr\u00e1ficos, otros papeles para inyecci\u00f3n de tinta mate, otros papeles de inyecci\u00f3n de tinta brillantes, liviano\/reciclado<br \/>\n-Pesos de soportes, admitidos: Papel normal: 60 a 105 g\/m\u00b2; Sobres: 75 a 90 g\/m\u00b2; Tarjetas: hasta 200 g\/m\u00b2; Papel fotogr\u00e1fico: hasta 250 g\/m\u00b2<br \/>\n-Impresi\u00f3n sin bordes: S\u00ed (hasta 8,5 x 11 pulgadas, 210 x 297 mm)<br \/>\nTipo de esc\u00e1ner: Superficie plana y alimentador autom\u00e1tico de documentos<br \/>\n-Formato del archivo de digitalizaci\u00f3n: BMP, JPEG, TIFF, PDF, PNG<br \/>\n-Resoluci\u00f3n de escaneo, \u00f3ptica: Hasta 1200 ppp<br \/>\n-Profundidad en bits: 24 bits<br \/>\n-Tama\u00f1o de escaneo, m\u00e1ximo:216 x 297 mm<br \/>\n-Tama\u00f1o de escaneo (ADF), m\u00e1ximo: 216 x 356 mm<br \/>\n-Capacidad del alimentador autom\u00e1tico de documentos: Est\u00e1ndar, 35 hojas<br \/>\n-Formato de archivo admitido: JPG<br \/>\n-Modos de entrada de digitalizaci\u00f3n: Esc\u00e1ner de panel frontal; Copia; Fax; Software HP; EWS<br \/>\n-Resoluci\u00f3n de copia (texto en negro): Hasta 600 ppp<br \/>\n-Resoluci\u00f3n de copia (texto y gr\u00e1ficos en color):Hasta 600 x 600 ppp<br \/>\n-Configuraci\u00f3n de reducci\u00f3n\/ampliaci\u00f3n de copias: 25 to 400%<br \/>\n-Copias, m\u00e1ximo: Hasta 99 copias<br \/>\n-Fax:S\u00ed, en color<br \/>\n-Resoluci\u00f3n de fax en negro (\u00f3ptima): Hasta 300 x 300 ppp<br \/>\n-Marcaciones r\u00e1pidas de fax, n\u00famero m\u00e1ximo: Hasta 99 n\u00fameros<br \/>\n&#8211; Alimentaci\u00f3n: Tensi\u00f3n de entrada: de 100 a 240 VCA (+\/- 10%), 50\/60 Hz (+\/- 3 Hz)<br \/>\n&#8211; Dimensiones m\u00e1ximas (ancho x largo x alto): 453,55 x 440,73 x 249,63 mm<br \/>\n&#8211; Peso: 7,70 kg<\/p>\n<p>Sku: 0830<br \/>\nEan: 0195908302926<br \/>\nN\/p: 4WF66A<\/p>\n","protected":false},"excerpt":{"rendered":"<p><strong>Impresora Multifuncional Hp Smart Tank 790 wifi<\/strong><\/p>\n<p>Impulse la productividad con la instalaci\u00f3n m\u00f3vil,la impresi\u00f3n a doble cara, la interfaz t\u00e1ctil moderna y la funci\u00f3n de env\u00edo de fax, para que pueda conectarse, trabajar e imprimir de forma intuitiva. Logre calidad destacada y valor gracias a la tinta original HP que se incluye en la caja y permite imprimir por hasta tres a\u00f1os.<\/p>\n<p>Recursos<br \/>\nUna experiencia de impresi\u00f3n de primer nivel, de principio a fin<br \/>\nUse los videos detallados para instalar su impresora con rapidez.<br \/>\nObtenga conexiones m\u00e1s r\u00e1pidas y confiables con Wi-Fi de banda dual con recuperaci\u00f3n autom\u00e1tica.<br \/>\nAdministre las tareas con facilidad con una interfaz t\u00e1ctil moderna e integrada para lograr una experiencia intuitiva.<br \/>\nSupervise y conserve los niveles de tinta y papel con facilidad con iluminaci\u00f3n del tanque de tinta y sensores de papel integrados.<br \/>\nSu acceso directo a la m\u00e1xima productividad<\/p>\n","protected":false},"featured_media":3742,"comment_status":"open","ping_status":"closed","template":"","meta":{"inline_featured_image":false},"pwb-brand":[124],"product_brand":[],"product_cat":[891,1259],"product_tag":[576,297,146,143,575,402],"class_list":{"0":"post-3741","1":"product","2":"type-product","3":"status-publish","4":"has-post-thumbnail","6":"pwb-brand-hp","7":"product_cat-impresion","8":"product_cat-inyeccion-de-tinta","9":"product_tag-576","10":"product_tag-hp","11":"product_tag-impresora","12":"product_tag-multifuncional","13":"product_tag-smart","14":"product_tag-tank","16":"first","17":"outofstock","18":"taxable","19":"shipping-taxable","20":"purchasable","21":"product-type-simple"},"brands":[{"id":124,"name":"HP","slug":"hp"}],"_links":{"self":[{"href":"https:\/\/compuimpresion.com.co\/portal\/wp-json\/wp\/v2\/product\/3741","targetHints":{"allow":["GET"]}}],"collection":[{"href":"https:\/\/compuimpresion.com.co\/portal\/wp-json\/wp\/v2\/product"}],"about":[{"href":"https:\/\/compuimpresion.com.co\/portal\/wp-json\/wp\/v2\/types\/product"}],"replies":[{"embeddable":true,"href":"https:\/\/compuimpresion.com.co\/portal\/wp-json\/wp\/v2\/comments?post=3741"}],"wp:featuredmedia":[{"embeddable":true,"href":"https:\/\/compuimpresion.com.co\/portal\/wp-json\/wp\/v2\/media\/3742"}],"wp:attachment":[{"href":"https:\/\/compuimpresion.com.co\/portal\/wp-json\/wp\/v2\/media?parent=3741"}],"wp:term":[{"taxonomy":"pwb-brand","embeddable":true,"href":"https:\/\/compuimpresion.com.co\/portal\/wp-json\/wp\/v2\/pwb-brand?post=3741"},{"taxonomy":"product_brand","embeddable":true,"href":"https:\/\/compuimpresion.com.co\/portal\/wp-json\/wp\/v2\/product_brand?post=3741"},{"taxonomy":"product_cat","embeddable":true,"href":"https:\/\/compuimpresion.com.co\/portal\/wp-json\/wp\/v2\/product_cat?post=3741"},{"taxonomy":"product_tag","embeddable":true,"href":"https:\/\/compuimpresion.com.co\/portal\/wp-json\/wp\/v2\/product_tag?post=3741"}],"curies":[{"name":"wp","href":"https:\/\/api.w.org\/{rel}","templated":true}]}}