{"id":3732,"date":"2021-12-26T10:41:33","date_gmt":"2021-12-26T15:41:33","guid":{"rendered":"https:\/\/compuimpresion.com.co\/portal\/?post_type=product&#038;p=3732"},"modified":"2025-03-05T12:00:47","modified_gmt":"2025-03-05T17:00:47","slug":"impresora-multifuncional-kyocera-fs-m3655idn","status":"publish","type":"product","link":"https:\/\/compuimpresion.com.co\/portal\/productos\/impresora-multifuncional-kyocera-fs-m3655idn\/","title":{"rendered":"Impresora Multifuncional Kyocera FS-M3655IDN"},"content":{"rendered":"<p><strong>Impresora Multifuncional Laser Kyocera FS-M3655IDN<\/strong><\/p>\n<p>La impresora ECOSYS M3655idn fue creada para satisfacer las necesidades de un equipo multifuncional blanco y negro peque\u00f1o en tama\u00f1o pero grande en funciones. Con velocidades de hasta 57 ppm, ofrece un rendimiento impresionante, con capacidades totales de impresi\u00f3n, copia, escaneo color y fax, excepcional calidad de impresi\u00f3n, est\u00e1ndar con procesador de documentos de doble escaneo, alta capacidad de papel, y funciones accesibles desde una interfaz pantalla t\u00e1ctil color de 7&#8243; similar a una tablet. Las aplicaciones de negocios impulsan la productividad con impresiones, escaneos y soluciones m\u00f3viles seguros dise\u00f1ados para satisfacer sus flujos de trabajo \u00fanicos. Los insumos de alto rendimiento completan el panorama, para ofrecer un dispositivo de escritorio potente con el bajo costo total de propiedad que su negocio merece.<br \/>\nImpresi\u00f3n n\u00edtida blanco y negro de oficina de hasta 57 p\u00e1ginas por minuto<br \/>\nInterfaz TSI (pantalla t\u00e1ctil) color de 7&#8243; personalizable<br \/>\nCompatible con HyPAS para usar aplicaciones de negocios de KYOCERA<br \/>\nEst\u00e1ndar con procesador de documentos de doble escaneo de 100 hojas<br \/>\nEst\u00e1ndar con capacidad para 600 hojas; expandible a 2,600 hojas<br \/>\nCompatible con KYOCERA Mobile Print\u2122, Apple AirPrint\u00ae (requiere IB-36), Google Cloud Print\u2122 y Mopria\u00ae Print Services.<br \/>\nListo para KFS: KYOCERA Fleet Services, un sistema de monitoreo seguro basado en la nube que optimiza el per\u00edodo en servicio del dispositivo y reduce los costos &gt; Listo para KNM: KYOCERA Net Manager, una interfaz para administrar las pol\u00edticas de impresi\u00f3n para los usuarios (c\u00f3mo y d\u00f3nde imprimen) y los dispositivos de impresi\u00f3n<br \/>\nLos equipos multifuncionales Kyocera ECOSYS brindan soluciones de oficina avanzadas que permiten a las empresas lograr un r\u00e1pido retorno de la inversi\u00f3n, con m\u00ednimo impacto en el medio ambiente. Espec\u00edficamente, los equipos multifuncionales ECOSYS utilizan tecnolog\u00edas de imagen que consisten en nuestro cilindro de larga duraci\u00f3n y cartuchos de t\u00f3ner separados. Esto elimina la necesidad de reemplazar el cilindro cuando se agota el t\u00f3ner, lo cual reduce el costo por impresi\u00f3n y los desperdicios. Por eso, los excelentes equipos multifuncionales ECOSYS de Kyocera soportan las iniciativas de sostenibilidad de nuestros clientes y al mismo tiempo reducen los costos operativos.<\/p>\n<p><strong>Caracter\u00edsticas Multifuncional Laser Kyocera FS-M3655IDN:<\/strong><\/p>\n<p>-Configuraci\u00f3n: Equipo multifuncional: Impresi\u00f3n \/ copiado \/ escaneo color \/ fax<br \/>\n-P\u00e1ginas por minuto: Carta: 57 ppm; legal: 46 ppm; A4: 55 ppm<br \/>\n-Velocidad de impresi\u00f3n d\u00faplex: Carta: 40 ppm; legal: 23 ppm<br \/>\n-Pantalla: Panel de control con pantalla t\u00e1ctil color (Interfaz TSI) de 7&#8243;<br \/>\n-Tiempo de calentamiento: 25 segundos o menos (encendido)<br \/>\n-Tiempo de salida de la primera impresi\u00f3n: Copiado: 6 segundos o menos Impresi\u00f3n: 4.9 segundos o menos<br \/>\n-Resoluci\u00f3n: 600 x 600 dpi, 300 x 300 dpi; resoluci\u00f3n interpolada fina 1200 (1200 x 1200 dpi) y r\u00e1pida 1200 (1800 x 600 dpi)<br \/>\n-Memoria: Est\u00e1ndar\/m\u00e1x.: 1 GB \/ 3 GB<br \/>\n-Ciclo de trabajo m\u00e1ximo: 250,000 p\u00e1ginas por mes<br \/>\n-Modo de imagen: Modos Texto, Foto, Texto y Foto, Mapa, Texto Claro\/L\u00ednea Fina<br \/>\n-Copia continua: 1-999 \/ autorreiniciable a 1<br \/>\n-Administraci\u00f3n de trabajos: Libreta de direcciones de 200 registros, conteo de trabajos, c\u00f3digos de 100 departamentos, 20 teclas de programa, 2 teclas de acceso directo<br \/>\n-Ampliaci\u00f3n \/ zoom: Zoom autom\u00e1tico, tama\u00f1o completo, 7 \u00edndices preestablecidos de reducci\u00f3n y 5 de ampliaci\u00f3n, zoom de 25 a 400 % en incrementos de 1 %<br \/>\n-PROCESADOR DE DOCUMENTOS Tipo \/ capacidad: Est\u00e1ndar con procesador de documentos de doble escaneo (DSDP) \/ 100 hojas Originales admitidos: Media carta a legal (5.5&#8243; x 8.5&#8243; \u2013 8.5&#8243; x 14&#8243;) Pesos admitidos: Simple faz \/ d\u00faplex: 50 \u2013 120 g\/m2<br \/>\n-Otras funciones: Selecci\u00f3n autom\u00e1tica de color (ACS), zoom autom\u00e1tico, d\u00faplex autom\u00e1tico, escaneo continuo, salto de p\u00e1gina en blanco.<br \/>\n-Tipo de escaneo: Esc\u00e1ner color y blanco y negro<br \/>\n-Resoluci\u00f3n del esc\u00e1ner: 600 dpi x 600 dpi , 400 dpi x 400 dpi 300 dpi x 300 dpi, 200 dpi x 400 dpi, 200 dpi x 200 dpi, 200 dpi x 100 dpi<br \/>\n-Funciones de escaneo: USB, TWAIN, WIA, WSD, env\u00edo a PC (SMB\/ FTP), e-mail, escaneo continuo, originales mixtos<br \/>\n-Formatos de archivo: TIFF\/PDF (MMR\/JPEG), XPS, OpenXPS, PDF\/A, PDF de Alta Compresi\u00f3n; opci\u00f3n de: PDF y OOXML \/ OOXML(OCR)3 disponibles para hacer b\u00fasquedas<br \/>\n-Velocidades de escaneo: Simple faz blanco y negro \/ color: a 300 dpi &#8211; 62 ipm\/42 ipm; a 600 dpi &#8211; 42 ipm\/21 ipm<br \/>\n-D\u00faplex (DSDP) blanco y negro \/ color: a 300 dpi: 112 ipm\/68 ipm: a 600 dpi 68 ipm\/34 ipm<br \/>\n-Tama\u00f1o del original: M\u00edn.\/m\u00e1x.: vidrio\/procesador de documentos: Media carta a legal (5.5&#8243; x 8.5&#8243; \u2013 8.5&#8243; x 14&#8243;); banner: procesador de documentos hasta 36&#8243;<br \/>\n-OPCIONES DE MANEJO DEL PAPEL PF-3110: Bandeja de alimentaci\u00f3n de papel (500 hojas x 4) Tama\u00f1o de papel: Media carta a legal (5.5&#8243; x 8.5&#8243; \u2013 8.5&#8243; x 14&#8243;), sobre, personalizado Dimensiones \/ peso: 38 cm de ancho x 41 cm de profundidad x 12 cm de altura \/ 4 kg<br \/>\n-SUMINISTRO DE PAPEL:<br \/>\n-Fuentes de papel est\u00e1ndar: Bandeja de papel simple para 500 hojas, bandeja multiprop\u00f3sito para 100 hojas<br \/>\n-Fuentes de papel est\u00e1ndar \/ m\u00e1ximas: 2 \/ 6 incluida la bandeja multiprop\u00f3sito<br \/>\n-Capacidad de papel est\u00e1ndar \/ m\u00e1xima: 600 hojas \/ 2,600 hojas<br \/>\nTama\u00f1o de papel: Est\u00e1ndar y MPT (bandeja multiprop\u00f3sito): Media carta a legal (5.5&#8243; x 8.5&#8243; \u2013 8.5&#8243; x 14&#8243;), sobre, personalizado; solo bandeja multiprop\u00f3sito: Banner<br \/>\n-Densidad del papel: Bandejas est\u00e1ndar \/ opcionales: 60 \u2013 120 g\/m2 ; bandeja multiprop\u00f3sito (MPT): 60 \u2013 220 g\/m2<br \/>\n-Capacidad de la bandeja de salida de papel est\u00e1ndar: 500 hojas (cara hacia abajo)<br \/>\nTipos de papel: Bandeja est\u00e1ndar \/ opcional: papel com\u00fan, bond, reciclado; MPT (bandeja multiprop\u00f3sito): papel com\u00fan, bond, etiquetas, reciclado, membretes, sobres, OHP, papel delgado\/ denso, recubierto, banner<br \/>\n-ESPECIFICACIONES DEL FAX Compatibilidad \/ Compresi\u00f3n de datos: Fax ITU-T G3\/MMR, MR, MH, JBIG<br \/>\n-Velocidad de transmisi\u00f3n \/ velocidad del m\u00f3dem: 33.6 kbps Memoria del fax: 6 MB<br \/>\n-Funciones del fax: Original de simple fax y d\u00faplex, escaneo continuo, banner, recepci\u00f3n programada, ajuste de densidad, env\u00edo directo, polling, notificaci\u00f3n de trabajo terminado, configuraci\u00f3n de nombre de trabajo, originales mixtos (mismo ancho)<br \/>\n-ESPECIFICACIONES DE SEGURIDAD Est\u00e1ndar: Autenticaci\u00f3n de Red y Local, IPsec, HTTPS, SNMPv3, IPP sobre SSL\/TLS, HTTP sobre SSL\/TLS, FTP sobre SSL\/TLS, SMTP sobre SSL\/TLS, POP3 sobre SSL\/TLS, protocolo LDAP sobre SSL, WSD Mejorado sobre SSL\/TLS; opci\u00f3n de: Kit de Seguridad de Datos (E)<br \/>\n-ESPECIFICACIONES DE LA IMPRESORA Controlador est\u00e1ndar: ARM Cortex-A9 1,200 MHz PDL \/ emulaciones: PRESCRIBE, PCL6 (PCL-XL\/PCL-5c), KPDL3 (soporte para PDF Direct Print, AES), XPS, Open XPS (soporte para Direct Print TIFF\/JPEG), IBM Proprinter, Line Print Fuentes: Resumen: 93 fuentes (PCL6\/KPDL3), 8 fuentes (Windows\/Vista); Bitmap: 1 fuente, 79 fuentes Outline C\u00f3digos de barras: Unidimensional: tipo 45; bidimensional: PDF417 tipo 1 Compatibilidad con SO Windows: Windows 7\/8\/8.1\/10\/Server 2008\/Server 2008 R2\/Server 2012\/Server 2012 R2\/Server 2016 Compatibilidad con Mac OS: Requiere Mac OS X v10.5 o versi\u00f3n posterior Interfaces: 10\/100\/1000BaseTX, 1 USB 2.0 de alta velocidad, 1 host USB 2.0 de alta velocidad, 1 ranura de expansi\u00f3n; opci\u00f3n de: LAN inal\u00e1mbrica IB-36 (rango de aprox. 30 metros y Wi-Fi Direct), IB-51 (rango de aprox. 100 metros); tarjeta de red DUAL LAN IB-50 Impresi\u00f3n m\u00f3vil: KYOCERA Mobile Print\u2122, KYOCERA Mobile Print\u2122 for Students, KYOCERA MyPanel, Apple AirPrint\u00ae1 , Wi-Fi Direct1 , Google Cloud Print\u2122, Mopria\u00ae Impresi\u00f3n en red y protocolos soportados: TCP\/IP, IPv4, IPv6, NetBEUI, FTP, LPR, Puerto9100, Apple Bonjour, IPP, escaneo\/ impresi\u00f3n WSD, DHCP, DNS, PNP USB, protocolo LDAP, SMTP, PDF Direct Print, PnP-X (WS-Discovery para servicio de impresi\u00f3n WSD) Drivers: KX Driver, KX(XPS) Driver, PCL Mini Driver, KPDL Mini Driver, Driver de FAX en Red, TWAIN Driver, WIA Driver, MAC Driver, Linux Driver<br \/>\n-Dimensiones: 48 cm de ancho x 50 cm de prof. x 59 cm de alto \/<br \/>\n-Peso: 24 kg<\/p>\n<p>Sku: 4797<br \/>\nEan: 632983051016<br \/>\nN\/p: M3655idn<\/p>\n","protected":false},"excerpt":{"rendered":"<p><strong>Impresora Multifuncional Laser Kyocera FS-M3655IDN<\/strong><\/p>\n<p>La impresora ECOSYS M3655idn fue creada para satisfacer las necesidades de un equipo multifuncional blanco y negro peque\u00f1o en tama\u00f1o pero grande en funciones. Con velocidades de hasta 57 ppm, ofrece un rendimiento impresionante, con capacidades totales de impresi\u00f3n, copia, escaneo color y fax, excepcional calidad de impresi\u00f3n, est\u00e1ndar con procesador de documentos de doble escaneo, alta capacidad de papel, y funciones accesibles desde una interfaz pantalla t\u00e1ctil color de 7&#8243; similar a una tablet. Las aplicaciones de negocios impulsan la productividad con impresiones, escaneos y soluciones m\u00f3viles seguros dise\u00f1ados para satisfacer sus flujos de trabajo \u00fanicos. Los insumos de alto rendimiento completan el panorama, para ofrecer un dispositivo de escritorio potente con el bajo costo total de propiedad que su negocio merece.<\/p>\n","protected":false},"featured_media":3734,"comment_status":"open","ping_status":"closed","template":"","meta":{"inline_featured_image":false},"pwb-brand":[569],"product_brand":[],"product_cat":[891,1257],"product_tag":[666,146,650,155,667,150,143],"class_list":{"0":"post-3732","1":"product","2":"type-product","3":"status-publish","4":"has-post-thumbnail","6":"pwb-brand-kyocera","7":"product_cat-impresion","8":"product_cat-laser-multifuncional-monocromatica","9":"product_tag-fs","10":"product_tag-impresora","11":"product_tag-kyocera","12":"product_tag-laser","13":"product_tag-m3655idn","14":"product_tag-monocromatica","15":"product_tag-multifuncional","17":"first","18":"outofstock","19":"taxable","20":"shipping-taxable","21":"purchasable","22":"product-type-simple"},"brands":[{"id":569,"name":"Kyocera","slug":"kyocera"}],"_links":{"self":[{"href":"https:\/\/compuimpresion.com.co\/portal\/wp-json\/wp\/v2\/product\/3732","targetHints":{"allow":["GET"]}}],"collection":[{"href":"https:\/\/compuimpresion.com.co\/portal\/wp-json\/wp\/v2\/product"}],"about":[{"href":"https:\/\/compuimpresion.com.co\/portal\/wp-json\/wp\/v2\/types\/product"}],"replies":[{"embeddable":true,"href":"https:\/\/compuimpresion.com.co\/portal\/wp-json\/wp\/v2\/comments?post=3732"}],"wp:featuredmedia":[{"embeddable":true,"href":"https:\/\/compuimpresion.com.co\/portal\/wp-json\/wp\/v2\/media\/3734"}],"wp:attachment":[{"href":"https:\/\/compuimpresion.com.co\/portal\/wp-json\/wp\/v2\/media?parent=3732"}],"wp:term":[{"taxonomy":"pwb-brand","embeddable":true,"href":"https:\/\/compuimpresion.com.co\/portal\/wp-json\/wp\/v2\/pwb-brand?post=3732"},{"taxonomy":"product_brand","embeddable":true,"href":"https:\/\/compuimpresion.com.co\/portal\/wp-json\/wp\/v2\/product_brand?post=3732"},{"taxonomy":"product_cat","embeddable":true,"href":"https:\/\/compuimpresion.com.co\/portal\/wp-json\/wp\/v2\/product_cat?post=3732"},{"taxonomy":"product_tag","embeddable":true,"href":"https:\/\/compuimpresion.com.co\/portal\/wp-json\/wp\/v2\/product_tag?post=3732"}],"curies":[{"name":"wp","href":"https:\/\/api.w.org\/{rel}","templated":true}]}}