{"id":3726,"date":"2021-12-26T10:31:58","date_gmt":"2021-12-26T15:31:58","guid":{"rendered":"https:\/\/compuimpresion.com.co\/portal\/?post_type=product&#038;p=3726"},"modified":"2024-07-19T15:59:18","modified_gmt":"2024-07-19T20:59:18","slug":"escaner-hp-scanjet-enterprise-flow-5000-s5-documental","status":"publish","type":"product","link":"https:\/\/compuimpresion.com.co\/portal\/productos\/escaner-hp-scanjet-enterprise-flow-5000-s5-documental\/","title":{"rendered":"Escaner Hp Scanjet Enterprise flow 5000 s5 Documental"},"content":{"rendered":"<p><strong>Escaner Hp Scanjet Enterprise flow 5000 s5 Documental<\/strong><\/p>\n<p>Maneje grandes vol\u00famenes a velocidades incre\u00edbles: hasta 65 ppm\/130 ipm. Se recomienda para 7500 p\u00e1ginas por d\u00eda. El software integrado y el alimentador autom\u00e1tico de documentos de 80 p\u00e1ginas permiten manipular el papel sin inconvenientes.<br \/>\nCaptura el documento entero con un escaneado a doble cara de una sola pasada de hasta 130 ipm.<br \/>\nLibere espacio para trabajar. <strong>Este esc\u00e1ner HP ScanJet es peque\u00f1o y delgado, con un dise\u00f1o moderno, perfecto para el escritorio.<\/strong><br \/>\nCapture una amplia gama de documentos, hasta pilas de hojas de diferentes tipos y tama\u00f1os, con HP EveryPage.<br \/>\nCargue hasta 80 p\u00e1ginas en el alimentador autom\u00e1tico de documentos para escanear de forma r\u00e1pida y sin supervisi\u00f3n.<br \/>\nAhorre tiempo y mejore el rendimiento con flujos de trabajo personalizados. Capture f\u00e1cilmente una amplia gama de tipos de papel en la misma operaci\u00f3n, y env\u00ede la informaci\u00f3n donde usted necesite. Integre este HP ScanJet en su empresa para administrar la informaci\u00f3n con eficiencia.<br \/>\nIdentifique nuevos dispositivos y obtenga informaci\u00f3n de escaneo con la <strong>detecci\u00f3n y supervisi\u00f3n remotas de HP Web Jetadmin.<\/strong><br \/>\nSimplifique la manera de escanear documentos de tama\u00f1o A3, sin necesidad de una hoja de cobertura.<br \/>\nEscanee im\u00e1genes directamente a aplicaciones, con las completas opciones incluidas: TWAIN e ISIS\u00ae.<br \/>\n<strong>Convierta f\u00e1cilmente escaneos en texto editable, archivos PDF consiltables y otros tipos de archivos, mediante el reconocimiento \u00f3ptico de caracteres incorporado.<\/strong><br \/>\nAumente la precisi\u00f3n y simplifique los trabajos. Capture texto e im\u00e1genes intensos y ahorre tiempo.<br \/>\nAhorre tiempo y simplifique los trabajos de escaneo complejos con <strong>HP Scan Premium.<\/strong><br \/>\nCree configuraciones de escaneo de un bot\u00f3n para tareas repetitivas y realice selecciones usando el panel de control LCD.<br \/>\nCapture y organice documentos, tarjetas de presentaci\u00f3n y otros tipos de archivos con software de muchos recursos<\/p>\n<p>&nbsp;<\/p>\n<p><strong>Caracter\u00edsticas Escaner Hp Scanjet Enterprise flow 5000 s5 Documental:<\/strong><\/p>\n<p>&#8211; Tipo de esc\u00e1ner: Alim. Hojas<br \/>\n&#8211; Resoluci\u00f3n de escaneo, \u00f3ptica: Hasta 600 ppp<br \/>\n&#8211; Ajustes de resoluci\u00f3n de salida en ppp: 75; 150; 200; 240; 300; 400; 500; 600; 1200 ppi<br \/>\n&#8211; Velocidad de escaneo del alimentador autom\u00e1tico de documentos: Hasta 65 ppm\/130 ipm<br \/>\n&#8211; Ciclo de trabajo (diario): Ciclo de trabajo diario recomendado: 7500 p\u00e1ginas<br \/>\n&#8211; Profundidad en bits: 24 bits (externo), 48 bits (interno)<br \/>\n&#8211; Capacidad del alimentador autom\u00e1tico de documentos: Est\u00e1ndar, 80 hojas<br \/>\n&#8211; Tama\u00f1o de escaneo (ADF), m\u00e1ximo: 216 x 3100 mm<br \/>\n&#8211; Tama\u00f1o de escaneado ADF (m\u00ednimo): 50,8 x 50,8 mm<br \/>\n&#8211; Modos de entrada de digitalizaci\u00f3n: Dos modos de escaneo (una\/dos caras) con una conveniente pantalla LCD de 2&#215;16 caracteres en el panel frontal para escaneo HP en Win OS, HP Easy Scan \/ ICA en Mac OS y aplicaciones de terceros a trav\u00e9s de TWAIN, ISIS y WIA<br \/>\n&#8211; Formato del archivo de digitalizaci\u00f3n: Para texto e im\u00e1genes: PDF, PDF\/A, PDF cifrado, JPEG, PNG, BMP, TIFF, Word, Excel, PowerPoint, texto (.txt), texto enriquecido (.rtf) y PDF con funci\u00f3n de b\u00fasqueda<br \/>\n&#8211; Opciones de escaneo (ADF): Ambas caras en un solo ciclo<br \/>\n&#8211; Escaneado ADF duplex: S\u00ed<br \/>\n&#8211; Tecnolog\u00eda de escaneado: CMOS CIS (sensor de imagen de contacto)<br \/>\n&#8211; Niveles de escala de grises: 256<br \/>\n&#8211; Escaneado color: Si<br \/>\n&#8211; Detecci\u00f3n de alimentaci\u00f3n multiple: Si<br \/>\n&#8211; Fuente de luz (exploraci\u00f3n): Led<br \/>\n&#8211; Funciones avanzadas del esc\u00e1ner:<br \/>\nExposici\u00f3n autom\u00e1tica, L\u00edmite autom\u00e1tico, Detecci\u00f3n de color autom\u00e1tica, Difuminado\/eliminaci\u00f3n de fondo, Detecci\u00f3n de tama\u00f1o autom\u00e1tica, Enderezado de contenido, Mejorar contenido, Transmisi\u00f3n m\u00faltiple, Alimentaci\u00f3n autom\u00e1tica, Sensor de detecci\u00f3n de alimentaci\u00f3n m\u00faltiple, Detecci\u00f3n avanzada de alimentaci\u00f3n m\u00faltiple, Orientaci\u00f3n autom\u00e1tica, Omisi\u00f3n multicolor, Omisi\u00f3n del color del canal, Borrado de bordes, Eliminar p\u00e1gina en blanco, Combinar p\u00e1ginas, Relleno de agujeros, Sellos digitales, Captura de metadatos, Permisos de PDF, Firmas digitales de PDF, Separaci\u00f3n de documentos (p\u00e1gina en blanco, c\u00f3digo de barras, c\u00f3digo de barras zonal, OCR zonal)<br \/>\n-Conectividad, est\u00e1ndar: USB 3.0<br \/>\n&#8211; Versi\u00f3n Twain: Windows: TWAIN versi\u00f3n 2.1 de 32 y 64 bits; Mac: n\/a<br \/>\n&#8211; Panel de control: Pantalla LCD de 2 l\u00edneas y 16 caracteres por l\u00ednea, bot\u00f3n de Una cara, bot\u00f3n de Doble cara, bot\u00f3n Cancelar, bot\u00f3n de encendido, Bot\u00f3n arriba, bot\u00f3n abajo con bot\u00f3n Herramienta y LED.<br \/>\n&#8211; Pesos de medios, alimentador de documentos autom\u00e1tico (ADF) admitido: 43 a 350 g\/m\u00b2<br \/>\n&#8211; Tama\u00f1o del soporte de impresi\u00f3n (alimentador autom\u00e1tico de documentos): Carta de EE.UU.: 215,9 x 279,4 mm (8,5 x 11 pulg); Legal de EE.UU.: 215,9 x 355,6 mm (8,5 x 14 pulg); Ejecutivo de EE.UU.: 184,2 x 266,7 mm (7,25 x 10,5 pulg); A4 ISO; 210 x 297 mm (8,3 x 11,7 pulg); B5 JIS: 182 x 257 mm (7,2 x 10,1 pulg); B5 ISO; 176 x 250 mm (7,0 x 9,9 pulg); A5 ISO; 148 x 210 mm (5,8 x 8,3 pulg); A6 ISO; 105 x 148 mm (5,8 x 4,1 pulg); A7 ISO; 74 x 104 mm (2,9 x 4,1 pulg); A8 ISO; 52 x 74 mm (2,0 x 2,9 pulg); Personalizado: De 5,08 x 7,36 cm a 21,6 x 309,9 cm (de 2,0 x 2,9 pulgadas a 8,5 x 122 pulgadas)<br \/>\n&#8211; Emisiones de potencia ac\u00fastica: 65 (dB), 6,5 (B)<br \/>\n&#8211; Sistemas operativos compatibles: Microsoft\u00ae Windows\u00ae (10, 8.1, 7, XP: 32 bits y 64 bits, 2008 R2, 2012 R2, 2016, 2019); MacOS (Catalina 10.15, Mojave 10.14, High Sierra 10.13); Linux (Ubuntu, Fedora, Debian, RHEL, Linux Mint, Open Suse, Manjaro)<br \/>\n&#8211; Compatible con Mac: Si, macOS Catalina 10.15, macOS Mojave 10.14, macOS High Sierra 10.13; 1 GB de espacio disponible en el disco duro; Requiere Internet; USB<br \/>\n&#8211; Dimensiones m\u00ednimas (anch. x prof. x alt.): 310 x 198 x 190 mm<br \/>\n&#8211; Peso: 3,8 kg<\/p>\n<p>Sku: 2213<br \/>\nEan: 0193905029969<br \/>\nN\/p: 6FW09A<\/p>\n","protected":false},"excerpt":{"rendered":"<p><strong>Escaner Hp Scanjet Enterprise flow 5000 s5 Documental<\/strong><\/p>\n<p>&nbsp;<\/p>\n<p><strong>Convierta f\u00e1cilmente escaneos en texto editable, archivos PDF consiltables y otros tipos de archivos, mediante el reconocimiento \u00f3ptico de caracteres incorporado.<\/strong><\/p>\n<p>Maneje grandes vol\u00famenes a velocidades incre\u00edbles: hasta 65 ppm\/130 ipm. Se recomienda para 7500 p\u00e1ginas por d\u00eda. El software integrado y el alimentador autom\u00e1tico de documentos de 80 p\u00e1ginas permiten manipular el papel sin inconvenientes.<br \/>\nCaptura el documento entero con un escaneado a doble cara de una sola pasada de hasta 130 ipm.<br \/>\nLibere espacio para trabajar. Este esc\u00e1ner HP ScanJet es peque\u00f1o y delgado, con un dise\u00f1o moderno, perfecto para el escritorio.<br \/>\nCapture una amplia gama de documentos, hasta pilas de hojas de diferentes tipos y tama\u00f1os, con HP EveryPage.<br \/>\n<strong>Cargue hasta 80 p\u00e1ginas en el alimentador autom\u00e1tico de documentos para escanear de forma r\u00e1pida y sin supervisi\u00f3n<\/strong>.<br \/>\nAhorre tiempo y mejore el rendimiento con flujos de trabajo personalizados. Capture f\u00e1cilmente una amplia gama de tipos de papel en la misma operaci\u00f3n, y env\u00ede la informaci\u00f3n donde usted necesite. Integre este HP ScanJet en su empresa para administrar la informaci\u00f3n con eficiencia.<\/p>\n","protected":false},"featured_media":3730,"comment_status":"open","ping_status":"closed","template":"","meta":{"inline_featured_image":false},"pwb-brand":[124],"product_brand":[],"product_cat":[895],"product_tag":[566,568,451,374,452,297,567,450],"class_list":{"0":"post-3726","1":"product","2":"type-product","3":"status-publish","4":"has-post-thumbnail","6":"pwb-brand-hp","7":"product_cat-escaner","8":"product_tag-566","9":"product_tag-documental","10":"product_tag-enterprise","11":"product_tag-escaner","12":"product_tag-flow","13":"product_tag-hp","14":"product_tag-s5","15":"product_tag-scanjet","17":"first","18":"outofstock","19":"taxable","20":"shipping-taxable","21":"purchasable","22":"product-type-simple"},"brands":[{"id":124,"name":"HP","slug":"hp"}],"_links":{"self":[{"href":"https:\/\/compuimpresion.com.co\/portal\/wp-json\/wp\/v2\/product\/3726","targetHints":{"allow":["GET"]}}],"collection":[{"href":"https:\/\/compuimpresion.com.co\/portal\/wp-json\/wp\/v2\/product"}],"about":[{"href":"https:\/\/compuimpresion.com.co\/portal\/wp-json\/wp\/v2\/types\/product"}],"replies":[{"embeddable":true,"href":"https:\/\/compuimpresion.com.co\/portal\/wp-json\/wp\/v2\/comments?post=3726"}],"wp:featuredmedia":[{"embeddable":true,"href":"https:\/\/compuimpresion.com.co\/portal\/wp-json\/wp\/v2\/media\/3730"}],"wp:attachment":[{"href":"https:\/\/compuimpresion.com.co\/portal\/wp-json\/wp\/v2\/media?parent=3726"}],"wp:term":[{"taxonomy":"pwb-brand","embeddable":true,"href":"https:\/\/compuimpresion.com.co\/portal\/wp-json\/wp\/v2\/pwb-brand?post=3726"},{"taxonomy":"product_brand","embeddable":true,"href":"https:\/\/compuimpresion.com.co\/portal\/wp-json\/wp\/v2\/product_brand?post=3726"},{"taxonomy":"product_cat","embeddable":true,"href":"https:\/\/compuimpresion.com.co\/portal\/wp-json\/wp\/v2\/product_cat?post=3726"},{"taxonomy":"product_tag","embeddable":true,"href":"https:\/\/compuimpresion.com.co\/portal\/wp-json\/wp\/v2\/product_tag?post=3726"}],"curies":[{"name":"wp","href":"https:\/\/api.w.org\/{rel}","templated":true}]}}