{"id":3711,"date":"2021-12-26T09:46:16","date_gmt":"2021-12-26T14:46:16","guid":{"rendered":"https:\/\/compuimpresion.com.co\/portal\/?post_type=product&#038;p=3711"},"modified":"2024-07-19T15:59:52","modified_gmt":"2024-07-19T20:59:52","slug":"escanner-manual-de-codigo-de-barras-1d-sc050","status":"publish","type":"product","link":"https:\/\/compuimpresion.com.co\/portal\/productos\/escanner-manual-de-codigo-de-barras-1d-sc050\/","title":{"rendered":"Esc\u00e1nner Manual de c\u00f3digo de barras 1D SC050"},"content":{"rendered":"<p><strong>Esc\u00e1nner Manual de c\u00f3digo de barras 1D SC050<\/strong><\/p>\n<p>El SC050 es un lector de c\u00f3digo de barras de bajo costo que provee lecturas r\u00e1pidas y confiables adem\u00e1s de un dise\u00f1o ergon\u00f3mico y liviano.<br \/>\nConstruido con un sellado especial IP54 que lo protege del agua y del polvo, dise\u00f1ado para minimizar el mantenimiento y los costos de servicio.<\/p>\n<p><strong>Caracter\u00edsticas Esc\u00e1nner Manual de c\u00f3digo de barras 1D SC050:<\/strong><\/p>\n<p>-Tipo: L\u00e1ser Diodo Visible 650nm<br \/>\n&#8211; Conexi\u00f3n USB<br \/>\n&#8211; Sellado: IP54<br \/>\n&#8211; Compatibilidad: Windows XP, 8.1, 10, Linux, Mac OS<br \/>\n&#8211; Patr\u00f3n de Escaneo: Simple<br \/>\n-Resistencia al polvo, salpicaduras de agua y aceite.<br \/>\n-Profundidad de campo de hasta 30 cm.<br \/>\n-Resistencias a ca\u00eddas de hasta 1,5 m (5 pies)<br \/>\n-Duraci\u00f3n del bot\u00f3n: 10 millones de lecturas<br \/>\n&#8211; Lectura de c\u00f3digos de barras lineales 1D : EAN-8, EAN-13, UPC-A, UPC-E, Code 39, Code 128, EAN128, Codabar, Industrial 2 of 5, Interleave 2 of 5, Matrix 2 of 5, MSI<br \/>\n-Incluye base con articulaci\u00f3n ajustable.<br \/>\n-Amplitud de lectura: c\u00f3digos de barras de 4cms hasta 6cms de ancho<\/p>\n<p>Sku:<br \/>\nEan: 0853211005148<br \/>\nN\/p: SC050<\/p>\n","protected":false},"excerpt":{"rendered":"<p><strong>Esc\u00e1nner Manual de c\u00f3digo de barras 1D SC050<\/strong><\/p>\n<p>El SC050 es un lector de c\u00f3digo de barras de bajo costo que provee lecturas r\u00e1pidas y confiables adem\u00e1s de un dise\u00f1o ergon\u00f3mico y liviano.<br \/>\nConstruido con un sellado especial IP54 que lo protege del agua y del polvo, dise\u00f1ado para minimizar el mantenimiento y los costos de servicio.<\/p>\n","protected":false},"featured_media":3712,"comment_status":"open","ping_status":"closed","template":"","meta":{"inline_featured_image":false},"pwb-brand":[187],"product_brand":[],"product_cat":[1253],"product_tag":[557,556,558],"class_list":{"0":"post-3711","1":"product","2":"type-product","3":"status-publish","4":"has-post-thumbnail","6":"pwb-brand-3nstar","7":"product_cat-solucion-pos","8":"product_tag-1d","9":"product_tag-escanner-manual-de-codigo-de-barras","10":"product_tag-sc050","12":"first","13":"outofstock","14":"taxable","15":"shipping-taxable","16":"purchasable","17":"product-type-simple"},"brands":[{"id":187,"name":"3nStar","slug":"3nstar"}],"_links":{"self":[{"href":"https:\/\/compuimpresion.com.co\/portal\/wp-json\/wp\/v2\/product\/3711","targetHints":{"allow":["GET"]}}],"collection":[{"href":"https:\/\/compuimpresion.com.co\/portal\/wp-json\/wp\/v2\/product"}],"about":[{"href":"https:\/\/compuimpresion.com.co\/portal\/wp-json\/wp\/v2\/types\/product"}],"replies":[{"embeddable":true,"href":"https:\/\/compuimpresion.com.co\/portal\/wp-json\/wp\/v2\/comments?post=3711"}],"wp:featuredmedia":[{"embeddable":true,"href":"https:\/\/compuimpresion.com.co\/portal\/wp-json\/wp\/v2\/media\/3712"}],"wp:attachment":[{"href":"https:\/\/compuimpresion.com.co\/portal\/wp-json\/wp\/v2\/media?parent=3711"}],"wp:term":[{"taxonomy":"pwb-brand","embeddable":true,"href":"https:\/\/compuimpresion.com.co\/portal\/wp-json\/wp\/v2\/pwb-brand?post=3711"},{"taxonomy":"product_brand","embeddable":true,"href":"https:\/\/compuimpresion.com.co\/portal\/wp-json\/wp\/v2\/product_brand?post=3711"},{"taxonomy":"product_cat","embeddable":true,"href":"https:\/\/compuimpresion.com.co\/portal\/wp-json\/wp\/v2\/product_cat?post=3711"},{"taxonomy":"product_tag","embeddable":true,"href":"https:\/\/compuimpresion.com.co\/portal\/wp-json\/wp\/v2\/product_tag?post=3711"}],"curies":[{"name":"wp","href":"https:\/\/api.w.org\/{rel}","templated":true}]}}