{"id":3708,"date":"2021-12-26T09:38:40","date_gmt":"2021-12-26T14:38:40","guid":{"rendered":"https:\/\/compuimpresion.com.co\/portal\/?post_type=product&#038;p=3708"},"modified":"2024-07-22T11:20:06","modified_gmt":"2024-07-22T16:20:06","slug":"cajon-monedero-3nstar-standard-24v-mod-cd350","status":"publish","type":"product","link":"https:\/\/compuimpresion.com.co\/portal\/productos\/cajon-monedero-3nstar-standard-24v-mod-cd350\/","title":{"rendered":"Cajon Monedero 3nstar Standard 24v (mod-cd350)"},"content":{"rendered":"<p><strong>Cajon Monedero 3nstar Standard 24v (mod-cd350)<\/strong><\/p>\n<p>La gaveta CD350 de 3nStar constituye una soluci\u00f3n robusta y segura. La integraci\u00f3n con impresoras de recibos es sumamente sencilla y el desempe\u00f1o mec\u00e1nico excelente, la CD350 es ideal para cualquier negocio en la que la seguridad del dinero en efectivo sea un elemento vital.<\/p>\n<p><strong>Caracter\u00edsticas Cajon Monedero 3nstar Standard 24v (mod-cd350)<\/strong>:<\/p>\n<p>\u2022 Caja electr\u00f3nica<br \/>\n\u2022 Dimensiones (Pulgadas): 3.9\u2033 (H) x 16.1\u2033 (W) x 16.5\u2033 (D)<br \/>\n\u2022 Dimensiones (mm): 100mm (H) x 410mm (W) x 420mm (D)<br \/>\n\u2022 Metal macizo<br \/>\n\u2022 Conexi\u00f3n: RJ11<br \/>\n\u2022 Bloqueo de cerradura<br \/>\n\u2022 Caj\u00f3n de pl\u00e1stico resistente<br \/>\n\u2022 5 compartimientos para billetes, 8 compartimentos para monedas, ranuras de extracci\u00f3n<br \/>\n\u2022 Rodillos de poliuretano para un funcionamiento suave<br \/>\n\u2022 Micro switch indica el estatus de la caja registradora<\/p>\n<p>Sku: 4977<br \/>\nEan: 0853211005865<br \/>\nN\/p: CD350<\/p>\n","protected":false},"excerpt":{"rendered":"<p><strong>Cajon Monedero 3nstar Standard 24v (mod-cd350)<\/strong><\/p>\n<p>La gaveta CD350 de 3nStar constituye una soluci\u00f3n robusta y segura. La integraci\u00f3n con impresoras de recibos es sumamente sencilla y el desempe\u00f1o mec\u00e1nico excelente, la CD350 es ideal para cualquier negocio en la que la seguridad del dinero en efectivo sea un elemento vital.<\/p>\n","protected":false},"featured_media":3709,"comment_status":"open","ping_status":"closed","template":"","meta":{"inline_featured_image":false},"pwb-brand":[187],"product_brand":[],"product_cat":[1253],"product_tag":[554,553,551,549,550,552],"class_list":{"0":"post-3708","1":"product","2":"type-product","3":"status-publish","4":"has-post-thumbnail","6":"pwb-brand-3nstar","7":"product_cat-solucion-pos","8":"product_tag-mod-cd350","9":"product_tag-24v","10":"product_tag-3nstar","11":"product_tag-cajon","12":"product_tag-monedero","13":"product_tag-standard","15":"first","16":"outofstock","17":"taxable","18":"shipping-taxable","19":"purchasable","20":"product-type-simple"},"brands":[{"id":187,"name":"3nStar","slug":"3nstar"}],"_links":{"self":[{"href":"https:\/\/compuimpresion.com.co\/portal\/wp-json\/wp\/v2\/product\/3708","targetHints":{"allow":["GET"]}}],"collection":[{"href":"https:\/\/compuimpresion.com.co\/portal\/wp-json\/wp\/v2\/product"}],"about":[{"href":"https:\/\/compuimpresion.com.co\/portal\/wp-json\/wp\/v2\/types\/product"}],"replies":[{"embeddable":true,"href":"https:\/\/compuimpresion.com.co\/portal\/wp-json\/wp\/v2\/comments?post=3708"}],"wp:featuredmedia":[{"embeddable":true,"href":"https:\/\/compuimpresion.com.co\/portal\/wp-json\/wp\/v2\/media\/3709"}],"wp:attachment":[{"href":"https:\/\/compuimpresion.com.co\/portal\/wp-json\/wp\/v2\/media?parent=3708"}],"wp:term":[{"taxonomy":"pwb-brand","embeddable":true,"href":"https:\/\/compuimpresion.com.co\/portal\/wp-json\/wp\/v2\/pwb-brand?post=3708"},{"taxonomy":"product_brand","embeddable":true,"href":"https:\/\/compuimpresion.com.co\/portal\/wp-json\/wp\/v2\/product_brand?post=3708"},{"taxonomy":"product_cat","embeddable":true,"href":"https:\/\/compuimpresion.com.co\/portal\/wp-json\/wp\/v2\/product_cat?post=3708"},{"taxonomy":"product_tag","embeddable":true,"href":"https:\/\/compuimpresion.com.co\/portal\/wp-json\/wp\/v2\/product_tag?post=3708"}],"curies":[{"name":"wp","href":"https:\/\/api.w.org\/{rel}","templated":true}]}}