{"id":3705,"date":"2021-12-26T02:25:16","date_gmt":"2021-12-26T07:25:16","guid":{"rendered":"https:\/\/compuimpresion.com.co\/portal\/?post_type=product&#038;p=3705"},"modified":"2024-07-19T17:14:55","modified_gmt":"2024-07-19T22:14:55","slug":"cartucho-de-toner-hp-58a-negro-laserjet-original","status":"publish","type":"product","link":"https:\/\/compuimpresion.com.co\/portal\/productos\/cartucho-de-toner-hp-58a-negro-laserjet-original\/","title":{"rendered":"Cartucho de T\u00f3ner HP 58A Negro LaserJet Original"},"content":{"rendered":"","protected":false},"excerpt":{"rendered":"<p><strong>Cartucho de T\u00f3ner HP 58A Negro LaserJet Original<\/strong><\/p>\n<p>Contribuya a mantener la productividad. Los cartuchos de t\u00f3ner LaserJet HP con JetIntelligence ofrecen impresi\u00f3n de calidad uniforme y sin interrupciones.<br \/>\nProduzca documentos de alta calidad y ayude a ahorrar energ\u00eda con el t\u00f3ner negro HP EcoSmart. Solo el t\u00f3ner HP original con JetIntelligence est\u00e1 especialmente dise\u00f1ado para obtener rendimiento de alta velocidad y bajo consumo de energ\u00eda, sin sacrificar la calidad en la que usted conf\u00eda.<br \/>\nRealice un seguimiento del consumo del cartucho con la tecnolog\u00eda de medici\u00f3n de impresi\u00f3n HP y haga nuevos pedidos con facilidad, gracias a la inteligencia integrada en los cartuchos de t\u00f3ner HP originales. La eliminaci\u00f3n autom\u00e1tica del sello permite que la instalaci\u00f3n sea r\u00e1pida y sencilla.<\/p>\n","protected":false},"featured_media":3706,"comment_status":"open","ping_status":"closed","template":"","meta":{"inline_featured_image":false},"pwb-brand":[124],"product_brand":[],"product_cat":[907,1264],"product_tag":[519,548,307,389,136],"class_list":{"0":"post-3705","1":"product","2":"type-product","3":"status-publish","4":"has-post-thumbnail","6":"pwb-brand-hp","7":"product_cat-consumibles","8":"product_cat-toner-consumibles","9":"product_tag-cartucho-de-toner","10":"product_tag-hp-58a","11":"product_tag-laserjet","12":"product_tag-negro","13":"product_tag-original","15":"first","16":"instock","17":"taxable","18":"shipping-taxable","19":"purchasable","20":"product-type-simple"},"brands":[{"id":124,"name":"HP","slug":"hp"}],"_links":{"self":[{"href":"https:\/\/compuimpresion.com.co\/portal\/wp-json\/wp\/v2\/product\/3705","targetHints":{"allow":["GET"]}}],"collection":[{"href":"https:\/\/compuimpresion.com.co\/portal\/wp-json\/wp\/v2\/product"}],"about":[{"href":"https:\/\/compuimpresion.com.co\/portal\/wp-json\/wp\/v2\/types\/product"}],"replies":[{"embeddable":true,"href":"https:\/\/compuimpresion.com.co\/portal\/wp-json\/wp\/v2\/comments?post=3705"}],"wp:featuredmedia":[{"embeddable":true,"href":"https:\/\/compuimpresion.com.co\/portal\/wp-json\/wp\/v2\/media\/3706"}],"wp:attachment":[{"href":"https:\/\/compuimpresion.com.co\/portal\/wp-json\/wp\/v2\/media?parent=3705"}],"wp:term":[{"taxonomy":"pwb-brand","embeddable":true,"href":"https:\/\/compuimpresion.com.co\/portal\/wp-json\/wp\/v2\/pwb-brand?post=3705"},{"taxonomy":"product_brand","embeddable":true,"href":"https:\/\/compuimpresion.com.co\/portal\/wp-json\/wp\/v2\/product_brand?post=3705"},{"taxonomy":"product_cat","embeddable":true,"href":"https:\/\/compuimpresion.com.co\/portal\/wp-json\/wp\/v2\/product_cat?post=3705"},{"taxonomy":"product_tag","embeddable":true,"href":"https:\/\/compuimpresion.com.co\/portal\/wp-json\/wp\/v2\/product_tag?post=3705"}],"curies":[{"name":"wp","href":"https:\/\/api.w.org\/{rel}","templated":true}]}}