{"id":3679,"date":"2021-12-26T01:35:28","date_gmt":"2021-12-26T06:35:28","guid":{"rendered":"https:\/\/compuimpresion.com.co\/portal\/?post_type=product&#038;p=3679"},"modified":"2026-04-12T17:53:28","modified_gmt":"2026-04-12T22:53:28","slug":"toner-original-hp-laser-103a-negrow1103a","status":"publish","type":"product","link":"https:\/\/compuimpresion.com.co\/portal\/productos\/toner-original-hp-laser-103a-negrow1103a\/","title":{"rendered":"T\u00f3ner original HP Laser 103A negro(W1103A)"},"content":{"rendered":"","protected":false},"excerpt":{"rendered":"<p><strong>T\u00f3ner original HP Laser 103A negro(W1103A)<\/strong><\/p>\n<p>Imprima miles de p\u00e1ginas l\u00e1ser de alta calidad sin cartuchos con el sistema de recarga de t\u00f3ner \u00fanico y f\u00e1cil de usar de HP. Conf\u00ede en HP para obtener p\u00e1ginas de calidad y fiabilidad a un costo ultrabajo e impresi\u00f3n innovadora.<br \/>\nImprima miles de p\u00e1ginas a un costo extremadamente bajo por p\u00e1gina. Es f\u00e1cil con los kits de recarga de t\u00f3ner dise\u00f1ados espec\u00edficamente para el sistema de impresi\u00f3n HP Neverstop Laser. Obtenga la calidad que un l\u00edder del sector ofrece para su oficina a un precio ultrabajo.<br \/>\nImpresione a los dem\u00e1s con la calidad de impresi\u00f3n l\u00e1ser HP. El kit de recarga de t\u00f3ner HP ofrece miles de p\u00e1ginas para un flujo de trabajo de impresi\u00f3n fluido y una sustituci\u00f3n f\u00e1cil y sin problemas del t\u00f3ner.<br \/>\nEl desarrollo de la impresi\u00f3n l\u00e1ser de HP le ofrece la eficiencia sin problemas y a bajo costo de los kits de recarga de t\u00f3ner negro originales de alto rendimiento HP Neverstop, dise\u00f1ados espec\u00edficamente para las impresoras HP Neverstop Laser.<\/p>\n","protected":false},"featured_media":3681,"comment_status":"open","ping_status":"closed","template":"","meta":{"inline_featured_image":false},"pwb-brand":[124],"product_brand":[],"product_cat":[907,1264],"product_tag":[523,297,155,524,522],"class_list":{"0":"post-3679","1":"product","2":"type-product","3":"status-publish","4":"has-post-thumbnail","6":"pwb-brand-hp","7":"product_cat-consumibles","8":"product_cat-toner-consumibles","9":"product_tag-103a","10":"product_tag-hp","11":"product_tag-laser","12":"product_tag-negrow1103a","13":"product_tag-toner-original","15":"first","16":"instock","17":"featured","18":"taxable","19":"shipping-taxable","20":"purchasable","21":"product-type-simple"},"brands":[{"id":124,"name":"HP","slug":"hp"}],"_links":{"self":[{"href":"https:\/\/compuimpresion.com.co\/portal\/wp-json\/wp\/v2\/product\/3679","targetHints":{"allow":["GET"]}}],"collection":[{"href":"https:\/\/compuimpresion.com.co\/portal\/wp-json\/wp\/v2\/product"}],"about":[{"href":"https:\/\/compuimpresion.com.co\/portal\/wp-json\/wp\/v2\/types\/product"}],"replies":[{"embeddable":true,"href":"https:\/\/compuimpresion.com.co\/portal\/wp-json\/wp\/v2\/comments?post=3679"}],"wp:featuredmedia":[{"embeddable":true,"href":"https:\/\/compuimpresion.com.co\/portal\/wp-json\/wp\/v2\/media\/3681"}],"wp:attachment":[{"href":"https:\/\/compuimpresion.com.co\/portal\/wp-json\/wp\/v2\/media?parent=3679"}],"wp:term":[{"taxonomy":"pwb-brand","embeddable":true,"href":"https:\/\/compuimpresion.com.co\/portal\/wp-json\/wp\/v2\/pwb-brand?post=3679"},{"taxonomy":"product_brand","embeddable":true,"href":"https:\/\/compuimpresion.com.co\/portal\/wp-json\/wp\/v2\/product_brand?post=3679"},{"taxonomy":"product_cat","embeddable":true,"href":"https:\/\/compuimpresion.com.co\/portal\/wp-json\/wp\/v2\/product_cat?post=3679"},{"taxonomy":"product_tag","embeddable":true,"href":"https:\/\/compuimpresion.com.co\/portal\/wp-json\/wp\/v2\/product_tag?post=3679"}],"curies":[{"name":"wp","href":"https:\/\/api.w.org\/{rel}","templated":true}]}}