{"id":3676,"date":"2021-12-26T00:26:10","date_gmt":"2021-12-26T05:26:10","guid":{"rendered":"https:\/\/compuimpresion.com.co\/portal\/?post_type=product&#038;p=3676"},"modified":"2024-07-24T09:46:36","modified_gmt":"2024-07-24T14:46:36","slug":"cartucho-de-toner-laser-original-hp-105a-negrow1105a","status":"publish","type":"product","link":"https:\/\/compuimpresion.com.co\/portal\/productos\/cartucho-de-toner-laser-original-hp-105a-negrow1105a\/","title":{"rendered":"Cartucho de t\u00f3ner l\u00e1ser original HP 105A negro(W1105A)"},"content":{"rendered":"","protected":false},"excerpt":{"rendered":"<p><strong>Cartucho de t\u00f3ner l\u00e1ser original HP 105A negro(W1105A)<\/strong><\/p>\n<p>Los cartuchos de t\u00f3ner originales HP proporcionan impresiones de calidad y confiabilidad impresionante. Son muy asequibles y est\u00e1n dise\u00f1ados para las impresoras HP Laser compactas para su hogar u oficina y su presupuesto.<br \/>\nLos cartuchos de t\u00f3ner HP originales para impresoras l\u00e1ser brindan impresiones espectaculares en todo momento. Obtenga la calidad que un l\u00edder del sector ofrece para su oficina a un precio sorprendentemente asequible.<br \/>\nConf\u00ede en los cartuchos de t\u00f3ner HP originales para lograr impresiones monocrom\u00e1ticas de alta calidad y uniformes. Cuando quiera imprimir, obtendr\u00e1 resultados confiables y las impresiones que necesite de los cartuchos de t\u00f3ner HP especialmente dise\u00f1ados para funcionar con su impresora HP.<br \/>\nAl momento de instalar un cartucho nuevo, cuente con que el dise\u00f1o del cartucho de HP hace que la sustituci\u00f3n sea r\u00e1pida y sencilla. Recicle sus cartuchos de impresi\u00f3n a trav\u00e9s de HP Planet Partners<\/p>\n","protected":false},"featured_media":5420,"comment_status":"open","ping_status":"closed","template":"","meta":{"inline_featured_image":false},"pwb-brand":[124],"product_brand":[],"product_cat":[907,1264],"product_tag":[520,519,297,155,521,136],"class_list":{"0":"post-3676","1":"product","2":"type-product","3":"status-publish","4":"has-post-thumbnail","6":"pwb-brand-hp","7":"product_cat-consumibles","8":"product_cat-toner-consumibles","9":"product_tag-105a","10":"product_tag-cartucho-de-toner","11":"product_tag-hp","12":"product_tag-laser","13":"product_tag-negrow1105a","14":"product_tag-original","16":"first","17":"instock","18":"taxable","19":"shipping-taxable","20":"purchasable","21":"product-type-simple"},"brands":[{"id":124,"name":"HP","slug":"hp"}],"_links":{"self":[{"href":"https:\/\/compuimpresion.com.co\/portal\/wp-json\/wp\/v2\/product\/3676","targetHints":{"allow":["GET"]}}],"collection":[{"href":"https:\/\/compuimpresion.com.co\/portal\/wp-json\/wp\/v2\/product"}],"about":[{"href":"https:\/\/compuimpresion.com.co\/portal\/wp-json\/wp\/v2\/types\/product"}],"replies":[{"embeddable":true,"href":"https:\/\/compuimpresion.com.co\/portal\/wp-json\/wp\/v2\/comments?post=3676"}],"wp:featuredmedia":[{"embeddable":true,"href":"https:\/\/compuimpresion.com.co\/portal\/wp-json\/wp\/v2\/media\/5420"}],"wp:attachment":[{"href":"https:\/\/compuimpresion.com.co\/portal\/wp-json\/wp\/v2\/media?parent=3676"}],"wp:term":[{"taxonomy":"pwb-brand","embeddable":true,"href":"https:\/\/compuimpresion.com.co\/portal\/wp-json\/wp\/v2\/pwb-brand?post=3676"},{"taxonomy":"product_brand","embeddable":true,"href":"https:\/\/compuimpresion.com.co\/portal\/wp-json\/wp\/v2\/product_brand?post=3676"},{"taxonomy":"product_cat","embeddable":true,"href":"https:\/\/compuimpresion.com.co\/portal\/wp-json\/wp\/v2\/product_cat?post=3676"},{"taxonomy":"product_tag","embeddable":true,"href":"https:\/\/compuimpresion.com.co\/portal\/wp-json\/wp\/v2\/product_tag?post=3676"}],"curies":[{"name":"wp","href":"https:\/\/api.w.org\/{rel}","templated":true}]}}