{"id":3672,"date":"2021-12-26T00:14:44","date_gmt":"2021-12-26T05:14:44","guid":{"rendered":"https:\/\/compuimpresion.com.co\/portal\/?post_type=product&#038;p=3672"},"modified":"2026-02-17T03:04:27","modified_gmt":"2026-02-17T08:04:27","slug":"impresora-multifunctional-hp-laserjet-m236sdw","status":"publish","type":"product","link":"https:\/\/compuimpresion.com.co\/portal\/productos\/impresora-multifunctional-hp-laserjet-m236sdw\/","title":{"rendered":"Impresora Multifunctional HP LaserJet M236sdw"},"content":{"rendered":"<p><strong>Impresora Multifunctional HP LaserJet M236sdw<\/strong><\/p>\n<p>Aumente la productividad con la impresi\u00f3n a doble cara m\u00e1s r\u00e1pida en su clase, un alimentador autom\u00e1tico de 40 p\u00e1ginas y un Wi-Fi\u2122 de banda doble con restablecimiento autom\u00e1tico, todo desde una impresora multifunci\u00f3n compacta.<br \/>\nImprima con rapidez documentos de muchas p\u00e1ginas gracias a la velocidad de impresi\u00f3n a doble cara m\u00e1s r\u00e1pida en su clase.<br \/>\nObtenga escaneo de alta calidad desde su tel\u00e9fono e imprima y ahorre tiempo con accesos directos, utilizando HP Smart, la mejor aplicaci\u00f3n de impresi\u00f3n en su clase.<br \/>\nObtenga escaneos de alta calidad y comp\u00e1rtalos por Dropbox, Google Drive, correo electr\u00f3nico o en la nube desde pr\u00e1cticamente cualquier lugar con la aplicaci\u00f3n HP Smart.<br \/>\nRealice con facilidad los proyectos con la configuraci\u00f3n sin interrupciones y los botones con gu\u00eda inteligente e iluminaci\u00f3n para una experiencia de impresi\u00f3n intuitiva.<br \/>\nComience r\u00e1pido con la configuraci\u00f3n f\u00e1cil que lo gu\u00eda, paso a paso. Simplemente descargue la aplicaci\u00f3n HP Smart, con\u00e9ctese a Wi-Fi\u00ae y comparta su impresora con todos sus dispositivos.<br \/>\nEsta impresora utiliza seguridad din\u00e1mica, que puede actualizarse peri\u00f3dicamente mediante actualizaciones de firmware. La impresora est\u00e1 dise\u00f1ada para utilizarse \u00fanicamente con cartuchos que utilicen un chip HP original.<\/p>\n<p><strong>Caracter\u00edsticas Impresora Multifunctional HP LaserJet M236sdw:<\/strong><\/p>\n<p>Tecnologia : Impresora Laser<br \/>\n-Velocidad de impresi\u00f3n, negro: 21 \u2013 30<br \/>\n-Uso: Hogar y negocio en casa<br \/>\n-Funciones: Multifunction \/ All-in-One<br \/>\n-Capacidad de entrada de sobre: Hasta 10 sobres<br \/>\n-Capacidad de salida: Hasta 100 hojas<br \/>\n-Tipo de papel y capacidad, bandeja 1: Papel (l\u00e1ser, com\u00fan, rugoso y vitela), sobres, etiquetas, cartulina, postales<br \/>\n-Entrada de manejo de papel, est\u00e1ndar: Bandeja de entrada 150 hojas<br \/>\n-Capacidad de entrada: Hasta 150 hojas<br \/>\n-Salida de manejo de papel, est\u00e1ndar: Bandeja de salida de 100 hojas<br \/>\n-Monitor: 35.5 x 33 mm (1.6&#8243; Icon LCD)<br \/>\n-Nota sobre poder ac\u00fastico: Configuraci\u00f3n probada: impresi\u00f3n a una cara en papel A4 a un promedio de 29 ppm<br \/>\n-Velocidad de escaneo (normal, carta): Up to 20 ppm (b&amp;w), up to 11 ppm (color)<br \/>\n-Velocidad de escaneo (normal, A4): Hasta 19 ppm (blanco y negro), hasta 10 ppm (color)<br \/>\n-N\u00famero de cartuchos de impresi\u00f3n: 1 Negro<br \/>\n-Cartuchos de reemplazo: Cartucho de t\u00f3ner HP LaserJet 136A W1360A, negro (aproximadamente 1150 p\u00e1ginas), cartucho de t\u00f3ner HP LaserJet 136X W1360X, negro (aproximadamente 2600 p\u00e1ginas)<br \/>\n-Velocidad de impresi\u00f3n en negro (normal, carta): Hasta 30 ppm<br \/>\n-Velocidad de impresi\u00f3n en negro (normal, A4): Hasta 29 ppm<br \/>\n-Velocidad de impresi\u00f3n a doble cara (A4): Hasta 18 ipm<br \/>\n-Velocidad de impresi\u00f3n a doble cara (carta): Up to 19 ipm<br \/>\n-Velocidad de impresi\u00f3n en negro (vertical, A5): Hasta 7 ppm<br \/>\n-Alimentaci\u00f3n: Voltaje de entrada de 110 voltios: 115 a 127 VCA (+\/- 10%), 60 Hz\/50 Hz, 4,8 A; Voltaje de entrada de 220 voltios: 220 a 240 VCA (+\/- 10%), 60 Hz\/50 Hz, 2,8 A. Sin doble voltaje, fuente de alimentaci\u00f3n var\u00eda seg\u00fan el n\u00famero de pieza con # identificador del c\u00f3digo opcional.<br \/>\n-Salida de primera p\u00e1gina impresa en negro (A4, preparada): 7 segundos<br \/>\n-Ciclo de trabajo (mensual, carta): Hasta 20,000 p\u00e1ginas<br \/>\n-Nota sobre Ciclo de trabajo: El ciclo de trabajo se define como la cantidad m\u00e1xima de p\u00e1ginas o im\u00e1genes impresas por mes. Este valor proporciona una evaluaci\u00f3n de la robustez del producto comparado con otros dispositivos HP LaserJet o HP Color LaserJet, y permite que se instalen las impresoras y los MFP seg\u00fan las necesidades de los grupos o individuos que las usan.<br \/>\n-Volumen de p\u00e1ginas mensuales recomendado: 200 a 2000<br \/>\n-Impresi\u00f3n a doble cara: Doble autom\u00e1tico<br \/>\n-Tiempo de calentamiento: 45 segundos<br \/>\n-Principales caracter\u00edsticas: Escanear y enviar por correo electr\u00f3nico; Escanear y guardar como PDF; Tama\u00f1o compacto; Consumo eficiente de energ\u00eda; Impresi\u00f3n veloz a doble cara; AAD de 40 hojas; Wi-Fi de banda dual<\/p>\n<p>&#8211; Tama\u00f1o de escaneo (ADF), m\u00e1ximo: 216 x 356 mm<br \/>\n&#8211; Formato del archivo de digitalizaci\u00f3n: JPEG, TIF, PDF, BMP, PNG<br \/>\n&#8211; Capacidad del alimentador autom\u00e1tico de documentos: Est\u00e1ndar, 40 hojas<br \/>\n&#8211; Tipo de esc\u00e1ner: Cama plana, alimentador autom\u00e1tico de documentos (ADF)<br \/>\n&#8211; Tama\u00f1o de escaneo, m\u00e1ximo: 216 x 297 mm<br \/>\n&#8211; Modos de entrada de digitalizaci\u00f3n: Botones de escaneo, copiado, correo electr\u00f3nico, fax o archivos en el panel frontal<br \/>\n&#8211; Tama\u00f1o de escaneado ADF (m\u00ednimo): 148 x 210 mm<br \/>\n&#8211; Cumplimiento de est\u00e1ndares de telecomunicaciones (capacidad de fax): Conexi\u00f3n inal\u00e1mbrica: UE RED 2014\/53\/UE; EN 301 489-1 V2.2.3\/EN 301 489-17: V3.2.0; EN 300 328: V2.1.1\/EN301 893 V2.1.1; T\u00edtulo 47 del CFR de la FCC, Apartado 15, Subapartado C y E de la edici\u00f3n 1 de 2015 de la RSS 247 y la edici\u00f3n 5 de 2015 de la RSS 102; IEC 62311:2007\/EN62311:2008<br \/>\n&#8211; Conectividad, est\u00e1ndar: 1 USB 2.0 de alta velocidad; 1 Fast Ethernet 10\/100Base-TX; 1 conexi\u00f3n inal\u00e1mbrica 802.11b\/g\/n; 1 Bluetooth de bajo consumo<br \/>\n&#8211; Resoluci\u00f3n de escaneo, hardware: 600 x 1200 dpi<br \/>\n&#8211; Tipos de soportes: Papel (l\u00e1ser, com\u00fan, rugoso y vitela), sobres, etiquetas, cartulina, postales<br \/>\n&#8211; Tama\u00f1os de soportes, personalizado: 101,6 x 152,4 a 216 x 356 mm<br \/>\n&#8211; Tama\u00f1o del soporte de impresi\u00f3n (alimentador autom\u00e1tico de documentos): A4, A5, B4, B5, carta, legal<br \/>\n&#8211; Sistemas operativos compatibles: Microsoft\u00ae Windows\u00ae 10, 8.1, 8, 7: 32 bits o 64 bits, 2 GB de espacio disponible en el disco duro, conexi\u00f3n a Internet, puerto USB, Microsoft\u00ae Internet Explorer. Apple\u00ae macOS v10.14 Mojave, macOS v10.15 Catalina, macOS v11 Big Sur; Disco duro de 2 GB; Se requiere acceso a Internet; USB; Linux.<br \/>\n&#8211; Copias, m\u00e1ximo: Hasta 99 copias<br \/>\n&#8211; Configuraci\u00f3n de reducci\u00f3n\/ampliaci\u00f3n de copias: 25 to 400%<br \/>\n&#8211; Configuraciones de copia: Reducir\/ampliar; Cantidad de copias; M\u00e1s claro\/m\u00e1s oscuro; Optimizar; Tama\u00f1o\/tipo de papel. Permite la compaginaci\u00f3n y la impresi\u00f3n a sola cara en paquetes para AAD.<br \/>\n&#8211; Dimensiones m\u00ednimas (anch. x prof. x alt.): 418 x 307,7 x 295,4 mm<br \/>\n&#8211; Peso: 9,5 k<\/p>\n<p>Sku: 1448<br \/>\nEan: 0194850889769<br \/>\nN\/p: 9YG09A<\/p>\n","protected":false},"excerpt":{"rendered":"<p><strong>Impresora Multifunctional HP LaserJet M236sdw<\/strong><\/p>\n<p>Aumente la productividad con la impresi\u00f3n a doble cara m\u00e1s r\u00e1pida en su clase, un alimentador autom\u00e1tico de 40 p\u00e1ginas y un Wi-Fi\u2122 de banda doble con restablecimiento autom\u00e1tico, todo desde una impresora multifunci\u00f3n compacta.<br \/>\nImprima con rapidez documentos de muchas p\u00e1ginas gracias a la velocidad de impresi\u00f3n a doble cara m\u00e1s r\u00e1pida en su clase.<br \/>\nObtenga escaneo de alta calidad desde su tel\u00e9fono e imprima y ahorre tiempo con accesos directos, utilizando HP Smart, la mejor aplicaci\u00f3n de impresi\u00f3n en su clase.<br \/>\nObtenga escaneos de alta calidad y comp\u00e1rtalos por Dropbox, Google Drive, correo electr\u00f3nico o en la nube desde pr\u00e1cticamente cualquier lugar con la aplicaci\u00f3n HP Smart.<br \/>\nRealice con facilidad los proyectos con la configuraci\u00f3n sin interrupciones y los botones con gu\u00eda inteligente e iluminaci\u00f3n para una experiencia de impresi\u00f3n intuitiva.<br \/>\nComience r\u00e1pido con la configuraci\u00f3n f\u00e1cil que lo gu\u00eda, paso a paso. Simplemente descargue la aplicaci\u00f3n HP Smart, con\u00e9ctese a Wi-Fi\u00ae y comparta su impresora con todos sus dispositivos.<br \/>\nEsta impresora utiliza seguridad din\u00e1mica, que puede actualizarse peri\u00f3dicamente mediante actualizaciones de firmware. La impresora est\u00e1 dise\u00f1ada para utilizarse \u00fanicamente con cartuchos que utilicen un chip HP original.<\/p>\n","protected":false},"featured_media":3673,"comment_status":"open","ping_status":"closed","template":"","meta":{"inline_featured_image":false},"pwb-brand":[124],"product_brand":[],"product_cat":[891,1257],"product_tag":[297,146,307,517,516],"class_list":{"0":"post-3672","1":"product","2":"type-product","3":"status-publish","4":"has-post-thumbnail","6":"pwb-brand-hp","7":"product_cat-impresion","8":"product_cat-laser-multifuncional-monocromatica","9":"product_tag-hp","10":"product_tag-impresora","11":"product_tag-laserjet","12":"product_tag-m236sdw","13":"product_tag-multifunctional","15":"first","16":"outofstock","17":"taxable","18":"shipping-taxable","19":"purchasable","20":"product-type-simple"},"brands":[{"id":124,"name":"HP","slug":"hp"}],"_links":{"self":[{"href":"https:\/\/compuimpresion.com.co\/portal\/wp-json\/wp\/v2\/product\/3672","targetHints":{"allow":["GET"]}}],"collection":[{"href":"https:\/\/compuimpresion.com.co\/portal\/wp-json\/wp\/v2\/product"}],"about":[{"href":"https:\/\/compuimpresion.com.co\/portal\/wp-json\/wp\/v2\/types\/product"}],"replies":[{"embeddable":true,"href":"https:\/\/compuimpresion.com.co\/portal\/wp-json\/wp\/v2\/comments?post=3672"}],"wp:featuredmedia":[{"embeddable":true,"href":"https:\/\/compuimpresion.com.co\/portal\/wp-json\/wp\/v2\/media\/3673"}],"wp:attachment":[{"href":"https:\/\/compuimpresion.com.co\/portal\/wp-json\/wp\/v2\/media?parent=3672"}],"wp:term":[{"taxonomy":"pwb-brand","embeddable":true,"href":"https:\/\/compuimpresion.com.co\/portal\/wp-json\/wp\/v2\/pwb-brand?post=3672"},{"taxonomy":"product_brand","embeddable":true,"href":"https:\/\/compuimpresion.com.co\/portal\/wp-json\/wp\/v2\/product_brand?post=3672"},{"taxonomy":"product_cat","embeddable":true,"href":"https:\/\/compuimpresion.com.co\/portal\/wp-json\/wp\/v2\/product_cat?post=3672"},{"taxonomy":"product_tag","embeddable":true,"href":"https:\/\/compuimpresion.com.co\/portal\/wp-json\/wp\/v2\/product_tag?post=3672"}],"curies":[{"name":"wp","href":"https:\/\/api.w.org\/{rel}","templated":true}]}}