{"id":3631,"date":"2021-12-25T22:42:38","date_gmt":"2021-12-26T03:42:38","guid":{"rendered":"https:\/\/compuimpresion.com.co\/portal\/?post_type=product&#038;p=3631"},"modified":"2025-03-26T13:40:25","modified_gmt":"2025-03-26T18:40:25","slug":"impresora-gran-formato-epson-t3170x-plotter-wifi-a1-usb-red","status":"publish","type":"product","link":"https:\/\/compuimpresion.com.co\/portal\/productos\/impresora-gran-formato-epson-t3170x-plotter-wifi-a1-usb-red\/","title":{"rendered":"Impresora Epson T3170x Plotter Gran Formato Wifi"},"content":{"rendered":"<p><strong>Impresora Gran Formato Epson T3170x Plotter Wifi A1+ Usb Red<\/strong><\/p>\n<p>Los mejores costos de impresi\u00f3n del mercado en su segmento: con las botellas de tinta de 140 ml se puede obtener mayor cantidad de impresiones al menor costo del mercado en equipos de 24 pulgadas.<\/p>\n<p>Impresi\u00f3n sin cartuchos: botellas de tinta de alta capacidad con sistema EcoFit que evita derrames y errores de carga de tinta a trav\u00e9s de su sistema \u00fanico de llenado por color.<\/p>\n<p>Los mejores costos de impresi\u00f3n del mercado en su segmento, Impresi\u00f3n sin cartuchos<br \/>\nVelocidades de impresi\u00f3n ultra r\u00e1pidas.<\/p>\n<p>Velocidades de impresi\u00f3n ultra r\u00e1pidas: el cabezal de impresi\u00f3n PrecisionCore\u00ae MicroTFP\u00ae produce impresiones precisas en tama\u00f1o A1\/D en solo 34 segundos1.<\/p>\n<p>Dise\u00f1o compacto y simplificado: impresora ultra compacta con elegante dise\u00f1o minimalista, se integra a los espacios de trabajo ajust\u00e1ndose f\u00e1cilmente.<\/p>\n<p>Imprima virtualmente desde cualquier lugar de su oficina: imprima f\u00e1cilmente desde tabletas, tel\u00e9fonos m\u00f3viles y otros dispositivos por medio de Wi-Fi Direct, el sistema inal\u00e1mbrico integrado de conexi\u00f3n directa, sin necesidad de enrutador.<\/p>\n<p>F\u00e1cil de usar: la pantalla intuitiva LCD de 4,3&#8243;\u00bb a color, simplifica las tareas de impresi\u00f3n.<\/p>\n<p>Imagen de calidad inigualable: el cabezal de impresi\u00f3n PrecisionCore\u00ae MicroTFP\u00ae con precisi\u00f3n de control del goteo, genera una claridad incomparable, adem\u00e1s de una confiabilidad de nivel comercial gracias a la tecnolog\u00eda de verificaci\u00f3n de boquillas.<\/p>\n<p>Manejo vers\u00e1til de medios: puede utilizar rollos de hasta 24&#8243;\u00bb (61 cm) de ancho y hojas de 11&#8243;\u00bb x 17&#8243;\u00bb (27,9 cm x 43,2 cm) con el alimentador autom\u00e1tico de hojas sueltas.<\/p>\n<p>Detalles n\u00edtidos y precisos: imprima avisos, planos, dibujos lineales y m\u00e1s, en hasta 2400 ppp.<\/p>\n<p>F\u00e1cil instalaci\u00f3n: instale en menos de 30 minutos.<\/p>\n<p>Las impresoras SureColor T-Series ofrecen soluciones de impresi\u00f3n r\u00e1pidas, precisas y confiables para profesionales creativos, desde arquitectos, ingenieros y obras de construcci\u00f3n hasta artistas gr\u00e1ficos y dise\u00f1adores de productos.<\/p>\n<p><strong>Caracter\u00edsticas Epson T3170x Plotter Wifi A1:<\/strong><\/p>\n<p>-Tecnolog\u00eda de impresi\u00f3n: Cabezal PrecisionCore\u00ae MicroTFP\u00ae de 4-canales, impresi\u00f3n por gota bajo demanda<br \/>\n-Tipo de tinta: Botellas de tinta Epson T49H; 4-colores (C, M, Y, K) de 140ml cada una.<br \/>\n-Con_guraci\u00f3n de la tinta: 800 boquillas x 4 canales x 1 cabezal; 800 boquillas x 4 canales<br \/>\n-Tecnolog\u00eda de gota: Menor tama\u00f1o de gota: 4 picolitros (tecnolog\u00eda de gota de tama\u00f1o variable)<br \/>\n-Resoluci\u00f3n m\u00e1xima: 2400 ppp x 1200 ppp<br \/>\n-Velocidad de impresi\u00f3n: Impresi\u00f3n en formato A1\/D en 34 segundos<br \/>\n-Lenguaje de impresi\u00f3n\/controladores: Epson ESC\/P\u00ae raster HP-GL\/2, HP RTL<br \/>\n-Vida \u00fatil de la tinta en botella: 2 a\u00f1os a partir de la fecha de producci\u00f3n o 6 meses despu\u00e9s de abierta. La impresora esta dise\u00f1ada para ser usada solo con botellas de tinta EPSON<br \/>\n-Rollo sencillo: De 24\u201d (60,9 cm) carga superior<br \/>\n-N\u00facleo del rollo: 2&#8243; de di\u00e1metro<br \/>\n-Corte del rollo:: Cortador giratorio interno de alta velocidad; auto o manual<br \/>\n-Di\u00e1metro m\u00e1ximo del rollo: Hasta 4,3&#8243; (10,9 cm)<br \/>\n-Espesor del papel: Espesor de rollo: 0,05 mm hasta 0,21 mm Cortador integrado: cortador rotativo autom\u00e1tico<br \/>\n-Papel restante en el rollo: La cantidad de papel restante en el rollo puede ser ajustada desde el panel de control<br \/>\n-Hoja sencilla, carga superior: 24&#8243; (60,9 cm)<br \/>\n-Alimentador autom\u00e1tico de hojas: Hasta 11&#8243; x 17&#8243; (27,9 x 43,2 cm)<br \/>\n-Tama\u00f1o m\u00ednimo de la hoja: (1 hoja y ASF) 8,27&#8243; x 11&#8243; (21,7 x 29,5 cm)<br \/>\n-Ancho m\u00e1x. del papel: 24&#8243; (60,9 cm)<br \/>\n-M\u00e1rgenes izquierda y derecho: 3 mm, 15 mm, 45 mm (superior); 3 mm, 15 mm (fondo); 3 mm (derecha\/izquierda)<br \/>\n-Largo m\u00e1ximo de impresi\u00f3n: Limitado por la aplicaci\u00f3n, sistema operativo y controlador\/RIP usados<br \/>\n-Ancho m\u00ednimo del rollo de papel: 13&#8243; (33 cm) \/hoja: 8,27&#8243; (21 cm),Espesor de la hoja: 0,12 mm hasta 0,27 mm<br \/>\n-Interfaz del usuario: Pantalla t\u00e1ctil de 4,3&#8243;<br \/>\n-Interfaces de la impresora: SuperSpeed USB (compatible con la especi_caci\u00f3n USB 3.0 ), LAN inal\u00e1mbrico IEEE (802.11 b\/g\/n)4, conexi\u00f3n Ethernet (1000 Base-T\/100 Base-TX\/10 Base-T), Wi-Fi Direct\u00ae<br \/>\n-Sistemas operativos compatibles: Windows\u00ae 10, 8.1, 7 (32-bit, 64-bit), Windows Vista\u00ae y Windows XP; Mac OS\u00ae 10.15.x, 10.14.x, 10.13.x, Mac\u00ae OS X\u00ae 10.12.x, 10.11.x,10.10.x, 10.9.x, 10.8.x y 10.7.x<br \/>\n-Temperatura: En operaci\u00f3n: 50 \u00baF a 95 \u00baF (10 \u00baC a 35 \u00baC); En operaci\u00f3n (recomendada): 65 \u00baF a 75 \u00baF (18 \u00baC a 24 \u00baC); En almacenamiento: -4 \u00baF a 104 \u00baF (-20 \u00baC a 40 \u00baC)<br \/>\n-Humedad relative: En operaci\u00f3n: 20 &#8211; 80% (sin condensaci\u00f3n); En operaci\u00f3n (recomendada): 45 &#8211; 60% (sin condensaci\u00f3n); En almacenamiento: 5 &#8211; 85% (sin condensaci\u00f3n)<br \/>\n-Nivel ac\u00fastico de ruido: En operaci\u00f3n: aprox. 50dB(A); Modo suspendido: aprox. 32dB(A)<br \/>\n-Consumo de energ\u00eda: En impresi\u00f3n: aprox. 22 W; Lista: aprox. 8 W; Modo reposo: aprox. 1,6 W; Apagada (en modo de espera): 0,2 W<br \/>\n-Requerimientos el\u00e9ctricos: Voltaje: AC 110 V &#8211; 240 V; Frecuencia: 50 Hz &#8211; 60 Hz; Corriente: 1,4 A<br \/>\n-Dimensiones: 97 x 81.1 x 24.5 cm<br \/>\n-Peso: 29 kg<br \/>\n-Contenido de la caja: Impresora SureColor\u00ae T3170X, un juego completo de botellas de tinta iniciales; (CMYK &#8211; 140 ml), cartel de la gu\u00eda de inicio, gu\u00eda del usuario, cable el\u00e9ctrico AC; Nota: no se incluye papel con la impresora<\/p>\n<p>Sku: 1654<br \/>\nEan: 0010343954571<br \/>\nN\/p: sct3170x<\/p>\n","protected":false},"excerpt":{"rendered":"<p><strong>Impresora Gran Formato Epson T3170x Plotter Wifi A1+ Usb Red<\/strong><\/p>\n<p>Los mejores costos de impresi\u00f3n del mercado en su segmento: con las botellas de tinta de 140 ml se puede obtener mayor cantidad de impresiones al menor costo del mercado en equipos de 24 pulgadas.<\/p>\n<p>Impresi\u00f3n sin cartuchos: botellas de tinta de alta capacidad con sistema EcoFit que evita derrames y errores de carga de tinta a trav\u00e9s de su sistema \u00fanico de llenado por color.<\/p>\n<p>Los mejores costos de impresi\u00f3n del mercado en su segmento, Impresi\u00f3n sin cartuchos<br \/>\nVelocidades de impresi\u00f3n ultra r\u00e1pidas.<\/p>\n<p>Velocidades de impresi\u00f3n ultra r\u00e1pidas: el cabezal de impresi\u00f3n PrecisionCore\u00ae MicroTFP\u00ae produce impresiones precisas en tama\u00f1o A1\/D en solo 34 segundos1.<\/p>\n","protected":false},"featured_media":3632,"comment_status":"open","ping_status":"closed","template":"","meta":{"inline_featured_image":false},"pwb-brand":[125],"product_brand":[],"product_cat":[891,1260],"product_tag":[477,245,475,146,198,476,478,357],"class_list":{"0":"post-3631","1":"product","2":"type-product","3":"status-publish","4":"has-post-thumbnail","6":"pwb-brand-epson","7":"product_cat-impresion","8":"product_cat-ploter","9":"product_tag-a1","10":"product_tag-epson","11":"product_tag-gran-formato","12":"product_tag-impresora","13":"product_tag-plotter","14":"product_tag-t3170x","15":"product_tag-usb-red","16":"product_tag-wifi","18":"first","19":"outofstock","20":"taxable","21":"shipping-taxable","22":"purchasable","23":"product-type-simple"},"brands":[{"id":125,"name":"Epson","slug":"epson"}],"_links":{"self":[{"href":"https:\/\/compuimpresion.com.co\/portal\/wp-json\/wp\/v2\/product\/3631","targetHints":{"allow":["GET"]}}],"collection":[{"href":"https:\/\/compuimpresion.com.co\/portal\/wp-json\/wp\/v2\/product"}],"about":[{"href":"https:\/\/compuimpresion.com.co\/portal\/wp-json\/wp\/v2\/types\/product"}],"replies":[{"embeddable":true,"href":"https:\/\/compuimpresion.com.co\/portal\/wp-json\/wp\/v2\/comments?post=3631"}],"wp:featuredmedia":[{"embeddable":true,"href":"https:\/\/compuimpresion.com.co\/portal\/wp-json\/wp\/v2\/media\/3632"}],"wp:attachment":[{"href":"https:\/\/compuimpresion.com.co\/portal\/wp-json\/wp\/v2\/media?parent=3631"}],"wp:term":[{"taxonomy":"pwb-brand","embeddable":true,"href":"https:\/\/compuimpresion.com.co\/portal\/wp-json\/wp\/v2\/pwb-brand?post=3631"},{"taxonomy":"product_brand","embeddable":true,"href":"https:\/\/compuimpresion.com.co\/portal\/wp-json\/wp\/v2\/product_brand?post=3631"},{"taxonomy":"product_cat","embeddable":true,"href":"https:\/\/compuimpresion.com.co\/portal\/wp-json\/wp\/v2\/product_cat?post=3631"},{"taxonomy":"product_tag","embeddable":true,"href":"https:\/\/compuimpresion.com.co\/portal\/wp-json\/wp\/v2\/product_tag?post=3631"}],"curies":[{"name":"wp","href":"https:\/\/api.w.org\/{rel}","templated":true}]}}