{"id":3623,"date":"2021-12-25T22:20:14","date_gmt":"2021-12-26T03:20:14","guid":{"rendered":"https:\/\/compuimpresion.com.co\/portal\/?post_type=product&#038;p=3623"},"modified":"2024-09-27T14:39:28","modified_gmt":"2024-09-27T19:39:28","slug":"impresora-epson-tm-u220d-para-recibos","status":"publish","type":"product","link":"https:\/\/compuimpresion.com.co\/portal\/productos\/impresora-epson-tm-u220d-para-recibos\/","title":{"rendered":"Impresora Epson TM-U220D para recibos"},"content":{"rendered":"","protected":false},"excerpt":{"rendered":"<p><strong>Impresora Epson TM-U220D para recibos<\/strong><\/p>\n<p>La serie<strong> TM-U220 de EPSON<\/strong> han sido optimizados para producir resultados inmediatos al imprimir recibos de clientes y pedidos de cocina m\u00e1s r\u00e1pidamente que nunca.<br \/>\nPara m\u00e1xima eficacia La tmu-220d ofrece f\u00e1cil carga del papel e impresi\u00f3n bicrom\u00e1tica en negro y rojo, para destacar las ofertas especiales e imprimir logotipos m\u00e1s impactantes, y una funci\u00f3n de ajuste del ancho del papel que permite utilizar rollos de papel de 58, 70 y 76 mm para mayor flexibilidad y econom\u00eda.<\/p>\n","protected":false},"featured_media":3624,"comment_status":"open","ping_status":"closed","template":"","meta":{"inline_featured_image":false},"pwb-brand":[125],"product_brand":[],"product_cat":[1253],"product_tag":[245,146,469,468],"class_list":{"0":"post-3623","1":"product","2":"type-product","3":"status-publish","4":"has-post-thumbnail","6":"pwb-brand-epson","7":"product_cat-solucion-pos","8":"product_tag-epson","9":"product_tag-impresora","10":"product_tag-para-recibos","11":"product_tag-tm-u220d","13":"first","14":"outofstock","15":"taxable","16":"shipping-taxable","17":"purchasable","18":"product-type-simple"},"brands":[{"id":125,"name":"Epson","slug":"epson"}],"_links":{"self":[{"href":"https:\/\/compuimpresion.com.co\/portal\/wp-json\/wp\/v2\/product\/3623","targetHints":{"allow":["GET"]}}],"collection":[{"href":"https:\/\/compuimpresion.com.co\/portal\/wp-json\/wp\/v2\/product"}],"about":[{"href":"https:\/\/compuimpresion.com.co\/portal\/wp-json\/wp\/v2\/types\/product"}],"replies":[{"embeddable":true,"href":"https:\/\/compuimpresion.com.co\/portal\/wp-json\/wp\/v2\/comments?post=3623"}],"wp:featuredmedia":[{"embeddable":true,"href":"https:\/\/compuimpresion.com.co\/portal\/wp-json\/wp\/v2\/media\/3624"}],"wp:attachment":[{"href":"https:\/\/compuimpresion.com.co\/portal\/wp-json\/wp\/v2\/media?parent=3623"}],"wp:term":[{"taxonomy":"pwb-brand","embeddable":true,"href":"https:\/\/compuimpresion.com.co\/portal\/wp-json\/wp\/v2\/pwb-brand?post=3623"},{"taxonomy":"product_brand","embeddable":true,"href":"https:\/\/compuimpresion.com.co\/portal\/wp-json\/wp\/v2\/product_brand?post=3623"},{"taxonomy":"product_cat","embeddable":true,"href":"https:\/\/compuimpresion.com.co\/portal\/wp-json\/wp\/v2\/product_cat?post=3623"},{"taxonomy":"product_tag","embeddable":true,"href":"https:\/\/compuimpresion.com.co\/portal\/wp-json\/wp\/v2\/product_tag?post=3623"}],"curies":[{"name":"wp","href":"https:\/\/api.w.org\/{rel}","templated":true}]}}