{"id":3619,"date":"2021-12-25T22:11:56","date_gmt":"2021-12-26T03:11:56","guid":{"rendered":"https:\/\/compuimpresion.com.co\/portal\/?post_type=product&#038;p=3619"},"modified":"2026-04-14T18:12:58","modified_gmt":"2026-04-14T23:12:58","slug":"escaner-hp-scanjet-enterprise-flow-7000-s3-con-alimentacion-de-hojas","status":"publish","type":"product","link":"https:\/\/compuimpresion.com.co\/portal\/productos\/escaner-hp-scanjet-enterprise-flow-7000-s3-con-alimentacion-de-hojas\/","title":{"rendered":"Esc\u00e1ner HP ScanJet Enterprise Flow 7000 s3 con Alimentaci\u00f3n de Hojas"},"content":{"rendered":"","protected":false},"excerpt":{"rendered":"<p><strong>Esc\u00e1ner HP ScanJet Enterprise Flow 7000 s3 con Alimentaci\u00f3n de Hojas<\/strong><\/p>\n<p>Maneje grandes vol\u00famenes a velocidades impresionantes: hasta 75 ppm\/150 ipm para blanco y negro y color. Recomendado para 7.500 p\u00e1ginas por d\u00eda. El software integrado y el alimentador autom\u00e1tico de documentos de 80 p\u00e1ginas proporcionan una gesti\u00f3n homog\u00e9nea del papel.<br \/>\nDigitalice documentos enteros a doble cara hasta 150 ipm de una sola pasada en blanco y negro y color.<br \/>\nLibere espacio para trabajar. Este esc\u00e1ner HP ScanJet es peque\u00f1o y delgado, con un dise\u00f1o moderno, perfecto para el escritorio.<br \/>\nCapture una amplia gama de documentos, incluso pilas de medios de diferentes tipos y tama\u00f1os, con HP EveryPage.<br \/>\nCargue hasta 80 p\u00e1ginas en el alimentador autom\u00e1tico de documentos para escanear de forma r\u00e1pida y sin supervisi\u00f3n.<br \/>\nAhorre tiempo y mejore el rendimiento con flujos de trabajo personalizados. Capture f\u00e1cilmente una amplia gama de tipos de papel en la misma operaci\u00f3n, y env\u00ede la informaci\u00f3n donde usted necesite. Integre este HP ScanJet en su empresa para administrar la informaci\u00f3n con eficiencia.<\/p>\n","protected":false},"featured_media":3620,"comment_status":"open","ping_status":"closed","template":"","meta":{"inline_featured_image":false},"pwb-brand":[124],"product_brand":[],"product_cat":[895],"product_tag":[1454,568,451,374,185],"class_list":{"0":"post-3619","1":"product","2":"type-product","3":"status-publish","4":"has-post-thumbnail","6":"pwb-brand-hp","7":"product_cat-escaner","8":"product_tag-7000-s3","9":"product_tag-documental","10":"product_tag-enterprise","11":"product_tag-escaner","12":"product_tag-usb","14":"first","15":"outofstock","16":"taxable","17":"shipping-taxable","18":"purchasable","19":"product-type-simple"},"brands":[{"id":124,"name":"HP","slug":"hp"}],"_links":{"self":[{"href":"https:\/\/compuimpresion.com.co\/portal\/wp-json\/wp\/v2\/product\/3619","targetHints":{"allow":["GET"]}}],"collection":[{"href":"https:\/\/compuimpresion.com.co\/portal\/wp-json\/wp\/v2\/product"}],"about":[{"href":"https:\/\/compuimpresion.com.co\/portal\/wp-json\/wp\/v2\/types\/product"}],"replies":[{"embeddable":true,"href":"https:\/\/compuimpresion.com.co\/portal\/wp-json\/wp\/v2\/comments?post=3619"}],"wp:featuredmedia":[{"embeddable":true,"href":"https:\/\/compuimpresion.com.co\/portal\/wp-json\/wp\/v2\/media\/3620"}],"wp:attachment":[{"href":"https:\/\/compuimpresion.com.co\/portal\/wp-json\/wp\/v2\/media?parent=3619"}],"wp:term":[{"taxonomy":"pwb-brand","embeddable":true,"href":"https:\/\/compuimpresion.com.co\/portal\/wp-json\/wp\/v2\/pwb-brand?post=3619"},{"taxonomy":"product_brand","embeddable":true,"href":"https:\/\/compuimpresion.com.co\/portal\/wp-json\/wp\/v2\/product_brand?post=3619"},{"taxonomy":"product_cat","embeddable":true,"href":"https:\/\/compuimpresion.com.co\/portal\/wp-json\/wp\/v2\/product_cat?post=3619"},{"taxonomy":"product_tag","embeddable":true,"href":"https:\/\/compuimpresion.com.co\/portal\/wp-json\/wp\/v2\/product_tag?post=3619"}],"curies":[{"name":"wp","href":"https:\/\/api.w.org\/{rel}","templated":true}]}}