{"id":3611,"date":"2021-12-25T21:57:46","date_gmt":"2021-12-26T02:57:46","guid":{"rendered":"https:\/\/compuimpresion.com.co\/portal\/?post_type=product&#038;p=3611"},"modified":"2024-10-07T11:17:01","modified_gmt":"2024-10-07T16:17:01","slug":"impresora-multifuncional-epson-ecotank-l3210","status":"publish","type":"product","link":"https:\/\/compuimpresion.com.co\/portal\/productos\/impresora-multifuncional-epson-ecotank-l3210\/","title":{"rendered":"Impresora Epson Ecotank L3210 Multifuncional"},"content":{"rendered":"","protected":false},"excerpt":{"rendered":"<p><strong>Impresora Multifuncional Epson Ecotank L3210<\/strong><\/p>\n<p>La Impresora multifuncional 3 en 1 Epson EcoTank L3210 ofrece a las familias, estudiantes y profesionales un costo de impresi\u00f3n ultra bajo, que te permite imprimir hasta 4.500 p\u00e1ginas en negro o 7.500 p\u00e1ginas a color con cada juego de botellas de repuesto. La L3210 ofrece total confiabilidad gracias a la tecnolog\u00eda Heat-Free de Epson, adem\u00e1s de una experiencia de recarga f\u00e1cil, limpia y sin errores con la tecnolog\u00eda EcoFitTM, y un dise\u00f1o de tanque frontal s\u00faper compacto que ocupa poco espacio y permite verificar f\u00e1cilmente los niveles de tinta. Con una garant\u00eda limitada y extendida hasta de 2 a\u00f1os, Epson lo respalda totalmente para que pueda imprimir sin cartuchos y sin preocupaciones.<\/p>\n","protected":false},"featured_media":3612,"comment_status":"open","ping_status":"closed","template":"","meta":{"inline_featured_image":false},"pwb-brand":[125],"product_brand":[],"product_cat":[891,1259],"product_tag":[244,245,146,464,143],"class_list":{"0":"post-3611","1":"product","2":"type-product","3":"status-publish","4":"has-post-thumbnail","6":"pwb-brand-epson","7":"product_cat-impresion","8":"product_cat-inyeccion-de-tinta","9":"product_tag-ecotank","10":"product_tag-epson","11":"product_tag-impresora","12":"product_tag-l3210","13":"product_tag-multifuncional","15":"first","16":"instock","17":"taxable","18":"shipping-taxable","19":"purchasable","20":"product-type-simple"},"brands":[{"id":125,"name":"Epson","slug":"epson"}],"_links":{"self":[{"href":"https:\/\/compuimpresion.com.co\/portal\/wp-json\/wp\/v2\/product\/3611","targetHints":{"allow":["GET"]}}],"collection":[{"href":"https:\/\/compuimpresion.com.co\/portal\/wp-json\/wp\/v2\/product"}],"about":[{"href":"https:\/\/compuimpresion.com.co\/portal\/wp-json\/wp\/v2\/types\/product"}],"replies":[{"embeddable":true,"href":"https:\/\/compuimpresion.com.co\/portal\/wp-json\/wp\/v2\/comments?post=3611"}],"wp:featuredmedia":[{"embeddable":true,"href":"https:\/\/compuimpresion.com.co\/portal\/wp-json\/wp\/v2\/media\/3612"}],"wp:attachment":[{"href":"https:\/\/compuimpresion.com.co\/portal\/wp-json\/wp\/v2\/media?parent=3611"}],"wp:term":[{"taxonomy":"pwb-brand","embeddable":true,"href":"https:\/\/compuimpresion.com.co\/portal\/wp-json\/wp\/v2\/pwb-brand?post=3611"},{"taxonomy":"product_brand","embeddable":true,"href":"https:\/\/compuimpresion.com.co\/portal\/wp-json\/wp\/v2\/product_brand?post=3611"},{"taxonomy":"product_cat","embeddable":true,"href":"https:\/\/compuimpresion.com.co\/portal\/wp-json\/wp\/v2\/product_cat?post=3611"},{"taxonomy":"product_tag","embeddable":true,"href":"https:\/\/compuimpresion.com.co\/portal\/wp-json\/wp\/v2\/product_tag?post=3611"}],"curies":[{"name":"wp","href":"https:\/\/api.w.org\/{rel}","templated":true}]}}