{"id":3597,"date":"2021-12-25T12:21:36","date_gmt":"2021-12-25T17:21:36","guid":{"rendered":"https:\/\/compuimpresion.com.co\/portal\/?post_type=product&#038;p=3597"},"modified":"2025-03-10T03:14:21","modified_gmt":"2025-03-10T08:14:21","slug":"impresora-multifuncional-canon-g4110","status":"publish","type":"product","link":"https:\/\/compuimpresion.com.co\/portal\/productos\/impresora-multifuncional-canon-g4110\/","title":{"rendered":"Impresora Multifuncional Canon G4110"},"content":{"rendered":"<p><strong>Impresora Multifuncional Canon G4110<\/strong><\/p>\n<p><strong>La impresora inal\u00e1mbrica multifuncional PIXMA G4110<\/strong> proporciona la capacidad de imprimir, copiar, escanear y enviar fax. As\u00ed mismo, tiene un alimentador autom\u00e1tico de documentos de 20 hojas y una pantalla LCD de 2 l\u00edneas. Esta impresora tambi\u00e9n proporciona muchas de las funciones populares que se encuentran en los modelos anteriores tal como el sistema de tinta h\u00edbrido integrado, dise\u00f1o compacto y capacidades de impresi\u00f3n sin bordes.<\/p>\n<p>El sistema de tinta h\u00edbrido de la nueva impresora <strong>PIXMA G4110<\/strong> utiliza tintas con pigmentos y colorantes h\u00edbridos que produce una calidad de imagen mejorada para negros m\u00e1s oscuros para as\u00ed lograr un texto de gran nitidez y colores vibrantes que dan como resultado impresiones con gran impacto visual. Esta impresora incorpora una almohadilla de tinta m\u00e1s amplia que permite absorber m\u00e1s desperdicio de tinta incrementando as\u00ed el volumen de impresi\u00f3n. Unos de los puntos importantes que continua en este equipo es el tubo herm\u00e9tico, de alta calidad, duradero y flexible que evita que la tinta se seque cuando la impresora no est\u00e1 en uso.<\/p>\n<p>Este m\u00e9todo de recarga de tinta ofrece un menor costo por p\u00e1gina y una mayor producci\u00f3n de p\u00e1ginas, produciendo hasta 6.000 p\u00e1ginas en blanco y negro por botella y un total de hasta 7.000 p\u00e1ginas en color. Las botellas de tinta ofrecen una capacidad de tinta sustancial con 135 ml en la botella de color negro y 70 ml por cada botella de tinta de color. Construida para la conveniencia del usuario, esta nueva impresora ofrece una conectividad Wi-Fi m\u00e1s f\u00e1cil y din\u00e1mica.<\/p>\n<p>Adicionalmente, la impresora PIXMA G4110 cuenta con la experiencia de<strong> impresi\u00f3n inal\u00e1mbrica para Dispositivos Inteligentes habilitado a trav\u00e9s de la aplicaci\u00f3n de impresi\u00f3n Canon PRINT<\/strong> actualizada.1 Esta funci\u00f3n permite a los usuarios hacer copias de documentos y fotos usando sus dispositivos inteligentes e imprimirlas f\u00e1cilmente. Canon PRINT tambi\u00e9n permite a los usuarios imprimir desde varias de las plataformas y servicios sociales m\u00e1s populares en l\u00ednea, como Instagram, Facebook , Dropbox \u00ae, Evernote , Google Drive y Microsoft \u00ae OneDrive Este modelo tambi\u00e9n es compatible con Google Cloud Print , para imprimir desde gmail y Google Docs en un dispositivo m\u00f3vil, y desde el navegador Google Chrome para Mac, Windows, Linux y computadoras Chrome.<\/p>\n<p>La PIXMA G4110 ofrece velocidades de impresi\u00f3n de hasta 8,8 im\u00e1genes por minuto (IPM) en B\/W y 5,0 IPM en color y es capaz de producir una foto sin bordes de 10 x 15 cm en aproximadamente 60 segundos. Adem\u00e1s, la impresora tiene una resoluci\u00f3n de color m\u00e1xima de 4800 dpi. La nueva impresora de PIXMA G4110 es ideal para \u00e9sos que buscan una impresora de alta calidad genuina y confiable que proporciona excelentes niveles de productividad, bajo mantenimiento y tanques de tinta f\u00e1ciles de rellenar<\/p>\n<p>Caracter\u00edsticas:<br \/>\n&#8211; Velocidad de impresi\u00f3n (hasta): Fotograf\u00eda sin Bordes de 10 x 15 cm: aprox. 60 segundos,<br \/>\nNegro: ESAT: aprox. 8.8 ipm, Color: ESAT: aprox. 5.0 ipm<br \/>\n&#8211; Cantidad de boquillas: Color: 1,152 \/ Pigmento Negro: 320 \/ total: 1,472<br \/>\n&#8211; Resoluci\u00f3n de impresi\u00f3n (hasta): 4800 x 1200 dpi<br \/>\n&#8211; Compatibilidad de tinta: GI-190 Negra: Tinta Pigmento Negra; GI-190 Cian\/Magenta\/Amarillo (Colores a base de tinta)<br \/>\n&#8211; Tama\u00f1os de papel: A4, A5, B5, Carta, Oficio, Sobres U.S. N\u00fam. 10, 4\u201d x 6\u201d (10cm x 15 cm), 5\u201d x 7\u201d (13 cm x 18 cm), 8\u201d x 10\u201d (20 cm x 25 cm), Cuadrado (5\u201d x 5\u201d) (13cm x 13 cm), Tarjeta de Presentaci\u00f3n, Tama\u00f1o Personalizado (Anchura de 55 mm a 215.9 mm, Longitud de 89 mm a 676 mm)<br \/>\n&#8211; Compatibilidad de papel: Com\u00fan: Papel Com\u00fan, Papel de Alta Resoluci\u00f3n; Brilloso: Papel Fotogr\u00e1fico Brilloso Plus II, Papel Fotogr\u00e1fico Brilloso;Mate: Papel Fotogr\u00e1fico Mate; Sobres: Sobres U.S. N\u00fam. 10<br \/>\n&#8211; Caracter\u00edsticas de la impresora: Correcci\u00f3n Autom\u00e1tica de Im\u00e1genes II, Impresi\u00f3n sin Bordes, Impresi\u00f3n con Bordes, Impresi\u00f3n de Documentos, Impresi\u00f3n Fotogr\u00e1fica, AirPrint8, Easy Web Print EX, Impresi\u00f3n Completa de Escenas de Videos en HD, Google Cloud Print, My Image Garden, Canon PRINT app, PIXMA Cloud Link, Modo Silencioso, Efectos de Filtros Divertidos, Impresi\u00f3n Inal\u00e1mbrica, Mopria Device Printing, Easy-PhotoPrint+ Message in Print, Copia desde Dispositivo Inteligente, Poster Artist Lite (compatible).<br \/>\n&#8211; Caracter\u00edsticas de copiado: 4 en 1 \/ 2 en 1, Copiado sin Bordes, Copiado Compaginado (ADF Solamente), Copia de Reservaci\u00f3n de Trabajos, Recordatorio para Remover Documento, Ajustar a P\u00e1gina, Copia con Borrado de Marco, Copia de Tarjetas de Identificaci\u00f3n, Porcentajes de Copiado Predeterminados, Copiado Est\u00e1ndar<br \/>\n&#8211; Tipo de esc\u00e1ner: Esc\u00e1ner Plano<br \/>\n&#8211; Elemento de escaneo: Sensor de Imagen por Contacto (CIS, por sus siglas en ingl\u00e9s)<br \/>\n&#8211; Resoluci\u00f3n m\u00e1xima: \u00d3ptical: 600 x 1200 dpi, Interpolada: 19,200 x 19,200 dpi<br \/>\n&#8211; Caracter\u00edsticas del esc\u00e1ner: Modo de Escaneo Autom\u00e1tico, Escaneo en Red, Escaneo Inal\u00e1mbrico, Recordatorio para Remover Documentos, Guardar en PC, Escanear a la aplicaci\u00f3n Canon PRINT<br \/>\n&#8211; Profundidad de color: 48 bits interno (por Canal RGB); 24 bits externo (por Canal RGB)<br \/>\n&#8211; Tama\u00f1o m\u00e1ximo del documento: Esc\u00e1ner Plano: A4, 8.5\u201d x 11\u201d (21.6 cm x 29.72 cm) (Carta)<br \/>\nADF: A4, 8.5\u201d x 11\u201d (21.6 cm x 29.72 cm) (Carta), 8.5\u201d x 14\u201d (21.6 cm x 35.56 cm) (Oficio)<br \/>\n&#8211; Velocidad del modem: 33.6 Kbps (FAX Super G3 en color)<br \/>\n&#8211; Velocidad de transmisi\u00f3n (aprox.): Negro: Aprox. 3 segundos por p\u00e1gina, Color: Aprox. 1 minuto por p\u00e1gina<br \/>\n&#8211; Capacidad de memoria: Aprox. 50 P\u00e1ginas<br \/>\n&#8211; Otras caracter\u00edsticas: Sistema de Tinta Integrado &#8211; 4 colores, Certificaci\u00f3n Energy Star\u00ae, Pantalla LCD de 2 l\u00edneas, Alimentador Autom\u00e1tico de Documentos completamente integrado (ADF, por sus siglas en ingl\u00e9s), Sistema de Tinta H\u00edbrido, Alto rendimiento de 6,000 p\u00e1ginas en negro y 7,000 en color y 2,000 fotos en color22, Texto N\u00edtido, Wi-Fi LED, Clasificaci\u00f3n EPEAT Plata, Encendido y Apagado Autom\u00e1tico, Modo Silencioso, Aplicaci\u00f3n Canon PRINT1, PIXMA Cloud Link9, Creative Park<br \/>\n&#8211; Compatibilidad con Sistemas operativos: Windows\u00ae 10, Windows 8, Windows 8.1, Windows 7 SP1, Windows Vista SP2, Mac OS\u00ae X 10.10.5 &#8211; OS X 10.11, Mac OS 10.12 *Es recomendable que los usuarios actualicen macOS v10.12.0 a macOS v10.12.1 para obtener una funcionalidad completa.<br \/>\n&#8211; Interfaz est\u00e1ndar: USB de Alta Velocidad; LAN Inal\u00e1mbrica (IEEE 802.11b\/g\/n)<br \/>\n&#8211; Dimensiones: 44.5 cm (An.) x 33.0 cm (Pr.) x 19.7 cm (Al.)<br \/>\n&#8211; Peso:7.3 kg<\/p>\n<p>Sku: 2822<br \/>\nEan: 4549292095562<br \/>\nN\/p: G4110<\/p>\n","protected":false},"excerpt":{"rendered":"<p><strong>La impresora inal\u00e1mbrica multifuncional PIXMA G4110<\/strong> proporciona la capacidad de imprimir, copiar, escanear y enviar fax. As\u00ed mismo, tiene un alimentador autom\u00e1tico de documentos de 20 hojas y una pantalla LCD de 2 l\u00edneas. Esta impresora tambi\u00e9n proporciona muchas de las funciones populares que se encuentran en los modelos anteriores tal como el sistema de tinta h\u00edbrido integrado, dise\u00f1o compacto y capacidades de impresi\u00f3n sin bordes.<\/p>\n<p>El sistema de tinta h\u00edbrido de la nueva impresora <strong>PIXMA G4110<\/strong> utiliza tintas con pigmentos y colorantes h\u00edbridos que produce una calidad de imagen mejorada para negros m\u00e1s oscuros para as\u00ed lograr un texto de gran nitidez y colores vibrantes que dan como resultado impresiones con gran impacto visual. Esta impresora incorpora una almohadilla de tinta m\u00e1s amplia que permite absorber m\u00e1s desperdicio de tinta incrementando as\u00ed el volumen de impresi\u00f3n. Unos de los puntos importantes que continua en este equipo es el tubo herm\u00e9tico, de alta calidad, duradero y flexible que evita que la tinta se seque cuando la impresora no est\u00e1 en uso.<\/p>\n","protected":false},"featured_media":3598,"comment_status":"open","ping_status":"closed","template":"","meta":{"inline_featured_image":false},"pwb-brand":[128],"product_brand":[],"product_cat":[891,1259],"product_tag":[305,461,146,143],"class_list":{"0":"post-3597","1":"product","2":"type-product","3":"status-publish","4":"has-post-thumbnail","6":"pwb-brand-canon","7":"product_cat-impresion","8":"product_cat-inyeccion-de-tinta","9":"product_tag-canon","10":"product_tag-g4110","11":"product_tag-impresora","12":"product_tag-multifuncional","14":"first","15":"outofstock","16":"taxable","17":"shipping-taxable","18":"purchasable","19":"product-type-simple"},"brands":[{"id":128,"name":"Canon","slug":"canon"}],"_links":{"self":[{"href":"https:\/\/compuimpresion.com.co\/portal\/wp-json\/wp\/v2\/product\/3597","targetHints":{"allow":["GET"]}}],"collection":[{"href":"https:\/\/compuimpresion.com.co\/portal\/wp-json\/wp\/v2\/product"}],"about":[{"href":"https:\/\/compuimpresion.com.co\/portal\/wp-json\/wp\/v2\/types\/product"}],"replies":[{"embeddable":true,"href":"https:\/\/compuimpresion.com.co\/portal\/wp-json\/wp\/v2\/comments?post=3597"}],"wp:featuredmedia":[{"embeddable":true,"href":"https:\/\/compuimpresion.com.co\/portal\/wp-json\/wp\/v2\/media\/3598"}],"wp:attachment":[{"href":"https:\/\/compuimpresion.com.co\/portal\/wp-json\/wp\/v2\/media?parent=3597"}],"wp:term":[{"taxonomy":"pwb-brand","embeddable":true,"href":"https:\/\/compuimpresion.com.co\/portal\/wp-json\/wp\/v2\/pwb-brand?post=3597"},{"taxonomy":"product_brand","embeddable":true,"href":"https:\/\/compuimpresion.com.co\/portal\/wp-json\/wp\/v2\/product_brand?post=3597"},{"taxonomy":"product_cat","embeddable":true,"href":"https:\/\/compuimpresion.com.co\/portal\/wp-json\/wp\/v2\/product_cat?post=3597"},{"taxonomy":"product_tag","embeddable":true,"href":"https:\/\/compuimpresion.com.co\/portal\/wp-json\/wp\/v2\/product_tag?post=3597"}],"curies":[{"name":"wp","href":"https:\/\/api.w.org\/{rel}","templated":true}]}}