{"id":3592,"date":"2021-12-25T12:02:01","date_gmt":"2021-12-25T17:02:01","guid":{"rendered":"https:\/\/compuimpresion.com.co\/portal\/?post_type=product&#038;p=3592"},"modified":"2025-12-26T17:38:16","modified_gmt":"2025-12-26T22:38:16","slug":"impresora-multifuncional-canon-maxify-gx7010","status":"publish","type":"product","link":"https:\/\/compuimpresion.com.co\/portal\/productos\/impresora-multifuncional-canon-maxify-gx7010\/","title":{"rendered":"Impresora Canon GX7010 Multifuncional Maxify"},"content":{"rendered":"<p><strong>Impresora Multifuncional Canon Maxify GX7010<\/strong><\/p>\n<p><strong>Impresora MegaTank de gran capacidad<\/strong> para negocios, una impresora de tanque de tinta recargable <strong>para empresas que desean alto rendimiento, menos mantenimiento y un costo total de propiedad bajo.<\/strong><br \/>\nMantenga los costos de impresi\u00f3n empresarial lo m\u00e1s bajo posible gracias al extraordinario rendimiento de 14.000 p\u00e1ginas en color \u00f3 6.000 p\u00e1ginas en blanco y negro utilizando el modo econ\u00f3mico . Cuente con impresiones de calidad empresarial incluso al imprimir en modo Econ\u00f3mico.<br \/>\nImpresi\u00f3n de alta velocidad de hasta 45 ppm en blanco y negro, y 25 ppm en color, para que pueda responder tan r\u00e1pido como lo requieran sus necesidades empresariales.<br \/>\nM\u00e1s tranquilidad con menos necesidad de reparaciones. Mantenimiento f\u00e1cil y econ\u00f3mico gracias al cabezal de impresi\u00f3n y al cartucho de mantenimiento que son f\u00e1ciles de reemplazar por los mismos usuarios en la comodidad de sus oficinas.<br \/>\nImprima, escanee, copie y con\u00e9ctese a la nube a trav\u00e9s de la aplicaci\u00f3n Canon PRINT. Tambi\u00e9n aproveche las ventajas de la conectividad Ethernet, Wi-Fi de doble banda y de la compatibilidad con Apple AirPrint (iOS) y Mopria (Android).<br \/>\nAhorre tiempo con un alimentador autom\u00e1tico de documentos de 50 hojas con facilidad para escanear a dos caras de una sola pasada, pantalla t\u00e1ctil a color inclinable de 6,7 cm y una capacidad de papel de hasta 600 hojas. Maneje diversos tipos de papel, incluso imprima pancartas de hasta 1,2 m de largo.<\/p>\n<p>Caracter\u00edsticas <strong>Multifuncional Canon Maxify GX7010<\/strong>:<\/p>\n<p>-Velocidad de Impresi\u00f3n: Documento: Borrador (Aprox.): B\/N: 45 ppm. Color: 25.0 ppm. ESAT\/Simplex (Aprox.): B\/N: 24.0 ipm. Color: 15.5 ipm. ESAT\/Duplex (Aprox.): B\/W: 13.0 ipm. Color: 10.0 ipm. FPOT Ready\/ Simplex (Aprox.): B\/N: 7 Seg. Color: 8 Seg<br \/>\n-Cantidad de Boquillas: Total 4.352 boquillas (BK: 1.280 boquillas, C\/M\/Y: 1.024 boquillas)<br \/>\n-Resoluci\u00f3n de Impresi\u00f3n: 600 dpi*2 x 1.200 dpi<br \/>\n-Ciclo de trabajo: Hasta 45.000 p\u00e1ginas\/mes.<br \/>\n-Volumen de impresi\u00f3n mensual recomendado (VIMR): Hasta 4.000 p\u00e1ginas.<br \/>\n-Tama\u00f1o de papel Bandeja trasera: A4, A5, A6, B5, Carta, Oficio, B-Oficio, M-Oficio, Foolscap, FS, Ejecutivo, #10 Sobre, DL Sobre, C5 Sobre, Sobre monarca, 4\u201d x 6\u201d, 5\u201d x 7\u201d, 7\u201d x 10\u201d, 8\u201d x 10\u201d, Cuadrado (127 mm x 127 mm), Personalizado (ancho: 89 mm &#8211; 216 mm, largo: 127 mm &#8211; 1.200 mm). Bandeja 1: A4, Carta, A5, B5. Bandeja 2: A4, Carta. ADF: A4, Carta, Oficio<br \/>\n&#8211; Tipos de papeles compatibles: Papel com\u00fan, papel alta resoluci\u00f3n, papel fotogr\u00e1fico Plus brillante II, Papel foto Pro Luster, papel foto plus semi-brillante, papel foto \u201cuso diario\u201c, papel foto brillante, papel foto matte, sobres, papel foto magn\u00e9tico, foto autoadhesivo removible, papel foto autoadhesivo removible, tarjetas, fotos autoadhesivas, Tela clara para transferencia por plancha, papel matte doble cara.<br \/>\n&#8211; Peso del Papel Bandeja trasera: Papel com\u00fan: 64 g\/m2 &#8211; 105 g\/m2. Papel Canon: Max. Gramaje de papel aprox. 275 g\/m2. Bandejas 1 &amp; 2: Papel com\u00fan: 64 g\/m2 &#8211; 105 g\/m2.<br \/>\n&#8211; Capacidad de bandejas: Capacidad total de papel: 600 hojas de papel com\u00fan. Bandeja 1: 250 hojas de papel com\u00fan. Bandeja 2: 250 hojas de papel com\u00fan. Bandeja trasera: 100 hojas de papel com\u00fan<br \/>\n&#8211; Durabilidad del Equipo 150.000 p\u00e1ginas<br \/>\n&#8211; Caracter\u00edsticas de fotocop: 4-on-1 \/ 2-on-1 copia, copia de documento, Ajuste a la P\u00e1gina, Frame Erase Cop y (solo escaner plano), de tarjeta de identificaci\u00f3n, de exposici\u00f3n autom\u00e1tica, m\u00faltiple (hasta 99 p\u00e1ginas), de fotos, Proporciones preestablecidas, de reducci\u00f3n \/ aumento (25% -400%), est\u00e1ndar<br \/>\n&#8211; Velocidad de copia Documento a color: sFCOT\/Simplex Aprox. 12.0 seg. Color: sESAT\/Simplex Aprox. 12.7 ipm. Documento (ADF) Color: ESAT\/Simplex Aprox. 12.2 ipm. Negro: ESAT\/Simplex Aprox. 22.2 ipm<br \/>\n&#8211; N\u00fameros de copias: Hasta 99 Copias<br \/>\n&#8211; Tama\u00f1o m\u00e1ximo de documento: A4 \/ Carta<br \/>\n&#8211; Tama\u00f1o de copia 25 &#8211; 400%. Ajuste a la p\u00e1gina. A5 a A4, B5 a A4, A4 to A5 y A4 a B5<br \/>\n&#8211; Caracter\u00edsticas de escaneo Escaneo d\u00faplex de una sola pasada, Guardar en PC, Adjuntar a correo electr\u00f3nico, PDF de varias p\u00e1ginas, Guardar en unidad flash USB, Unsharp mask, Descreen, Reduce slow-through, Volver a escanear, Rotar, Recorte autom\u00e1tico, Escanear a carpeta.<br \/>\n&#8211; Tipo de escaneo Escaner plano (ADF \/ Platen).<br \/>\n&#8211; M\u00e9todo de escaneo Sensor de Imagen por Contacto (CIS)<br \/>\n&#8211; Resoluci\u00f3n de escaneo: 1200 x 1200 dpi<br \/>\n&#8211; Profundidad m\u00e1xima de escaneo en color: Escala de grises: 16-bit\/8-bit Color: RGB cada 16 bit\/8 bit<br \/>\n&#8211; Tama\u00f1o M\u00e1ximo de Documento Escaner Plano: A4 \/ Carta (216 mm x 297 mm). ADF: A4 \/ Carta \/ Oficio.<br \/>\n&#8211; Caracter\u00edsticas de fax: Rechazo de llamadas, Rechazo de recepci\u00f3n de fax, Reingreso de n\u00famero de fax, Verificar informaci\u00f3n de fax RX, B\u00fasqueda de marcaci\u00f3n, Transmisi\u00f3n de memoria, Conectividad de contestador autom\u00e1tico, Recepci\u00f3n remota, Remarcaci\u00f3n, Impresi\u00f3n a doble cara (im\u00e1genes de fax), FAX a carpeta. Marcaci\u00f3n de grupo: M\u00e1x. 99 ubicaciones.<br \/>\n&#8211; Velocidad de transmisi\u00f3n Fax : Negro: aprox. 3 seg. Color: aprox. 1 min. Modem: M\u00e1ximo 33.6 kbps (Automatic fall back)<br \/>\n&#8211; Memoria de fax: Aprox. 250 p\u00e1ginas<br \/>\n&#8211; Est\u00e1ndar Interface USB Alta Velocidad Wi-Fi\u00ae (Wireless LAN, 2.4\/5 GHz, IEEE 802.11b\/g\/n)1 Wired LAN (100BASE-TX) \/ 10BASE-T)<br \/>\n-Pantalla: 2,7\u201d \/ 6,7 cm LCD (Pantalla T\u00e1ctil, Color)<br \/>\n&#8211; Lenguaje Est\u00e1ndar de Impresi\u00f3n: PCL6, PDF Direct, PS3 (Postscript Level 3), UFR II, TIFF, JPEG, WSD Printing, XPS Direc<br \/>\n&#8211; Sistemas Operativos: Windows15: Windows 10, Windows 8.1, Windows 7 SP1. Mac16: macOS v10.12.6 -10.15 (Catalina). Linux25: Fedora, Ubuntu (Distribution). Sistema Operativo M\u00f3vil17: iOS, iPadOS, AndroidTM<br \/>\n&#8211; Consumibles de repuesto: GI-16 negro (167ml); GI-16 132ml x 3 colores (C,M,Y)<br \/>\n-Dimensiones: 39,9 (L) x 41,0 (P) x 31,4 (A) cm<br \/>\n-Peso: 13 kg<\/p>\n<p>Sku: 2719<br \/>\nEan: 4549292173604<br \/>\nN\/p: 4471C004AA<\/p>\n","protected":false},"excerpt":{"rendered":"<p><strong>Impresora Multifuncional Canon Maxify GX7010<\/strong><\/p>\n<p><strong>Impresora MegaTank de gran capacidad<\/strong> para negocios, una impresora de tanque de tinta recargable <strong>para empresas que desean alto rendimiento, menos mantenimiento y un costo total de propiedad bajo.<\/strong><br \/>\nMantenga los costos de impresi\u00f3n empresarial lo m\u00e1s bajo posible gracias al extraordinario rendimiento de 14.000 p\u00e1ginas en color \u00f3 6.000 p\u00e1ginas en blanco y negro utilizando el modo econ\u00f3mico . Cuente con impresiones de calidad empresarial incluso al imprimir en modo Econ\u00f3mico.<br \/>\nImpresi\u00f3n de alta velocidad de hasta 45 ppm en blanco y negro, y 25 ppm en color, para que pueda responder tan r\u00e1pido como lo requieran sus necesidades empresariales.<br \/>\nM\u00e1s tranquilidad con menos necesidad de reparaciones. Mantenimiento f\u00e1cil y econ\u00f3mico gracias al cabezal de impresi\u00f3n y al cartucho de mantenimiento que son f\u00e1ciles de reemplazar por los mismos usuarios en la comodidad de sus oficinas.<\/p>\n","protected":false},"featured_media":3595,"comment_status":"open","ping_status":"closed","template":"","meta":{"inline_featured_image":false},"pwb-brand":[128],"product_brand":[],"product_cat":[891,1259],"product_tag":[305,460,146,459,143],"class_list":{"0":"post-3592","1":"product","2":"type-product","3":"status-publish","4":"has-post-thumbnail","6":"pwb-brand-canon","7":"product_cat-impresion","8":"product_cat-inyeccion-de-tinta","9":"product_tag-canon","10":"product_tag-gx7010","11":"product_tag-impresora","12":"product_tag-maxify","13":"product_tag-multifuncional","15":"first","16":"outofstock","17":"taxable","18":"shipping-taxable","19":"purchasable","20":"product-type-simple"},"brands":[{"id":128,"name":"Canon","slug":"canon"}],"_links":{"self":[{"href":"https:\/\/compuimpresion.com.co\/portal\/wp-json\/wp\/v2\/product\/3592","targetHints":{"allow":["GET"]}}],"collection":[{"href":"https:\/\/compuimpresion.com.co\/portal\/wp-json\/wp\/v2\/product"}],"about":[{"href":"https:\/\/compuimpresion.com.co\/portal\/wp-json\/wp\/v2\/types\/product"}],"replies":[{"embeddable":true,"href":"https:\/\/compuimpresion.com.co\/portal\/wp-json\/wp\/v2\/comments?post=3592"}],"wp:featuredmedia":[{"embeddable":true,"href":"https:\/\/compuimpresion.com.co\/portal\/wp-json\/wp\/v2\/media\/3595"}],"wp:attachment":[{"href":"https:\/\/compuimpresion.com.co\/portal\/wp-json\/wp\/v2\/media?parent=3592"}],"wp:term":[{"taxonomy":"pwb-brand","embeddable":true,"href":"https:\/\/compuimpresion.com.co\/portal\/wp-json\/wp\/v2\/pwb-brand?post=3592"},{"taxonomy":"product_brand","embeddable":true,"href":"https:\/\/compuimpresion.com.co\/portal\/wp-json\/wp\/v2\/product_brand?post=3592"},{"taxonomy":"product_cat","embeddable":true,"href":"https:\/\/compuimpresion.com.co\/portal\/wp-json\/wp\/v2\/product_cat?post=3592"},{"taxonomy":"product_tag","embeddable":true,"href":"https:\/\/compuimpresion.com.co\/portal\/wp-json\/wp\/v2\/product_tag?post=3592"}],"curies":[{"name":"wp","href":"https:\/\/api.w.org\/{rel}","templated":true}]}}