{"id":3576,"date":"2021-12-21T09:31:16","date_gmt":"2021-12-21T14:31:16","guid":{"rendered":"https:\/\/compuimpresion.com.co\/portal\/?post_type=product&#038;p=3576"},"modified":"2025-10-07T22:49:20","modified_gmt":"2025-10-08T03:49:20","slug":"impresora-hp-laserjet-enterprise-m501dn-monocromatica","status":"publish","type":"product","link":"https:\/\/compuimpresion.com.co\/portal\/productos\/impresora-hp-laserjet-enterprise-m501dn-monocromatica\/","title":{"rendered":"Impresora Hp laserjet enterprise M501dn Monocrom\u00e1tica"},"content":{"rendered":"<p><strong>Impresora Hp laserjet enterprise M501dn Monocrom\u00e1tica<\/strong><\/p>\n<p><strong>En Compuimpresion sabemos lo importante que es el tiempo y como valoras el poder realizar una tarea lo antes posible<\/strong> con la salida m\u00e1s veloz de primera p\u00e1gina desde modo de suspensi\u00f3n. <strong>Esta impresora compacta y silenciosa supera a la competencia en eficiencia de consumo<\/strong> y ofrece <strong>impresi\u00f3n a doble cara superveloz.<\/strong><br \/>\nNo te quede esperando los documentos. <strong>Imprime la primera p\u00e1gina en apenas 7,3 segundos<\/strong> desde el modo de suspensi\u00f3n de consumo eficiente de energ\u00eda.<br \/>\nTrabaja tranquilo, sin preocupaciones. Obt\u00e9n buena protecci\u00f3n para los dispositivos, datos y documentos con recursos de seguridad incorporados y administra de forma centralizada toda su flota de impresoras.<\/p>\n<p>Ayude a proteger la impresi\u00f3n desde el arranque hasta el apagado con funciones de seguridad que lo protegen de amenazas complejas.<br \/>\nObtenga lo mejor de su impresora. Imprima hojas de calidad m\u00e1s alta que nunca antes,mediante cartuchos de t\u00f3ner originales HP dise\u00f1ados especialmente con JetIntelligence. Cuente con la aut\u00e9ntica <strong>calidad HP<\/strong> por la que pag\u00f3, algo que la competencia no puede igualar.<br \/>\nProduzca texto n\u00edtido, negros contundentes y gr\u00e1ficos definidos con el t\u00f3ner negro de precisi\u00f3n.<\/p>\n<p><strong>Caracter\u00edsticas Hp laserjet enterprise M501dn:<\/strong><\/p>\n<p>&#8211; Tecnolog\u00eda: Laser<br \/>\n&#8211; Funciones: Imprimir<br \/>\n&#8211; Velocidad de impresi\u00f3n, negro: 41 \u2013 50 PPM<br \/>\n&#8211; Color o negro: Negro<br \/>\n<strong>&#8211; Impresi\u00f3n a doble cara: Autom\u00e1tico<\/strong><br \/>\n&#8211; Calidad de impresi\u00f3n en negro (normal): 600 x 600 dpi, Hasta 4.800 x 600 dpi mejorada<br \/>\n&#8211; Puertos: Puertos de dispositivo\/host USB 2.0 de alta velocidad; Fast Ethernet 10Base-T\/100Base-Tx, Gigabit Ethernet 1000Base-T<br \/>\n&#8211; Preparado para red: Est\u00e1ndar (Gigabit Ethernet incorporado)<br \/>\n&#8211; Capacidad de salida: Hasta 250 hojas<br \/>\n&#8211; Tipo de papel y capacidad, bandeja 1: 100 hojas de papel cortado de 20 lb, 10 sobres<br \/>\n&#8211; Monitor: LCD de 2 l\u00edneas (texto) 46 x 12,5 mm<br \/>\n&#8211; Cartuchos de reemplazo: Cartucho de t\u00f3ner original HP LaserJet 87A negro (rendimiento aproximado 8,550 p\u00e1ginas) CF287A, cartucho de t\u00f3ner original HP LaserJet 87X negro (rendimiento aproximado 18 000 p\u00e1ginas) CF287X<br \/>\n&#8211; Velocidad de impresi\u00f3n en negro (normal, carta): Hasta 45 ppm<br \/>\n&#8211; Velocidad de impresi\u00f3n a doble cara (A4): Hasta 34 ipm<br \/>\n&#8211; Alimentaci\u00f3n: Voltaje de entrada: de 100 a 127 VAC, 60 Hz; Voltaje de entrada: de 200 a 240 VCA 50 Hz<br \/>\n&#8211; Primera p\u00e1gina impresa en negro (carta, lista): En solo 5,7 segundos<br \/>\n&#8211; Compatibilidad con impresi\u00f3n directa y dispositivos de almacenamiento: Impresi\u00f3n USB<br \/>\n&#8211; Ciclo de trabajo (mensual, carta): Hasta 100000 p\u00e1ginas<br \/>\n&#8211; Lenguajes de impresi\u00f3n: HP PCL 5, HP PCL 6, emulaci\u00f3n de postscript nivel 3 HP, impresi\u00f3n de PDF directa (v 1.7), URF, PCLM, PWG<br \/>\n&#8211; Volumen de p\u00e1ginas mensuales recomendado: 1500 a 6000<br \/>\n&#8211; Principales caracter\u00edsticas: impresi\u00f3n a dos caras<br \/>\n&#8211; Tama\u00f1os de soportes de impresi\u00f3n admitidos: Bandeja 1: 10 x 15 cm, 16k (184 x 260 mm), 16k (195 x 270 mm), 16k (197 x 273 mm), A4, A5, A6, Sobre B5, Sobre C5, Personalizado, Sobre DL, B5 (JIS), B6 (JIS), Postal japonesa, Postal japonesa doble rotada, Oficio (216 x 340 mm); Bandeja 2 y Bandeja 3: 16k (184 x 260 mm), 16k (195 x 270 mm), 16k (197 x 273 mm), A4, A5, A6, Personalizado, B5 (JIS), B6 (JIS), Postal japonesa doble rotada, Oficio (216 x 340 mm)<br \/>\n&#8211; Tama\u00f1os de soportes, personalizado: Bandeja 1: de 76,2 x 127 mm a 215,9 x 355,6 mm; Bandeja 2 y Bandeja 3: de 105 x 148 mm a 215,9 x 355,6 mm<br \/>\n&#8211; Sistemas operativos compatibles: SO Windows compatible con el controlador incluido; Windows XP SP3 todas las ediciones de 32 bits (XP Home, XP Pro, etc.), Windows Vista todas las ediciones de 32 bits (Home Basic, Premium, Professional, etc.), Windows 7 todas las ediciones de 32 y 64 bits, Windows 8\/8.1 todas las ediciones de 32 y 64 bits (sin incluir el SO RT para tablets), Windows 10 todas las ediciones de 32 y 64 bits (sin incluir el SO RT para tablets);SO Windows compatible con el controlador de impresi\u00f3n universal (en HP.com); Windows XP SP3 ediciones de 32 y 64 bits (XP Home, XP Pro, etc.), Windows Vista todas las ediciones de 32 y 64 bits (Home Basic, Premium, Professional, etc.), Windows 7 todas las ediciones de 32 y 64 bits, Windows 8\/8.1 todas las ediciones de 32 y 64 bits (sin incluir el SO RT para tablets), Windows 10 todas las ediciones de 32 y 64 bits (sin incluir el SO RT para tablets);SO Mac (controladores de impresi\u00f3n HP disponibles en HP.com y Apple Store); OS X 10.9 Mavericks, OS X 10.10 Yosemite, OS X 10.11 El Capitan; SO m\u00f3viles (controladores incorporados en el SO); iOS, Android, Windows 8\/8.1\/10 RT; SO Linux (HPLIP incorporado en el SO; SUSE Linux (12.2, 12.3, 13.1), Fedora (17, 18, 19, 20), Linux Mint (13, 14, 15, 16, 17), Boss (3.0, 5.0), Ubuntu (10.04, 11.10, 12.04, 12.10, 13.04, 13.10, 14.04, 14.10), Debian (6.0.x, 7.x); Otros SO; UNIX<br \/>\n&#8211; Funciones del software inteligente de la impresora: Impresi\u00f3n d\u00faplex autom\u00e1tica, impresi\u00f3n de varias p\u00e1ginas en una, compaginaci\u00f3n, HP ePrint, Apple AirPrint\u2122, Google Cloud Print, certificaci\u00f3n Mopria, HP Auto-On\/Auto-Off, panel de control LCD de 2 l\u00edneas, almacenamiento de trabajos incorporado, tecnolog\u00eda de cartuchos JetIntelligence<br \/>\n&#8211; Dimensiones m\u00e1ximas (An x F x Al): 418 x 639 x 289 mm<br \/>\n&#8211; Peso: 11,6 kg<\/p>\n<p>Sku: 2694<br \/>\nEan: 0725184117596<br \/>\nN\/P: J8H61A<\/p>\n","protected":false},"excerpt":{"rendered":"<p><strong>Impresora Hp laserjet enterprise M501dn Monocrom\u00e1tica<\/strong><\/p>\n<p><strong>En Compuimpresion sabemos lo importante que es el tiempo y como valoras el poder realizar una tarea lo antes posible<\/strong> con la salida m\u00e1s veloz de primera p\u00e1gina desde modo de suspensi\u00f3n. <strong>Esta impresora compacta y silenciosa supera a la competencia en eficiencia de consumo<\/strong> y ofrece <strong>impresi\u00f3n a doble cara superveloz.<\/strong><br \/>\nNo te quede esperando los documentos. <strong>Imprime la primera p\u00e1gina en apenas 7,3 segundos<\/strong> desde el modo de suspensi\u00f3n de consumo eficiente de energ\u00eda.<br \/>\nTrabaja tranquilo, sin preocupaciones. Obt\u00e9n buena protecci\u00f3n para los dispositivos, datos y documentos con recursos de seguridad incorporados y administra de forma centralizada toda su flota de impresoras.<\/p>\n","protected":false},"featured_media":5399,"comment_status":"open","ping_status":"closed","template":"","meta":{"inline_featured_image":false},"pwb-brand":[124],"product_brand":[],"product_cat":[891,893],"product_tag":[451,297,146,307,456,150],"class_list":{"0":"post-3576","1":"product","2":"type-product","3":"status-publish","4":"has-post-thumbnail","6":"pwb-brand-hp","7":"product_cat-impresion","8":"product_cat-laser","9":"product_tag-enterprise","10":"product_tag-hp","11":"product_tag-impresora","12":"product_tag-laserjet","13":"product_tag-m501dn","14":"product_tag-monocromatica","16":"first","17":"instock","18":"taxable","19":"shipping-taxable","20":"purchasable","21":"product-type-simple"},"brands":[{"id":124,"name":"HP","slug":"hp"}],"_links":{"self":[{"href":"https:\/\/compuimpresion.com.co\/portal\/wp-json\/wp\/v2\/product\/3576","targetHints":{"allow":["GET"]}}],"collection":[{"href":"https:\/\/compuimpresion.com.co\/portal\/wp-json\/wp\/v2\/product"}],"about":[{"href":"https:\/\/compuimpresion.com.co\/portal\/wp-json\/wp\/v2\/types\/product"}],"replies":[{"embeddable":true,"href":"https:\/\/compuimpresion.com.co\/portal\/wp-json\/wp\/v2\/comments?post=3576"}],"wp:featuredmedia":[{"embeddable":true,"href":"https:\/\/compuimpresion.com.co\/portal\/wp-json\/wp\/v2\/media\/5399"}],"wp:attachment":[{"href":"https:\/\/compuimpresion.com.co\/portal\/wp-json\/wp\/v2\/media?parent=3576"}],"wp:term":[{"taxonomy":"pwb-brand","embeddable":true,"href":"https:\/\/compuimpresion.com.co\/portal\/wp-json\/wp\/v2\/pwb-brand?post=3576"},{"taxonomy":"product_brand","embeddable":true,"href":"https:\/\/compuimpresion.com.co\/portal\/wp-json\/wp\/v2\/product_brand?post=3576"},{"taxonomy":"product_cat","embeddable":true,"href":"https:\/\/compuimpresion.com.co\/portal\/wp-json\/wp\/v2\/product_cat?post=3576"},{"taxonomy":"product_tag","embeddable":true,"href":"https:\/\/compuimpresion.com.co\/portal\/wp-json\/wp\/v2\/product_tag?post=3576"}],"curies":[{"name":"wp","href":"https:\/\/api.w.org\/{rel}","templated":true}]}}