{"id":3572,"date":"2021-12-21T09:03:09","date_gmt":"2021-12-21T14:03:09","guid":{"rendered":"https:\/\/compuimpresion.com.co\/portal\/?post_type=product&#038;p=3572"},"modified":"2026-03-05T17:31:55","modified_gmt":"2026-03-05T22:31:55","slug":"impresora-multifuncion-hp-laser-137fnw","status":"publish","type":"product","link":"https:\/\/compuimpresion.com.co\/portal\/productos\/impresora-multifuncion-hp-laser-137fnw\/","title":{"rendered":"Impresora multifunci\u00f3n HP Laser 137fnw"},"content":{"rendered":"<p><strong>Impresora multifunci\u00f3n HP Laser 137fnw<\/strong><\/p>\n<p><strong>Compuimpresion te trae esta incre\u00edble impresora<\/strong> para que obtengas resultados de alta calidad, imprimas y escanees desde tu tel\u00e9fono.<br \/>\nIdeal para 1 a 5 usuarios que imprimen menos de 1500 p\u00e1ginas por mes.<\/p>\n<p>Obtenga el rendimiento de una impresora multifuncional productiva a un precio asequible. Imprima, escanee, copie y env\u00ede fax, obtenga resultados de alta calidad e imprima y escanee desde su tel\u00e9fono.<\/p>\n<p><strong>Caracter\u00edsticas:<\/strong><\/p>\n<p>-FUNCIONES: Impresi\u00f3n, copia, escaneado, fax<br \/>\n-SALIDA DE PRIMERA P\u00c1GINA IMPRESA EN NEGRO (A4, PREPARADA):Apenas 8,3 segundos<br \/>\n-PRIMERA P\u00c1GINA IMPRESA EN NEGRO (A4, REPOSO): En tan solo 18 s (15 min)<br \/>\n-IMPRESI\u00d3N DE LA PRIMERA P\u00c1GINA (LISTA) Negro: Apenas 8,3 segundos<br \/>\n-IMPRESI\u00d3N DE LA PRIMERA P\u00c1GINA (LISTA) Negro: En tan solo 18 s (15 min)<br \/>\n-PRIMERA COPIA: Hasta apenas 8,9 segundos<br \/>\n-PRIMERA COPIA (DORMIR): En tan solo 17 s (15 min)<br \/>\n-CICLO DE TRABAJO (MENSUAL, A4): Hasta 10000 p\u00e1ginas [14] El ciclo de trabajo se define como la cantidad m\u00e1xima de p\u00e1ginas producidas por mes.<br \/>\n-VOLUMEN DE P\u00c1GINAS MENSUALES RECOMENDADO: 100 a 2000<br \/>\n-TECNOLOG\u00cdA DE IMPRESI\u00d3N: L\u00e1ser<br \/>\n-CALIDAD DE IMPRESI\u00d3N EN NEGRO (\u00d3PTIMA): Hasta 1,200 x 1,200 dpi<br \/>\n-LENGUAJES DE IMPRESI\u00d3N: SPL<br \/>\n&#8211;<strong>PANTALLA: LCD de 2 l\u00edneas (16 caracteres por l\u00ednea)<\/strong><br \/>\n-VELOCIDAD DEL PROCESADOR: 600 MHz<br \/>\n-SENSOR DE PAPEL AUTOM\u00c1TICO: No<br \/>\n-IMPRESI\u00d3N A DOBLE CARA: Manual (soporte para controlador suministrado)<br \/>\n-CARTUCHOS DE SUSTITUCI\u00d3N: <strong>Cartucho de t\u00f3ner l\u00e1ser original HP 105A, negro<\/strong> (rendimiento de aproximadamente 1000 p\u00e1ginas) CAPACIDAD DE IMPRESI\u00d3N M\u00d3VIL<br \/>\n-Aplicaci\u00f3n <strong>HP Smart; Apple AirPrint\u2122; Google Cloud Print\u2122;<\/strong> Aplicaciones m\u00f3viles; Certificaci\u00f3n Mopria\u2122; Impresi\u00f3n Wi-Fi Direct\u00ae<br \/>\n-CAPACIDAD INAL\u00c1MBRICA: S\u00ed,<strong> Wi-Fi 802.11b\/g\/n integrada<\/strong><br \/>\n-CONECTIVIDAD, EST\u00c1NDAR: Puerto USB 2.0 de alta velocidad; puerto de red Fast Ethernet 10\/100Base-Tx; Conexi\u00f3n inal\u00e1mbrica 802.11 b\/g\/n<br \/>\n-SISTEMAS OPERATIVOS COMPATIBLES: Windows\u00ae: 7 (32\/64 bits), 2008 Server R2, 8 (32\/64 bits), 8,1 (32\/64 bits), 10 (32\/64 bits), 2012 Server, 2016 Server, macOS v10.14 Mojave, macOS v10.13 High Sierra, macOS v10.12 Sierra, OS X v10.11 El Capitan Windows 7 o superior<br \/>\n-MEMORIA M\u00c1XIMA: 128 MB (memoria del sistema), no expandida<br \/>\n-ENTRADA DE MANEJO DE PAPEL, EST\u00c1NDAR:<strong> Bandeja de entrada 150 hojas<\/strong><br \/>\n-SALIDA DE MANEJO DE PAPEL, EST\u00c1NDAR: Bandeja salida de 100 hojas<br \/>\n-CAPACIDAD DE SALIDA M\u00c1XIMA (HOJAS): Hasta 100 hojas<br \/>\n&#8211;<strong>IMPRESI\u00d3N A DOBLE CARA: Manual<\/strong> (soporte para controlador suministrado)<br \/>\n-TAMA\u00d1OS DE SOPORTES DE IMPRESI\u00d3N ADMITIDOS: A4; A5; A5 (LEF); B5 (JIS); Oficio; Sobre (DL,C5)<br \/>\n-TAMA\u00d1OS DE SOPORTES, PERSONALIZADO: De 76 x 127 a 216 x 356 mm<br \/>\n-TIPOS DE SOPORTES: Normal, Grueso, Fino, Algod\u00f3n, Color, Preimpreso, Reciclado, Etiquetas, Cartulina, Bond, Archivo, Sobre<br \/>\n-PESO DE SOPORTE, ADMITIDO: De 60 a 163 g\/m\u00b2<br \/>\n-PESOS DE MEDIOS, ALIMENTADOR DE DOCUMENTOS AUTOM\u00c1TICO (ADF) ADMITIDO: De 60 a 105 g\/m\u00b2<br \/>\n-TIPO DE ESC\u00c1NER: Cama plana, alimentador autom\u00e1tico de documentos (ADF)<br \/>\n-FORMATO DEL ARCHIVO DE DIGITALIZACI\u00d3N: El software de escaneado de Windows admite estos formatos de archivo: PDF, JPG, TIFF, PNG y BMP<br \/>\n-RESOLUCI\u00d3N DE ESCANEO, \u00d3PTICA: Hasta 600 x 600 ppp<br \/>\n-TAMA\u00d1O DE ESCANEO (ADF), M\u00c1XIMO: 216 x 356 mm<br \/>\n-TAMA\u00d1O DE ESCANEO (AAD), M\u00cdNIMO: 145 x 145 mm<br \/>\n-VELOCIDAD DE ESCANEO (NORMAL, A4): Hasta 20 ipm (blanco y negro), hasta 7 ipm (color)<br \/>\n-CAPACIDAD DEL ALIMENTADOR AUTOM\u00c1TICO DE DOCUMENTOS: Est\u00e1ndar, 40 hojas<br \/>\n-FUNCIONES EST\u00c1NDAR DE ENV\u00cdO DIGITAL: Escanear a WSD; Escaneo de WSD; Escaneo de equipo<br \/>\n-MODOS DE ENTRADA DE DIGITALIZACI\u00d3N: Copia de panel frontal, software de escaneado de impresora multifunci\u00f3n HP, aplicaci\u00f3n de usuario a trav\u00e9s de TWAIN o WIA<br \/>\n-VELOCIDAD DE COPIA (NORMAL): Negro: Hasta 20 cpm<br \/>\n-RESOLUCI\u00d3N DE COPIA (TEXTO EN NEGRO): Hasta 600 x 600 ppp<br \/>\n-CONFIGURACI\u00d3N DE REDUCCI\u00d3N\/AMPLIACI\u00d3N DE COPIAS: 25 to 400%<br \/>\n-COPIAS, M\u00c1XIMO: Hasta 99 copias<br \/>\n-FAX: S\u00ed, blanco, negro y color (solo env\u00edo)<br \/>\n-VELOCIDAD DE TRANSMISI\u00d3N DE FAX: 33,6 kbps<br \/>\n-MEMORIA DE FAX: Hasta 400 p\u00e1ginas<br \/>\n-RESOLUCI\u00d3N DE FAX EN NEGRO (\u00d3PTIMA): Hasta 300 x 300 ppp<br \/>\n-MARCACIONES R\u00c1PIDAS DE FAX, N\u00daMERO M\u00c1XIMO: Hasta 200 n\u00fameros<br \/>\n-ALIMENTACI\u00d3N: Voltaje de entrada de 110 voltios: de 110 a 127 VCA, de 50 a 60 Hz y voltaje de entrada de 220 voltios: de 220 a 240 VCA, de 50 a 60 Hz. Sin doble voltaje, fuente de alimentaci\u00f3n var\u00eda seg\u00fan el n\u00famero de pieza con # identificador del c\u00f3digo opcional.<br \/>\n-CONSUMO DE ENERG\u00cdA: Impresi\u00f3n activa: 300 vatios, Lista: 38 vatios, Suspensi\u00f3n: 1,9 vatios, Apagado manual: 0,2 vatios<br \/>\n-ESPECIFICACIONES DE IMPACTO SUSTENTABLE: Libre de mercurio<br \/>\n-CONFORMIDAD BLUE ANGEL: S\u00ed, Blue Angel DE-UZ 205 \u2014 solo garantizada al utilizar consumibles HP originales<br \/>\n-DIMENSIONES: 40,6 x 35,9 x 30,8<br \/>\n-PESO: 8,58 KG<\/p>\n<p>Sku: 1835<br \/>\nEan: 0193015506749<br \/>\nN\/p: 4ZB84A<\/p>\n","protected":false},"excerpt":{"rendered":"<p><strong>Impresora multifunci\u00f3n HP Laser 137fnw<\/strong><\/p>\n<p><strong>Compuimpresion te trae esta incre\u00edble impresora<\/strong> para que obtengas resultados de alta calidad, imprimas y escanees desde tu tel\u00e9fono.<br \/>\nIdeal para 1 a 5 usuarios que imprimen menos de 1500 p\u00e1ginas por mes.<\/p>\n<p>Obtenga el rendimiento de una impresora multifuncional productiva a un precio asequible. Imprima, escanee, copie y env\u00ede fax, obtenga resultados de alta calidad e imprima y escanee desde su tel\u00e9fono.<\/p>\n","protected":false},"featured_media":5411,"comment_status":"open","ping_status":"closed","template":"","meta":{"inline_featured_image":false},"pwb-brand":[124],"product_brand":[],"product_cat":[891,1257],"product_tag":[455,297,146,155,454],"class_list":{"0":"post-3572","1":"product","2":"type-product","3":"status-publish","4":"has-post-thumbnail","6":"pwb-brand-hp","7":"product_cat-impresion","8":"product_cat-laser-multifuncional-monocromatica","9":"product_tag-137fnw","10":"product_tag-hp","11":"product_tag-impresora","12":"product_tag-laser","13":"product_tag-multifuncion","15":"first","16":"instock","17":"taxable","18":"shipping-taxable","19":"purchasable","20":"product-type-simple"},"brands":[{"id":124,"name":"HP","slug":"hp"}],"_links":{"self":[{"href":"https:\/\/compuimpresion.com.co\/portal\/wp-json\/wp\/v2\/product\/3572","targetHints":{"allow":["GET"]}}],"collection":[{"href":"https:\/\/compuimpresion.com.co\/portal\/wp-json\/wp\/v2\/product"}],"about":[{"href":"https:\/\/compuimpresion.com.co\/portal\/wp-json\/wp\/v2\/types\/product"}],"replies":[{"embeddable":true,"href":"https:\/\/compuimpresion.com.co\/portal\/wp-json\/wp\/v2\/comments?post=3572"}],"wp:featuredmedia":[{"embeddable":true,"href":"https:\/\/compuimpresion.com.co\/portal\/wp-json\/wp\/v2\/media\/5411"}],"wp:attachment":[{"href":"https:\/\/compuimpresion.com.co\/portal\/wp-json\/wp\/v2\/media?parent=3572"}],"wp:term":[{"taxonomy":"pwb-brand","embeddable":true,"href":"https:\/\/compuimpresion.com.co\/portal\/wp-json\/wp\/v2\/pwb-brand?post=3572"},{"taxonomy":"product_brand","embeddable":true,"href":"https:\/\/compuimpresion.com.co\/portal\/wp-json\/wp\/v2\/product_brand?post=3572"},{"taxonomy":"product_cat","embeddable":true,"href":"https:\/\/compuimpresion.com.co\/portal\/wp-json\/wp\/v2\/product_cat?post=3572"},{"taxonomy":"product_tag","embeddable":true,"href":"https:\/\/compuimpresion.com.co\/portal\/wp-json\/wp\/v2\/product_tag?post=3572"}],"curies":[{"name":"wp","href":"https:\/\/api.w.org\/{rel}","templated":true}]}}