{"id":3443,"date":"2021-11-08T08:55:06","date_gmt":"2021-11-08T13:55:06","guid":{"rendered":"https:\/\/compuimpresion.com.co\/portal\/?post_type=product&#038;p=3443"},"modified":"2026-02-06T14:19:44","modified_gmt":"2026-02-06T19:19:44","slug":"impresora-multifuncional-canon-g6010","status":"publish","type":"product","link":"https:\/\/compuimpresion.com.co\/portal\/productos\/impresora-multifuncional-canon-g6010\/","title":{"rendered":"Impresora Multifuncional Canon G6010"},"content":{"rendered":"<h3><strong>Impresora Multifuncional Canon G6010<\/strong><\/h3>\n<p>Experimente la impresi\u00f3n de bajo costo y alta productividad con los tanques de tinta integrados<br \/>\nLa impresora inal\u00e1mbrica multifuncional PIXMA G6010 de Canon, fue dise\u00f1ada para aquellos que desean imprimir, copiar y escanear sin tener que preocuparse por reemplazar costosos cartuchos de tinta, ni esperar la entrega de un nuevo juego de tinta. La impresora inal\u00e1mbrica PIXMA G6010, presenta un alto rendimiento de p\u00e1gina de hasta 8,300 p\u00e1ginas de texto en negro y hasta 7,700 p\u00e1ginas en colores vivos.<\/p>\n<p>Este potente equipo multitareas tambi\u00e9n brinda fotograf\u00edas sin bordes, hermosas y de alta calidad, con f\u00e1cil conexi\u00f3n para imprimir desde todos sus dispositivos favoritos. La impresora inal\u00e1mbrica multifuncional PIXMA G6010 de Canon, puede satisfacer todas sus necesidades de impresi\u00f3n, copiado y escaneo a la vez que le ofrece un alto rendimiento de p\u00e1gina con texto en negro n\u00edtido e im\u00e1genes en colores vivos. Ahorre tiempo y dinero con PIXMA G6010 de Canon.<br \/>\nLa impresora multifuncional PIXMA G6010 de Canon le permite imprimir, copiar y escanear sin interrupciones. Llene los tanques de tinta incorporados con botellas mejoradas sin complicaciones; aumente el tiempo de funcionamiento con una capacidad de papel com\u00fan de 350 hojas, e imprima hasta 8,300 p\u00e1ginas de texto en negro o 7,700 p\u00e1ginas en color1, manteniendo la calidad de impresi\u00f3n alta con un bajo costo por p\u00e1gina.<\/p>\n<p><strong>Caracter\u00edsticas:<\/strong><\/p>\n<p>-Velocidad de impresi\u00f3n (hasta): Tiempo de salida de la primera impresi\u00f3n: documento en negro: aprox. 9 segundos\/Documento en color: aprox. 14 segundos; Fotograf\u00eda sin bordes de 4&#8243; x 6&#8243; (PP-201): aprox. 37 segundos;<br \/>\nDocumento en negro (Carta\/una cara): aprox. 13.0 ipm; Documento en color (Carta\/una cara): aprox. 6.8 ipm.<br \/>\n-Cantidad de boquillas: Color: 1,152\/Negra a base de pigmentos: 640\/Total: 1,792<br \/>\n-Resoluci\u00f3n de impresi\u00f3n (hasta): Hasta 4800 x 1200 ppp<br \/>\n-Tintas: Botellas de tinta y volumen de llenado Botella de tinta negra a base de pigmentos GI-10: 170 ml<br \/>\nBotellas de tinta en color a base de tintes GI-10: 70 ml (cyan, magenta, amarillo)<br \/>\n-Tama\u00f1os de papel: 3.5&#8243; x 3.5&#8243;, 4&#8243; x 4&#8243;, 4&#8243; x 6&#8243;, 5&#8243; x 5&#8243;, 5&#8243; x 7&#8243;, 7&#8243; x 10&#8243;, 8&#8243; x 10&#8243;, Carta (8.5\u201d x 11&#8243;), Legal (8.5\u201d x 14&#8243;), Sobres U.S. N\u00fam. 10<br \/>\n-Alimentador autom\u00e1tico de hojas: Casete de papel frontal: 250 hojas de Papel Com\u00fan<br \/>\nBandeja de papel posterior: 100 hojas de Papel Com\u00fan o 20 hojas 4&#8243; x 6&#8243;\/10 hojas de Papel Fotogr\u00e1fico 5&#8243; x 7&#8243;<br \/>\n-Velocidad de copiado (hasta): FCOT (Color): Aprox. 20 segundos<br \/>\n-Cantidad de copias: Hasta 99 copias<br \/>\n-Caracter\u00edsticas de copiado: Copiado 2 en 1\/4 en 1, Sin Bordes, Copiado a dos caras, Recordatorio de Remoci\u00f3n de Documento, Copiado de Tarjeta de Identificaci\u00f3n, Copiado Est\u00e1ndar<br \/>\n-Tipo de esc\u00e1ner: Esc\u00e1ner plano<br \/>\n-Resoluci\u00f3n m\u00e1xima: 1200 x 2400 ppp (\u00f3ptica)<br \/>\n-Caracter\u00edsticas del esc\u00e1ner: Modo de Escaneo Autom\u00e1tico, Recordatorio de Remoci\u00f3n de Documentos, Escaneo en Red, Escaneo Inal\u00e1mbrico, Escaneo hacia PC, Escaneo hacia la aplicaci\u00f3n Canon PRINT, PDF de varias p\u00e1ginas.<br \/>\n-Tama\u00f1o m\u00e1ximo del documento: Platina plana: 8.5&#8243; x 11.7&#8243;<br \/>\n-Compatibilidad con sistemas operativos: Windows: Windows\u00ae 10, Windows 8.1, Windows 7 SP1,Mac: Mac OS\u00ae X v10.10.5 &#8211; macOS v10.14 (Mojave),sistemas operativos para los dispositivos m\u00f3viles:22 iOS\u00ae, Android\u2122, Windows 10 Mobile, y dispositivos Fire OS (Amazon Fire)<br \/>\n-Interfaz est\u00e1ndar: Hi-Speed USB, PictBridge\/PictBridge Inal\u00e1mbrico,Wi-Fi\u00ae3 (Red inal\u00e1mbrica 802.11b\/g\/n, 2.4 GHz),Ethernet (100\/10 Base-T)<br \/>\n-Dimensiones (An. x Pr. x Al.): 55.3 x 39,3 x 19.55 cm<br \/>\n-Peso: 8 kg<\/p>\n<p>Sku: 1087<br \/>\nEan: 0013803317848<br \/>\nN\/p: G6010<\/p>\n","protected":false},"excerpt":{"rendered":"<div class=\"description\">\n<p><strong>La impresora inal\u00e1mbrica PIXMA G6010<\/strong><\/p>\n<p>Presenta un alto rendimiento de p\u00e1gina de hasta 8,300 p\u00e1ginas de texto en negro y hasta 7,700 p\u00e1ginas en colores vivos.<\/p>\n<p><strong><a href=\"http:\/\/old.compuimpresion.com.co\/contacto\/\">\u00bfQuiere que lo contactemos?<\/a><\/strong><\/p>\n<\/div>\n","protected":false},"featured_media":5397,"comment_status":"open","ping_status":"closed","template":"","meta":{"inline_featured_image":false},"pwb-brand":[128],"product_brand":[],"product_cat":[891,1259],"product_tag":[305,412,146,143],"class_list":{"0":"post-3443","1":"product","2":"type-product","3":"status-publish","4":"has-post-thumbnail","6":"pwb-brand-canon","7":"product_cat-impresion","8":"product_cat-inyeccion-de-tinta","9":"product_tag-canon","10":"product_tag-g6010","11":"product_tag-impresora","12":"product_tag-multifuncional","14":"first","15":"outofstock","16":"taxable","17":"shipping-taxable","18":"purchasable","19":"product-type-simple"},"brands":[{"id":128,"name":"Canon","slug":"canon"}],"_links":{"self":[{"href":"https:\/\/compuimpresion.com.co\/portal\/wp-json\/wp\/v2\/product\/3443","targetHints":{"allow":["GET"]}}],"collection":[{"href":"https:\/\/compuimpresion.com.co\/portal\/wp-json\/wp\/v2\/product"}],"about":[{"href":"https:\/\/compuimpresion.com.co\/portal\/wp-json\/wp\/v2\/types\/product"}],"replies":[{"embeddable":true,"href":"https:\/\/compuimpresion.com.co\/portal\/wp-json\/wp\/v2\/comments?post=3443"}],"wp:featuredmedia":[{"embeddable":true,"href":"https:\/\/compuimpresion.com.co\/portal\/wp-json\/wp\/v2\/media\/5397"}],"wp:attachment":[{"href":"https:\/\/compuimpresion.com.co\/portal\/wp-json\/wp\/v2\/media?parent=3443"}],"wp:term":[{"taxonomy":"pwb-brand","embeddable":true,"href":"https:\/\/compuimpresion.com.co\/portal\/wp-json\/wp\/v2\/pwb-brand?post=3443"},{"taxonomy":"product_brand","embeddable":true,"href":"https:\/\/compuimpresion.com.co\/portal\/wp-json\/wp\/v2\/product_brand?post=3443"},{"taxonomy":"product_cat","embeddable":true,"href":"https:\/\/compuimpresion.com.co\/portal\/wp-json\/wp\/v2\/product_cat?post=3443"},{"taxonomy":"product_tag","embeddable":true,"href":"https:\/\/compuimpresion.com.co\/portal\/wp-json\/wp\/v2\/product_tag?post=3443"}],"curies":[{"name":"wp","href":"https:\/\/api.w.org\/{rel}","templated":true}]}}