{"id":3435,"date":"2021-11-08T07:57:57","date_gmt":"2021-11-08T12:57:57","guid":{"rendered":"https:\/\/compuimpresion.com.co\/portal\/?post_type=product&#038;p=3435"},"modified":"2025-03-06T01:01:43","modified_gmt":"2025-03-06T06:01:43","slug":"impresora-multifuncional-canon-g3160-wifi","status":"publish","type":"product","link":"https:\/\/compuimpresion.com.co\/portal\/productos\/impresora-multifuncional-canon-g3160-wifi\/","title":{"rendered":"Impresora Multifuncional Canon G3160 Wifi"},"content":{"rendered":"<p><strong>Impresora Multifuncional Canon G3160 Wifi<\/strong><\/p>\n<p>Su sistema de tinta de tanque recargable imprime hasta 7,600 p\u00e1ginas en negro\/7,700 p\u00e1ginas en color con un juego de botellas de tinta1. Imprima, copie y escanee con facilidad y disfrute de una gran versatilidad. Imprima documentos, fotograf\u00edas sin bordes3 y mucho m\u00e1s en una variedad de tipos y tama\u00f1os de materiales con tintas h\u00edbridas para obtener negros n\u00edtidos y colores vivos. Adem\u00e1s, puede imprimir a donde vaya de forma inal\u00e1mbrica desde sus dispositivos m\u00f3viles favoritos2. Imprima m\u00e1s por menos con la impresora multifuncional inal\u00e1mbrica de tanque recargable PIXMA G3160 de Canon.<\/p>\n<p><strong>Caracter\u00edsticas:<\/strong><\/p>\n<p>-Impresora de alto volumen: Disfrute de una productividad rentable y una calidad sin precedentes con altos rendimientos de hasta 7,600 p\u00e1ginas en negro y 7,700 en color, con nuestras nuevas botellas de tinta.<br \/>\n-La pantalla: LCD de 2 l\u00edneas permite una mayor facilidad de uso y una sencilla interfaz de usuario.<br \/>\n-Velocidad de impresi\u00f3n (hasta): Documentos:M\u00e1ximo: 32 ppm en blanco y negro, 16 ppm en color, Normal (ISO): 10.8 ipm en blanco y negro, 6.0 ipm en color; Fotograf\u00eda: 4\u201d x 6\u201d (10 x 15 cm) Fotograf\u00eda sin bordes: aprox. 45 segundos<br \/>\n-Cantidad de boquillas: Color (C\/M\/Y): 384 x 3\/Tinta negra a base de pigmentos: 640\/Total: 1,792<br \/>\n-Resoluci\u00f3n de impresi\u00f3n (hasta): Hasta 4800 x 1200 ppp<br \/>\n-Compatibilidad de tinta: Botella de tinta negra a base de pigmentos GI-11 -170 ml (cada una), Botellas de tinta en color a base de tintes GI-11 (C,M,Y) 70 ml (cada una)<br \/>\n-Tama\u00f1os de papel: 3.5&#8243; x 3.5&#8243; (cuadrado), 4&#8243; x 6&#8243;, 5&#8243; x 5&#8243; (cuadrado), 5&#8243; x 7&#8243;, 7&#8243; x 10&#8243;, 8&#8243; x 10&#8243;, Carta (8.5&#8243; x 11&#8243;), Legal (8.5&#8243; x 14&#8243;), Sobres US N\u00fam. 10, Tama\u00f1o de Tarjeta (91 mm x 55 mm), Tama\u00f1o Personalizado (anchura de 2.1 a 8.5 pulgadas, longitud de 3.5 a 47.2 pulgadas)<br \/>\n-Capacidad de la bandeja de salida: Bandeja de papel de entrada posterior: 100 hojas de Papel Com\u00fan o 20 hojas 4 x 6<br \/>\n-Caracter\u00edsticas de copiado: Copiado 4 en 1\/2 en 1, Copiado sin Bordes3, Copiado de Documentos, Ajustar a P\u00e1gina, Copiado con Borrado de Marco (solo esc\u00e1ner plano), Copiado de Tarjeta de Identificaci\u00f3n, Copiado de Exposici\u00f3n Autom\u00e1tica, Copiado M\u00faltiple (hasta 99 p\u00e1ginas), Copiado de Fotograf\u00edas, Porcentajes Predeterminados de Copiado, Reducci\u00f3n\/Ampliaci\u00f3n de Copias (de 25% a 400%), Copiado Est\u00e1ndar.<br \/>\n-Tipo de esc\u00e1ner: Esc\u00e1ner plano<br \/>\n-Resoluci\u00f3n m\u00e1xima: 600 x 1200 ppp (\u00f3ptica)<br \/>\n-Caracter\u00edsticas del esc\u00e1ner: Escaneo de Documentos, Escaneo de Fotograf\u00edas, Escaneo Inal\u00e1mbrico5, Escaneo hacia la aplicaci\u00f3n Canon Print7, Escaneo de PDF de Varias P\u00e1ginas, Guardar en PC<br \/>\n-Tama\u00f1o m\u00e1ximo del documento: 8.5&#8243; x 11.7&#8243; (A4\/Carta)<br \/>\n-Compatibilidad con sistemas operativos: Windows:15 Windows\u00ae 10, Windows 8.1, Windows 7 SP1<br \/>\nMac:16 Mac OS\u00ae X v10.12.6 &#8211; macOS v10.15 (Catalina)<br \/>\nSistemas operativos para dispositivos m\u00f3viles:17 dispositivos iOS\u00ae, Android\u2122, Windows 10 Mobile y Fire OS (Amazon Fire<br \/>\n-Interfaz est\u00e1ndar: USB Hi-Speed, Wi-Fi\u00ae (red inal\u00e1mbrica 802.11b\/g\/n, 2.4 GHz)<br \/>\n-Dimensiones (An. x Pr. x Al.): Bandejas abiertas: 44.7 x 55.6 x 23.8 cm<br \/>\n-Peso: 6.39 kg<\/p>\n<p>Sku: 2677<br \/>\nEan: 4549292168501<br \/>\nN\/p: g3160<\/p>\n","protected":false},"excerpt":{"rendered":"<h3><strong style=\"font-size: 16px\">La impresora inal\u00e1mbrica multifuncional de tanque recargable PIXMA G3160 de Canon<\/strong><\/h3>\n<div class=\"description\">\n<p>Est\u00e1 dise\u00f1ada para aumentar la productividad y ofrece impresiones de alto volumen y de bajo costo, como tambi\u00e9n una excelente capacidad de mantenimiento y uso.<\/p>\n<p><strong><a href=\"http:\/\/old.compuimpresion.com.co\/contacto\/\">\u00bfQuiere que lo contactemos?<\/a><\/strong><\/p>\n<\/div>\n","protected":false},"featured_media":5395,"comment_status":"open","ping_status":"closed","template":"","meta":{"inline_featured_image":false},"pwb-brand":[128],"product_brand":[],"product_cat":[891,1259],"product_tag":[305,410,146,143,357],"class_list":{"0":"post-3435","1":"product","2":"type-product","3":"status-publish","4":"has-post-thumbnail","6":"pwb-brand-canon","7":"product_cat-impresion","8":"product_cat-inyeccion-de-tinta","9":"product_tag-canon","10":"product_tag-g3160","11":"product_tag-impresora","12":"product_tag-multifuncional","13":"product_tag-wifi","15":"first","16":"outofstock","17":"taxable","18":"shipping-taxable","19":"purchasable","20":"product-type-simple"},"brands":[{"id":128,"name":"Canon","slug":"canon"}],"_links":{"self":[{"href":"https:\/\/compuimpresion.com.co\/portal\/wp-json\/wp\/v2\/product\/3435","targetHints":{"allow":["GET"]}}],"collection":[{"href":"https:\/\/compuimpresion.com.co\/portal\/wp-json\/wp\/v2\/product"}],"about":[{"href":"https:\/\/compuimpresion.com.co\/portal\/wp-json\/wp\/v2\/types\/product"}],"replies":[{"embeddable":true,"href":"https:\/\/compuimpresion.com.co\/portal\/wp-json\/wp\/v2\/comments?post=3435"}],"wp:featuredmedia":[{"embeddable":true,"href":"https:\/\/compuimpresion.com.co\/portal\/wp-json\/wp\/v2\/media\/5395"}],"wp:attachment":[{"href":"https:\/\/compuimpresion.com.co\/portal\/wp-json\/wp\/v2\/media?parent=3435"}],"wp:term":[{"taxonomy":"pwb-brand","embeddable":true,"href":"https:\/\/compuimpresion.com.co\/portal\/wp-json\/wp\/v2\/pwb-brand?post=3435"},{"taxonomy":"product_brand","embeddable":true,"href":"https:\/\/compuimpresion.com.co\/portal\/wp-json\/wp\/v2\/product_brand?post=3435"},{"taxonomy":"product_cat","embeddable":true,"href":"https:\/\/compuimpresion.com.co\/portal\/wp-json\/wp\/v2\/product_cat?post=3435"},{"taxonomy":"product_tag","embeddable":true,"href":"https:\/\/compuimpresion.com.co\/portal\/wp-json\/wp\/v2\/product_tag?post=3435"}],"curies":[{"name":"wp","href":"https:\/\/api.w.org\/{rel}","templated":true}]}}