{"id":3430,"date":"2021-11-08T07:38:17","date_gmt":"2021-11-08T12:38:17","guid":{"rendered":"https:\/\/compuimpresion.com.co\/portal\/?post_type=product&#038;p=3430"},"modified":"2024-07-19T17:22:04","modified_gmt":"2024-07-19T22:22:04","slug":"impresora-multifuncional-canon-g3110-wifi","status":"publish","type":"product","link":"https:\/\/compuimpresion.com.co\/portal\/productos\/impresora-multifuncional-canon-g3110-wifi\/","title":{"rendered":"Impresora Multifuncional Canon G3110 wifi"},"content":{"rendered":"<h3><strong>Impresora Multifuncional Canon G3110 wifi<\/strong><\/h3>\n<p>La impresora PIXMA G3110 es sorprendentemente conveniente y presenta diferentes alternativas de impresi\u00f3n inal\u00e1mbrica. Con la aplicaci\u00f3n Canon PRINT2, se puede imprimir f\u00e1cilmente tanto fotograf\u00edas como documentos, directamente desde sus dispositivos m\u00f3viles Apple o Android.<\/p>\n<p>Brindando al usuario mayor comodidad y ahorro de tiempo, esta nueva impresora cuenta con un dise\u00f1o inteligente de sistema de tintas integrado que facilita el acceso frontal para la instalaci\u00f3n de la tinta, permitiendo adicionalmente la visibilidad de los niveles de tinta de cada color. Adem\u00e1s, la botella de tinta fue dise\u00f1ada para ser f\u00e1cil de usar y minimizar derrames accidentales y manchas.<\/p>\n<p>La nueva impresora PIXMA G3110 contiene un sistema de tinta h\u00edbrido que utiliza una tinta negra a base de pigmento y tinta a color a base de tintes que proporcionan un color negro m\u00e1s n\u00edtido y colores m\u00e1s brillantes que dan como resultado impresiones con gran impacto visual. Este nuevo modelo con caracter\u00edsticas innovadoras cuenta con un tubo herm\u00e9tico, de alta calidad, duradero y flexible que evita que la tinta se seque cuando la impresora no est\u00e1 en uso. Este m\u00e9todo de reabastecimiento de tinta genera un menor costo por p\u00e1gina y un mayor rendimiento de impresiones. La tinta negra permite imprimir hasta 6,000 p\u00e1ginas por botella y las tintas a color un total de 7,000 p\u00e1ginas entre las tres botellas.<\/p>\n<p>Caracter\u00edsticas:<\/p>\n<p>&#8211; Funciones: Escanear, fotocopiar, imprimir<br \/>\n-Velocidad de impresi\u00f3n (hasta): Fotograf\u00eda sin bordes 10 x 15 cm: aprox. 60 segundos<br \/>\nNegro: ESAT: aprox. 8.8 ipm Color: ESAT: aprox. 5.0 ipm<br \/>\n-Cantidad de boquillas: Color: 1,152\/ Pigmento Negro: 320\/total: 1,472<br \/>\n-Tama\u00f1o en picolitros (en color): 2, 5 y 25<br \/>\n-Resoluci\u00f3n de impresi\u00f3n (hasta): Color: hasta 4800 x 1200 dpi , Negro: hasta 600 x 600 dpi<br \/>\n-Compatibilidad de tinta: GI-190 Botella de Tinta Negra (135 ml)<br \/>\nGI-190 Botella de Tinta Cian,Magenta,Amarilla (70 ml) cada una.<br \/>\n-Tama\u00f1os de papel: A4, A5, B5, Carta, Oficio, Sobres U.S. N\u00fam. 10, 4\u201d x 6\u201d (10 x 15 cm), 5\u201d x 7\u201d, (13 x 18 cm), tama\u00f1o personalizado (anchura de 101.6 mm a 215.9 mm: longitud de 152.4 mm a 676 mm)<br \/>\n-Capacidad de la bandeja de salida: 100 hojas de papel com\u00fan o 20 hojas de Papel Fotogr\u00e1fico 4\u201dx 6\u201d \/ 10 hojas de Papel Fotogr\u00e1fico 5\u201d x 7\u201d<br \/>\n-Velocidad de copiado: sESAT(en color): aprox. 3.5 ipm, sFCOT(en color): aprox. 24 segundos<br \/>\n-Tipo de esc\u00e1ner: Sensor de imagen por contacto<br \/>\n-Resoluci\u00f3n m\u00e1xima: \u00d3ptical: 600 x 1200 dpi -Interpolada: 19,200 x 19,200 dpi<br \/>\n-Tama\u00f1o m\u00e1ximo del documento: Carta \/ A4 (21.6 cm x 29.7 cm)<br \/>\n-Compatibilidad con sistemas operativos: Windows\u00ae 10, Windows 8.1, Windows 7 SP1, iOS\u00ae, Android,Windows 10 Mobile\u00ae19 y dispositivos Amazon Fire<br \/>\n-Interfaz est\u00e1ndar: USB de Alta Velocidad, LAN Inal\u00e1mbrica (IEEE 802.11b\/g\/n)1<br \/>\n-Dimensiones (An. x Pr. x Al.): 44.5 cm (An.) x 33.0 cm 16.3<br \/>\n-Peso: 5.8 kg<\/p>\n<p>Sku: 0174<br \/>\nEan: 4549292095449<br \/>\nN\/p: g3110<\/p>\n","protected":false},"excerpt":{"rendered":"<h3><strong>Impresora Multifuncional Canon G3110 wifi<\/strong><\/h3>\n<div class=\"description\">\n<p>La nueva impresora inal\u00e1mbrica multifuncional PIXMA G3110 es ideal para todo aquel que desee una impresora asequible, confiable, de alta calidad, altamente productiva y f\u00e1cil de usar.<\/p>\n<p><strong><a href=\"http:\/\/old.compuimpresion.com.co\/contacto\/\">\u00bfQuiere que lo contactemos?<\/a><\/strong><\/p>\n<\/div>\n","protected":false},"featured_media":3433,"comment_status":"open","ping_status":"closed","template":"","meta":{"inline_featured_image":false},"pwb-brand":[128],"product_brand":[],"product_cat":[891,1259],"product_tag":[305,409,146,143,357],"class_list":{"0":"post-3430","1":"product","2":"type-product","3":"status-publish","4":"has-post-thumbnail","6":"pwb-brand-canon","7":"product_cat-impresion","8":"product_cat-inyeccion-de-tinta","9":"product_tag-canon","10":"product_tag-g3110","11":"product_tag-impresora","12":"product_tag-multifuncional","13":"product_tag-wifi","15":"first","16":"outofstock","17":"taxable","18":"shipping-taxable","19":"purchasable","20":"product-type-simple"},"brands":[{"id":128,"name":"Canon","slug":"canon"}],"_links":{"self":[{"href":"https:\/\/compuimpresion.com.co\/portal\/wp-json\/wp\/v2\/product\/3430","targetHints":{"allow":["GET"]}}],"collection":[{"href":"https:\/\/compuimpresion.com.co\/portal\/wp-json\/wp\/v2\/product"}],"about":[{"href":"https:\/\/compuimpresion.com.co\/portal\/wp-json\/wp\/v2\/types\/product"}],"replies":[{"embeddable":true,"href":"https:\/\/compuimpresion.com.co\/portal\/wp-json\/wp\/v2\/comments?post=3430"}],"wp:featuredmedia":[{"embeddable":true,"href":"https:\/\/compuimpresion.com.co\/portal\/wp-json\/wp\/v2\/media\/3433"}],"wp:attachment":[{"href":"https:\/\/compuimpresion.com.co\/portal\/wp-json\/wp\/v2\/media?parent=3430"}],"wp:term":[{"taxonomy":"pwb-brand","embeddable":true,"href":"https:\/\/compuimpresion.com.co\/portal\/wp-json\/wp\/v2\/pwb-brand?post=3430"},{"taxonomy":"product_brand","embeddable":true,"href":"https:\/\/compuimpresion.com.co\/portal\/wp-json\/wp\/v2\/product_brand?post=3430"},{"taxonomy":"product_cat","embeddable":true,"href":"https:\/\/compuimpresion.com.co\/portal\/wp-json\/wp\/v2\/product_cat?post=3430"},{"taxonomy":"product_tag","embeddable":true,"href":"https:\/\/compuimpresion.com.co\/portal\/wp-json\/wp\/v2\/product_tag?post=3430"}],"curies":[{"name":"wp","href":"https:\/\/api.w.org\/{rel}","templated":true}]}}