{"id":3405,"date":"2021-11-07T22:10:42","date_gmt":"2021-11-08T03:10:42","guid":{"rendered":"https:\/\/compuimpresion.com.co\/portal\/?post_type=product&#038;p=3405"},"modified":"2025-04-22T09:51:34","modified_gmt":"2025-04-22T14:51:34","slug":"impresora-multifuncional-brother-dcp-t520w","status":"publish","type":"product","link":"https:\/\/compuimpresion.com.co\/portal\/productos\/impresora-multifuncional-brother-dcp-t520w\/","title":{"rendered":"Impresora multifuncional brother dcp-t520w"},"content":{"rendered":"<h3><strong>Impresora multifuncional brother dcp-t520w<\/strong><\/h3>\n<p>Velocidades de impresi\u00f3n r\u00e1pidas de hasta 30 ppm en negro y 12 ppm a color (MODO ECO) y hasta 17 ipm en negro y 9 ipm a color (ISO\/IEC 24734).\u2021 Pantalla LCD de una l\u00ednea y panel f\u00e1cil de usar para seleccionar una variedad de opciones de impresi\u00f3n, incluyendo el copiado de hasta 99 p\u00e1ginas directamente desde el equipo, y la funci\u00f3n N en 1, que adem\u00e1s de ayudar a ahorrar papel, permite imprimir varias p\u00e1ginas en una hoja o copiar ambos lados de un documento de identidad en una sola p\u00e1gina. Bandeja frontal de hasta 150 hojas para ayudar a ahorrar espacio y proteger el papel de arrugas, y ranura manual para imprimir en distintos tipos y tama\u00f1os de papel. Viene con dos botellas de tinta negra de hasta 15.000 p\u00e1ginas\u2021 (aprox. 7.500 p\u00e1gs. cada una) y 5.000 p\u00e1ginas a color para documentos n\u00edtidos en negro y en colores v\u00edvidos en una resoluci\u00f3n de hasta 6.000 x 1.200 dpi. Cable USB incluido para conectar el multifuncional a una PC.<\/p>\n<p>&#8211; <strong>Tecnolog\u00eda de impression:<\/strong> Inkjet<br \/>\n&#8211;<strong>Velocidad m\u00e1xima de impresi\u00f3n en negro basada en ISO (ppm):<\/strong> 17<br \/>\n&#8211; <strong>Velocidad de impresi\u00f3n en negro (m\u00e1x. ppm):<\/strong> 30<br \/>\n&#8211; <strong>Impresi\u00f3n sin bordes:<\/strong> S\u00ed<br \/>\n&#8211; <strong>Velocidad m\u00e1xima de impresi\u00f3n a color basada en ISO (ppm):<\/strong> 9<br \/>\n&#8211; <strong>Tipo de suministro:<\/strong> Botellas de tinta<br \/>\n&#8211; <strong>Funci\u00f3n Email Print:<\/strong> S\u00ed<br \/>\n&#8211;<strong>interfaz:<\/strong> Wireless 802.11 b\/g\/n, Wi-Fi Direct\u00ae, Hi-Speed USB 2.0<br \/>\n&#8211; <strong>Resoluci\u00f3n de impression:<\/strong> 6000 x 1200 dpi<br \/>\n&#8211;<strong>Capacidad de copia:<\/strong> Blanco y Negro, Color<br \/>\n&#8211; <strong>Resoluci\u00f3n de copia:<\/strong> 1200 x 600 dpi<br \/>\n&#8211; <strong>Estilo de dise\u00f1o:<\/strong> Cama plana<br \/>\n&#8211; <strong>Velocidad m\u00e1xima de copia en negro basada en ISO (ppm):<\/strong> 11<br \/>\n<strong>-Velocidad m\u00e1xima de copia a color basada en ISO (ppm):<\/strong> 4<br \/>\n&#8211; <strong>Reducci\u00f3n \/ Ampliaci\u00f3n:<\/strong> 25%-400%<br \/>\n&#8211; <strong>Resoluci\u00f3n de escaneo interpolada (max. dpi):<\/strong> 19200 x 19200 dpi<br \/>\n&#8211; <strong>Resoluci\u00f3n de escaneo \u00f3ptico (m\u00e1x. Ppp):<\/strong> 2.400 x 1.200 dpi (cama plana)<\/p>\n<p>&#8211;<strong>Escanear a funci\u00f3n:<\/strong> Email, Imagen, OCR, Archivo<br \/>\n&#8211; <strong>Capacidad de entrada de papel est\u00e1ndar (p\u00e1gs.):<\/strong> 150<br \/>\n&#8211; <strong>Gramaje &#8211; Bandeja de papel (m\u00edn. \/ M\u00e1x.):<\/strong> 64-220 g\/m\u00b2<br \/>\n&#8211; <strong>Tama\u00f1o de papel \u2013 Bandeja:<\/strong> Carta, Legal, Ejecutivo, A4, A5, A6, Tarjeta de \u00edndice (5 \u00abx 8\u00bb), Sobre (Com-10), Sobre (C5), Sobre (DL), Sobre (<strong>Monarch), Foto (4&#8243; x 6&#8243;) 10 x 15 cm, Foto 2L (5&#8243; x 7&#8243;) 13 x 18 cm<\/strong><br \/>\n<strong>&#8211; Capacidad de salida de papel (p\u00e1gs.):<\/strong> 50<br \/>\n&#8211; <strong>Compatibilidad de controlador de impresora:<\/strong> Windows, Mac OS<br \/>\n&#8211; <strong>Dimensiones de la Unidad (L x P x A):<\/strong> 43,5 x 38,0 x 15,9 cm<br \/>\n&#8211; <strong>Peso de la unidad (kg.):<\/strong> 6,8<\/p>\n<p>Sku: 4528<br \/>\nEan: 0012502660538<br \/>\nN\/p: DCPT520W<\/p>\n","protected":false},"excerpt":{"rendered":"<h3 class=\"name\"><strong style=\"font-size: 16px\">El multifuncional de inyecci\u00f3n de tinta a color DCP-T520W de la serie InkBenefit Tank<\/strong><\/h3>\n<div class=\"description\">\n<p>Ofrece calidad de impresi\u00f3n superior a bajo costo para los documentos, informes y fotograf\u00edas de la oficina en el hogar o peque\u00f1a oficina. Impresi\u00f3n y escaneado mediante tablets o smartphones con Wi-Fi Direct\u00ae y conectividad inal\u00e1mbrica para compartir la impresora con otras personas<\/p>\n<p><strong><a href=\"http:\/\/old.compuimpresion.com.co\/contacto\/\">\u00bfQuiere que lo contactemos?<\/a><\/strong><\/p>\n<\/div>\n","protected":false},"featured_media":5394,"comment_status":"open","ping_status":"closed","template":"","meta":{"inline_featured_image":false},"pwb-brand":[129],"product_brand":[],"product_cat":[891,1259],"product_tag":[398,399,146,143,400,247],"class_list":{"0":"post-3405","1":"product","2":"type-product","3":"status-publish","4":"has-post-thumbnail","6":"pwb-brand-brother","7":"product_cat-impresion","8":"product_cat-inyeccion-de-tinta","9":"product_tag-brother","10":"product_tag-dcp","11":"product_tag-impresora","12":"product_tag-multifuncional","13":"product_tag-t520w","14":"product_tag-tanque","16":"first","17":"outofstock","18":"taxable","19":"shipping-taxable","20":"purchasable","21":"product-type-simple"},"brands":[{"id":129,"name":"Brother","slug":"brother"}],"_links":{"self":[{"href":"https:\/\/compuimpresion.com.co\/portal\/wp-json\/wp\/v2\/product\/3405","targetHints":{"allow":["GET"]}}],"collection":[{"href":"https:\/\/compuimpresion.com.co\/portal\/wp-json\/wp\/v2\/product"}],"about":[{"href":"https:\/\/compuimpresion.com.co\/portal\/wp-json\/wp\/v2\/types\/product"}],"replies":[{"embeddable":true,"href":"https:\/\/compuimpresion.com.co\/portal\/wp-json\/wp\/v2\/comments?post=3405"}],"wp:featuredmedia":[{"embeddable":true,"href":"https:\/\/compuimpresion.com.co\/portal\/wp-json\/wp\/v2\/media\/5394"}],"wp:attachment":[{"href":"https:\/\/compuimpresion.com.co\/portal\/wp-json\/wp\/v2\/media?parent=3405"}],"wp:term":[{"taxonomy":"pwb-brand","embeddable":true,"href":"https:\/\/compuimpresion.com.co\/portal\/wp-json\/wp\/v2\/pwb-brand?post=3405"},{"taxonomy":"product_brand","embeddable":true,"href":"https:\/\/compuimpresion.com.co\/portal\/wp-json\/wp\/v2\/product_brand?post=3405"},{"taxonomy":"product_cat","embeddable":true,"href":"https:\/\/compuimpresion.com.co\/portal\/wp-json\/wp\/v2\/product_cat?post=3405"},{"taxonomy":"product_tag","embeddable":true,"href":"https:\/\/compuimpresion.com.co\/portal\/wp-json\/wp\/v2\/product_tag?post=3405"}],"curies":[{"name":"wp","href":"https:\/\/api.w.org\/{rel}","templated":true}]}}