{"id":3391,"date":"2021-11-07T21:10:23","date_gmt":"2021-11-08T02:10:23","guid":{"rendered":"https:\/\/compuimpresion.com.co\/portal\/?post_type=product&#038;p=3391"},"modified":"2024-07-19T16:39:37","modified_gmt":"2024-07-19T21:39:37","slug":"impresora-multifuncional-epson-ecotank-l3250","status":"publish","type":"product","link":"https:\/\/compuimpresion.com.co\/portal\/productos\/impresora-multifuncional-epson-ecotank-l3250\/","title":{"rendered":"Impresora Epson Ecotank L3250 Multifuncional"},"content":{"rendered":"<p><strong>Impresora Multifuncional Epson Ecotank L3250<\/strong><\/p>\n<p>La EcoTank L3250 ofrece total confiabilidad gracias a la tecnolog\u00eda Heat-Free de Epson, adem\u00e1s de una experiencia de recarga f\u00e1cil, limpia y sin errores con la tecnolog\u00eda EcoFitTM. Dise\u00f1ado para integrarse en su estilo de vida, est\u00e1 completamente conectado con WiFi, WiFi Direct y capacidades de impresi\u00f3n m\u00f3vil a trav\u00e9s de la nueva e intuitiva aplicaci\u00f3n Epson Smart Panel y cuenta con un dise\u00f1o de tanque frontal s\u00faper compacto que ocupa poco espacio y permite verificar f\u00e1cilmente los niveles de tinta.<\/p>\n<section class=\"row\">\n<div class=\"simple-responsive-banner-component module-text-list js-tl-rte container-fluid container-main-content__aligned\" data-cpt-id=\"8796105999420\">\n<div class=\"module-content\">\n<p><strong>Caracter\u00edsticas:<\/strong><\/p>\n<p>-Tecnolog\u00eda de impresi\u00f3n: Inyecci\u00f3n de tinta Heat-FreeTM Micro Piezo de 4 colores (CMYK)<br \/>\n-Resoluci\u00f3n m\u00e1xima de impresi\u00f3n: Hasta 5.760 dpi x 1.440 dpi<br \/>\n-Velocidad de impresi\u00f3n m\u00e1xima: Negro 33 ppm y color 15 ppm (borrador, A4\/carta)<br \/>\n-Velocidad de impresi\u00f3n ISO: Negro 10 ppm y color 5 ppm (A4\/carta)<br \/>\n&#8211; Velocidad de copiado ISO: Negro 7,7 cpm y color 3,8 cpm (A4\/carta)<br \/>\n-Resoluci\u00f3n m\u00e1xima de copiado: 1.200 dpi x 2.400 dpi<br \/>\n-Tama\u00f1o m\u00e1ximo de copiado: A4\/carta<br \/>\n-Tipo de esc\u00e1ner: Cama plana con sensor de l\u00edneas CIS de color<br \/>\n-\u00c1rea de escaneo m\u00e1xima: 216 mm x 297 mm<br \/>\n-Resoluci\u00f3n \u00f3ptica\/m\u00e1xima: 1.200 dpi x 2.400 dpi<br \/>\n-Epson Connect: Epson Smart PanelTM App (iOSTM, AndroidTM), Epson Email Print\u00ae, Remote Print Driver, Chromebook Native Print<br \/>\n-Conectividad est\u00e1ndar: USB de alta velocidad (compatible con USB 2.0), Wi-Fi, Wi-Fi Direct<br \/>\n-Protocolos de impresi\u00f3n en red: TCP\/IPv4, TCP\/IPv6<br \/>\n-Protocolos para gesti\u00f3n de redes Seguridad WLAN: SNMP, HTTP, DHCP, APIPA, PING, DDNS, mDNS, SLP, WSD, LLTD WEP (64bit\/128bit),WPA-PSK (TKIP), WPA2-PSK (AES),WPA3-SAE (AES)<br \/>\n-Compatibilidad con Sistemas Operativos: Windows Vista\u00ae \/ 7 \/ 8 \/ 8.1 \/ 10 o m\u00e1s reciente (32bit, 64bit) Windows Server\u00ae 2003 (SP2) or later Mac OS X 10.5.8 o m\u00e1s reciente, Mac OS 11 o m\u00e1s reciente<br \/>\n-Tama\u00f1o m\u00e1ximo de impresi\u00f3n: 215.9 mm x 1.200 mm<br \/>\n-Tipos de papeles soportados: Papel normal, Papel especial Epson (Photo Glossy\/Semi-gloss, Presentation Paper Matte, High Quality Ink Jet Paper y Sobres) Est\u00e1ndar: A4, Carta, O\u00accio (21,59 cm x 35,56 cm), M\u00e9xico-O\u00accio (21,59 cm x 34,04 cm)<br \/>\n-Tama\u00f1os de papeles soportados: O\u00accio 9 (21,49 cm x 31,5 cm), Folio (21,59 cm x 33,02 cm), Ejecutivo, Media Carta, A6 Foto: 10 cm x 15 cm (4\u201d x 6\u201d), 16:9 wide (10,2 cm x 18,1 cm), 13 cm x 18 cm (5\u201d x 7\u201d) Sobres: #10 De\u00acnido por el usuario: 54 mm x 86 mm &#8211; 215.9 mm x 1.200 mm<br \/>\n-Capacidad de carga: Alimentaci\u00f3n trasera: hasta 100 hojas (A4\/Carta)<br \/>\n-Dimensiones (ancho x profundidad x altura): Abierto: 37.5 cm x 57.8 cm x 25.3 cm<br \/>\n-Peso: 3,9 kg<\/p>\n<p>Sku: 1182<br \/>\nEan: 0010343958098<br \/>\nN\/p: C11CJ67301<\/p>\n<\/div>\n<\/div>\n<\/section>\n","protected":false},"excerpt":{"rendered":"<h3 class=\"name\"><strong style=\"font-size: 16px\">La Impresora multifuncional 3 en 1 Epson EcoTank L3250<\/strong><\/h3>\n<div class=\"description\">\n<p>Ofrece a las familias, estudiantes y profesionales un costo de impresi\u00f3n ultra bajo, que te permite imprimir hasta 4.500 p\u00e1ginas en negro o 7.500 p\u00e1ginas a color con cada juego de botellas de repuesto<\/p>\n<p><strong><a href=\"http:\/\/old.compuimpresion.com.co\/contacto\/\">\u00bfQuiere que lo contactemos?<\/a><\/strong><\/p>\n<\/div>\n","protected":false},"featured_media":3393,"comment_status":"open","ping_status":"closed","template":"","meta":{"inline_featured_image":false},"pwb-brand":[125],"product_brand":[],"product_cat":[891,1259],"product_tag":[244,245,146,395,143],"class_list":{"0":"post-3391","1":"product","2":"type-product","3":"status-publish","4":"has-post-thumbnail","6":"pwb-brand-epson","7":"product_cat-impresion","8":"product_cat-inyeccion-de-tinta","9":"product_tag-ecotank","10":"product_tag-epson","11":"product_tag-impresora","12":"product_tag-l3250","13":"product_tag-multifuncional","15":"first","16":"outofstock","17":"taxable","18":"shipping-taxable","19":"purchasable","20":"product-type-simple"},"brands":[{"id":125,"name":"Epson","slug":"epson"}],"_links":{"self":[{"href":"https:\/\/compuimpresion.com.co\/portal\/wp-json\/wp\/v2\/product\/3391","targetHints":{"allow":["GET"]}}],"collection":[{"href":"https:\/\/compuimpresion.com.co\/portal\/wp-json\/wp\/v2\/product"}],"about":[{"href":"https:\/\/compuimpresion.com.co\/portal\/wp-json\/wp\/v2\/types\/product"}],"replies":[{"embeddable":true,"href":"https:\/\/compuimpresion.com.co\/portal\/wp-json\/wp\/v2\/comments?post=3391"}],"wp:featuredmedia":[{"embeddable":true,"href":"https:\/\/compuimpresion.com.co\/portal\/wp-json\/wp\/v2\/media\/3393"}],"wp:attachment":[{"href":"https:\/\/compuimpresion.com.co\/portal\/wp-json\/wp\/v2\/media?parent=3391"}],"wp:term":[{"taxonomy":"pwb-brand","embeddable":true,"href":"https:\/\/compuimpresion.com.co\/portal\/wp-json\/wp\/v2\/pwb-brand?post=3391"},{"taxonomy":"product_brand","embeddable":true,"href":"https:\/\/compuimpresion.com.co\/portal\/wp-json\/wp\/v2\/product_brand?post=3391"},{"taxonomy":"product_cat","embeddable":true,"href":"https:\/\/compuimpresion.com.co\/portal\/wp-json\/wp\/v2\/product_cat?post=3391"},{"taxonomy":"product_tag","embeddable":true,"href":"https:\/\/compuimpresion.com.co\/portal\/wp-json\/wp\/v2\/product_tag?post=3391"}],"curies":[{"name":"wp","href":"https:\/\/api.w.org\/{rel}","templated":true}]}}