{"id":3387,"date":"2021-11-07T20:35:17","date_gmt":"2021-11-08T01:35:17","guid":{"rendered":"https:\/\/compuimpresion.com.co\/portal\/?post_type=product&#038;p=3387"},"modified":"2025-11-29T11:30:45","modified_gmt":"2025-11-29T16:30:45","slug":"impresora-portatil-hp-officejet-200-mobile-printer","status":"publish","type":"product","link":"https:\/\/compuimpresion.com.co\/portal\/productos\/impresora-portatil-hp-officejet-200-mobile-printer\/","title":{"rendered":"Impresora Port\u00e1til hp officejet 200 mobile printer"},"content":{"rendered":"<div class=\"wpb-content-wrapper\">[vc_section][vc_row][vc_column][vc_column_text el_class=\u00bbinfo-product-col\u00bb]\n<section class=\"row\">\n<div class=\"simple-responsive-banner-component module-text-list js-tl-rte container-fluid container-main-content__aligned\" data-cpt-id=\"8796105999420\">\n<div class=\"module-content\">\n<p><strong>Impresora Port\u00e1til hp officejet 200 mobile printer<\/strong><\/p>\n<p>Imprime r\u00e1pidamente desde tu dispositivo m\u00f3vil o Tablet sin acceder a una red, desde cualquier lugar de la casa.<br \/>\nTenga rendimiento excepcional con altas velocidades de impresi\u00f3n m\u00f3vil y cartuchos que le permiten imprimir m\u00e1s p\u00e1ginas que otros cartuchos de la misma categor\u00eda. Reduzca las interrupciones al reemplazar menos los consumibles y tener una bater\u00eda de larga duraci\u00f3n.<br \/>\nTenga el dise\u00f1o inspirado y la calidad resistente de un l\u00edder en impresi\u00f3n. Las opciones flexibles de alimentaci\u00f3n le permiten cargar en el auto, la oficina y el hogar. El funcionamiento silencioso reduce las interrupciones y las tintas originales HP producen documentos econ\u00f3micos de alta calidad.<\/p>\n<p>&nbsp;<\/p>\n<\/div>\n<\/div>\n<\/section>\n<section class=\"row\">\n<div class=\"simple-responsive-banner-component module-text-list js-tl-rte container-fluid container-main-content__aligned\" data-cpt-id=\"8796105999420\">\n<div class=\"module-content\">\n<div class=\"text-rows two-up\">\n<div class=\"text-row three-fourths\">\n<hr \/>\n<\/div>\n<\/div>\n<\/div>\n<\/div>\n<\/section>\n<p>Sku: 0227<br \/>\nEan: 0889894941244<br \/>\nN\/p: CZ993A<\/p>\n<h4><strong>Caracter\u00edsticas:<\/strong><\/h4>\n<hr \/>\n<p>-Funciones: Impresi\u00f3n<br \/>\n-Impresi\u00f3n a Color: S\u00ed<br \/>\n-Uso: Portable<br \/>\n&#8211; Capacidad HP ePrint: S\u00ed<br \/>\n&#8211; Calidad de impresi\u00f3n en negro (\u00f3ptima): Ofrece hasta 1.200 x 1.200 ppp (cuando imprime desde un ordenador)<br \/>\n&#8211; Calidad de impresi\u00f3n en color (\u00f3ptima): Hasta 4800 x 1200 dpi color optimizados (cuando se imprime desde una computadora y 1200 dpi de entrada)<br \/>\n&#8211; \u00c1rea de impresi\u00f3n m\u00e1xima: 209,9 x 349,6 mm<br \/>\n&#8211; Capacidad de impresi\u00f3n m\u00f3vil: HP ePrint; Chrome OS; Impresi\u00f3n Wi-Fi\u00ae Direct<br \/>\n&#8211; Conectividad, est\u00e1ndar: 1 USB 2.0 + Wi-Fi<br \/>\n&#8211; Tipo de papel y capacidad, bandeja 1: Hojas: 50; sobres: 5<br \/>\n&#8211; Capacidad de entrada m\u00e1xima (tarjetas):20<br \/>\n&#8211; Monitor: Pantalla monocrom\u00e1tica de alta resoluci\u00f3n de 2,0&#8243;<br \/>\n&#8211; N\u00famero de cartuchos de impresi\u00f3n 2: 1 negro, 1 color (cian, magenta y amarillo)<br \/>\n&#8211; Inyectores del cabezal de impresi\u00f3n: 704 (negro) y 2052 (color)<br \/>\n&#8211; Cartuchos de reemplazo: C2P05AL &#8211; Cartucho de tinta original de alta capacidad HP 62XL negro (~600 p\u00e1ginas); C2P07AL &#8211; Cartucho de tinta original de alta capacidad HP 62XL tricolor (~415 p\u00e1ginas)<br \/>\n&#8211; Velocidad de impresi\u00f3n en negro (normal, carta): Con CA Hasta 10 ppm, Con bater\u00eda: Hasta 9 ppm<br \/>\n&#8211; Velocidad de impresi\u00f3n en color (normal, A4): Con CA Hasta 7 ppm, Con bater\u00eda: Hasta 6 ppm<br \/>\n&#8211; Alimentaci\u00f3n: Voltaje de entrada: 100 a 240 VCA, 50 a 60 Hz; 200 a 240 VCA, 50 a 60 Hz. Sin doble voltaje, fuente de alimentaci\u00f3n var\u00eda seg\u00fan el n\u00famero de pieza con # identificador del c\u00f3digo opcional.<\/p>\n<hr \/>\n<p>&#8211; Consumo de energ\u00eda: Voltaje de entrada: 100 a 240 VCA, 50 a 60 Hz; 200 a 240 VCA, 50 a 60 Hz. Sin doble voltaje, fuente de alimentaci\u00f3n var\u00eda seg\u00fan el n\u00famero de pieza con # identificador del c\u00f3digo opcional.<br \/>\n&#8211; Ciclo de trabajo (mensual, carta): Hasta 500 p\u00e1ginas<br \/>\n&#8211; Lenguajes de impresi\u00f3n: HP PCL 3 GUI<br \/>\n&#8211; Volumen de p\u00e1ginas mensuales recomendado: 100 a 300<br \/>\n&#8211; Tecnolog\u00eda de impresi\u00f3n: Inyecci\u00f3n t\u00e9rmica de tinta HP<br \/>\n&#8211; Sensor de papel autom\u00e1tico: Si<br \/>\n&#8211; Impresi\u00f3n sin bordes: S\u00ed (hasta 5 x 7 pulg, 127 x 177 mm)<br \/>\n&#8211; Panel de control: 9 botones en el panel frontal; 2 indicadores LED (Wifi encendido\/apagado, Wifi Direct encendido\/apagado)<br \/>\n&#8211; Tama\u00f1os de soportes de impresi\u00f3n admitidos: A4; A5 ; A6; B5 (ISO); B5 (JIS); sobres (A2; C5; C6; DL); fotogr\u00e1fico (10 x 15 cm; L; 2L); Tarjeta postal japonesa; Ofuku Hagaki<br \/>\n&#8211; Tipos de soportes: Papel normal, papeles fotogr\u00e1ficos HP, papel profesional o folleto mate HP, papel presentaci\u00f3n mate HP, papel profesional o folleto brillante HP, otros papeles para inyecci\u00f3n de tinta fotogr\u00e1ficos, otros papeles para inyecci\u00f3n de tinta mate, otros papeles para inyecci\u00f3n de tinta brillantes, papel normal, liviano\/reciclado<\/p>\n<hr \/>\n<p>&#8211; Sistemas operativos compatibles: Windows 10, 8.1, 8, 7: 32 bits o 64 bits, 2 GB de espacio disponible en el disco duro, unidad de CD-ROM\/DVD o conexi\u00f3n a Internet, puerto USB, Internet Explorer. Windows Vista: (32 bits \u00fanicamente), 2 GB de espacio disponible en el disco duro, unidad de CD-ROM\/DVD o conexi\u00f3n a Internet, puerto USB, Internet Explorer 8; Windows XP SP3 o versiones posteriores (32 bits \u00fanicamente): cualquier procesador Intel Pentium II, Celeron o de 233 MHz compatible, 850 MB de espacio disponible en el disco duro, unidad de CD-ROM\/DVD o conexi\u00f3n a Internet, puerto USB, Internet Explorer 8. Apple OS X Yosemite (v10.10), OS X Mavericks (v10.9), OS X Mountain Lion (v10.8); Disco duro de 1 GB; Se requiere acceso a Internet; USB Linux<br \/>\n&#8211; Dimensiones m\u00e1ximas (An x F x Al): 364 x 260 x 214 mm (con bandeja de entrada abierta)<br \/>\n&#8211; Peso: 2,1 kg (2,2 kg con bater\u00eda)<\/p>\n<\/div>","protected":false},"excerpt":{"rendered":"<p>Convierta al mundo en su oficina con la potente impresora port\u00e1til HP OfficeJet 200. Su tama\u00f1o compacto y bater\u00eda de larga duraci\u00f3n le permite llevarla donde sea que vaya y obtener impresiones de alta calidad<\/p>\n<p><strong><a href=\"http:\/\/old.compuimpresion.com.co\/contacto\/\">\u00bfQuiere que lo contactemos?<\/a><\/strong><\/p>\n","protected":false},"featured_media":3389,"comment_status":"closed","ping_status":"closed","template":"","meta":{"inline_featured_image":false},"pwb-brand":[124],"product_brand":[],"product_cat":[891,1259],"product_tag":[391,297,146,392,390,226,393],"class_list":{"0":"post-3387","1":"product","2":"type-product","3":"status-publish","4":"has-post-thumbnail","6":"pwb-brand-hp","7":"product_cat-impresion","8":"product_cat-inyeccion-de-tinta","9":"product_tag-391","10":"product_tag-hp","11":"product_tag-impresora","12":"product_tag-mobile","13":"product_tag-officejet","14":"product_tag-portatil","15":"product_tag-printer","17":"first","18":"outofstock","19":"taxable","20":"shipping-taxable","21":"purchasable","22":"product-type-simple"},"brands":[{"id":124,"name":"HP","slug":"hp"}],"_links":{"self":[{"href":"https:\/\/compuimpresion.com.co\/portal\/wp-json\/wp\/v2\/product\/3387","targetHints":{"allow":["GET"]}}],"collection":[{"href":"https:\/\/compuimpresion.com.co\/portal\/wp-json\/wp\/v2\/product"}],"about":[{"href":"https:\/\/compuimpresion.com.co\/portal\/wp-json\/wp\/v2\/types\/product"}],"replies":[{"embeddable":true,"href":"https:\/\/compuimpresion.com.co\/portal\/wp-json\/wp\/v2\/comments?post=3387"}],"wp:featuredmedia":[{"embeddable":true,"href":"https:\/\/compuimpresion.com.co\/portal\/wp-json\/wp\/v2\/media\/3389"}],"wp:attachment":[{"href":"https:\/\/compuimpresion.com.co\/portal\/wp-json\/wp\/v2\/media?parent=3387"}],"wp:term":[{"taxonomy":"pwb-brand","embeddable":true,"href":"https:\/\/compuimpresion.com.co\/portal\/wp-json\/wp\/v2\/pwb-brand?post=3387"},{"taxonomy":"product_brand","embeddable":true,"href":"https:\/\/compuimpresion.com.co\/portal\/wp-json\/wp\/v2\/product_brand?post=3387"},{"taxonomy":"product_cat","embeddable":true,"href":"https:\/\/compuimpresion.com.co\/portal\/wp-json\/wp\/v2\/product_cat?post=3387"},{"taxonomy":"product_tag","embeddable":true,"href":"https:\/\/compuimpresion.com.co\/portal\/wp-json\/wp\/v2\/product_tag?post=3387"}],"curies":[{"name":"wp","href":"https:\/\/api.w.org\/{rel}","templated":true}]}}