{"id":3371,"date":"2021-10-19T14:45:46","date_gmt":"2021-10-19T19:45:46","guid":{"rendered":"https:\/\/new.compuimpresion.com.co\/portal\/?post_type=product&#038;p=3371"},"modified":"2025-08-15T13:53:12","modified_gmt":"2025-08-15T18:53:12","slug":"impresora-multifuncional-hp-laser-432fdn-monocromatica","status":"publish","type":"product","link":"https:\/\/compuimpresion.com.co\/portal\/productos\/impresora-multifuncional-hp-laser-432fdn-monocromatica\/","title":{"rendered":"Impresora multifuncional HP Laser 432fdn Monocrom\u00e1tica"},"content":{"rendered":"<div class=\"wpb-content-wrapper\">[vc_section][vc_row][vc_column][vc_column_text el_class=\u00bbinfo-product-col\u00bb]\n<section class=\"row\">\n<div class=\"simple-responsive-banner-component module-text-list js-tl-rte container-fluid container-main-content__aligned\" data-cpt-id=\"8796105999420\">\n<div class=\"module-content\">\n<p><strong>Ayude a mantener la productividad de su negocio sin incrementar el presupuesto.<\/strong><\/p>\n<p>Esta impresora multifunci\u00f3n l\u00e1ser HP es f\u00e1cil de usar, ofrece una calidad confiable y ayuda a mantener los costos bajos<\/p>\n<p>Complete tareas con rapidez gracias a la impresi\u00f3n, el escaneo, el copiado y el env\u00edo de documentos por fax de alta velocidad. Cuente con una calidad de impresi\u00f3n uniforme.<\/p>\n<p>Acceda a opciones adicionales de impresi\u00f3n para documentos profesionales y ayude a mantener los costos bajos con un vers\u00e1til sistema de insumos de dos piezas.<\/p>\n<p><strong>Caracter\u00edsticas:<\/strong><\/p>\n<p><strong>-Funciones\/Compatible con tareas multiples:<\/strong> Impresi\u00f3n, copia, escaneado, fax<\/p>\n<p><strong>-Velocidad de impresi\u00f3n:<\/strong> Salida de la primera p\u00e1gina A4: 6,5 segundos Negro; Salida de la primera p\u00e1gina Carta: 6,5 segundos Negro; A4: Hasta 40 ppm Negro; Carta: Hasta 42 ppm Negro<\/p>\n<p><strong>-Impresi\u00f3n a doble cara: A4:<\/strong> Hasta 17 ppm Negro; Carta: Hasta 18 ppm Negro<\/p>\n<p><strong>-Resoluci\u00f3n de impresi\u00f3n:<\/strong> Negro (\u00f3ptima): Hasta 1,200 x 1,200 dpi; Negro (normal): Hasta 600 x 600 ppp; Negro (l\u00edneas finas): Hasta 1200 x 1200 ppp<\/p>\n<p><strong>-Tecnolog\u00eda de impresi\u00f3n:<\/strong> L\u00e1ser ; Print resolution technology: Normal (600 x 600 ppp), alta resoluci\u00f3n (1200 x 1200 ppp)<\/p>\n<p><strong>-Cantidad de cartuchos de impresi\u00f3n:<\/strong> 1 cartucho de t\u00f3ner (negro), 1 tambor de creaci\u00f3n de im\u00e1genes (negro)<\/p>\n<p><strong>-Lenguajes de impresi\u00f3n est\u00e1ndar:<\/strong> PCL5, PCLXL, PS, PCL6<\/p>\n<p><strong>-Funciones del software inteligente de la impresora:<\/strong> Impresi\u00f3n autom\u00e1tica d\u00faplex, impresi\u00f3n N-up, compaginaci\u00f3n, marcas de agua, funci\u00f3n Eco Mode para el ahorro de t\u00f3ner, acepta diferentes tama\u00f1os y tipos de papel<\/p>\n<p><strong>-Escaneado color:<\/strong> S\u00ed<\/p>\n<p><strong>-Velocidad de escaneado:<\/strong> Hasta 24 ipm (blanco y negro), hasta 12 ipm (color) Dos caras: Hasta 10 ipm (blanco y negro), hasta 8 ipm (color)<\/p>\n<p><strong>-Tipo de escaneo\/Tecnolog\u00eda:<\/strong> Cama plana, alimentador autom\u00e1tico de documentos (ADF) \/ (CIS) Sensor de imagen de contacto<\/p>\n<p><strong>-Resoluci\u00f3n de escaneado:<\/strong> Hardware: Hasta 1200 x 1200 ppp (superficie plana); Hasta 600 x 600 ppp (ADF); \u00d3ptica: Hasta 1,200 dpi (esc\u00e1ner plano); Hasta 600 dpi (ADF)<\/p>\n<p><strong>-Tama\u00f1o de escaneado:<\/strong> ADF: 216 x 356 mm M\u00e1ximo; 145 x 145 mm M\u00ednimos; Cama plana: 216 x 297 mm<\/p>\n<p><strong>-Capacidad del ADF:<\/strong> Est\u00e1ndar, 50 hojas<\/p>\n<p><strong>-Resoluci\u00f3n de copia:<\/strong> Negro (texto y gr\u00e1ficos): Hasta 600 x 600 ppp<\/p>\n<p><strong>-N\u00famero m\u00e1ximo de copias:<\/strong> Hasta 99 copias<\/p>\n<p><strong>-Redimensionado de copia:<\/strong> 25 to 400%<\/p>\n<p><strong>-Velocidad de fax Hasta:<\/strong> 33,6 kbps \/ Carta: 33,6 kbps<\/p>\n<p><strong>-Resoluci\u00f3n de fax Negro (\u00f3ptima):<\/strong> Hasta 300 x 300 ppp;; Negro (est\u00e1ndar): 203 x 98 ppp<\/p>\n<p><strong>-Conectividad est\u00e1ndar<\/strong> Puerto USB 2.0 de alta velocidad, USB integrado; puerto de red Gigabit Ethernet 10\/100\/1000 Base-TX incorporado<\/p>\n<p><strong>-Ciclo de trabajo (mensual) A4:<\/strong> Hasta 100000 p\u00e1ginas; Carta: Hasta 100000 p\u00e1ginas; Volumen de p\u00e1ginas mensuales recomendado: 1,500 a 3,500<\/p>\n<p><strong>-Manejo de papel:<\/strong> Capacidades de entrada: Hasta 300 hojas (bandeja 1: hasta 50 hojas; Bandeja 2: hasta 250 hojas) Est\u00e1ndar; Hasta 5 sobres; Capacidades de salida: Hasta 150 hojas Est\u00e1ndar; Ninguno\/a; Opciones de d\u00faplex: Autom\u00e1tica (est\u00e1ndar); Alimentador de sobres: No; Bandejas de papel est\u00e1ndar: 1 m\u00e1s bandeja 1 de 50 hojas<\/p>\n<p>-Cartuchos de reemplazo Cartucho de t\u00f3ner l\u00e1ser original HP 330A negro (5000 p\u00e1ginas aproximadamente) W1330A; cartucho de t\u00f3ner l\u00e1ser original HP 330X de alto rendimiento negro (15 000 p\u00e1ginas<\/p>\n<p><strong>-Sistemas operativos compatibles<\/strong> Windows 7 (32\/64-bit), Windows 2008 Server R2, Windows 8 (32\/64-bit), Windows 8.1 (32\/64-bit), Windows 10 (32\/64-bit), Windows 2012 Server, Windows 2016 Sever, Red Hat Enterprise Linux 6, 7, Ubuntu 12.04, 14.04, 14.10, 15.04, 15.10, 16.04, 16.10, 17.04, 17.10, 18.04, 18.10, 19.04, Fedora 20, en red: Windows 7 (32\/64-bit), Windows 2008 Server R2, Windows 8 (32\/64-bit), Windows 8.1 (32\/64-bit), Windows 10 (32\/64-bit), Windows 2012 Server, Windows 2016 Sever, Red Hat Enterprise Linux 6, 7, Ubuntu<\/p>\n<p>-Dimensiones del producto Ancho x fondo x alto: 46,9 x 44,4 x 48,2 cm<\/p>\n<p>-Peso del producto 16,91 kg<\/p>\n<p>Sku: 2621<\/p>\n<p>Ean: 0194441257472<\/p>\n<p>N\/p: 7UQ76A<\/p>\n<\/div>\n<\/div>\n<\/section>\n[\/vc_column_text][\/vc_column][\/vc_row][\/vc_section]\n<\/div>","protected":false},"excerpt":{"rendered":"<p>&nbsp;<\/p>\n<p><strong>Ayude a mantener la productividad de su negocio sin incrementar el presupuesto.<\/strong><\/p>\n<p>Esta impresora multifunci\u00f3n l\u00e1ser HP es f\u00e1cil de usar, ofrece una calidad confiable y ayuda a mantener los costos bajos<\/p>\n<p><strong><a href=\"http:\/\/old.compuimpresion.com.co\/contacto\/\">\u00bfQuiere que lo contactemos?<\/a><\/strong><\/p>\n<hr \/>\n<p>COD: 2621<\/p>\n","protected":false},"featured_media":3232,"comment_status":"closed","ping_status":"closed","template":"","meta":{"inline_featured_image":false},"pwb-brand":[124],"product_brand":[],"product_cat":[891,1257],"product_tag":[302,297,146,155,150,143],"class_list":{"0":"post-3371","1":"product","2":"type-product","3":"status-publish","4":"has-post-thumbnail","6":"pwb-brand-hp","7":"product_cat-impresion","8":"product_cat-laser-multifuncional-monocromatica","9":"product_tag-432fdn","10":"product_tag-hp","11":"product_tag-impresora","12":"product_tag-laser","13":"product_tag-monocromatica","14":"product_tag-multifuncional","16":"first","17":"instock","18":"taxable","19":"shipping-taxable","20":"purchasable","21":"product-type-simple"},"brands":[{"id":124,"name":"HP","slug":"hp"}],"_links":{"self":[{"href":"https:\/\/compuimpresion.com.co\/portal\/wp-json\/wp\/v2\/product\/3371","targetHints":{"allow":["GET"]}}],"collection":[{"href":"https:\/\/compuimpresion.com.co\/portal\/wp-json\/wp\/v2\/product"}],"about":[{"href":"https:\/\/compuimpresion.com.co\/portal\/wp-json\/wp\/v2\/types\/product"}],"replies":[{"embeddable":true,"href":"https:\/\/compuimpresion.com.co\/portal\/wp-json\/wp\/v2\/comments?post=3371"}],"wp:featuredmedia":[{"embeddable":true,"href":"https:\/\/compuimpresion.com.co\/portal\/wp-json\/wp\/v2\/media\/3232"}],"wp:attachment":[{"href":"https:\/\/compuimpresion.com.co\/portal\/wp-json\/wp\/v2\/media?parent=3371"}],"wp:term":[{"taxonomy":"pwb-brand","embeddable":true,"href":"https:\/\/compuimpresion.com.co\/portal\/wp-json\/wp\/v2\/pwb-brand?post=3371"},{"taxonomy":"product_brand","embeddable":true,"href":"https:\/\/compuimpresion.com.co\/portal\/wp-json\/wp\/v2\/product_brand?post=3371"},{"taxonomy":"product_cat","embeddable":true,"href":"https:\/\/compuimpresion.com.co\/portal\/wp-json\/wp\/v2\/product_cat?post=3371"},{"taxonomy":"product_tag","embeddable":true,"href":"https:\/\/compuimpresion.com.co\/portal\/wp-json\/wp\/v2\/product_tag?post=3371"}],"curies":[{"name":"wp","href":"https:\/\/api.w.org\/{rel}","templated":true}]}}