{"id":3367,"date":"2021-10-19T14:45:46","date_gmt":"2021-10-19T19:45:46","guid":{"rendered":"https:\/\/new.compuimpresion.com.co\/portal\/?post_type=product&#038;p=3367"},"modified":"2024-07-22T11:31:14","modified_gmt":"2024-07-22T16:31:14","slug":"impresora-laser-hp-107w-monocromatica","status":"publish","type":"product","link":"https:\/\/compuimpresion.com.co\/portal\/productos\/impresora-laser-hp-107w-monocromatica\/","title":{"rendered":"Impresora Laser Hp 107w Monocrom\u00e1tica"},"content":{"rendered":"<div class=\"wpb-content-wrapper\">[vc_section][vc_row][vc_column][vc_column_text el_class=\u00bbinfo-product-col\u00bb]\n<section class=\"row\">\n<div class=\"simple-responsive-banner-component module-text-list js-tl-rte container-fluid container-main-content__aligned\" data-cpt-id=\"8796105999420\">\n<div class=\"module-content\">\n<p><strong>Impresora laser Hp 107w Monocrom\u00e1tica<\/strong> &#8211; Calidad legendaria, precio sorprendentemente asequible.<\/p>\n<p>-Esta impresora l\u00e1ser sorprendentemente peque\u00f1a ofrece una calidad excepcional, p\u00e1gina tras p\u00e1gina.<\/p>\n<p>-Cree textos n\u00edtidos, negros audaces y gr\u00e1ficos definidos.<\/p>\n<p>-Conf\u00ede en una impresora l\u00e1ser de alto rendimiento a un precio asequible.<\/p>\n<p><strong>Dise\u00f1ada para adaptarse a su espacio<\/strong><\/p>\n<p>-Puede colocar esta impresora pr\u00e1cticamente en cualquier lugar, ya que es peque\u00f1a y compacta.<\/p>\n<p>-Obtenga velocidades de impresi\u00f3n de hasta 20 ppm A4.<\/p>\n<p><strong>Impresi\u00f3n y escaneado m\u00f3vil sencillo con la aplicaci\u00f3n HP Smart<\/strong><\/p>\n<p>-Realice la instalaci\u00f3n de manera simple e imprima y escanee desde su tel\u00e9fono, gracias a la aplicaci\u00f3n HP Smart.<\/p>\n<p>-Imprima f\u00e1cilmente desde una amplia gama de tel\u00e9fonos inteligentes y tablets.<\/p>\n<p>-Comparta recursos f\u00e1cilmente: acceda e imprima con redes inal\u00e1mbricas.<\/p>\n<p>-Conecte su smartphone o tablet directamente a su impresora e imprima f\u00e1cilmente sin acceder a la red.<\/p>\n<\/div>\n<\/div>\n<\/section>\n<section class=\"row\">\n<div class=\"simple-responsive-banner-component module-text-list js-tl-rte container-fluid container-main-content__aligned\" data-cpt-id=\"8796105999420\">\n<div class=\"module-content\">\n<div class=\"text-rows two-up\">\n<div class=\"text-row three-fourths\">\n<h4 class=\"module-head\">Caracter\u00edsticas:<\/h4>\n<hr \/>\n<ul>\n<li>Funciones: Imprimir<\/li>\n<li>Velocidad de impresi\u00f3n A4: Hasta 20 ppm; Primera p\u00e1gina impresa en negro: Apenas 8,3 segundos<\/li>\n<li>Resoluci\u00f3n de impresi\u00f3n Negro (\u00f3ptima): Hasta 1,200 x 1,200 dpi<\/li>\n<li>Tecnolog\u00eda de impresi\u00f3n: L\u00e1ser<\/li>\n<li>Tecnolog\u00edas de resoluci\u00f3n de impresi\u00f3n: ReCP<\/li>\n<li>Cantidad de cartuchos de impresi\u00f3n: 1 (negro)<\/li>\n<li>Idiomas est\u00e1ndar de impresora: SPL<\/li>\n<\/ul>\n<\/div>\n<p>Sku:0182<\/p>\n<p>Ean: 0193015506473<\/p>\n<p>N\/P: 4ZB78A<\/p>\n<\/div>\n<\/div>\n<\/div>\n<\/section>\n[\/vc_column_text][\/vc_column][\/vc_row][vc_row][vc_column width=\u00bb1\/3&#8243;][vc_column_text el_class=\u00bbinfo-product-col\u00bb]\n<h4><strong>Funciones:<\/strong><\/h4>\n<hr \/>\n<p><strong>-Funciones del software inteligente de la impresora:<\/strong> Impresi\u00f3n manual a doble cara, impresi\u00f3n de varias p\u00e1ginas por hoja, compaginado, marcas de agua, acepta una variedad de tama\u00f1os y tipos de papel<\/p>\n<p><strong>-Administraci\u00f3n de impresoras:<\/strong> Ninguno\/a<\/p>\n<p><strong>-Conectividad est\u00e1ndar:<\/strong> Puerto USB 2.0 de alta velocidad, conexi\u00f3n inal\u00e1mbrica 802.11 b\/g\/n<\/p>\n<p>&#8211;<strong>Capacidad inal\u00e1mbrica:<\/strong> S\u00ed, Wi-Fi 802.11b\/g\/n integrada<\/p>\n<p><strong>-Capacidad de impresi\u00f3n<\/strong> m\u00f3vil16 Apple AirPrint; Google Cloud Print; Aplicaciones m\u00f3viles; Certificaci\u00f3n Mopria; Impresi\u00f3n Wi-Fi<\/p>\n<p><strong>Direct\u00ae; HP Smart app<\/strong><\/p>\n<p><strong>-Memoria Est\u00e1ndar:<\/strong> 64 MB; M\u00e1ximo: 64 MB<\/p>\n<p><strong>-Velocidad del procesador<\/strong> 400 MHz<\/p>\n<p><strong>-Ciclo de trabajo Mensual<\/strong>, A4: Hasta 10,000 p\u00e1ginas<\/p>\n<p><strong>-Volumen de p\u00e1ginas mensuales:<\/strong> recomendado 100 a 1,500<\/p>\n<p><strong>-Tipos de soportes admitidos:<\/strong> Normal, Grueso, Fino, Algod\u00f3n, Color, Preimpreso, Reciclado, Etiquetas, Cartulina, Bond, Archivo, Sobre[\/vc_column_text][\/vc_column][vc_column width=\u00bb1\/3&#8243;][vc_column_text el_class=\u00bbinfo-product-col\u00bb]\n<h4><strong>Trabajo:<\/strong><\/h4>\n<p><strong>-Ciclo de trabajo Mensual, A4:<\/strong> Hasta 10,000 p\u00e1ginas<\/p>\n<p><strong>-Volumen de p\u00e1ginas mensuales:<\/strong> recomendado 100 a 1,500<\/p>\n<p><strong>-Tipos de soportes admitidos:<\/strong> Normal, Grueso, Fino, Algod\u00f3n, Color, Preimpreso, Reciclado, Etiquetas, Cartulina, Bond, Archivo, Sobre<\/p>\n<p><strong>-Gramaje de soportes admitido:<\/strong> De 60 a 163 g\/m\u00b2<\/p>\n<p><strong>-Tama\u00f1os de soportes de impresi\u00f3n admitidos:<\/strong>A4; A5; A5(LEF); B5 (JIS); Oficio; Sobre (DL, C5); 76 x 127 a 216 x 356 mm<\/p>\n<p><strong>-Tama\u00f1os de soportes personalizados:<\/strong> De 76 x 127 a 216 x 356 mm<\/p>\n<p><strong>-Manejo de papel Bandeja de entrada 150 hojas;<\/strong> Bandeja salida de 100 hojas; Opciones de d\u00faplex: Manual (soporte para controlador suministrado); Bandejas de papel est\u00e1ndar:1; Capacidades de entrada: Hasta 150 hojas Est\u00e1ndar Transparencias etiquetas oficio; Capacidades de salida: Hasta 100 hojas Est\u00e1ndar; Hasta 10 sobres Transparencias etiquetas oficio<\/p>\n<p><strong>-Cartuchos de reemplazo:<\/strong> t\u00f3ner l\u00e1ser original HP 105A, negro (rendimiento de 1000 p\u00e1ginas aprox)[\/vc_column_text][\/vc_column][vc_column width=\u00bb1\/3&#8243;][vc_column_text el_class=\u00bbinfo-product-col\u00bb]\n<h4><strong>General:<\/strong><\/h4>\n<hr \/>\n<p><strong>-Dimensiones del producto:<\/strong> Ancho x fondo x alto: 33,1 x 21,5 x 17,8 cm<\/p>\n<p><strong>-Peso del producto:<\/strong> 4,16 kg<\/p>\n<p>-Sistemas operativos compatibles: Windows\u00ae: 7 (32\/64 bits), servidor 2008 R2, 8 (32\/64 bits), 8.1 (32\/64 bits), 10 (32\/64 bits), servidor 2012, servidor 2016<\/p>\n<p><strong>-Contenido de la caja:<\/strong> 4ZB78A HP Laser 107W; Cartucho de t\u00f3ner inicial preinstalado original HP LaserJet, negro (aproximadamente 500 p\u00e1ginas); Gu\u00eda de instalaci\u00f3n; Gu\u00eda de referencia; Folleto de informes regulatorios; Cable de alimentaci\u00f3n; Cable USB[\/vc_column_text][\/vc_column][\/vc_row][\/vc_section]\n<\/div>","protected":false},"excerpt":{"rendered":"<h3 class=\"name\">Impresora Laser Hp 107w Monocrom\u00e1tica<\/h3>\n<p>-Esta impresora l\u00e1ser sorprendentemente peque\u00f1a ofrece una calidad<\/p>\n<p>excepcional, p\u00e1gina tras p\u00e1gina.<\/p>\n<p>-Conf\u00ede en una impresora l\u00e1ser de alto rendimiento a un precio asequible.<\/p>\n<p>Dise\u00f1ada para adaptarse a su espacio<\/p>\n<p><a href=\"http:\/\/old.compuimpresion.com.co\/contacto\/\">\u00bfDesea comprar al por mayor?<\/a><\/p>\n<hr \/>\n<ul>\n<li class=\"aiofunctions\">Imprimir<\/li>\n<li class=\"printspeed\">Velocidad de impresi\u00f3n de hasta 21 ppm (en negro)<\/li>\n<li class=\"paperhandleinputstd\">Bandeja de entrada 150 hojas<\/li>\n<li class=\"connectstd\">Puerto USB\u00a02.0 de alta velocidad, conexi\u00f3n inal\u00e1mbrica 802.11 b\/g\/n<\/li>\n<\/ul>\n<p><span class=\"key\">COD: 0182<\/span><\/p>\n","protected":false},"featured_media":3248,"comment_status":"closed","ping_status":"closed","template":"","meta":{"inline_featured_image":false},"pwb-brand":[124],"product_brand":[],"product_cat":[891,893],"product_tag":[296,297,146,155,150],"class_list":{"0":"post-3367","1":"product","2":"type-product","3":"status-publish","4":"has-post-thumbnail","6":"pwb-brand-hp","7":"product_cat-impresion","8":"product_cat-laser","9":"product_tag-107w","10":"product_tag-hp","11":"product_tag-impresora","12":"product_tag-laser","13":"product_tag-monocromatica","15":"first","16":"outofstock","17":"taxable","18":"shipping-taxable","19":"purchasable","20":"product-type-simple"},"brands":[{"id":124,"name":"HP","slug":"hp"}],"_links":{"self":[{"href":"https:\/\/compuimpresion.com.co\/portal\/wp-json\/wp\/v2\/product\/3367","targetHints":{"allow":["GET"]}}],"collection":[{"href":"https:\/\/compuimpresion.com.co\/portal\/wp-json\/wp\/v2\/product"}],"about":[{"href":"https:\/\/compuimpresion.com.co\/portal\/wp-json\/wp\/v2\/types\/product"}],"replies":[{"embeddable":true,"href":"https:\/\/compuimpresion.com.co\/portal\/wp-json\/wp\/v2\/comments?post=3367"}],"wp:featuredmedia":[{"embeddable":true,"href":"https:\/\/compuimpresion.com.co\/portal\/wp-json\/wp\/v2\/media\/3248"}],"wp:attachment":[{"href":"https:\/\/compuimpresion.com.co\/portal\/wp-json\/wp\/v2\/media?parent=3367"}],"wp:term":[{"taxonomy":"pwb-brand","embeddable":true,"href":"https:\/\/compuimpresion.com.co\/portal\/wp-json\/wp\/v2\/pwb-brand?post=3367"},{"taxonomy":"product_brand","embeddable":true,"href":"https:\/\/compuimpresion.com.co\/portal\/wp-json\/wp\/v2\/product_brand?post=3367"},{"taxonomy":"product_cat","embeddable":true,"href":"https:\/\/compuimpresion.com.co\/portal\/wp-json\/wp\/v2\/product_cat?post=3367"},{"taxonomy":"product_tag","embeddable":true,"href":"https:\/\/compuimpresion.com.co\/portal\/wp-json\/wp\/v2\/product_tag?post=3367"}],"curies":[{"name":"wp","href":"https:\/\/api.w.org\/{rel}","templated":true}]}}